{"id":1307,"date":"2017-07-03T10:50:29","date_gmt":"2017-07-03T08:50:29","guid":{"rendered":"http:\/\/botiguesmuseusalas.cat\/?page_id=1307"},"modified":"2020-06-12T18:05:33","modified_gmt":"2020-06-12T16:05:33","slug":"actividades","status":"publish","type":"page","link":"https:\/\/botiguesmuseusalas.cat\/es\/actividades\/","title":{"rendered":"Actividades"},"content":{"rendered":"<div id=\"pl-1307\"  class=\"panel-layout\" ><div id=\"pg-1307-0\"  class=\"panel-grid panel-no-style\" ><div id=\"pgc-1307-0-0\"  class=\"panel-grid-cell\" ><div id=\"panel-1307-0-0-0\" class=\"so-panel widget widget_sow-editor panel-first-child panel-last-child\" data-index=\"0\" ><div\n\t\t\t\n\t\t\tclass=\"so-widget-sow-editor so-widget-sow-editor-base\"\n\t\t\t\n\t\t><h3 class=\"widget-title\">ACTIVIDADES PROGRAMADAS<\/h3>\n<div class=\"siteorigin-widget-tinymce textwidget\">\n\t<p>No existen actividades programadas en este momento.<\/p>\n<\/div>\n<\/div><\/div><\/div><\/div><div id=\"pg-1307-1\"  class=\"panel-grid panel-no-style\" ><div id=\"pgc-1307-1-0\"  class=\"panel-grid-cell\" ><div id=\"panel-1307-1-0-0\" class=\"so-panel widget widget_sow-editor panel-first-child\" data-index=\"1\" ><div\n\t\t\t\n\t\t\tclass=\"so-widget-sow-editor so-widget-sow-editor-base\"\n\t\t\t\n\t\t><h3 class=\"widget-title\">VISITAS DID\u00c1CTICAS<\/h3>\n<div class=\"siteorigin-widget-tinymce textwidget\">\n\t<\/div>\n<\/div><\/div><div id=\"panel-1307-1-0-1\" class=\"so-panel widget widget_carousel-widget panel-last-child\" data-index=\"2\" ><div\n\t\t\t\n\t\t\tclass=\"so-widget-carousel-widget so-widget-carousel-widget-base\"\n\t\t\t\n\t\t><div class=\"carousel-container\">\n<ul class=\"owl-carousel owl-theme\" data-columns=\"1\" data-autoplay=\"5000\" data-pagination=\"no\" data-arrows=\"yes\" data-single-item=\"no\" data-items-desktop=\"1\" data-items-desktop-small=\"3\" data-items-tablet=\"2\" data-items-mobile=\"1\"  data-rtl=\"ltr\" >\n<li class=\"item\"><img decoding=\"async\" src=\"https:\/\/botiguesmuseusalas.cat\/wp-content\/uploads\/2016\/07\/IMG_3729.jpg\" alt=\"Image\">                <\/li><li class=\"item\"><img decoding=\"async\" src=\"https:\/\/botiguesmuseusalas.cat\/wp-content\/uploads\/2016\/07\/IMG_3153.jpg\" alt=\"Image\">                <\/li><li class=\"item\"><img decoding=\"async\" src=\"https:\/\/botiguesmuseusalas.cat\/wp-content\/uploads\/2016\/07\/IMG_3144.jpg\" alt=\"Image\">                <\/li><li class=\"item\"><img decoding=\"async\" src=\"https:\/\/botiguesmuseusalas.cat\/wp-content\/uploads\/2016\/07\/IMG_2813.jpg\" alt=\"Image\">                <\/li><li class=\"item\"><img decoding=\"async\" src=\"https:\/\/botiguesmuseusalas.cat\/wp-content\/uploads\/2016\/07\/IMG_0247.jpg\" alt=\"Image\">                <\/li><\/ul>\n<\/div><\/div><\/div><\/div><div id=\"pgc-1307-1-1\"  class=\"panel-grid-cell\" ><div id=\"panel-1307-1-1-0\" class=\"so-panel widget widget_sow-editor panel-first-child\" data-index=\"3\" ><div\n\t\t\t\n\t\t\tclass=\"so-widget-sow-editor so-widget-sow-editor-base\"\n\t\t\t\n\t\t><h3 class=\"widget-title\">TALLER DEL \u00c1LBUM DE LA GRAN GUERRA<\/h3>\n<div class=\"siteorigin-widget-tinymce textwidget\">\n\t<\/div>\n<\/div><\/div><div id=\"panel-1307-1-1-1\" class=\"so-panel widget widget_carousel-widget panel-last-child\" data-index=\"4\" ><div\n\t\t\t\n\t\t\tclass=\"so-widget-carousel-widget so-widget-carousel-widget-base\"\n\t\t\t\n\t\t><div class=\"carousel-container\">\n<ul class=\"owl-carousel owl-theme\" data-columns=\"1\" data-autoplay=\"5000\" data-pagination=\"no\" data-arrows=\"yes\" data-single-item=\"no\" data-items-desktop=\"1\" data-items-desktop-small=\"3\" data-items-tablet=\"2\" data-items-mobile=\"1\"  data-rtl=\"ltr\" >\n<li class=\"item\"><img decoding=\"async\" src=\"https:\/\/botiguesmuseusalas.cat\/wp-content\/uploads\/2016\/07\/IMG_0126.jpg\" alt=\"Image\">                <\/li><li class=\"item\"><img decoding=\"async\" src=\"https:\/\/botiguesmuseusalas.cat\/wp-content\/uploads\/2016\/07\/IMG_0157.jpg\" alt=\"Image\">                <\/li><li class=\"item\"><img decoding=\"async\" src=\"https:\/\/botiguesmuseusalas.cat\/wp-content\/uploads\/2016\/07\/IMG_0174.jpg\" alt=\"Image\">                <\/li><li class=\"item\"><img decoding=\"async\" src=\"https:\/\/botiguesmuseusalas.cat\/wp-content\/uploads\/2016\/07\/IMG_0196.jpg\" alt=\"Image\">                <\/li><li class=\"item\"><img decoding=\"async\" src=\"https:\/\/botiguesmuseusalas.cat\/wp-content\/uploads\/2016\/07\/P2100342.jpg\" alt=\"Image\">                <\/li><li class=\"item\"><img decoding=\"async\" src=\"https:\/\/botiguesmuseusalas.cat\/wp-content\/uploads\/2016\/07\/P2100384.jpg\" alt=\"Image\">                <\/li><\/ul>\n<\/div><\/div><\/div><\/div><\/div><div id=\"pg-1307-2\"  class=\"panel-grid panel-no-style\" ><div id=\"pgc-1307-2-0\"  class=\"panel-grid-cell\" ><div id=\"panel-1307-2-0-0\" class=\"so-panel widget widget_sow-editor panel-first-child panel-last-child\" data-index=\"5\" ><div\n\t\t\t\n\t\t\tclass=\"so-widget-sow-editor so-widget-sow-editor-base\"\n\t\t\t\n\t\t>\n<div class=\"siteorigin-widget-tinymce textwidget\">\n\t<p><span style=\"font-size: small;\">Fotos: Carles Aguilar. Cedidas por EdA (Entorn d\u2019Aprenentatge de Tremp).<\/span><\/p>\n<\/div>\n<\/div><\/div><\/div><\/div><\/div>","protected":false},"excerpt":{"rendered":"<p>No existen actividades programadas en este momento.<\/p>\n","protected":false},"author":7,"featured_media":1197,"parent":0,"menu_order":0,"comment_status":"closed","ping_status":"closed","template":"","meta":{"_acf_changed":false,"footnotes":""},"class_list":["post-1307","page","type-page","status-publish","has-post-thumbnail","hentry"],"acf":[],"yoast_head":"<!-- This site is optimized with the Yoast SEO plugin v27.3 - https:\/\/yoast.com\/product\/yoast-seo-wordpress\/ -->\n<title>Actividades - Botigues Museu de Sal\u00e0s<\/title>\n<meta name=\"description\" content=\"Consulta aqu\u00ed las actividades programadas en las Botigues Museu de Sal\u00e0s del Pallars. Visitas did\u00e1cticas, talleres, etc.\" \/>\n<meta name=\"robots\" content=\"index, follow, max-snippet:-1, max-image-preview:large, max-video-preview:-1\" \/>\n<link rel=\"canonical\" href=\"https:\/\/botiguesmuseusalas.cat\/es\/actividades\/\" \/>\n<meta property=\"og:locale\" content=\"es_ES\" \/>\n<meta property=\"og:type\" content=\"article\" \/>\n<meta property=\"og:title\" content=\"Actividades - Botigues Museu de Sal\u00e0s\" \/>\n<meta property=\"og:description\" content=\"Consulta aqu\u00ed las actividades programadas en las Botigues Museu de Sal\u00e0s del Pallars. Visitas did\u00e1cticas, talleres, etc.\" \/>\n<meta property=\"og:url\" content=\"https:\/\/botiguesmuseusalas.cat\/es\/actividades\/\" \/>\n<meta property=\"og:site_name\" content=\"Botigues Museu de Sal\u00e0s\" \/>\n<meta property=\"article:modified_time\" content=\"2020-06-12T16:05:33+00:00\" \/>\n<meta property=\"og:image\" content=\"https:\/\/botiguesmuseusalas.cat\/wp-content\/uploads\/2016\/07\/portada-activitats.jpg\" \/>\n\t<meta property=\"og:image:width\" content=\"1200\" \/>\n\t<meta property=\"og:image:height\" content=\"698\" \/>\n\t<meta property=\"og:image:type\" content=\"image\/jpeg\" \/>\n<meta name=\"twitter:card\" content=\"summary_large_image\" \/>\n<script type=\"application\/ld+json\" class=\"yoast-schema-graph\">{\"@context\":\"https:\\\/\\\/schema.org\",\"@graph\":[{\"@type\":\"WebPage\",\"@id\":\"https:\\\/\\\/botiguesmuseusalas.cat\\\/es\\\/actividades\\\/\",\"url\":\"https:\\\/\\\/botiguesmuseusalas.cat\\\/es\\\/actividades\\\/\",\"name\":\"Actividades - Botigues Museu de Sal\u00e0s\",\"isPartOf\":{\"@id\":\"https:\\\/\\\/botiguesmuseusalas.cat\\\/#website\"},\"primaryImageOfPage\":{\"@id\":\"https:\\\/\\\/botiguesmuseusalas.cat\\\/es\\\/actividades\\\/#primaryimage\"},\"image\":{\"@id\":\"https:\\\/\\\/botiguesmuseusalas.cat\\\/es\\\/actividades\\\/#primaryimage\"},\"thumbnailUrl\":\"https:\\\/\\\/botiguesmuseusalas.cat\\\/wp-content\\\/uploads\\\/2016\\\/07\\\/portada-activitats.jpg\",\"datePublished\":\"2017-07-03T08:50:29+00:00\",\"dateModified\":\"2020-06-12T16:05:33+00:00\",\"description\":\"Consulta aqu\u00ed las actividades programadas en las Botigues Museu de Sal\u00e0s del Pallars. Visitas did\u00e1cticas, talleres, etc.\",\"breadcrumb\":{\"@id\":\"https:\\\/\\\/botiguesmuseusalas.cat\\\/es\\\/actividades\\\/#breadcrumb\"},\"inLanguage\":\"es\",\"potentialAction\":[{\"@type\":\"ReadAction\",\"target\":[\"https:\\\/\\\/botiguesmuseusalas.cat\\\/es\\\/actividades\\\/\"]}]},{\"@type\":\"ImageObject\",\"inLanguage\":\"es\",\"@id\":\"https:\\\/\\\/botiguesmuseusalas.cat\\\/es\\\/actividades\\\/#primaryimage\",\"url\":\"https:\\\/\\\/botiguesmuseusalas.cat\\\/wp-content\\\/uploads\\\/2016\\\/07\\\/portada-activitats.jpg\",\"contentUrl\":\"https:\\\/\\\/botiguesmuseusalas.cat\\\/wp-content\\\/uploads\\\/2016\\\/07\\\/portada-activitats.jpg\",\"width\":1200,\"height\":698},{\"@type\":\"BreadcrumbList\",\"@id\":\"https:\\\/\\\/botiguesmuseusalas.cat\\\/es\\\/actividades\\\/#breadcrumb\",\"itemListElement\":[{\"@type\":\"ListItem\",\"position\":1,\"name\":\"Inici\",\"item\":\"https:\\\/\\\/botiguesmuseusalas.cat\\\/es\\\/\"},{\"@type\":\"ListItem\",\"position\":2,\"name\":\"Actividades\"}]},{\"@type\":\"WebSite\",\"@id\":\"https:\\\/\\\/botiguesmuseusalas.cat\\\/#website\",\"url\":\"https:\\\/\\\/botiguesmuseusalas.cat\\\/\",\"name\":\"Botigues Museu de Sal\u00e0s\",\"description\":\"Web oficial de les Botigues Museu de Sal\u00e0s de Pallars (Lleida)\",\"potentialAction\":[{\"@type\":\"SearchAction\",\"target\":{\"@type\":\"EntryPoint\",\"urlTemplate\":\"https:\\\/\\\/botiguesmuseusalas.cat\\\/?s={search_term_string}\"},\"query-input\":{\"@type\":\"PropertyValueSpecification\",\"valueRequired\":true,\"valueName\":\"search_term_string\"}}],\"inLanguage\":\"es\"}]}<\/script>\n<!-- \/ Yoast SEO plugin. -->","yoast_head_json":{"title":"Actividades - Botigues Museu de Sal\u00e0s","description":"Consulta aqu\u00ed las actividades programadas en las Botigues Museu de Sal\u00e0s del Pallars. Visitas did\u00e1cticas, talleres, etc.","robots":{"index":"index","follow":"follow","max-snippet":"max-snippet:-1","max-image-preview":"max-image-preview:large","max-video-preview":"max-video-preview:-1"},"canonical":"https:\/\/botiguesmuseusalas.cat\/es\/actividades\/","og_locale":"es_ES","og_type":"article","og_title":"Actividades - Botigues Museu de Sal\u00e0s","og_description":"Consulta aqu\u00ed las actividades programadas en las Botigues Museu de Sal\u00e0s del Pallars. Visitas did\u00e1cticas, talleres, etc.","og_url":"https:\/\/botiguesmuseusalas.cat\/es\/actividades\/","og_site_name":"Botigues Museu de Sal\u00e0s","article_modified_time":"2020-06-12T16:05:33+00:00","og_image":[{"width":1200,"height":698,"url":"https:\/\/botiguesmuseusalas.cat\/wp-content\/uploads\/2016\/07\/portada-activitats.jpg","type":"image\/jpeg"}],"twitter_card":"summary_large_image","schema":{"@context":"https:\/\/schema.org","@graph":[{"@type":"WebPage","@id":"https:\/\/botiguesmuseusalas.cat\/es\/actividades\/","url":"https:\/\/botiguesmuseusalas.cat\/es\/actividades\/","name":"Actividades - Botigues Museu de Sal\u00e0s","isPartOf":{"@id":"https:\/\/botiguesmuseusalas.cat\/#website"},"primaryImageOfPage":{"@id":"https:\/\/botiguesmuseusalas.cat\/es\/actividades\/#primaryimage"},"image":{"@id":"https:\/\/botiguesmuseusalas.cat\/es\/actividades\/#primaryimage"},"thumbnailUrl":"https:\/\/botiguesmuseusalas.cat\/wp-content\/uploads\/2016\/07\/portada-activitats.jpg","datePublished":"2017-07-03T08:50:29+00:00","dateModified":"2020-06-12T16:05:33+00:00","description":"Consulta aqu\u00ed las actividades programadas en las Botigues Museu de Sal\u00e0s del Pallars. Visitas did\u00e1cticas, talleres, etc.","breadcrumb":{"@id":"https:\/\/botiguesmuseusalas.cat\/es\/actividades\/#breadcrumb"},"inLanguage":"es","potentialAction":[{"@type":"ReadAction","target":["https:\/\/botiguesmuseusalas.cat\/es\/actividades\/"]}]},{"@type":"ImageObject","inLanguage":"es","@id":"https:\/\/botiguesmuseusalas.cat\/es\/actividades\/#primaryimage","url":"https:\/\/botiguesmuseusalas.cat\/wp-content\/uploads\/2016\/07\/portada-activitats.jpg","contentUrl":"https:\/\/botiguesmuseusalas.cat\/wp-content\/uploads\/2016\/07\/portada-activitats.jpg","width":1200,"height":698},{"@type":"BreadcrumbList","@id":"https:\/\/botiguesmuseusalas.cat\/es\/actividades\/#breadcrumb","itemListElement":[{"@type":"ListItem","position":1,"name":"Inici","item":"https:\/\/botiguesmuseusalas.cat\/es\/"},{"@type":"ListItem","position":2,"name":"Actividades"}]},{"@type":"WebSite","@id":"https:\/\/botiguesmuseusalas.cat\/#website","url":"https:\/\/botiguesmuseusalas.cat\/","name":"Botigues Museu de Sal\u00e0s","description":"Web oficial de les Botigues Museu de Sal\u00e0s de Pallars (Lleida)","potentialAction":[{"@type":"SearchAction","target":{"@type":"EntryPoint","urlTemplate":"https:\/\/botiguesmuseusalas.cat\/?s={search_term_string}"},"query-input":{"@type":"PropertyValueSpecification","valueRequired":true,"valueName":"search_term_string"}}],"inLanguage":"es"}]}},"_links":{"self":[{"href":"https:\/\/botiguesmuseusalas.cat\/es\/wp-json\/wp\/v2\/pages\/1307","targetHints":{"allow":["GET"]}}],"collection":[{"href":"https:\/\/botiguesmuseusalas.cat\/es\/wp-json\/wp\/v2\/pages"}],"about":[{"href":"https:\/\/botiguesmuseusalas.cat\/es\/wp-json\/wp\/v2\/types\/page"}],"author":[{"embeddable":true,"href":"https:\/\/botiguesmuseusalas.cat\/es\/wp-json\/wp\/v2\/users\/7"}],"replies":[{"embeddable":true,"href":"https:\/\/botiguesmuseusalas.cat\/es\/wp-json\/wp\/v2\/comments?post=1307"}],"version-history":[{"count":44,"href":"https:\/\/botiguesmuseusalas.cat\/es\/wp-json\/wp\/v2\/pages\/1307\/revisions"}],"predecessor-version":[{"id":2856,"href":"https:\/\/botiguesmuseusalas.cat\/es\/wp-json\/wp\/v2\/pages\/1307\/revisions\/2856"}],"wp:featuredmedia":[{"embeddable":true,"href":"https:\/\/botiguesmuseusalas.cat\/es\/wp-json\/wp\/v2\/media\/1197"}],"wp:attachment":[{"href":"https:\/\/botiguesmuseusalas.cat\/es\/wp-json\/wp\/v2\/media?parent=1307"}],"curies":[{"name":"wp","href":"https:\/\/api.w.org\/{rel}","templated":true}]}}