{"id":1319,"date":"2017-07-03T10:50:28","date_gmt":"2017-07-03T08:50:28","guid":{"rendered":"http:\/\/botiguesmuseusalas.cat\/es\/?page_id=1319"},"modified":"2022-11-06T21:19:14","modified_gmt":"2022-11-06T19:19:14","slug":"exposiciones","status":"publish","type":"page","link":"https:\/\/botiguesmuseusalas.cat\/es\/exposiciones\/","title":{"rendered":"Exposiciones"},"content":{"rendered":"<div id=\"pl-1319\"  class=\"panel-layout\" ><div id=\"pg-1319-0\"  class=\"panel-grid panel-no-style\" ><div id=\"pgc-1319-0-0\"  class=\"panel-grid-cell\" ><div id=\"panel-1319-0-0-0\" class=\"so-panel widget widget_black-studio-tinymce widget_black_studio_tinymce panel-first-child panel-last-child\" data-index=\"0\" ><div class=\"panel-widget-style panel-widget-style-for-1319-0-0-0\" ><h3 class=\"widget-title\">EXPOSICI\u00d3N ACTUAL<\/h3><div class=\"textwidget\"><\/div><\/div><\/div><\/div><\/div><div id=\"pg-1319-1\"  class=\"panel-grid panel-no-style\" ><div id=\"pgc-1319-1-0\"  class=\"panel-grid-cell\" ><div id=\"panel-1319-1-0-0\" class=\"so-panel widget widget_sow-image panel-first-child panel-last-child\" data-index=\"1\" ><div\n\t\t\t\n\t\t\tclass=\"so-widget-sow-image so-widget-sow-image-default-8b5b6f678277-1319\"\n\t\t\t\n\t\t>\n<div class=\"sow-image-container\">\n\t\t<img \n\tsrc=\"https:\/\/botiguesmuseusalas.cat\/wp-content\/uploads\/2022\/11\/IMG_8961-scaled.jpg\" width=\"2560\" height=\"1707\" srcset=\"https:\/\/botiguesmuseusalas.cat\/wp-content\/uploads\/2022\/11\/IMG_8961-scaled.jpg 2560w, https:\/\/botiguesmuseusalas.cat\/wp-content\/uploads\/2022\/11\/IMG_8961-300x200.jpg 300w, https:\/\/botiguesmuseusalas.cat\/wp-content\/uploads\/2022\/11\/IMG_8961-1024x683.jpg 1024w, https:\/\/botiguesmuseusalas.cat\/wp-content\/uploads\/2022\/11\/IMG_8961-768x512.jpg 768w, https:\/\/botiguesmuseusalas.cat\/wp-content\/uploads\/2022\/11\/IMG_8961-1536x1024.jpg 1536w, https:\/\/botiguesmuseusalas.cat\/wp-content\/uploads\/2022\/11\/IMG_8961-2048x1365.jpg 2048w, https:\/\/botiguesmuseusalas.cat\/wp-content\/uploads\/2022\/11\/IMG_8961-958x639.jpg 958w, https:\/\/botiguesmuseusalas.cat\/wp-content\/uploads\/2022\/11\/IMG_8961-600x400.jpg 600w, https:\/\/botiguesmuseusalas.cat\/wp-content\/uploads\/2022\/11\/IMG_8961-272x182.jpg 272w\" sizes=\"(max-width: 2560px) 100vw, 2560px\" title=\"IMG_8961\" alt=\"\" \t\tclass=\"so-widget-image\"\/>\n\t<\/div>\n\n<\/div><\/div><\/div><div id=\"pgc-1319-1-1\"  class=\"panel-grid-cell\" ><div id=\"panel-1319-1-1-0\" class=\"so-panel widget widget_black-studio-tinymce widget_black_studio_tinymce panel-first-child panel-last-child\" data-index=\"2\" ><div class=\"textwidget\"><h2>CRUZ VERDE (1945 - 1964)<\/h2>\n<p>El a\u00f1o 1945 la familia barcelonesa Garcia-Mil\u00e0 cre\u00f3 Cruz Verde, una industria especializada en la fabricaci\u00f3n de productos fitosanitarios e insecticidas dom\u00e9sticos. En pocos a\u00f1os, la empresa creci\u00f3 de una forma extraordinaria y se convirti\u00f3 en un referente nacional en el campo de la investigaci\u00f3n y la publicidad comercial. Desde el punto de vista publicitario, Cruz Verde dise\u00f1\u00f3 algunas de les campa\u00f1as publicitarias m\u00e1s modernas e innovadoras de la postguerra. El gran art\u00edfice de este milagro gr\u00e1fico fue Josep Artigas, m\u00e1ximo responsable del trabajo de comunicaci\u00f3n de la empresa hasta su marcha a Suiza el 1955.<\/p>\n<p><a class=\"btn btn-success  btn-sm\" href=\"https:\/\/botiguesmuseusalas.cat\/es\/cruz-verde\/\" target=\"_self\" >M\u00c1S INFORMACI\u00d3N<\/a><\/p>\n<\/div><\/div><\/div><\/div><div id=\"pg-1319-2\"  class=\"panel-grid panel-no-style\" ><div id=\"pgc-1319-2-0\"  class=\"panel-grid-cell\" ><div id=\"panel-1319-2-0-0\" class=\"so-panel widget widget_spacer-widget panel-first-child panel-last-child\" data-index=\"3\" ><div\n\t\t\t\n\t\t\tclass=\"so-widget-spacer-widget so-widget-spacer-widget-base\"\n\t\t\t\n\t\t>\n<div class=\"clearfix\" style=\"height:30px\"><\/div><\/div><\/div><\/div><\/div><div id=\"pg-1319-3\"  class=\"panel-grid panel-no-style\" ><div id=\"pgc-1319-3-0\"  class=\"panel-grid-cell\" ><div id=\"panel-1319-3-0-0\" class=\"so-panel widget widget_black-studio-tinymce widget_black_studio_tinymce panel-first-child panel-last-child\" data-index=\"4\" ><div class=\"panel-widget-style panel-widget-style-for-1319-3-0-0\" ><h3 class=\"widget-title\">EXPOSICIONES ANTERIORES<\/h3><div class=\"textwidget\"><\/div><\/div><\/div><\/div><\/div><div id=\"pg-1319-4\"  class=\"panel-grid panel-no-style\" ><div id=\"pgc-1319-4-0\"  class=\"panel-grid-cell\" ><div id=\"panel-1319-4-0-0\" class=\"so-panel widget widget_sow-post-carousel panel-first-child panel-last-child\" data-index=\"5\" ><div\n\t\t\t\n\t\t\tclass=\"so-widget-sow-post-carousel so-widget-sow-post-carousel-base-16185f985534-1319\"\n\t\t\t\n\t\t>\t<div\n\t\tclass=\"sow-post-carousel-wrapper sow-post-carousel-theme-base\"\n\t\tstyle=\"overflow: hidden; max-width: 100%; min-height: 182px\"\n\t>\n\t\t<div class=\"sow-carousel-title\">\n\t\t\t<div class=\"sow-carousel-navigation \">\n\t\t\t\t\t\t<a href=\"#\" class=\"sow-carousel-next\" title=\"Siguiente\" aria-label=\"Entradas siguientes\" role=\"button\"><\/a>\n\t\t\t\t\t\t<a href=\"#\" class=\"sow-carousel-previous\" title=\"Anterior\" aria-label=\"Entradas anteriores\" role=\"button\"><\/a>\n\t\t\t\t\t<\/div>\n\t<\/div>\n\n<div class=\"sow-carousel-container \">\n\t\t<div class=\"sow-carousel-wrapper\"\n\t\tdata-dir=\"ltr\"\n\t\tstyle=\"opacity: 0;\"\n\t\tdata-widget=\"post\" data-fetching=\"false\" data-page=\"1\" data-ajax-url=\"https:\/\/botiguesmuseusalas.cat\/wp-admin\/admin-ajax.php?_widgets_nonce=49e41c467b\" data-item_count=\"9\" data-carousel_settings=\"{&quot;loop&quot;:true,&quot;animation&quot;:&quot;Ease&quot;,&quot;animation_speed&quot;:400,&quot;autoplay&quot;:&quot;&quot;,&quot;pauseOnHover&quot;:&quot;&quot;,&quot;autoplaySpeed&quot;:8000,&quot;item_overflow&quot;:true,&quot;autoplay_continuous_scroll&quot;:false}\" data-responsive=\"{&quot;desktop_slides_to_scroll&quot;:1,&quot;tablet_landscape_breakpoint&quot;:1366,&quot;tablet_landscape_slides_to_scroll&quot;:2,&quot;tablet_portrait_breakpoint&quot;:1025,&quot;tablet_portrait_slides_to_scroll&quot;:2,&quot;mobile_breakpoint&quot;:480,&quot;mobile_slides_to_scroll&quot;:1}\" data-variable_width=\"true\" \t>\n\t\t<div\n\t\t\tclass=\"sow-carousel-items\"\n\t\t\t\t\t>\n\t\t\t\t<div class=\"sow-carousel-item\" tabindex=\"-1\" style=\"float: left;\">\n\t\t<div class=\"sow-carousel-thumbnail\">\n\t\t\t\t\t\t\t<a\n\t\t\t\t\thref=\"https:\/\/botiguesmuseusalas.cat\/es\/exposiciones\/cacadors-de-mosques\/\"\n\t\t\t\t\t\t\t\t\t\tstyle=\"background-image: url( https:\/\/botiguesmuseusalas.cat\/wp-content\/uploads\/2016\/07\/Fotos-expo-019-1-272x182.jpg )\"\n\t\t\t\t\taria-labelledby=\"sow-carousel-id-1339\"\n\t\t\t\t\ttabindex=\"-1\"\n\t\t\t\t>\n\t\t\t\t\t<span class=\"overlay\"><\/span>\n\t\t\t\t<\/a>\n\t\t\t\t\t<\/div>\n\t\t<h3 class=\"sow-carousel-item-title\">\n\t\t\t<a\n\t\t\t\thref=\"https:\/\/botiguesmuseusalas.cat\/es\/exposiciones\/cacadors-de-mosques\/\"\n\t\t\t\tid=\"sow-carousel-id-1339\"\n\t\t\t\t\t\t\t\ttabindex=\"-1\"\n\t\t\t>\n\n\t\t\t\tCa\u00e7adors de mosques\t\t\t<\/a>\n\t\t<\/h3>\n\t<\/div>\n\t\t<div class=\"sow-carousel-item\" tabindex=\"-1\" style=\"float: left;\">\n\t\t<div class=\"sow-carousel-thumbnail\">\n\t\t\t\t\t\t\t<a\n\t\t\t\t\thref=\"https:\/\/botiguesmuseusalas.cat\/es\/danone\/\"\n\t\t\t\t\tclass=\"sow-carousel-default-thumbnail\"\n\t\t\t\t\t\t\t\t\t\t\t\t\t\t\taria-labelledby=\"sow-carousel-id-2317\"\n\t\t\t\t\ttabindex=\"-1\"\n\t\t\t\t>\n\t\t\t\t\t<span class=\"overlay\"><\/span>\n\t\t\t\t<\/a>\n\t\t\t\t\t<\/div>\n\t\t<h3 class=\"sow-carousel-item-title\">\n\t\t\t<a\n\t\t\t\thref=\"https:\/\/botiguesmuseusalas.cat\/es\/danone\/\"\n\t\t\t\tid=\"sow-carousel-id-2317\"\n\t\t\t\t\t\t\t\ttabindex=\"-1\"\n\t\t\t>\n\n\t\t\t\tDanone\t\t\t<\/a>\n\t\t<\/h3>\n\t<\/div>\n\t\t<div class=\"sow-carousel-item\" tabindex=\"-1\" style=\"float: left;\">\n\t\t<div class=\"sow-carousel-thumbnail\">\n\t\t\t\t\t\t\t<a\n\t\t\t\t\thref=\"https:\/\/botiguesmuseusalas.cat\/es\/exposiciones\/cubitos\/\"\n\t\t\t\t\t\t\t\t\t\tstyle=\"background-image: url( https:\/\/botiguesmuseusalas.cat\/wp-content\/uploads\/2019\/01\/IMG_20180829_182104_HHT-copia-272x182.jpg )\"\n\t\t\t\t\taria-labelledby=\"sow-carousel-id-2001\"\n\t\t\t\t\ttabindex=\"-1\"\n\t\t\t\t>\n\t\t\t\t\t<span class=\"overlay\"><\/span>\n\t\t\t\t<\/a>\n\t\t\t\t\t<\/div>\n\t\t<h3 class=\"sow-carousel-item-title\">\n\t\t\t<a\n\t\t\t\thref=\"https:\/\/botiguesmuseusalas.cat\/es\/exposiciones\/cubitos\/\"\n\t\t\t\tid=\"sow-carousel-id-2001\"\n\t\t\t\t\t\t\t\ttabindex=\"-1\"\n\t\t\t>\n\n\t\t\t\tCubitos\t\t\t<\/a>\n\t\t<\/h3>\n\t<\/div>\n\t\t<div class=\"sow-carousel-item\" tabindex=\"-1\" style=\"float: left;\">\n\t\t<div class=\"sow-carousel-thumbnail\">\n\t\t\t\t\t\t\t<a\n\t\t\t\t\thref=\"https:\/\/botiguesmuseusalas.cat\/es\/exposiciones\/tot-a-mitges\/\"\n\t\t\t\t\t\t\t\t\t\tstyle=\"background-image: url( https:\/\/botiguesmuseusalas.cat\/wp-content\/uploads\/2016\/07\/fffff-1-272x182.jpg )\"\n\t\t\t\t\taria-labelledby=\"sow-carousel-id-1361\"\n\t\t\t\t\ttabindex=\"-1\"\n\t\t\t\t>\n\t\t\t\t\t<span class=\"overlay\"><\/span>\n\t\t\t\t<\/a>\n\t\t\t\t\t<\/div>\n\t\t<h3 class=\"sow-carousel-item-title\">\n\t\t\t<a\n\t\t\t\thref=\"https:\/\/botiguesmuseusalas.cat\/es\/exposiciones\/tot-a-mitges\/\"\n\t\t\t\tid=\"sow-carousel-id-1361\"\n\t\t\t\t\t\t\t\ttabindex=\"-1\"\n\t\t\t>\n\n\t\t\t\tTot a mitges\t\t\t<\/a>\n\t\t<\/h3>\n\t<\/div>\n\t\t<div class=\"sow-carousel-item\" tabindex=\"-1\" style=\"float: left;\">\n\t\t<div class=\"sow-carousel-thumbnail\">\n\t\t\t\t\t\t\t<a\n\t\t\t\t\thref=\"https:\/\/botiguesmuseusalas.cat\/es\/exposiciones\/album-gran-guerra\/\"\n\t\t\t\t\t\t\t\t\t\tstyle=\"background-image: url( https:\/\/botiguesmuseusalas.cat\/wp-content\/uploads\/2016\/07\/P1080109-272x182.jpg )\"\n\t\t\t\t\taria-labelledby=\"sow-carousel-id-1326\"\n\t\t\t\t\ttabindex=\"-1\"\n\t\t\t\t>\n\t\t\t\t\t<span class=\"overlay\"><\/span>\n\t\t\t\t<\/a>\n\t\t\t\t\t<\/div>\n\t\t<h3 class=\"sow-carousel-item-title\">\n\t\t\t<a\n\t\t\t\thref=\"https:\/\/botiguesmuseusalas.cat\/es\/exposiciones\/album-gran-guerra\/\"\n\t\t\t\tid=\"sow-carousel-id-1326\"\n\t\t\t\t\t\t\t\ttabindex=\"-1\"\n\t\t\t>\n\n\t\t\t\t\u00c1lbum de la Gran Guerra\t\t\t<\/a>\n\t\t<\/h3>\n\t<\/div>\n\t\t<div class=\"sow-carousel-item\" tabindex=\"-1\" style=\"float: left;\">\n\t\t<div class=\"sow-carousel-thumbnail\">\n\t\t\t\t\t\t\t<a\n\t\t\t\t\thref=\"https:\/\/botiguesmuseusalas.cat\/es\/exposiciones\/gaspar-camps\/\"\n\t\t\t\t\t\t\t\t\t\tstyle=\"background-image: url( https:\/\/botiguesmuseusalas.cat\/wp-content\/uploads\/2016\/07\/Expo-Camps-2-2-1-272x182.jpg )\"\n\t\t\t\t\taria-labelledby=\"sow-carousel-id-1351\"\n\t\t\t\t\ttabindex=\"-1\"\n\t\t\t\t>\n\t\t\t\t\t<span class=\"overlay\"><\/span>\n\t\t\t\t<\/a>\n\t\t\t\t\t<\/div>\n\t\t<h3 class=\"sow-carousel-item-title\">\n\t\t\t<a\n\t\t\t\thref=\"https:\/\/botiguesmuseusalas.cat\/es\/exposiciones\/gaspar-camps\/\"\n\t\t\t\tid=\"sow-carousel-id-1351\"\n\t\t\t\t\t\t\t\ttabindex=\"-1\"\n\t\t\t>\n\n\t\t\t\tGaspar Camps\t\t\t<\/a>\n\t\t<\/h3>\n\t<\/div>\n\t\t<div class=\"sow-carousel-item\" tabindex=\"-1\" style=\"float: left;\">\n\t\t<div class=\"sow-carousel-thumbnail\">\n\t\t\t\t\t\t\t<a\n\t\t\t\t\thref=\"https:\/\/botiguesmuseusalas.cat\/es\/exposiciones\/llaunes-dabans\/\"\n\t\t\t\t\t\t\t\t\t\tstyle=\"background-image: url( https:\/\/botiguesmuseusalas.cat\/wp-content\/uploads\/2016\/07\/Foto-2-llaunes-dabans-272x182.jpg )\"\n\t\t\t\t\taria-labelledby=\"sow-carousel-id-1354\"\n\t\t\t\t\ttabindex=\"-1\"\n\t\t\t\t>\n\t\t\t\t\t<span class=\"overlay\"><\/span>\n\t\t\t\t<\/a>\n\t\t\t\t\t<\/div>\n\t\t<h3 class=\"sow-carousel-item-title\">\n\t\t\t<a\n\t\t\t\thref=\"https:\/\/botiguesmuseusalas.cat\/es\/exposiciones\/llaunes-dabans\/\"\n\t\t\t\tid=\"sow-carousel-id-1354\"\n\t\t\t\t\t\t\t\ttabindex=\"-1\"\n\t\t\t>\n\n\t\t\t\tLlaunes d&#8217;abans\t\t\t<\/a>\n\t\t<\/h3>\n\t<\/div>\n\t\t<div class=\"sow-carousel-item\" tabindex=\"-1\" style=\"float: left;\">\n\t\t<div class=\"sow-carousel-thumbnail\">\n\t\t\t\t\t\t\t<a\n\t\t\t\t\thref=\"https:\/\/botiguesmuseusalas.cat\/es\/exposiciones\/fantasies-troquelades\/\"\n\t\t\t\t\t\t\t\t\t\tstyle=\"background-image: url( https:\/\/botiguesmuseusalas.cat\/wp-content\/uploads\/2016\/07\/foto-3-1-272x182.jpg )\"\n\t\t\t\t\taria-labelledby=\"sow-carousel-id-1348\"\n\t\t\t\t\ttabindex=\"-1\"\n\t\t\t\t>\n\t\t\t\t\t<span class=\"overlay\"><\/span>\n\t\t\t\t<\/a>\n\t\t\t\t\t<\/div>\n\t\t<h3 class=\"sow-carousel-item-title\">\n\t\t\t<a\n\t\t\t\thref=\"https:\/\/botiguesmuseusalas.cat\/es\/exposiciones\/fantasies-troquelades\/\"\n\t\t\t\tid=\"sow-carousel-id-1348\"\n\t\t\t\t\t\t\t\ttabindex=\"-1\"\n\t\t\t>\n\n\t\t\t\tFantasies troquelades\t\t\t<\/a>\n\t\t<\/h3>\n\t<\/div>\n\t\t<div class=\"sow-carousel-item\" tabindex=\"-1\" style=\"float: left;\">\n\t\t<div class=\"sow-carousel-thumbnail\">\n\t\t\t\t\t\t\t<a\n\t\t\t\t\thref=\"https:\/\/botiguesmuseusalas.cat\/es\/exposiciones\/del-pirineu-a-la-pampa\/\"\n\t\t\t\t\t\t\t\t\t\tstyle=\"background-image: url( https:\/\/botiguesmuseusalas.cat\/wp-content\/uploads\/2016\/07\/Cuberta-Vaixell-Pampa-1-272x182.jpg )\"\n\t\t\t\t\taria-labelledby=\"sow-carousel-id-1345\"\n\t\t\t\t\ttabindex=\"-1\"\n\t\t\t\t>\n\t\t\t\t\t<span class=\"overlay\"><\/span>\n\t\t\t\t<\/a>\n\t\t\t\t\t<\/div>\n\t\t<h3 class=\"sow-carousel-item-title\">\n\t\t\t<a\n\t\t\t\thref=\"https:\/\/botiguesmuseusalas.cat\/es\/exposiciones\/del-pirineu-a-la-pampa\/\"\n\t\t\t\tid=\"sow-carousel-id-1345\"\n\t\t\t\t\t\t\t\ttabindex=\"-1\"\n\t\t\t>\n\n\t\t\t\tDel Pirineu a La Pampa\t\t\t<\/a>\n\t\t<\/h3>\n\t<\/div>\n\t\t\t<\/div>\n\t\t\t<\/div>\n\n\t<\/div>\n\t\t<input type=\"hidden\" name=\"instance_hash\" value=\"bef92649\"\/>\n\t<\/div>\n<\/div><\/div><\/div><\/div><\/div>","protected":false},"excerpt":{"rendered":"<p>CRUZ VERDE (1945 &#8211; 1964) El a\u00f1o 1945 la familia barcelonesa Garcia-Mil\u00e0 cre\u00f3 Cruz Verde, una industria especializada en la fabricaci\u00f3n de productos fitosanitarios e insecticidas dom\u00e9sticos. En pocos a\u00f1os, la empresa creci\u00f3 de una forma extraordinaria y se convirti\u00f3 en un referente nacional en el campo de la investigaci\u00f3n y la publicidad comercial. Desde el punto de vista publicitario, Cruz Verde dise\u00f1\u00f3 algunas de les campa\u00f1as publicitarias m\u00e1s modernas e innovadoras de la postguerra. El gran art\u00edfice de este milagro gr\u00e1fico fue Josep Artigas, m\u00e1ximo responsable del trabajo de comunicaci\u00f3n de la empresa hasta su marcha a Suiza el 1955.<\/p>\n","protected":false},"author":7,"featured_media":0,"parent":0,"menu_order":0,"comment_status":"closed","ping_status":"closed","template":"","meta":{"_acf_changed":false,"footnotes":""},"class_list":["post-1319","page","type-page","status-publish","hentry"],"acf":[],"yoast_head":"<!-- This site is optimized with the Yoast SEO plugin v27.3 - https:\/\/yoast.com\/product\/yoast-seo-wordpress\/ -->\n<title>Exposiciones - Botigues Museu de Sal\u00e0s<\/title>\n<meta name=\"description\" content=\"En el Museu Botigues de Sal\u00e0s del Pallars ofrecemos exposiciones temporales. Consulta aqu\u00ed cu\u00e1l es la exposici\u00f3n en curso y cu\u00e1les las pasadas.\" \/>\n<meta name=\"robots\" content=\"index, follow, max-snippet:-1, max-image-preview:large, max-video-preview:-1\" \/>\n<link rel=\"canonical\" href=\"https:\/\/botiguesmuseusalas.cat\/es\/exposiciones\/\" \/>\n<meta property=\"og:locale\" content=\"es_ES\" \/>\n<meta property=\"og:type\" content=\"article\" \/>\n<meta property=\"og:title\" content=\"Exposiciones - Botigues Museu de Sal\u00e0s\" \/>\n<meta property=\"og:description\" content=\"En el Museu Botigues de Sal\u00e0s del Pallars ofrecemos exposiciones temporales. Consulta aqu\u00ed cu\u00e1l es la exposici\u00f3n en curso y cu\u00e1les las pasadas.\" \/>\n<meta property=\"og:url\" content=\"https:\/\/botiguesmuseusalas.cat\/es\/exposiciones\/\" \/>\n<meta property=\"og:site_name\" content=\"Botigues Museu de Sal\u00e0s\" \/>\n<meta property=\"article:modified_time\" content=\"2022-11-06T19:19:14+00:00\" \/>\n<meta name=\"twitter:card\" content=\"summary_large_image\" \/>\n<meta name=\"twitter:label1\" content=\"Tiempo de lectura\" \/>\n\t<meta name=\"twitter:data1\" content=\"1 minuto\" \/>\n<script type=\"application\/ld+json\" class=\"yoast-schema-graph\">{\"@context\":\"https:\\\/\\\/schema.org\",\"@graph\":[{\"@type\":\"WebPage\",\"@id\":\"https:\\\/\\\/botiguesmuseusalas.cat\\\/es\\\/exposiciones\\\/\",\"url\":\"https:\\\/\\\/botiguesmuseusalas.cat\\\/es\\\/exposiciones\\\/\",\"name\":\"Exposiciones - Botigues Museu de Sal\u00e0s\",\"isPartOf\":{\"@id\":\"https:\\\/\\\/botiguesmuseusalas.cat\\\/#website\"},\"datePublished\":\"2017-07-03T08:50:28+00:00\",\"dateModified\":\"2022-11-06T19:19:14+00:00\",\"description\":\"En el Museu Botigues de Sal\u00e0s del Pallars ofrecemos exposiciones temporales. Consulta aqu\u00ed cu\u00e1l es la exposici\u00f3n en curso y cu\u00e1les las pasadas.\",\"breadcrumb\":{\"@id\":\"https:\\\/\\\/botiguesmuseusalas.cat\\\/es\\\/exposiciones\\\/#breadcrumb\"},\"inLanguage\":\"es\",\"potentialAction\":[{\"@type\":\"ReadAction\",\"target\":[\"https:\\\/\\\/botiguesmuseusalas.cat\\\/es\\\/exposiciones\\\/\"]}]},{\"@type\":\"BreadcrumbList\",\"@id\":\"https:\\\/\\\/botiguesmuseusalas.cat\\\/es\\\/exposiciones\\\/#breadcrumb\",\"itemListElement\":[{\"@type\":\"ListItem\",\"position\":1,\"name\":\"Inici\",\"item\":\"https:\\\/\\\/botiguesmuseusalas.cat\\\/es\\\/\"},{\"@type\":\"ListItem\",\"position\":2,\"name\":\"Exposiciones\"}]},{\"@type\":\"WebSite\",\"@id\":\"https:\\\/\\\/botiguesmuseusalas.cat\\\/#website\",\"url\":\"https:\\\/\\\/botiguesmuseusalas.cat\\\/\",\"name\":\"Botigues Museu de Sal\u00e0s\",\"description\":\"Web oficial de les Botigues Museu de Sal\u00e0s de Pallars (Lleida)\",\"potentialAction\":[{\"@type\":\"SearchAction\",\"target\":{\"@type\":\"EntryPoint\",\"urlTemplate\":\"https:\\\/\\\/botiguesmuseusalas.cat\\\/?s={search_term_string}\"},\"query-input\":{\"@type\":\"PropertyValueSpecification\",\"valueRequired\":true,\"valueName\":\"search_term_string\"}}],\"inLanguage\":\"es\"}]}<\/script>\n<!-- \/ Yoast SEO plugin. -->","yoast_head_json":{"title":"Exposiciones - Botigues Museu de Sal\u00e0s","description":"En el Museu Botigues de Sal\u00e0s del Pallars ofrecemos exposiciones temporales. Consulta aqu\u00ed cu\u00e1l es la exposici\u00f3n en curso y cu\u00e1les las pasadas.","robots":{"index":"index","follow":"follow","max-snippet":"max-snippet:-1","max-image-preview":"max-image-preview:large","max-video-preview":"max-video-preview:-1"},"canonical":"https:\/\/botiguesmuseusalas.cat\/es\/exposiciones\/","og_locale":"es_ES","og_type":"article","og_title":"Exposiciones - Botigues Museu de Sal\u00e0s","og_description":"En el Museu Botigues de Sal\u00e0s del Pallars ofrecemos exposiciones temporales. Consulta aqu\u00ed cu\u00e1l es la exposici\u00f3n en curso y cu\u00e1les las pasadas.","og_url":"https:\/\/botiguesmuseusalas.cat\/es\/exposiciones\/","og_site_name":"Botigues Museu de Sal\u00e0s","article_modified_time":"2022-11-06T19:19:14+00:00","twitter_card":"summary_large_image","twitter_misc":{"Tiempo de lectura":"1 minuto"},"schema":{"@context":"https:\/\/schema.org","@graph":[{"@type":"WebPage","@id":"https:\/\/botiguesmuseusalas.cat\/es\/exposiciones\/","url":"https:\/\/botiguesmuseusalas.cat\/es\/exposiciones\/","name":"Exposiciones - Botigues Museu de Sal\u00e0s","isPartOf":{"@id":"https:\/\/botiguesmuseusalas.cat\/#website"},"datePublished":"2017-07-03T08:50:28+00:00","dateModified":"2022-11-06T19:19:14+00:00","description":"En el Museu Botigues de Sal\u00e0s del Pallars ofrecemos exposiciones temporales. Consulta aqu\u00ed cu\u00e1l es la exposici\u00f3n en curso y cu\u00e1les las pasadas.","breadcrumb":{"@id":"https:\/\/botiguesmuseusalas.cat\/es\/exposiciones\/#breadcrumb"},"inLanguage":"es","potentialAction":[{"@type":"ReadAction","target":["https:\/\/botiguesmuseusalas.cat\/es\/exposiciones\/"]}]},{"@type":"BreadcrumbList","@id":"https:\/\/botiguesmuseusalas.cat\/es\/exposiciones\/#breadcrumb","itemListElement":[{"@type":"ListItem","position":1,"name":"Inici","item":"https:\/\/botiguesmuseusalas.cat\/es\/"},{"@type":"ListItem","position":2,"name":"Exposiciones"}]},{"@type":"WebSite","@id":"https:\/\/botiguesmuseusalas.cat\/#website","url":"https:\/\/botiguesmuseusalas.cat\/","name":"Botigues Museu de Sal\u00e0s","description":"Web oficial de les Botigues Museu de Sal\u00e0s de Pallars (Lleida)","potentialAction":[{"@type":"SearchAction","target":{"@type":"EntryPoint","urlTemplate":"https:\/\/botiguesmuseusalas.cat\/?s={search_term_string}"},"query-input":{"@type":"PropertyValueSpecification","valueRequired":true,"valueName":"search_term_string"}}],"inLanguage":"es"}]}},"_links":{"self":[{"href":"https:\/\/botiguesmuseusalas.cat\/es\/wp-json\/wp\/v2\/pages\/1319","targetHints":{"allow":["GET"]}}],"collection":[{"href":"https:\/\/botiguesmuseusalas.cat\/es\/wp-json\/wp\/v2\/pages"}],"about":[{"href":"https:\/\/botiguesmuseusalas.cat\/es\/wp-json\/wp\/v2\/types\/page"}],"author":[{"embeddable":true,"href":"https:\/\/botiguesmuseusalas.cat\/es\/wp-json\/wp\/v2\/users\/7"}],"replies":[{"embeddable":true,"href":"https:\/\/botiguesmuseusalas.cat\/es\/wp-json\/wp\/v2\/comments?post=1319"}],"version-history":[{"count":16,"href":"https:\/\/botiguesmuseusalas.cat\/es\/wp-json\/wp\/v2\/pages\/1319\/revisions"}],"predecessor-version":[{"id":3490,"href":"https:\/\/botiguesmuseusalas.cat\/es\/wp-json\/wp\/v2\/pages\/1319\/revisions\/3490"}],"wp:attachment":[{"href":"https:\/\/botiguesmuseusalas.cat\/es\/wp-json\/wp\/v2\/media?parent=1319"}],"curies":[{"name":"wp","href":"https:\/\/api.w.org\/{rel}","templated":true}]}}