{"id":1348,"date":"2017-07-03T10:50:27","date_gmt":"2017-07-03T08:50:27","guid":{"rendered":"http:\/\/botiguesmuseusalas.cat\/?page_id=1348"},"modified":"2019-01-16T14:45:25","modified_gmt":"2019-01-16T12:45:25","slug":"fantasies-troquelades","status":"publish","type":"page","link":"https:\/\/botiguesmuseusalas.cat\/es\/exposiciones\/fantasies-troquelades\/","title":{"rendered":"Fantasies troquelades"},"content":{"rendered":"<div id=\"pl-1348\"  class=\"panel-layout\" ><div id=\"pg-1348-0\"  class=\"panel-grid panel-has-style\" ><div class=\"siteorigin-panels-stretch panel-row-style panel-row-style-for-1348-0\" data-stretch-type=\"full\" ><div id=\"pgc-1348-0-0\"  class=\"panel-grid-cell\" ><div id=\"panel-1348-0-0-0\" class=\"so-panel widget widget_iconbox-widget panel-first-child\" data-index=\"0\" ><div\n\t\t\t\n\t\t\tclass=\"so-widget-iconbox-widget so-widget-iconbox-widget-base\"\n\t\t\t\n\t\t>\n\n<div class=\"icon-box standard ibox-plain ibox-light ibox-rounded\" data-appear-animation=\"fadeIn\">\n    <div class=\"ibox-icon\" style=\"background:#1e73be;\">\n        <span class=\"sow-icon-fontawesome sow-fas\" data-sow-icon=\"&#xf06a;\"\n\t\tstyle=\"color: #ffffff\" \n\t\taria-hidden=\"true\"><\/span>    <\/div>\n    <h3>FANTASIES TROQUELADES<\/h3>    <p>Calendarios murales acu\u00f1ados y estampados<\/p><\/div><\/div><\/div><div id=\"panel-1348-0-0-1\" class=\"so-panel widget widget_sow-editor\" data-index=\"1\" ><div\n\t\t\t\n\t\t\tclass=\"so-widget-sow-editor so-widget-sow-editor-base\"\n\t\t\t\n\t\t>\n<div class=\"siteorigin-widget-tinymce textwidget\">\n\t<p><strong>Del 3 de mayo al 31 de diciembre de 2008<\/strong><\/p>\n<p>La primera exposici\u00f3n organizada y desarrollada \u00edntegramente por el CIAC dio a conocer el mundo de los calendarios murales gofrados y troquelados. A pesar de tratarse de un tema aparentemente menor, estos calendarios fueron muy populares en nuestro pa\u00eds durante los dos primeros tercios del siglo XX, y contribuyeron, quiz\u00e1s m\u00e1s que los grandes museos, a conformar la cultura visual y est\u00e9tica de las clases populares.<\/p>\n<p>La exposici\u00f3n re\u00fane 86 calendarios murales que, siguiendo criterios cronol\u00f3gicos y estil\u00edsticos, se presentan divididos en tres apartados: Calendarios modernistas, del Modernismo al Novecentismo y Calendarios murales de fantas\u00eda.<br \/>\nTambi\u00e9n se muestra una imprenta donde se explican las t\u00e9cnicas de estampaci\u00f3n, y un montaje audiovisual.<\/p>\n<\/div>\n<\/div><\/div><div id=\"panel-1348-0-0-2\" class=\"so-panel widget widget_carousel-widget panel-last-child\" data-index=\"2\" ><div\n\t\t\t\n\t\t\tclass=\"so-widget-carousel-widget so-widget-carousel-widget-base\"\n\t\t\t\n\t\t><div class=\"text-align-left\"><h3 class=\"widget-title\" >GALER\u00cdA<\/h3><\/div>\n<div class=\"carousel-container\">\n<ul class=\"owl-carousel owl-theme\" data-columns=\"1\" data-autoplay=\"5000\" data-pagination=\"no\" data-arrows=\"yes\" data-single-item=\"no\" data-items-desktop=\"1\" data-items-desktop-small=\"3\" data-items-tablet=\"2\" data-items-mobile=\"1\"  data-rtl=\"ltr\" >\n<li class=\"item\"><img decoding=\"async\" src=\"https:\/\/botiguesmuseusalas.cat\/wp-content\/uploads\/2016\/07\/foto-4_2.jpg\" alt=\"Image\">                <\/li><li class=\"item\"><img decoding=\"async\" src=\"https:\/\/botiguesmuseusalas.cat\/wp-content\/uploads\/2016\/07\/foto-2_2.jpg\" alt=\"Image\">                <\/li><li class=\"item\"><img decoding=\"async\" src=\"https:\/\/botiguesmuseusalas.cat\/wp-content\/uploads\/2016\/07\/foto-3-2.jpg\" alt=\"Image\">                <\/li><\/ul>\n<\/div><\/div><\/div><\/div><div id=\"pgc-1348-0-1\"  class=\"panel-grid-cell\" ><div id=\"panel-1348-0-1-0\" class=\"so-panel widget widget_sow-image panel-first-child panel-last-child\" data-index=\"3\" ><div\n\t\t\t\n\t\t\tclass=\"so-widget-sow-image so-widget-sow-image-default-8b5b6f678277-1348\"\n\t\t\t\n\t\t><h3 class=\"widget-title\">CARTEL<\/h3>\n<div class=\"sow-image-container\">\n\t\t<img \n\tsrc=\"https:\/\/botiguesmuseusalas.cat\/wp-content\/uploads\/2016\/07\/cartell-fantasies-troquelades_2.jpg\" width=\"185\" height=\"358\" srcset=\"https:\/\/botiguesmuseusalas.cat\/wp-content\/uploads\/2016\/07\/cartell-fantasies-troquelades_2.jpg 185w, https:\/\/botiguesmuseusalas.cat\/wp-content\/uploads\/2016\/07\/cartell-fantasies-troquelades_2-155x300.jpg 155w\" sizes=\"(max-width: 185px) 100vw, 185px\" title=\"CARTEL\" alt=\"\" \t\tclass=\"so-widget-image\"\/>\n\t<\/div>\n\n<\/div><\/div><\/div><\/div><\/div><div id=\"pg-1348-1\"  class=\"panel-grid panel-no-style\" ><div id=\"pgc-1348-1-0\"  class=\"panel-grid-cell\" ><div id=\"panel-1348-1-0-0\" class=\"so-panel widget widget_hr-widget panel-first-child panel-last-child\" data-index=\"4\" ><div\n\t\t\t\n\t\t\tclass=\"so-widget-hr-widget so-widget-hr-widget-base\"\n\t\t\t\n\t\t>\n<hr class=\"fw\" style=\"height:1px; background:; margin-top:30px; margin-bottom:30px\"><\/div><\/div><\/div><\/div><div id=\"pg-1348-2\"  class=\"panel-grid panel-no-style\" ><div id=\"pgc-1348-2-0\"  class=\"panel-grid-cell\" ><div id=\"panel-1348-2-0-0\" class=\"so-panel widget widget_sow-post-carousel panel-first-child panel-last-child\" data-index=\"5\" ><div\n\t\t\t\n\t\t\tclass=\"so-widget-sow-post-carousel so-widget-sow-post-carousel-base-ad93eedad001-1348\"\n\t\t\t\n\t\t>\t<div\n\t\tclass=\"sow-post-carousel-wrapper sow-post-carousel-theme-base\"\n\t\tstyle=\"overflow: hidden; max-width: 100%; min-height: 182px\"\n\t>\n\t\t<div class=\"sow-carousel-title has-title\">\n\t<h3 class=\"widget-title\">OTRAS EXPOSICIONES ANTERIORES<\/h3>\t\t<div class=\"sow-carousel-navigation \">\n\t\t\t\t\t\t<a href=\"#\" class=\"sow-carousel-next\" title=\"Siguiente\" aria-label=\"Entradas siguientes\" role=\"button\"><\/a>\n\t\t\t\t\t\t<a href=\"#\" class=\"sow-carousel-previous\" title=\"Anterior\" aria-label=\"Entradas anteriores\" role=\"button\"><\/a>\n\t\t\t\t\t<\/div>\n\t<\/div>\n\n<div class=\"sow-carousel-container \">\n\t\t<div class=\"sow-carousel-wrapper\"\n\t\tdata-dir=\"ltr\"\n\t\tstyle=\"opacity: 0;\"\n\t\tdata-widget=\"post\" data-fetching=\"false\" data-page=\"1\" data-ajax-url=\"https:\/\/botiguesmuseusalas.cat\/wp-admin\/admin-ajax.php?_widgets_nonce=f1c4b70dbd\" data-item_count=\"6\" data-carousel_settings=\"{&quot;loop&quot;:true,&quot;animation&quot;:&quot;Ease&quot;,&quot;animation_speed&quot;:400,&quot;autoplay&quot;:&quot;&quot;,&quot;pauseOnHover&quot;:&quot;&quot;,&quot;autoplaySpeed&quot;:8000,&quot;item_overflow&quot;:true,&quot;autoplay_continuous_scroll&quot;:false}\" data-responsive=\"{&quot;desktop_slides_to_scroll&quot;:1,&quot;tablet_landscape_breakpoint&quot;:1366,&quot;tablet_landscape_slides_to_scroll&quot;:2,&quot;tablet_portrait_breakpoint&quot;:1025,&quot;tablet_portrait_slides_to_scroll&quot;:2,&quot;mobile_breakpoint&quot;:480,&quot;mobile_slides_to_scroll&quot;:1}\" data-variable_width=\"true\" \t>\n\t\t<div\n\t\t\tclass=\"sow-carousel-items\"\n\t\t\t\t\t>\n\t\t\t\t<div class=\"sow-carousel-item\" tabindex=\"-1\" style=\"float: left;\">\n\t\t<div class=\"sow-carousel-thumbnail\">\n\t\t\t\t\t\t\t<a\n\t\t\t\t\thref=\"https:\/\/botiguesmuseusalas.cat\/es\/exposiciones\/llaunes-dabans\/\"\n\t\t\t\t\t\t\t\t\t\tstyle=\"background-image: url( https:\/\/botiguesmuseusalas.cat\/wp-content\/uploads\/2016\/07\/Foto-2-llaunes-dabans-272x182.jpg )\"\n\t\t\t\t\taria-labelledby=\"sow-carousel-id-1354\"\n\t\t\t\t\ttabindex=\"-1\"\n\t\t\t\t>\n\t\t\t\t\t<span class=\"overlay\"><\/span>\n\t\t\t\t<\/a>\n\t\t\t\t\t<\/div>\n\t\t<h3 class=\"sow-carousel-item-title\">\n\t\t\t<a\n\t\t\t\thref=\"https:\/\/botiguesmuseusalas.cat\/es\/exposiciones\/llaunes-dabans\/\"\n\t\t\t\tid=\"sow-carousel-id-1354\"\n\t\t\t\t\t\t\t\ttabindex=\"-1\"\n\t\t\t>\n\n\t\t\t\tLlaunes d&#8217;abans\t\t\t<\/a>\n\t\t<\/h3>\n\t<\/div>\n\t\t<div class=\"sow-carousel-item\" tabindex=\"-1\" style=\"float: left;\">\n\t\t<div class=\"sow-carousel-thumbnail\">\n\t\t\t\t\t\t\t<a\n\t\t\t\t\thref=\"https:\/\/botiguesmuseusalas.cat\/es\/exposiciones\/gaspar-camps\/\"\n\t\t\t\t\t\t\t\t\t\tstyle=\"background-image: url( https:\/\/botiguesmuseusalas.cat\/wp-content\/uploads\/2016\/07\/Expo-Camps-2-2-1-272x182.jpg )\"\n\t\t\t\t\taria-labelledby=\"sow-carousel-id-1351\"\n\t\t\t\t\ttabindex=\"-1\"\n\t\t\t\t>\n\t\t\t\t\t<span class=\"overlay\"><\/span>\n\t\t\t\t<\/a>\n\t\t\t\t\t<\/div>\n\t\t<h3 class=\"sow-carousel-item-title\">\n\t\t\t<a\n\t\t\t\thref=\"https:\/\/botiguesmuseusalas.cat\/es\/exposiciones\/gaspar-camps\/\"\n\t\t\t\tid=\"sow-carousel-id-1351\"\n\t\t\t\t\t\t\t\ttabindex=\"-1\"\n\t\t\t>\n\n\t\t\t\tGaspar Camps\t\t\t<\/a>\n\t\t<\/h3>\n\t<\/div>\n\t\t<div class=\"sow-carousel-item\" tabindex=\"-1\" style=\"float: left;\">\n\t\t<div class=\"sow-carousel-thumbnail\">\n\t\t\t\t\t\t\t<a\n\t\t\t\t\thref=\"https:\/\/botiguesmuseusalas.cat\/es\/exposiciones\/del-pirineu-a-la-pampa\/\"\n\t\t\t\t\t\t\t\t\t\tstyle=\"background-image: url( https:\/\/botiguesmuseusalas.cat\/wp-content\/uploads\/2016\/07\/Cuberta-Vaixell-Pampa-1-272x182.jpg )\"\n\t\t\t\t\taria-labelledby=\"sow-carousel-id-1345\"\n\t\t\t\t\ttabindex=\"-1\"\n\t\t\t\t>\n\t\t\t\t\t<span class=\"overlay\"><\/span>\n\t\t\t\t<\/a>\n\t\t\t\t\t<\/div>\n\t\t<h3 class=\"sow-carousel-item-title\">\n\t\t\t<a\n\t\t\t\thref=\"https:\/\/botiguesmuseusalas.cat\/es\/exposiciones\/del-pirineu-a-la-pampa\/\"\n\t\t\t\tid=\"sow-carousel-id-1345\"\n\t\t\t\t\t\t\t\ttabindex=\"-1\"\n\t\t\t>\n\n\t\t\t\tDel Pirineu a La Pampa\t\t\t<\/a>\n\t\t<\/h3>\n\t<\/div>\n\t\t<div class=\"sow-carousel-item\" tabindex=\"-1\" style=\"float: left;\">\n\t\t<div class=\"sow-carousel-thumbnail\">\n\t\t\t\t\t\t\t<a\n\t\t\t\t\thref=\"https:\/\/botiguesmuseusalas.cat\/es\/exposiciones\/tot-a-mitges\/\"\n\t\t\t\t\t\t\t\t\t\tstyle=\"background-image: url( https:\/\/botiguesmuseusalas.cat\/wp-content\/uploads\/2016\/07\/fffff-1-272x182.jpg )\"\n\t\t\t\t\taria-labelledby=\"sow-carousel-id-1361\"\n\t\t\t\t\ttabindex=\"-1\"\n\t\t\t\t>\n\t\t\t\t\t<span class=\"overlay\"><\/span>\n\t\t\t\t<\/a>\n\t\t\t\t\t<\/div>\n\t\t<h3 class=\"sow-carousel-item-title\">\n\t\t\t<a\n\t\t\t\thref=\"https:\/\/botiguesmuseusalas.cat\/es\/exposiciones\/tot-a-mitges\/\"\n\t\t\t\tid=\"sow-carousel-id-1361\"\n\t\t\t\t\t\t\t\ttabindex=\"-1\"\n\t\t\t>\n\n\t\t\t\tTot a mitges\t\t\t<\/a>\n\t\t<\/h3>\n\t<\/div>\n\t\t<div class=\"sow-carousel-item\" tabindex=\"-1\" style=\"float: left;\">\n\t\t<div class=\"sow-carousel-thumbnail\">\n\t\t\t\t\t\t\t<a\n\t\t\t\t\thref=\"https:\/\/botiguesmuseusalas.cat\/es\/exposiciones\/cacadors-de-mosques\/\"\n\t\t\t\t\t\t\t\t\t\tstyle=\"background-image: url( https:\/\/botiguesmuseusalas.cat\/wp-content\/uploads\/2016\/07\/Fotos-expo-019-1-272x182.jpg )\"\n\t\t\t\t\taria-labelledby=\"sow-carousel-id-1339\"\n\t\t\t\t\ttabindex=\"-1\"\n\t\t\t\t>\n\t\t\t\t\t<span class=\"overlay\"><\/span>\n\t\t\t\t<\/a>\n\t\t\t\t\t<\/div>\n\t\t<h3 class=\"sow-carousel-item-title\">\n\t\t\t<a\n\t\t\t\thref=\"https:\/\/botiguesmuseusalas.cat\/es\/exposiciones\/cacadors-de-mosques\/\"\n\t\t\t\tid=\"sow-carousel-id-1339\"\n\t\t\t\t\t\t\t\ttabindex=\"-1\"\n\t\t\t>\n\n\t\t\t\tCa\u00e7adors de mosques\t\t\t<\/a>\n\t\t<\/h3>\n\t<\/div>\n\t\t<div class=\"sow-carousel-item\" tabindex=\"-1\" style=\"float: left;\">\n\t\t<div class=\"sow-carousel-thumbnail\">\n\t\t\t\t\t\t\t<a\n\t\t\t\t\thref=\"https:\/\/botiguesmuseusalas.cat\/es\/exposiciones\/album-gran-guerra\/\"\n\t\t\t\t\t\t\t\t\t\tstyle=\"background-image: url( https:\/\/botiguesmuseusalas.cat\/wp-content\/uploads\/2016\/07\/P1080109-272x182.jpg )\"\n\t\t\t\t\taria-labelledby=\"sow-carousel-id-1326\"\n\t\t\t\t\ttabindex=\"-1\"\n\t\t\t\t>\n\t\t\t\t\t<span class=\"overlay\"><\/span>\n\t\t\t\t<\/a>\n\t\t\t\t\t<\/div>\n\t\t<h3 class=\"sow-carousel-item-title\">\n\t\t\t<a\n\t\t\t\thref=\"https:\/\/botiguesmuseusalas.cat\/es\/exposiciones\/album-gran-guerra\/\"\n\t\t\t\tid=\"sow-carousel-id-1326\"\n\t\t\t\t\t\t\t\ttabindex=\"-1\"\n\t\t\t>\n\n\t\t\t\t\u00c1lbum de la Gran Guerra\t\t\t<\/a>\n\t\t<\/h3>\n\t<\/div>\n\t\t\t<\/div>\n\t\t\t<\/div>\n\n\t<\/div>\n\t\t<input type=\"hidden\" name=\"instance_hash\" value=\"118f0a73\"\/>\n\t<\/div>\n<\/div><\/div><\/div><\/div><\/div>","protected":false},"excerpt":{"rendered":"<p>Del 3 de mayo al 31 de diciembre de 2008 La primera exposici\u00f3n organizada y desarrollada \u00edntegramente por el CIAC dio a conocer el mundo de los calendarios murales gofrados y troquelados. A pesar de tratarse de un tema aparentemente menor, estos calendarios fueron muy populares en nuestro pa\u00eds durante los dos primeros tercios del siglo XX, y contribuyeron, quiz\u00e1s m\u00e1s que los grandes museos, a conformar la cultura visual y est\u00e9tica de las clases populares. La exposici\u00f3n re\u00fane 86 calendarios murales que, siguiendo criterios cronol\u00f3gicos y estil\u00edsticos, se presentan divididos en tres apartados: Calendarios modernistas, del Modernismo al Novecentismo y Calendarios murales de fantas\u00eda. Tambi\u00e9n se muestra una imprenta donde se explican las t\u00e9cnicas de estampaci\u00f3n, y un montaje audiovisual.<\/p>\n","protected":false},"author":7,"featured_media":1033,"parent":1319,"menu_order":0,"comment_status":"closed","ping_status":"closed","template":"","meta":{"_acf_changed":false,"footnotes":""},"class_list":["post-1348","page","type-page","status-publish","has-post-thumbnail","hentry"],"acf":[],"yoast_head":"<!-- This site is optimized with the Yoast SEO plugin v27.3 - https:\/\/yoast.com\/product\/yoast-seo-wordpress\/ -->\n<title>Fantasies troquelades - Botigues Museu de Sal\u00e0s<\/title>\n<meta name=\"description\" content=\"La primera exposici\u00f3n del CIAC dio a conocer el mundo de los calendarios murales gofrados y troquelados a trav\u00e9s de 86 calendarios murales.\" \/>\n<meta name=\"robots\" content=\"index, follow, max-snippet:-1, max-image-preview:large, max-video-preview:-1\" \/>\n<link rel=\"canonical\" href=\"https:\/\/botiguesmuseusalas.cat\/es\/exposiciones\/fantasies-troquelades\/\" \/>\n<meta property=\"og:locale\" content=\"es_ES\" \/>\n<meta property=\"og:type\" content=\"article\" \/>\n<meta property=\"og:title\" content=\"Fantasies troquelades - Botigues Museu de Sal\u00e0s\" \/>\n<meta property=\"og:description\" content=\"La primera exposici\u00f3n del CIAC dio a conocer el mundo de los calendarios murales gofrados y troquelados a trav\u00e9s de 86 calendarios murales.\" \/>\n<meta property=\"og:url\" content=\"https:\/\/botiguesmuseusalas.cat\/es\/exposiciones\/fantasies-troquelades\/\" \/>\n<meta property=\"og:site_name\" content=\"Botigues Museu de Sal\u00e0s\" \/>\n<meta property=\"article:modified_time\" content=\"2019-01-16T12:45:25+00:00\" \/>\n<meta property=\"og:image\" content=\"https:\/\/botiguesmuseusalas.cat\/wp-content\/uploads\/2016\/07\/foto-3-1.jpg\" \/>\n\t<meta property=\"og:image:width\" content=\"800\" \/>\n\t<meta property=\"og:image:height\" content=\"528\" \/>\n\t<meta property=\"og:image:type\" content=\"image\/jpeg\" \/>\n<meta name=\"twitter:card\" content=\"summary_large_image\" \/>\n<meta name=\"twitter:label1\" content=\"Tiempo de lectura\" \/>\n\t<meta name=\"twitter:data1\" content=\"1 minuto\" \/>\n<script type=\"application\/ld+json\" class=\"yoast-schema-graph\">{\"@context\":\"https:\\\/\\\/schema.org\",\"@graph\":[{\"@type\":\"WebPage\",\"@id\":\"https:\\\/\\\/botiguesmuseusalas.cat\\\/es\\\/exposiciones\\\/fantasies-troquelades\\\/\",\"url\":\"https:\\\/\\\/botiguesmuseusalas.cat\\\/es\\\/exposiciones\\\/fantasies-troquelades\\\/\",\"name\":\"Fantasies troquelades - Botigues Museu de Sal\u00e0s\",\"isPartOf\":{\"@id\":\"https:\\\/\\\/botiguesmuseusalas.cat\\\/#website\"},\"primaryImageOfPage\":{\"@id\":\"https:\\\/\\\/botiguesmuseusalas.cat\\\/es\\\/exposiciones\\\/fantasies-troquelades\\\/#primaryimage\"},\"image\":{\"@id\":\"https:\\\/\\\/botiguesmuseusalas.cat\\\/es\\\/exposiciones\\\/fantasies-troquelades\\\/#primaryimage\"},\"thumbnailUrl\":\"https:\\\/\\\/botiguesmuseusalas.cat\\\/wp-content\\\/uploads\\\/2016\\\/07\\\/foto-3-1.jpg\",\"datePublished\":\"2017-07-03T08:50:27+00:00\",\"dateModified\":\"2019-01-16T12:45:25+00:00\",\"description\":\"La primera exposici\u00f3n del CIAC dio a conocer el mundo de los calendarios murales gofrados y troquelados a trav\u00e9s de 86 calendarios murales.\",\"breadcrumb\":{\"@id\":\"https:\\\/\\\/botiguesmuseusalas.cat\\\/es\\\/exposiciones\\\/fantasies-troquelades\\\/#breadcrumb\"},\"inLanguage\":\"es\",\"potentialAction\":[{\"@type\":\"ReadAction\",\"target\":[\"https:\\\/\\\/botiguesmuseusalas.cat\\\/es\\\/exposiciones\\\/fantasies-troquelades\\\/\"]}]},{\"@type\":\"ImageObject\",\"inLanguage\":\"es\",\"@id\":\"https:\\\/\\\/botiguesmuseusalas.cat\\\/es\\\/exposiciones\\\/fantasies-troquelades\\\/#primaryimage\",\"url\":\"https:\\\/\\\/botiguesmuseusalas.cat\\\/wp-content\\\/uploads\\\/2016\\\/07\\\/foto-3-1.jpg\",\"contentUrl\":\"https:\\\/\\\/botiguesmuseusalas.cat\\\/wp-content\\\/uploads\\\/2016\\\/07\\\/foto-3-1.jpg\",\"width\":800,\"height\":528},{\"@type\":\"BreadcrumbList\",\"@id\":\"https:\\\/\\\/botiguesmuseusalas.cat\\\/es\\\/exposiciones\\\/fantasies-troquelades\\\/#breadcrumb\",\"itemListElement\":[{\"@type\":\"ListItem\",\"position\":1,\"name\":\"Inici\",\"item\":\"https:\\\/\\\/botiguesmuseusalas.cat\\\/es\\\/\"},{\"@type\":\"ListItem\",\"position\":2,\"name\":\"Exposiciones\",\"item\":\"https:\\\/\\\/botiguesmuseusalas.cat\\\/es\\\/exposiciones\\\/\"},{\"@type\":\"ListItem\",\"position\":3,\"name\":\"Fantasies troquelades\"}]},{\"@type\":\"WebSite\",\"@id\":\"https:\\\/\\\/botiguesmuseusalas.cat\\\/#website\",\"url\":\"https:\\\/\\\/botiguesmuseusalas.cat\\\/\",\"name\":\"Botigues Museu de Sal\u00e0s\",\"description\":\"Web oficial de les Botigues Museu de Sal\u00e0s de Pallars (Lleida)\",\"potentialAction\":[{\"@type\":\"SearchAction\",\"target\":{\"@type\":\"EntryPoint\",\"urlTemplate\":\"https:\\\/\\\/botiguesmuseusalas.cat\\\/?s={search_term_string}\"},\"query-input\":{\"@type\":\"PropertyValueSpecification\",\"valueRequired\":true,\"valueName\":\"search_term_string\"}}],\"inLanguage\":\"es\"}]}<\/script>\n<!-- \/ Yoast SEO plugin. -->","yoast_head_json":{"title":"Fantasies troquelades - Botigues Museu de Sal\u00e0s","description":"La primera exposici\u00f3n del CIAC dio a conocer el mundo de los calendarios murales gofrados y troquelados a trav\u00e9s de 86 calendarios murales.","robots":{"index":"index","follow":"follow","max-snippet":"max-snippet:-1","max-image-preview":"max-image-preview:large","max-video-preview":"max-video-preview:-1"},"canonical":"https:\/\/botiguesmuseusalas.cat\/es\/exposiciones\/fantasies-troquelades\/","og_locale":"es_ES","og_type":"article","og_title":"Fantasies troquelades - Botigues Museu de Sal\u00e0s","og_description":"La primera exposici\u00f3n del CIAC dio a conocer el mundo de los calendarios murales gofrados y troquelados a trav\u00e9s de 86 calendarios murales.","og_url":"https:\/\/botiguesmuseusalas.cat\/es\/exposiciones\/fantasies-troquelades\/","og_site_name":"Botigues Museu de Sal\u00e0s","article_modified_time":"2019-01-16T12:45:25+00:00","og_image":[{"width":800,"height":528,"url":"https:\/\/botiguesmuseusalas.cat\/wp-content\/uploads\/2016\/07\/foto-3-1.jpg","type":"image\/jpeg"}],"twitter_card":"summary_large_image","twitter_misc":{"Tiempo de lectura":"1 minuto"},"schema":{"@context":"https:\/\/schema.org","@graph":[{"@type":"WebPage","@id":"https:\/\/botiguesmuseusalas.cat\/es\/exposiciones\/fantasies-troquelades\/","url":"https:\/\/botiguesmuseusalas.cat\/es\/exposiciones\/fantasies-troquelades\/","name":"Fantasies troquelades - Botigues Museu de Sal\u00e0s","isPartOf":{"@id":"https:\/\/botiguesmuseusalas.cat\/#website"},"primaryImageOfPage":{"@id":"https:\/\/botiguesmuseusalas.cat\/es\/exposiciones\/fantasies-troquelades\/#primaryimage"},"image":{"@id":"https:\/\/botiguesmuseusalas.cat\/es\/exposiciones\/fantasies-troquelades\/#primaryimage"},"thumbnailUrl":"https:\/\/botiguesmuseusalas.cat\/wp-content\/uploads\/2016\/07\/foto-3-1.jpg","datePublished":"2017-07-03T08:50:27+00:00","dateModified":"2019-01-16T12:45:25+00:00","description":"La primera exposici\u00f3n del CIAC dio a conocer el mundo de los calendarios murales gofrados y troquelados a trav\u00e9s de 86 calendarios murales.","breadcrumb":{"@id":"https:\/\/botiguesmuseusalas.cat\/es\/exposiciones\/fantasies-troquelades\/#breadcrumb"},"inLanguage":"es","potentialAction":[{"@type":"ReadAction","target":["https:\/\/botiguesmuseusalas.cat\/es\/exposiciones\/fantasies-troquelades\/"]}]},{"@type":"ImageObject","inLanguage":"es","@id":"https:\/\/botiguesmuseusalas.cat\/es\/exposiciones\/fantasies-troquelades\/#primaryimage","url":"https:\/\/botiguesmuseusalas.cat\/wp-content\/uploads\/2016\/07\/foto-3-1.jpg","contentUrl":"https:\/\/botiguesmuseusalas.cat\/wp-content\/uploads\/2016\/07\/foto-3-1.jpg","width":800,"height":528},{"@type":"BreadcrumbList","@id":"https:\/\/botiguesmuseusalas.cat\/es\/exposiciones\/fantasies-troquelades\/#breadcrumb","itemListElement":[{"@type":"ListItem","position":1,"name":"Inici","item":"https:\/\/botiguesmuseusalas.cat\/es\/"},{"@type":"ListItem","position":2,"name":"Exposiciones","item":"https:\/\/botiguesmuseusalas.cat\/es\/exposiciones\/"},{"@type":"ListItem","position":3,"name":"Fantasies troquelades"}]},{"@type":"WebSite","@id":"https:\/\/botiguesmuseusalas.cat\/#website","url":"https:\/\/botiguesmuseusalas.cat\/","name":"Botigues Museu de Sal\u00e0s","description":"Web oficial de les Botigues Museu de Sal\u00e0s de Pallars (Lleida)","potentialAction":[{"@type":"SearchAction","target":{"@type":"EntryPoint","urlTemplate":"https:\/\/botiguesmuseusalas.cat\/?s={search_term_string}"},"query-input":{"@type":"PropertyValueSpecification","valueRequired":true,"valueName":"search_term_string"}}],"inLanguage":"es"}]}},"_links":{"self":[{"href":"https:\/\/botiguesmuseusalas.cat\/es\/wp-json\/wp\/v2\/pages\/1348","targetHints":{"allow":["GET"]}}],"collection":[{"href":"https:\/\/botiguesmuseusalas.cat\/es\/wp-json\/wp\/v2\/pages"}],"about":[{"href":"https:\/\/botiguesmuseusalas.cat\/es\/wp-json\/wp\/v2\/types\/page"}],"author":[{"embeddable":true,"href":"https:\/\/botiguesmuseusalas.cat\/es\/wp-json\/wp\/v2\/users\/7"}],"replies":[{"embeddable":true,"href":"https:\/\/botiguesmuseusalas.cat\/es\/wp-json\/wp\/v2\/comments?post=1348"}],"version-history":[{"count":8,"href":"https:\/\/botiguesmuseusalas.cat\/es\/wp-json\/wp\/v2\/pages\/1348\/revisions"}],"predecessor-version":[{"id":2162,"href":"https:\/\/botiguesmuseusalas.cat\/es\/wp-json\/wp\/v2\/pages\/1348\/revisions\/2162"}],"up":[{"embeddable":true,"href":"https:\/\/botiguesmuseusalas.cat\/es\/wp-json\/wp\/v2\/pages\/1319"}],"wp:featuredmedia":[{"embeddable":true,"href":"https:\/\/botiguesmuseusalas.cat\/es\/wp-json\/wp\/v2\/media\/1033"}],"wp:attachment":[{"href":"https:\/\/botiguesmuseusalas.cat\/es\/wp-json\/wp\/v2\/media?parent=1348"}],"curies":[{"name":"wp","href":"https:\/\/api.w.org\/{rel}","templated":true}]}}