{"id":1354,"date":"2017-07-03T10:50:26","date_gmt":"2017-07-03T08:50:26","guid":{"rendered":"http:\/\/botiguesmuseusalas.cat\/es\/?page_id=1354"},"modified":"2019-01-16T14:42:33","modified_gmt":"2019-01-16T12:42:33","slug":"llaunes-dabans","status":"publish","type":"page","link":"https:\/\/botiguesmuseusalas.cat\/es\/exposiciones\/llaunes-dabans\/","title":{"rendered":"Llaunes d&#8217;abans"},"content":{"rendered":"<div id=\"pl-1354\"  class=\"panel-layout\" ><div id=\"pg-1354-0\"  class=\"panel-grid panel-has-style\" ><div class=\"siteorigin-panels-stretch panel-row-style panel-row-style-for-1354-0\" data-stretch-type=\"full\" ><div id=\"pgc-1354-0-0\"  class=\"panel-grid-cell\" ><div id=\"panel-1354-0-0-0\" class=\"so-panel widget widget_iconbox-widget panel-first-child\" data-index=\"0\" ><div\n\t\t\t\n\t\t\tclass=\"so-widget-iconbox-widget so-widget-iconbox-widget-base\"\n\t\t\t\n\t\t>\n\n<div class=\"icon-box standard ibox-plain ibox-light ibox-rounded\" data-appear-animation=\"fadeIn\">\n    <div class=\"ibox-icon\" style=\"background:#1e73be;\">\n        <span class=\"sow-icon-fontawesome sow-fas\" data-sow-icon=\"&#xf06a;\"\n\t\tstyle=\"color: #ffffff\" \n\t\taria-hidden=\"true\"><\/span>    <\/div>\n    <h3>LLAUNES D&#039;ABANS<\/h3>    <p>\u00bfTe acuerdas?<\/p><\/div><\/div><\/div><div id=\"panel-1354-0-0-1\" class=\"so-panel widget widget_sow-editor\" data-index=\"1\" ><div\n\t\t\t\n\t\t\tclass=\"so-widget-sow-editor so-widget-sow-editor-base\"\n\t\t\t\n\t\t>\n<div class=\"siteorigin-widget-tinymce textwidget\">\n\t<p><strong>Del 4 de agosto al 31 de septiembre de 2007 (prorrogada hasta el 31 de diciembre)<\/strong><\/p>\n<p>Unida a la historia de la publicidad ya la generalizaci\u00f3n del consumo de determinados productos, la lata vivi\u00f3 una edad de oro en la primera mitad del siglo XX hasta que, a partir de los a\u00f1os sesenta, la progresiva utilizaci\u00f3n del pl\u00e1stico la hizo entrar en decadencia.<\/p>\n<p>Mientras tanto, las latas entraron en todas las casas y, m\u00e1s all\u00e1 de su valor funcional para conservar alimentos, se decoraron con litograf\u00edas y se convirtieron en veh\u00edculos propagand\u00edsticos de las marcas comerciales que las utilizaron para envasar sus productos. De este modo, las latas, que a menudo tambi\u00e9n se reciclaban se utilizaban para guardar todo tipo de objetos y art\u00edculos personales, pasaron a formar parte del paisaje dom\u00e9stico cotidiano. Adem\u00e1s, por sus caracter\u00edsticas, constitu\u00edan un material id\u00f3neo para la realizaci\u00f3n de carteles, as\u00ed como para la creaci\u00f3n de elementos de se\u00f1al\u00e9tica y rotulaci\u00f3n.<\/p>\n<p>La exposici\u00f3n re\u00fane m\u00e1s de 400 piezas de lata procedentes del fondo del Museu de Badalona, \u200b\u200bde las Botigues Museu de Sal\u00e0s de Pallars y de otros coleccionistas que ha colaborado. Todas las piezas fueron producidas por G. de Andreis, f\u00e1brica de origen italiano situada en Badalona -donde se conoc\u00eda como La Llauna-, que funcion\u00f3 entre 1905 y 1980, y que fue una de las principales empresas del sector , que distribu\u00eda sus productos en todo el estado espa\u00f1ol.<br \/>\nCon esta exposici\u00f3n Sal\u00e0s de Pallars inaugur\u00f3 las instalaciones del CIAC(Centre d\u2019Interpretaci\u00f3 de l\u2019Antic Comer\u00e7).<\/p>\n<\/div>\n<\/div><\/div><div id=\"panel-1354-0-0-2\" class=\"so-panel widget widget_carousel-widget panel-last-child\" data-index=\"2\" ><div\n\t\t\t\n\t\t\tclass=\"so-widget-carousel-widget so-widget-carousel-widget-base\"\n\t\t\t\n\t\t><div class=\"text-align-left\"><h3 class=\"widget-title\" >GALER\u00cdA<\/h3><\/div>\n<div class=\"carousel-container\">\n<ul class=\"owl-carousel owl-theme\" data-columns=\"1\" data-autoplay=\"5000\" data-pagination=\"no\" data-arrows=\"yes\" data-single-item=\"no\" data-items-desktop=\"1\" data-items-desktop-small=\"3\" data-items-tablet=\"2\" data-items-mobile=\"1\"  data-rtl=\"ltr\" >\n<li class=\"item\"><img decoding=\"async\" src=\"https:\/\/botiguesmuseusalas.cat\/wp-content\/uploads\/2016\/07\/Foto-2-llaunes-dabans-2.jpg\" alt=\"Image\">                <\/li><li class=\"item\"><img decoding=\"async\" src=\"https:\/\/botiguesmuseusalas.cat\/wp-content\/uploads\/2016\/07\/Foto-1-llaunes-dabans_2.jpg\" alt=\"Image\">                <\/li><li class=\"item\"><img decoding=\"async\" src=\"https:\/\/botiguesmuseusalas.cat\/wp-content\/uploads\/2016\/07\/Foto-3-llaunes-dabans-2.jpg\" alt=\"Image\">                <\/li><li class=\"item\"><img decoding=\"async\" src=\"https:\/\/botiguesmuseusalas.cat\/wp-content\/uploads\/2016\/07\/Foto-4-llaunes-dabans_2.jpg\" alt=\"Image\">                <\/li><li class=\"item\"><img decoding=\"async\" src=\"https:\/\/botiguesmuseusalas.cat\/wp-content\/uploads\/2016\/07\/Foto-5-llaunes-dabans_2.jpg\" alt=\"Image\">                <\/li><\/ul>\n<\/div><\/div><\/div><\/div><div id=\"pgc-1354-0-1\"  class=\"panel-grid-cell\" ><div id=\"panel-1354-0-1-0\" class=\"so-panel widget widget_sow-image panel-first-child panel-last-child\" data-index=\"3\" ><div\n\t\t\t\n\t\t\tclass=\"so-widget-sow-image so-widget-sow-image-default-8b5b6f678277-1354\"\n\t\t\t\n\t\t><h3 class=\"widget-title\">CARTEL<\/h3>\n<div class=\"sow-image-container\">\n\t\t<img \n\tsrc=\"https:\/\/botiguesmuseusalas.cat\/wp-content\/uploads\/2016\/07\/cartell_llaunes-abans.jpg\" width=\"185\" height=\"371\" srcset=\"https:\/\/botiguesmuseusalas.cat\/wp-content\/uploads\/2016\/07\/cartell_llaunes-abans.jpg 185w, https:\/\/botiguesmuseusalas.cat\/wp-content\/uploads\/2016\/07\/cartell_llaunes-abans-150x300.jpg 150w\" sizes=\"(max-width: 185px) 100vw, 185px\" title=\"CARTEL\" alt=\"\" \t\tclass=\"so-widget-image\"\/>\n\t<\/div>\n\n<\/div><\/div><\/div><\/div><\/div><div id=\"pg-1354-1\"  class=\"panel-grid panel-no-style\" ><div id=\"pgc-1354-1-0\"  class=\"panel-grid-cell\" ><div id=\"panel-1354-1-0-0\" class=\"so-panel widget widget_hr-widget panel-first-child panel-last-child\" data-index=\"4\" ><div\n\t\t\t\n\t\t\tclass=\"so-widget-hr-widget so-widget-hr-widget-base\"\n\t\t\t\n\t\t>\n<hr class=\"fw\" style=\"height:1px; background:; margin-top:30px; margin-bottom:30px\"><\/div><\/div><\/div><\/div><div id=\"pg-1354-2\"  class=\"panel-grid panel-no-style\" ><div id=\"pgc-1354-2-0\"  class=\"panel-grid-cell\" ><div id=\"panel-1354-2-0-0\" class=\"so-panel widget widget_sow-post-carousel panel-first-child panel-last-child\" data-index=\"5\" ><div\n\t\t\t\n\t\t\tclass=\"so-widget-sow-post-carousel so-widget-sow-post-carousel-base-ad93eedad001-1354\"\n\t\t\t\n\t\t>\t<div\n\t\tclass=\"sow-post-carousel-wrapper sow-post-carousel-theme-base\"\n\t\tstyle=\"overflow: hidden; max-width: 100%; min-height: 182px\"\n\t>\n\t\t<div class=\"sow-carousel-title has-title\">\n\t<h3 class=\"widget-title\">OTRAS EXPOSICIONES ANTERIORES<\/h3>\t\t<div class=\"sow-carousel-navigation \">\n\t\t\t\t\t\t<a href=\"#\" class=\"sow-carousel-next\" title=\"Siguiente\" aria-label=\"Entradas siguientes\" role=\"button\"><\/a>\n\t\t\t\t\t\t<a href=\"#\" class=\"sow-carousel-previous\" title=\"Anterior\" aria-label=\"Entradas anteriores\" role=\"button\"><\/a>\n\t\t\t\t\t<\/div>\n\t<\/div>\n\n<div class=\"sow-carousel-container \">\n\t\t<div class=\"sow-carousel-wrapper\"\n\t\tdata-dir=\"ltr\"\n\t\tstyle=\"opacity: 0;\"\n\t\tdata-widget=\"post\" data-fetching=\"false\" data-page=\"1\" data-ajax-url=\"https:\/\/botiguesmuseusalas.cat\/wp-admin\/admin-ajax.php?_widgets_nonce=283829d141\" data-item_count=\"6\" data-carousel_settings=\"{&quot;loop&quot;:true,&quot;animation&quot;:&quot;Ease&quot;,&quot;animation_speed&quot;:400,&quot;autoplay&quot;:&quot;&quot;,&quot;pauseOnHover&quot;:&quot;&quot;,&quot;autoplaySpeed&quot;:8000,&quot;item_overflow&quot;:true,&quot;autoplay_continuous_scroll&quot;:false}\" data-responsive=\"{&quot;desktop_slides_to_scroll&quot;:1,&quot;tablet_landscape_breakpoint&quot;:1366,&quot;tablet_landscape_slides_to_scroll&quot;:2,&quot;tablet_portrait_breakpoint&quot;:1025,&quot;tablet_portrait_slides_to_scroll&quot;:2,&quot;mobile_breakpoint&quot;:480,&quot;mobile_slides_to_scroll&quot;:1}\" data-variable_width=\"true\" \t>\n\t\t<div\n\t\t\tclass=\"sow-carousel-items\"\n\t\t\t\t\t>\n\t\t\t\t<div class=\"sow-carousel-item\" tabindex=\"-1\" style=\"float: left;\">\n\t\t<div class=\"sow-carousel-thumbnail\">\n\t\t\t\t\t\t\t<a\n\t\t\t\t\thref=\"https:\/\/botiguesmuseusalas.cat\/es\/exposiciones\/fantasies-troquelades\/\"\n\t\t\t\t\t\t\t\t\t\tstyle=\"background-image: url( https:\/\/botiguesmuseusalas.cat\/wp-content\/uploads\/2016\/07\/foto-3-1-272x182.jpg )\"\n\t\t\t\t\taria-labelledby=\"sow-carousel-id-1348\"\n\t\t\t\t\ttabindex=\"-1\"\n\t\t\t\t>\n\t\t\t\t\t<span class=\"overlay\"><\/span>\n\t\t\t\t<\/a>\n\t\t\t\t\t<\/div>\n\t\t<h3 class=\"sow-carousel-item-title\">\n\t\t\t<a\n\t\t\t\thref=\"https:\/\/botiguesmuseusalas.cat\/es\/exposiciones\/fantasies-troquelades\/\"\n\t\t\t\tid=\"sow-carousel-id-1348\"\n\t\t\t\t\t\t\t\ttabindex=\"-1\"\n\t\t\t>\n\n\t\t\t\tFantasies troquelades\t\t\t<\/a>\n\t\t<\/h3>\n\t<\/div>\n\t\t<div class=\"sow-carousel-item\" tabindex=\"-1\" style=\"float: left;\">\n\t\t<div class=\"sow-carousel-thumbnail\">\n\t\t\t\t\t\t\t<a\n\t\t\t\t\thref=\"https:\/\/botiguesmuseusalas.cat\/es\/exposiciones\/gaspar-camps\/\"\n\t\t\t\t\t\t\t\t\t\tstyle=\"background-image: url( https:\/\/botiguesmuseusalas.cat\/wp-content\/uploads\/2016\/07\/Expo-Camps-2-2-1-272x182.jpg )\"\n\t\t\t\t\taria-labelledby=\"sow-carousel-id-1351\"\n\t\t\t\t\ttabindex=\"-1\"\n\t\t\t\t>\n\t\t\t\t\t<span class=\"overlay\"><\/span>\n\t\t\t\t<\/a>\n\t\t\t\t\t<\/div>\n\t\t<h3 class=\"sow-carousel-item-title\">\n\t\t\t<a\n\t\t\t\thref=\"https:\/\/botiguesmuseusalas.cat\/es\/exposiciones\/gaspar-camps\/\"\n\t\t\t\tid=\"sow-carousel-id-1351\"\n\t\t\t\t\t\t\t\ttabindex=\"-1\"\n\t\t\t>\n\n\t\t\t\tGaspar Camps\t\t\t<\/a>\n\t\t<\/h3>\n\t<\/div>\n\t\t<div class=\"sow-carousel-item\" tabindex=\"-1\" style=\"float: left;\">\n\t\t<div class=\"sow-carousel-thumbnail\">\n\t\t\t\t\t\t\t<a\n\t\t\t\t\thref=\"https:\/\/botiguesmuseusalas.cat\/es\/exposiciones\/del-pirineu-a-la-pampa\/\"\n\t\t\t\t\t\t\t\t\t\tstyle=\"background-image: url( https:\/\/botiguesmuseusalas.cat\/wp-content\/uploads\/2016\/07\/Cuberta-Vaixell-Pampa-1-272x182.jpg )\"\n\t\t\t\t\taria-labelledby=\"sow-carousel-id-1345\"\n\t\t\t\t\ttabindex=\"-1\"\n\t\t\t\t>\n\t\t\t\t\t<span class=\"overlay\"><\/span>\n\t\t\t\t<\/a>\n\t\t\t\t\t<\/div>\n\t\t<h3 class=\"sow-carousel-item-title\">\n\t\t\t<a\n\t\t\t\thref=\"https:\/\/botiguesmuseusalas.cat\/es\/exposiciones\/del-pirineu-a-la-pampa\/\"\n\t\t\t\tid=\"sow-carousel-id-1345\"\n\t\t\t\t\t\t\t\ttabindex=\"-1\"\n\t\t\t>\n\n\t\t\t\tDel Pirineu a La Pampa\t\t\t<\/a>\n\t\t<\/h3>\n\t<\/div>\n\t\t<div class=\"sow-carousel-item\" tabindex=\"-1\" style=\"float: left;\">\n\t\t<div class=\"sow-carousel-thumbnail\">\n\t\t\t\t\t\t\t<a\n\t\t\t\t\thref=\"https:\/\/botiguesmuseusalas.cat\/es\/exposiciones\/tot-a-mitges\/\"\n\t\t\t\t\t\t\t\t\t\tstyle=\"background-image: url( https:\/\/botiguesmuseusalas.cat\/wp-content\/uploads\/2016\/07\/fffff-1-272x182.jpg )\"\n\t\t\t\t\taria-labelledby=\"sow-carousel-id-1361\"\n\t\t\t\t\ttabindex=\"-1\"\n\t\t\t\t>\n\t\t\t\t\t<span class=\"overlay\"><\/span>\n\t\t\t\t<\/a>\n\t\t\t\t\t<\/div>\n\t\t<h3 class=\"sow-carousel-item-title\">\n\t\t\t<a\n\t\t\t\thref=\"https:\/\/botiguesmuseusalas.cat\/es\/exposiciones\/tot-a-mitges\/\"\n\t\t\t\tid=\"sow-carousel-id-1361\"\n\t\t\t\t\t\t\t\ttabindex=\"-1\"\n\t\t\t>\n\n\t\t\t\tTot a mitges\t\t\t<\/a>\n\t\t<\/h3>\n\t<\/div>\n\t\t<div class=\"sow-carousel-item\" tabindex=\"-1\" style=\"float: left;\">\n\t\t<div class=\"sow-carousel-thumbnail\">\n\t\t\t\t\t\t\t<a\n\t\t\t\t\thref=\"https:\/\/botiguesmuseusalas.cat\/es\/exposiciones\/cacadors-de-mosques\/\"\n\t\t\t\t\t\t\t\t\t\tstyle=\"background-image: url( https:\/\/botiguesmuseusalas.cat\/wp-content\/uploads\/2016\/07\/Fotos-expo-019-1-272x182.jpg )\"\n\t\t\t\t\taria-labelledby=\"sow-carousel-id-1339\"\n\t\t\t\t\ttabindex=\"-1\"\n\t\t\t\t>\n\t\t\t\t\t<span class=\"overlay\"><\/span>\n\t\t\t\t<\/a>\n\t\t\t\t\t<\/div>\n\t\t<h3 class=\"sow-carousel-item-title\">\n\t\t\t<a\n\t\t\t\thref=\"https:\/\/botiguesmuseusalas.cat\/es\/exposiciones\/cacadors-de-mosques\/\"\n\t\t\t\tid=\"sow-carousel-id-1339\"\n\t\t\t\t\t\t\t\ttabindex=\"-1\"\n\t\t\t>\n\n\t\t\t\tCa\u00e7adors de mosques\t\t\t<\/a>\n\t\t<\/h3>\n\t<\/div>\n\t\t<div class=\"sow-carousel-item\" tabindex=\"-1\" style=\"float: left;\">\n\t\t<div class=\"sow-carousel-thumbnail\">\n\t\t\t\t\t\t\t<a\n\t\t\t\t\thref=\"https:\/\/botiguesmuseusalas.cat\/es\/exposiciones\/album-gran-guerra\/\"\n\t\t\t\t\t\t\t\t\t\tstyle=\"background-image: url( https:\/\/botiguesmuseusalas.cat\/wp-content\/uploads\/2016\/07\/P1080109-272x182.jpg )\"\n\t\t\t\t\taria-labelledby=\"sow-carousel-id-1326\"\n\t\t\t\t\ttabindex=\"-1\"\n\t\t\t\t>\n\t\t\t\t\t<span class=\"overlay\"><\/span>\n\t\t\t\t<\/a>\n\t\t\t\t\t<\/div>\n\t\t<h3 class=\"sow-carousel-item-title\">\n\t\t\t<a\n\t\t\t\thref=\"https:\/\/botiguesmuseusalas.cat\/es\/exposiciones\/album-gran-guerra\/\"\n\t\t\t\tid=\"sow-carousel-id-1326\"\n\t\t\t\t\t\t\t\ttabindex=\"-1\"\n\t\t\t>\n\n\t\t\t\t\u00c1lbum de la Gran Guerra\t\t\t<\/a>\n\t\t<\/h3>\n\t<\/div>\n\t\t\t<\/div>\n\t\t\t<\/div>\n\n\t<\/div>\n\t\t<input type=\"hidden\" name=\"instance_hash\" value=\"bbbfc487\"\/>\n\t<\/div>\n<\/div><\/div><\/div><\/div><\/div>","protected":false},"excerpt":{"rendered":"<p>Del 4 de agosto al 31 de septiembre de 2007 (prorrogada hasta el 31 de diciembre) Unida a la historia de la publicidad ya la generalizaci\u00f3n del consumo de determinados productos, la lata vivi\u00f3 una edad de oro en la primera mitad del siglo XX hasta que, a partir de los a\u00f1os sesenta, la progresiva utilizaci\u00f3n del pl\u00e1stico la hizo entrar en decadencia. Mientras tanto, las latas entraron en todas las casas y, m\u00e1s all\u00e1 de su valor funcional para conservar alimentos, se decoraron con litograf\u00edas y se convirtieron en veh\u00edculos propagand\u00edsticos de las marcas comerciales que las utilizaron para envasar sus productos. De este modo, las latas, que a menudo tambi\u00e9n se reciclaban se utilizaban para guardar todo tipo de objetos y art\u00edculos personales, pasaron a formar parte del paisaje dom\u00e9stico cotidiano. Adem\u00e1s, por sus caracter\u00edsticas, constitu\u00edan un material id\u00f3neo para la realizaci\u00f3n de carteles, as\u00ed como para la creaci\u00f3n de elementos de se\u00f1al\u00e9tica y rotulaci\u00f3n. La exposici\u00f3n re\u00fane m\u00e1s de 400 piezas de lata procedentes del fondo del Museu de Badalona, \u200b\u200bde las Botigues Museu de Sal\u00e0s de Pallars y de otros coleccionistas que ha colaborado. Todas las piezas fueron producidas por G. de Andreis, f\u00e1brica de origen italiano situada en Badalona -donde se conoc\u00eda como La Llauna-, que funcion\u00f3 entre 1905 y 1980, y que fue una de las principales empresas del sector , que distribu\u00eda sus productos en todo el estado espa\u00f1ol. Con esta exposici\u00f3n Sal\u00e0s de Pallars inaugur\u00f3 las instalaciones del CIAC(Centre d\u2019Interpretaci\u00f3 de l\u2019Antic Comer\u00e7).<\/p>\n","protected":false},"author":7,"featured_media":1048,"parent":1319,"menu_order":0,"comment_status":"closed","ping_status":"closed","template":"","meta":{"_acf_changed":false,"footnotes":""},"class_list":["post-1354","page","type-page","status-publish","has-post-thumbnail","hentry"],"acf":[],"yoast_head":"<!-- This site is optimized with the Yoast SEO plugin v27.3 - https:\/\/yoast.com\/product\/yoast-seo-wordpress\/ -->\n<title>Llaunes d&#039;abans - Botigues Museu de Sal\u00e0s<\/title>\n<meta name=\"description\" content=\"La exposici\u00f3n re\u00fane m\u00e1s de 400 piezas de lata producidas por G. de Andreis, f\u00e1brica de origen italiano situada en Badalona.\" \/>\n<meta name=\"robots\" content=\"index, follow, max-snippet:-1, max-image-preview:large, max-video-preview:-1\" \/>\n<link rel=\"canonical\" href=\"https:\/\/botiguesmuseusalas.cat\/es\/exposiciones\/llaunes-dabans\/\" \/>\n<meta property=\"og:locale\" content=\"es_ES\" \/>\n<meta property=\"og:type\" content=\"article\" \/>\n<meta property=\"og:title\" content=\"Llaunes d&#039;abans - Botigues Museu de Sal\u00e0s\" \/>\n<meta property=\"og:description\" content=\"La exposici\u00f3n re\u00fane m\u00e1s de 400 piezas de lata producidas por G. de Andreis, f\u00e1brica de origen italiano situada en Badalona.\" \/>\n<meta property=\"og:url\" content=\"https:\/\/botiguesmuseusalas.cat\/es\/exposiciones\/llaunes-dabans\/\" \/>\n<meta property=\"og:site_name\" content=\"Botigues Museu de Sal\u00e0s\" \/>\n<meta property=\"article:modified_time\" content=\"2019-01-16T12:42:33+00:00\" \/>\n<meta property=\"og:image\" content=\"https:\/\/botiguesmuseusalas.cat\/wp-content\/uploads\/2016\/07\/Foto-2-llaunes-dabans.jpg\" \/>\n\t<meta property=\"og:image:width\" content=\"800\" \/>\n\t<meta property=\"og:image:height\" content=\"492\" \/>\n\t<meta property=\"og:image:type\" content=\"image\/jpeg\" \/>\n<meta name=\"twitter:card\" content=\"summary_large_image\" \/>\n<meta name=\"twitter:label1\" content=\"Tiempo de lectura\" \/>\n\t<meta name=\"twitter:data1\" content=\"2 minutos\" \/>\n<script type=\"application\/ld+json\" class=\"yoast-schema-graph\">{\"@context\":\"https:\\\/\\\/schema.org\",\"@graph\":[{\"@type\":\"WebPage\",\"@id\":\"https:\\\/\\\/botiguesmuseusalas.cat\\\/es\\\/exposiciones\\\/llaunes-dabans\\\/\",\"url\":\"https:\\\/\\\/botiguesmuseusalas.cat\\\/es\\\/exposiciones\\\/llaunes-dabans\\\/\",\"name\":\"Llaunes d'abans - Botigues Museu de Sal\u00e0s\",\"isPartOf\":{\"@id\":\"https:\\\/\\\/botiguesmuseusalas.cat\\\/#website\"},\"primaryImageOfPage\":{\"@id\":\"https:\\\/\\\/botiguesmuseusalas.cat\\\/es\\\/exposiciones\\\/llaunes-dabans\\\/#primaryimage\"},\"image\":{\"@id\":\"https:\\\/\\\/botiguesmuseusalas.cat\\\/es\\\/exposiciones\\\/llaunes-dabans\\\/#primaryimage\"},\"thumbnailUrl\":\"https:\\\/\\\/botiguesmuseusalas.cat\\\/wp-content\\\/uploads\\\/2016\\\/07\\\/Foto-2-llaunes-dabans.jpg\",\"datePublished\":\"2017-07-03T08:50:26+00:00\",\"dateModified\":\"2019-01-16T12:42:33+00:00\",\"description\":\"La exposici\u00f3n re\u00fane m\u00e1s de 400 piezas de lata producidas por G. de Andreis, f\u00e1brica de origen italiano situada en Badalona.\",\"breadcrumb\":{\"@id\":\"https:\\\/\\\/botiguesmuseusalas.cat\\\/es\\\/exposiciones\\\/llaunes-dabans\\\/#breadcrumb\"},\"inLanguage\":\"es\",\"potentialAction\":[{\"@type\":\"ReadAction\",\"target\":[\"https:\\\/\\\/botiguesmuseusalas.cat\\\/es\\\/exposiciones\\\/llaunes-dabans\\\/\"]}]},{\"@type\":\"ImageObject\",\"inLanguage\":\"es\",\"@id\":\"https:\\\/\\\/botiguesmuseusalas.cat\\\/es\\\/exposiciones\\\/llaunes-dabans\\\/#primaryimage\",\"url\":\"https:\\\/\\\/botiguesmuseusalas.cat\\\/wp-content\\\/uploads\\\/2016\\\/07\\\/Foto-2-llaunes-dabans.jpg\",\"contentUrl\":\"https:\\\/\\\/botiguesmuseusalas.cat\\\/wp-content\\\/uploads\\\/2016\\\/07\\\/Foto-2-llaunes-dabans.jpg\",\"width\":800,\"height\":492},{\"@type\":\"BreadcrumbList\",\"@id\":\"https:\\\/\\\/botiguesmuseusalas.cat\\\/es\\\/exposiciones\\\/llaunes-dabans\\\/#breadcrumb\",\"itemListElement\":[{\"@type\":\"ListItem\",\"position\":1,\"name\":\"Inici\",\"item\":\"https:\\\/\\\/botiguesmuseusalas.cat\\\/es\\\/\"},{\"@type\":\"ListItem\",\"position\":2,\"name\":\"Exposiciones\",\"item\":\"https:\\\/\\\/botiguesmuseusalas.cat\\\/es\\\/exposiciones\\\/\"},{\"@type\":\"ListItem\",\"position\":3,\"name\":\"Llaunes d&#8217;abans\"}]},{\"@type\":\"WebSite\",\"@id\":\"https:\\\/\\\/botiguesmuseusalas.cat\\\/#website\",\"url\":\"https:\\\/\\\/botiguesmuseusalas.cat\\\/\",\"name\":\"Botigues Museu de Sal\u00e0s\",\"description\":\"Web oficial de les Botigues Museu de Sal\u00e0s de Pallars (Lleida)\",\"potentialAction\":[{\"@type\":\"SearchAction\",\"target\":{\"@type\":\"EntryPoint\",\"urlTemplate\":\"https:\\\/\\\/botiguesmuseusalas.cat\\\/?s={search_term_string}\"},\"query-input\":{\"@type\":\"PropertyValueSpecification\",\"valueRequired\":true,\"valueName\":\"search_term_string\"}}],\"inLanguage\":\"es\"}]}<\/script>\n<!-- \/ Yoast SEO plugin. -->","yoast_head_json":{"title":"Llaunes d'abans - Botigues Museu de Sal\u00e0s","description":"La exposici\u00f3n re\u00fane m\u00e1s de 400 piezas de lata producidas por G. de Andreis, f\u00e1brica de origen italiano situada en Badalona.","robots":{"index":"index","follow":"follow","max-snippet":"max-snippet:-1","max-image-preview":"max-image-preview:large","max-video-preview":"max-video-preview:-1"},"canonical":"https:\/\/botiguesmuseusalas.cat\/es\/exposiciones\/llaunes-dabans\/","og_locale":"es_ES","og_type":"article","og_title":"Llaunes d'abans - Botigues Museu de Sal\u00e0s","og_description":"La exposici\u00f3n re\u00fane m\u00e1s de 400 piezas de lata producidas por G. de Andreis, f\u00e1brica de origen italiano situada en Badalona.","og_url":"https:\/\/botiguesmuseusalas.cat\/es\/exposiciones\/llaunes-dabans\/","og_site_name":"Botigues Museu de Sal\u00e0s","article_modified_time":"2019-01-16T12:42:33+00:00","og_image":[{"width":800,"height":492,"url":"https:\/\/botiguesmuseusalas.cat\/wp-content\/uploads\/2016\/07\/Foto-2-llaunes-dabans.jpg","type":"image\/jpeg"}],"twitter_card":"summary_large_image","twitter_misc":{"Tiempo de lectura":"2 minutos"},"schema":{"@context":"https:\/\/schema.org","@graph":[{"@type":"WebPage","@id":"https:\/\/botiguesmuseusalas.cat\/es\/exposiciones\/llaunes-dabans\/","url":"https:\/\/botiguesmuseusalas.cat\/es\/exposiciones\/llaunes-dabans\/","name":"Llaunes d'abans - Botigues Museu de Sal\u00e0s","isPartOf":{"@id":"https:\/\/botiguesmuseusalas.cat\/#website"},"primaryImageOfPage":{"@id":"https:\/\/botiguesmuseusalas.cat\/es\/exposiciones\/llaunes-dabans\/#primaryimage"},"image":{"@id":"https:\/\/botiguesmuseusalas.cat\/es\/exposiciones\/llaunes-dabans\/#primaryimage"},"thumbnailUrl":"https:\/\/botiguesmuseusalas.cat\/wp-content\/uploads\/2016\/07\/Foto-2-llaunes-dabans.jpg","datePublished":"2017-07-03T08:50:26+00:00","dateModified":"2019-01-16T12:42:33+00:00","description":"La exposici\u00f3n re\u00fane m\u00e1s de 400 piezas de lata producidas por G. de Andreis, f\u00e1brica de origen italiano situada en Badalona.","breadcrumb":{"@id":"https:\/\/botiguesmuseusalas.cat\/es\/exposiciones\/llaunes-dabans\/#breadcrumb"},"inLanguage":"es","potentialAction":[{"@type":"ReadAction","target":["https:\/\/botiguesmuseusalas.cat\/es\/exposiciones\/llaunes-dabans\/"]}]},{"@type":"ImageObject","inLanguage":"es","@id":"https:\/\/botiguesmuseusalas.cat\/es\/exposiciones\/llaunes-dabans\/#primaryimage","url":"https:\/\/botiguesmuseusalas.cat\/wp-content\/uploads\/2016\/07\/Foto-2-llaunes-dabans.jpg","contentUrl":"https:\/\/botiguesmuseusalas.cat\/wp-content\/uploads\/2016\/07\/Foto-2-llaunes-dabans.jpg","width":800,"height":492},{"@type":"BreadcrumbList","@id":"https:\/\/botiguesmuseusalas.cat\/es\/exposiciones\/llaunes-dabans\/#breadcrumb","itemListElement":[{"@type":"ListItem","position":1,"name":"Inici","item":"https:\/\/botiguesmuseusalas.cat\/es\/"},{"@type":"ListItem","position":2,"name":"Exposiciones","item":"https:\/\/botiguesmuseusalas.cat\/es\/exposiciones\/"},{"@type":"ListItem","position":3,"name":"Llaunes d&#8217;abans"}]},{"@type":"WebSite","@id":"https:\/\/botiguesmuseusalas.cat\/#website","url":"https:\/\/botiguesmuseusalas.cat\/","name":"Botigues Museu de Sal\u00e0s","description":"Web oficial de les Botigues Museu de Sal\u00e0s de Pallars (Lleida)","potentialAction":[{"@type":"SearchAction","target":{"@type":"EntryPoint","urlTemplate":"https:\/\/botiguesmuseusalas.cat\/?s={search_term_string}"},"query-input":{"@type":"PropertyValueSpecification","valueRequired":true,"valueName":"search_term_string"}}],"inLanguage":"es"}]}},"_links":{"self":[{"href":"https:\/\/botiguesmuseusalas.cat\/es\/wp-json\/wp\/v2\/pages\/1354","targetHints":{"allow":["GET"]}}],"collection":[{"href":"https:\/\/botiguesmuseusalas.cat\/es\/wp-json\/wp\/v2\/pages"}],"about":[{"href":"https:\/\/botiguesmuseusalas.cat\/es\/wp-json\/wp\/v2\/types\/page"}],"author":[{"embeddable":true,"href":"https:\/\/botiguesmuseusalas.cat\/es\/wp-json\/wp\/v2\/users\/7"}],"replies":[{"embeddable":true,"href":"https:\/\/botiguesmuseusalas.cat\/es\/wp-json\/wp\/v2\/comments?post=1354"}],"version-history":[{"count":9,"href":"https:\/\/botiguesmuseusalas.cat\/es\/wp-json\/wp\/v2\/pages\/1354\/revisions"}],"predecessor-version":[{"id":2157,"href":"https:\/\/botiguesmuseusalas.cat\/es\/wp-json\/wp\/v2\/pages\/1354\/revisions\/2157"}],"up":[{"embeddable":true,"href":"https:\/\/botiguesmuseusalas.cat\/es\/wp-json\/wp\/v2\/pages\/1319"}],"wp:featuredmedia":[{"embeddable":true,"href":"https:\/\/botiguesmuseusalas.cat\/es\/wp-json\/wp\/v2\/media\/1048"}],"wp:attachment":[{"href":"https:\/\/botiguesmuseusalas.cat\/es\/wp-json\/wp\/v2\/media?parent=1354"}],"curies":[{"name":"wp","href":"https:\/\/api.w.org\/{rel}","templated":true}]}}