{"id":1361,"date":"2017-07-03T10:50:26","date_gmt":"2017-07-03T08:50:26","guid":{"rendered":"http:\/\/botiguesmuseusalas.cat\/?page_id=1361"},"modified":"2019-01-16T17:29:33","modified_gmt":"2019-01-16T15:29:33","slug":"tot-a-mitges","status":"publish","type":"page","link":"https:\/\/botiguesmuseusalas.cat\/es\/exposiciones\/tot-a-mitges\/","title":{"rendered":"Tot a mitges"},"content":{"rendered":"<div id=\"pl-1361\"  class=\"panel-layout\" ><div id=\"pg-1361-0\"  class=\"panel-grid panel-has-style\" ><div class=\"siteorigin-panels-stretch panel-row-style panel-row-style-for-1361-0\" data-stretch-type=\"full\" ><div id=\"pgc-1361-0-0\"  class=\"panel-grid-cell\" ><div id=\"panel-1361-0-0-0\" class=\"so-panel widget widget_iconbox-widget panel-first-child\" data-index=\"0\" ><div\n\t\t\t\n\t\t\tclass=\"so-widget-iconbox-widget so-widget-iconbox-widget-base\"\n\t\t\t\n\t\t>\n\n<div class=\"icon-box standard ibox-plain ibox-light ibox-rounded\" data-appear-animation=\"fadeIn\">\n    <div class=\"ibox-icon\" style=\"background:#1e73be;\">\n        <span class=\"sow-icon-fontawesome sow-fas\" data-sow-icon=\"&#xf06a;\"\n\t\tstyle=\"color: #ffffff\" \n\t\taria-hidden=\"true\"><\/span>    <\/div>\n    <h3>TOT A MITGES<\/h3>    <p>Evoluci\u00f3n de las medias femeninas<\/p><\/div><\/div><\/div><div id=\"panel-1361-0-0-1\" class=\"so-panel widget widget_sow-editor\" data-index=\"1\" ><div\n\t\t\t\n\t\t\tclass=\"so-widget-sow-editor so-widget-sow-editor-base\"\n\t\t\t\n\t\t>\n<div class=\"siteorigin-widget-tinymce textwidget\">\n\t<p><strong>Del 15 de junio de 2013 al 30 de abril de 2014<\/strong><\/p>\n<p>La visibilidad de las medias est\u00e1 \u00edntimamente ligada al proceso de acortamiento de las faldas. A lo largo de sesenta a\u00f1os (1909-1969) las piernas, envueltas en finas medias de seda, algod\u00f3n o nylon, surgir\u00e1n progresivamente de la clandestinidad para mostrarse en plena libertad. La misma libertad que las mujeres del mundo occidental alcanzar\u00e1n a lo largo del siglo XX.<\/p>\n<p>La exposici\u00f3n \u201cTot a mitges\u201d muestra este proceso de liberaci\u00f3n a partir de una colecci\u00f3n de cajas de medias. En base a las ilustraciones de estas cajas observamos una larga secuencia cronol\u00f3gica que va desde la \u00e9poca en que los pies y las piernas de las mujeres restaron escondidas por largas faldas, hasta la aparici\u00f3n de la minifalda los a\u00f1os 60. Durante este per\u00edodo asistimos, durante los a\u00f1os 20, a la lenta ascensi\u00f3n de las faldas, a la revoluci\u00f3n del nylon los a\u00f1os 30, al estraperlo ya las dificultades de adquirir las \"medias de cristal\" durante la Espa\u00f1a de la posguerra y, finalmente, a la modernizaci\u00f3n del pa\u00eds con las \"Marie Claire, Marie Claire, un panty para cada mujer...\".<\/p>\n<\/div>\n<\/div><\/div><div id=\"panel-1361-0-0-2\" class=\"so-panel widget widget_carousel-widget panel-last-child\" data-index=\"2\" ><div\n\t\t\t\n\t\t\tclass=\"so-widget-carousel-widget so-widget-carousel-widget-base\"\n\t\t\t\n\t\t><div class=\"text-align-left\"><h3 class=\"widget-title\" >GALER\u00cdA<\/h3><\/div>\n<div class=\"carousel-container\">\n<ul class=\"owl-carousel owl-theme\" data-columns=\"1\" data-autoplay=\"5000\" data-pagination=\"no\" data-arrows=\"yes\" data-single-item=\"no\" data-items-desktop=\"1\" data-items-desktop-small=\"3\" data-items-tablet=\"2\" data-items-mobile=\"1\"  data-rtl=\"ltr\" >\n<li class=\"item\"><img decoding=\"async\" src=\"https:\/\/botiguesmuseusalas.cat\/wp-content\/uploads\/2016\/07\/fffff-1.jpg\" alt=\"Image\">                <\/li><li class=\"item\"><img decoding=\"async\" src=\"https:\/\/botiguesmuseusalas.cat\/wp-content\/uploads\/2016\/07\/CF022757_02.jpg\" alt=\"Image\">                <\/li><li class=\"item\"><img decoding=\"async\" src=\"https:\/\/botiguesmuseusalas.cat\/wp-content\/uploads\/2016\/07\/Foto31.jpg\" alt=\"Image\">                <\/li><\/ul>\n<\/div><\/div><\/div><\/div><div id=\"pgc-1361-0-1\"  class=\"panel-grid-cell\" ><div id=\"panel-1361-0-1-0\" class=\"so-panel widget widget_sow-image panel-first-child panel-last-child\" data-index=\"3\" ><div\n\t\t\t\n\t\t\tclass=\"so-widget-sow-image so-widget-sow-image-default-8b5b6f678277-1361\"\n\t\t\t\n\t\t><h3 class=\"widget-title\">CARTEL<\/h3>\n<div class=\"sow-image-container\">\n\t\t<img \n\tsrc=\"https:\/\/botiguesmuseusalas.cat\/wp-content\/uploads\/2016\/07\/Cartell-Tot-a-mitges.jpg\" width=\"489\" height=\"971\" srcset=\"https:\/\/botiguesmuseusalas.cat\/wp-content\/uploads\/2016\/07\/Cartell-Tot-a-mitges.jpg 489w, https:\/\/botiguesmuseusalas.cat\/wp-content\/uploads\/2016\/07\/Cartell-Tot-a-mitges-151x300.jpg 151w\" sizes=\"(max-width: 489px) 100vw, 489px\" title=\"CARTEL\" alt=\"\" \t\tclass=\"so-widget-image\"\/>\n\t<\/div>\n\n<\/div><\/div><\/div><\/div><\/div><div id=\"pg-1361-1\"  class=\"panel-grid panel-no-style\" ><div id=\"pgc-1361-1-0\"  class=\"panel-grid-cell\" ><div id=\"panel-1361-1-0-0\" class=\"so-panel widget widget_hr-widget panel-first-child panel-last-child\" data-index=\"4\" ><div\n\t\t\t\n\t\t\tclass=\"so-widget-hr-widget so-widget-hr-widget-base\"\n\t\t\t\n\t\t>\n<hr class=\"fw\" style=\"height:1px; background:; margin-top:30px; margin-bottom:30px\"><\/div><\/div><\/div><\/div><div id=\"pg-1361-2\"  class=\"panel-grid panel-no-style\" ><div id=\"pgc-1361-2-0\"  class=\"panel-grid-cell\" ><div id=\"panel-1361-2-0-0\" class=\"so-panel widget widget_sow-post-carousel panel-first-child panel-last-child\" data-index=\"5\" ><div\n\t\t\t\n\t\t\tclass=\"so-widget-sow-post-carousel so-widget-sow-post-carousel-base-ad93eedad001-1361\"\n\t\t\t\n\t\t>\t<div\n\t\tclass=\"sow-post-carousel-wrapper sow-post-carousel-theme-base\"\n\t\tstyle=\"overflow: hidden; max-width: 100%; min-height: 182px\"\n\t>\n\t\t<div class=\"sow-carousel-title has-title\">\n\t<h3 class=\"widget-title\">OTRAS EXPOSICIONES ANTERIORES<\/h3>\t\t<div class=\"sow-carousel-navigation \">\n\t\t\t\t\t\t<a href=\"#\" class=\"sow-carousel-next\" title=\"Siguiente\" aria-label=\"Entradas siguientes\" role=\"button\"><\/a>\n\t\t\t\t\t\t<a href=\"#\" class=\"sow-carousel-previous\" title=\"Anterior\" aria-label=\"Entradas anteriores\" role=\"button\"><\/a>\n\t\t\t\t\t<\/div>\n\t<\/div>\n\n<div class=\"sow-carousel-container \">\n\t\t<div class=\"sow-carousel-wrapper\"\n\t\tdata-dir=\"ltr\"\n\t\tstyle=\"opacity: 0;\"\n\t\tdata-widget=\"post\" data-fetching=\"false\" data-page=\"1\" data-ajax-url=\"https:\/\/botiguesmuseusalas.cat\/wp-admin\/admin-ajax.php?_widgets_nonce=90c04d6f64\" data-item_count=\"6\" data-carousel_settings=\"{&quot;loop&quot;:true,&quot;animation&quot;:&quot;Ease&quot;,&quot;animation_speed&quot;:400,&quot;autoplay&quot;:&quot;&quot;,&quot;pauseOnHover&quot;:&quot;&quot;,&quot;autoplaySpeed&quot;:8000,&quot;item_overflow&quot;:true,&quot;autoplay_continuous_scroll&quot;:false}\" data-responsive=\"{&quot;desktop_slides_to_scroll&quot;:1,&quot;tablet_landscape_breakpoint&quot;:1366,&quot;tablet_landscape_slides_to_scroll&quot;:2,&quot;tablet_portrait_breakpoint&quot;:1025,&quot;tablet_portrait_slides_to_scroll&quot;:2,&quot;mobile_breakpoint&quot;:480,&quot;mobile_slides_to_scroll&quot;:1}\" data-variable_width=\"true\" \t>\n\t\t<div\n\t\t\tclass=\"sow-carousel-items\"\n\t\t\t\t\t>\n\t\t\t\t<div class=\"sow-carousel-item\" tabindex=\"-1\" style=\"float: left;\">\n\t\t<div class=\"sow-carousel-thumbnail\">\n\t\t\t\t\t\t\t<a\n\t\t\t\t\thref=\"https:\/\/botiguesmuseusalas.cat\/es\/exposiciones\/llaunes-dabans\/\"\n\t\t\t\t\t\t\t\t\t\tstyle=\"background-image: url( https:\/\/botiguesmuseusalas.cat\/wp-content\/uploads\/2016\/07\/Foto-2-llaunes-dabans-272x182.jpg )\"\n\t\t\t\t\taria-labelledby=\"sow-carousel-id-1354\"\n\t\t\t\t\ttabindex=\"-1\"\n\t\t\t\t>\n\t\t\t\t\t<span class=\"overlay\"><\/span>\n\t\t\t\t<\/a>\n\t\t\t\t\t<\/div>\n\t\t<h3 class=\"sow-carousel-item-title\">\n\t\t\t<a\n\t\t\t\thref=\"https:\/\/botiguesmuseusalas.cat\/es\/exposiciones\/llaunes-dabans\/\"\n\t\t\t\tid=\"sow-carousel-id-1354\"\n\t\t\t\t\t\t\t\ttabindex=\"-1\"\n\t\t\t>\n\n\t\t\t\tLlaunes d&#8217;abans\t\t\t<\/a>\n\t\t<\/h3>\n\t<\/div>\n\t\t<div class=\"sow-carousel-item\" tabindex=\"-1\" style=\"float: left;\">\n\t\t<div class=\"sow-carousel-thumbnail\">\n\t\t\t\t\t\t\t<a\n\t\t\t\t\thref=\"https:\/\/botiguesmuseusalas.cat\/es\/exposiciones\/fantasies-troquelades\/\"\n\t\t\t\t\t\t\t\t\t\tstyle=\"background-image: url( https:\/\/botiguesmuseusalas.cat\/wp-content\/uploads\/2016\/07\/foto-3-1-272x182.jpg )\"\n\t\t\t\t\taria-labelledby=\"sow-carousel-id-1348\"\n\t\t\t\t\ttabindex=\"-1\"\n\t\t\t\t>\n\t\t\t\t\t<span class=\"overlay\"><\/span>\n\t\t\t\t<\/a>\n\t\t\t\t\t<\/div>\n\t\t<h3 class=\"sow-carousel-item-title\">\n\t\t\t<a\n\t\t\t\thref=\"https:\/\/botiguesmuseusalas.cat\/es\/exposiciones\/fantasies-troquelades\/\"\n\t\t\t\tid=\"sow-carousel-id-1348\"\n\t\t\t\t\t\t\t\ttabindex=\"-1\"\n\t\t\t>\n\n\t\t\t\tFantasies troquelades\t\t\t<\/a>\n\t\t<\/h3>\n\t<\/div>\n\t\t<div class=\"sow-carousel-item\" tabindex=\"-1\" style=\"float: left;\">\n\t\t<div class=\"sow-carousel-thumbnail\">\n\t\t\t\t\t\t\t<a\n\t\t\t\t\thref=\"https:\/\/botiguesmuseusalas.cat\/es\/exposiciones\/gaspar-camps\/\"\n\t\t\t\t\t\t\t\t\t\tstyle=\"background-image: url( https:\/\/botiguesmuseusalas.cat\/wp-content\/uploads\/2016\/07\/Expo-Camps-2-2-1-272x182.jpg )\"\n\t\t\t\t\taria-labelledby=\"sow-carousel-id-1351\"\n\t\t\t\t\ttabindex=\"-1\"\n\t\t\t\t>\n\t\t\t\t\t<span class=\"overlay\"><\/span>\n\t\t\t\t<\/a>\n\t\t\t\t\t<\/div>\n\t\t<h3 class=\"sow-carousel-item-title\">\n\t\t\t<a\n\t\t\t\thref=\"https:\/\/botiguesmuseusalas.cat\/es\/exposiciones\/gaspar-camps\/\"\n\t\t\t\tid=\"sow-carousel-id-1351\"\n\t\t\t\t\t\t\t\ttabindex=\"-1\"\n\t\t\t>\n\n\t\t\t\tGaspar Camps\t\t\t<\/a>\n\t\t<\/h3>\n\t<\/div>\n\t\t<div class=\"sow-carousel-item\" tabindex=\"-1\" style=\"float: left;\">\n\t\t<div class=\"sow-carousel-thumbnail\">\n\t\t\t\t\t\t\t<a\n\t\t\t\t\thref=\"https:\/\/botiguesmuseusalas.cat\/es\/exposiciones\/del-pirineu-a-la-pampa\/\"\n\t\t\t\t\t\t\t\t\t\tstyle=\"background-image: url( https:\/\/botiguesmuseusalas.cat\/wp-content\/uploads\/2016\/07\/Cuberta-Vaixell-Pampa-1-272x182.jpg )\"\n\t\t\t\t\taria-labelledby=\"sow-carousel-id-1345\"\n\t\t\t\t\ttabindex=\"-1\"\n\t\t\t\t>\n\t\t\t\t\t<span class=\"overlay\"><\/span>\n\t\t\t\t<\/a>\n\t\t\t\t\t<\/div>\n\t\t<h3 class=\"sow-carousel-item-title\">\n\t\t\t<a\n\t\t\t\thref=\"https:\/\/botiguesmuseusalas.cat\/es\/exposiciones\/del-pirineu-a-la-pampa\/\"\n\t\t\t\tid=\"sow-carousel-id-1345\"\n\t\t\t\t\t\t\t\ttabindex=\"-1\"\n\t\t\t>\n\n\t\t\t\tDel Pirineu a La Pampa\t\t\t<\/a>\n\t\t<\/h3>\n\t<\/div>\n\t\t<div class=\"sow-carousel-item\" tabindex=\"-1\" style=\"float: left;\">\n\t\t<div class=\"sow-carousel-thumbnail\">\n\t\t\t\t\t\t\t<a\n\t\t\t\t\thref=\"https:\/\/botiguesmuseusalas.cat\/es\/exposiciones\/cacadors-de-mosques\/\"\n\t\t\t\t\t\t\t\t\t\tstyle=\"background-image: url( https:\/\/botiguesmuseusalas.cat\/wp-content\/uploads\/2016\/07\/Fotos-expo-019-1-272x182.jpg )\"\n\t\t\t\t\taria-labelledby=\"sow-carousel-id-1339\"\n\t\t\t\t\ttabindex=\"-1\"\n\t\t\t\t>\n\t\t\t\t\t<span class=\"overlay\"><\/span>\n\t\t\t\t<\/a>\n\t\t\t\t\t<\/div>\n\t\t<h3 class=\"sow-carousel-item-title\">\n\t\t\t<a\n\t\t\t\thref=\"https:\/\/botiguesmuseusalas.cat\/es\/exposiciones\/cacadors-de-mosques\/\"\n\t\t\t\tid=\"sow-carousel-id-1339\"\n\t\t\t\t\t\t\t\ttabindex=\"-1\"\n\t\t\t>\n\n\t\t\t\tCa\u00e7adors de mosques\t\t\t<\/a>\n\t\t<\/h3>\n\t<\/div>\n\t\t<div class=\"sow-carousel-item\" tabindex=\"-1\" style=\"float: left;\">\n\t\t<div class=\"sow-carousel-thumbnail\">\n\t\t\t\t\t\t\t<a\n\t\t\t\t\thref=\"https:\/\/botiguesmuseusalas.cat\/es\/exposiciones\/album-gran-guerra\/\"\n\t\t\t\t\t\t\t\t\t\tstyle=\"background-image: url( https:\/\/botiguesmuseusalas.cat\/wp-content\/uploads\/2016\/07\/P1080109-272x182.jpg )\"\n\t\t\t\t\taria-labelledby=\"sow-carousel-id-1326\"\n\t\t\t\t\ttabindex=\"-1\"\n\t\t\t\t>\n\t\t\t\t\t<span class=\"overlay\"><\/span>\n\t\t\t\t<\/a>\n\t\t\t\t\t<\/div>\n\t\t<h3 class=\"sow-carousel-item-title\">\n\t\t\t<a\n\t\t\t\thref=\"https:\/\/botiguesmuseusalas.cat\/es\/exposiciones\/album-gran-guerra\/\"\n\t\t\t\tid=\"sow-carousel-id-1326\"\n\t\t\t\t\t\t\t\ttabindex=\"-1\"\n\t\t\t>\n\n\t\t\t\t\u00c1lbum de la Gran Guerra\t\t\t<\/a>\n\t\t<\/h3>\n\t<\/div>\n\t\t\t<\/div>\n\t\t\t<\/div>\n\n\t<\/div>\n\t\t<input type=\"hidden\" name=\"instance_hash\" value=\"d557ca83\"\/>\n\t<\/div>\n<\/div><\/div><\/div><\/div><\/div>","protected":false},"excerpt":{"rendered":"<p>Coincidiendo con el centenario de la I Guerra Mundial la exposici\u00f3n &#8220;\u00c1lbum de la Gran Guerra&#8221; intenta explicar aspectos concretos del conflicto utilizando como elementos expositivos dos tipos de materiales realacionats con las Tiendas-Museo: los cromos y algunos objetos o productos comerciales de uso cotidiano.A trav\u00e9s de dos extensas colecciones de cromos, expuestos en una escenograf\u00eda muy realista de trinchera, se explica toda la cronolog\u00eda de la guerra y se muestran los principales protagonistas. La ambientaci\u00f3n tambi\u00e9n permite adentrarse en los dos espacios donde viv\u00edan las tropas de los Imperios Centrales y los soldados franceses.El segundo \u00e1mbito expositivo, &#8220;De la Gran Guerra a los peque\u00f1os inventos&#8221; narra c\u00f3mo la Gran Guerra introdujo algunas innovaciones y cambios que modificaron la vida cotidiana de las personas. En este sentido se comentan ocho de estos cambios: &#8220;Del reloj de bolsillo en el reloj de pulsera&#8221;, &#8220;De la pluma de escribir con tinta a la estilogr\u00e1fica&#8221;, &#8220;Del Netol al Sidol&#8221;, &#8220;Del cigarro al tabaco empaquetado&#8221;,&#8221;De la navaja a la Gillette&#8221;,&#8221;De la m\u00e1scara antig\u00e1s a la comprendida&#8221;,&#8221;De la cors\u00e9 al sujetador&#8221; y &#8220;Del calzoncillos largos a calzoncillo cortos&#8221;.<\/p>\n","protected":false},"author":7,"featured_media":1057,"parent":1319,"menu_order":0,"comment_status":"closed","ping_status":"closed","template":"","meta":{"_acf_changed":false,"footnotes":""},"class_list":["post-1361","page","type-page","status-publish","has-post-thumbnail","hentry"],"acf":[],"yoast_head":"<!-- This site is optimized with the Yoast SEO plugin v26.6 - https:\/\/yoast.com\/wordpress\/plugins\/seo\/ -->\n<title>Tot a mitges - Botigues Museu de Sal\u00e0s<\/title>\n<meta name=\"description\" content=\"\u201cTot a mitges\u201d muestra el proceso de acortamiento de las faldas a lo largo de sesenta a\u00f1os (1909-1969) a partir de una colecci\u00f3n de cajas de medias.\" \/>\n<meta name=\"robots\" content=\"index, follow, max-snippet:-1, max-image-preview:large, max-video-preview:-1\" \/>\n<link rel=\"canonical\" href=\"https:\/\/botiguesmuseusalas.cat\/es\/exposiciones\/tot-a-mitges\/\" \/>\n<meta property=\"og:locale\" content=\"es_ES\" \/>\n<meta property=\"og:type\" content=\"article\" \/>\n<meta property=\"og:title\" content=\"Tot a mitges - Botigues Museu de Sal\u00e0s\" \/>\n<meta property=\"og:description\" content=\"\u201cTot a mitges\u201d muestra el proceso de acortamiento de las faldas a lo largo de sesenta a\u00f1os (1909-1969) a partir de una colecci\u00f3n de cajas de medias.\" \/>\n<meta property=\"og:url\" content=\"https:\/\/botiguesmuseusalas.cat\/es\/exposiciones\/tot-a-mitges\/\" \/>\n<meta property=\"og:site_name\" content=\"Botigues Museu de Sal\u00e0s\" \/>\n<meta property=\"article:modified_time\" content=\"2019-01-16T15:29:33+00:00\" \/>\n<meta property=\"og:image\" content=\"https:\/\/botiguesmuseusalas.cat\/wp-content\/uploads\/2016\/07\/fffff-1.jpg\" \/>\n\t<meta property=\"og:image:width\" content=\"800\" \/>\n\t<meta property=\"og:image:height\" content=\"586\" \/>\n\t<meta property=\"og:image:type\" content=\"image\/jpeg\" \/>\n<meta name=\"twitter:card\" content=\"summary_large_image\" \/>\n<meta name=\"twitter:label1\" content=\"Tiempo de lectura\" \/>\n\t<meta name=\"twitter:data1\" content=\"1 minuto\" \/>\n<script type=\"application\/ld+json\" class=\"yoast-schema-graph\">{\"@context\":\"https:\/\/schema.org\",\"@graph\":[{\"@type\":\"WebPage\",\"@id\":\"https:\/\/botiguesmuseusalas.cat\/es\/exposiciones\/tot-a-mitges\/\",\"url\":\"https:\/\/botiguesmuseusalas.cat\/es\/exposiciones\/tot-a-mitges\/\",\"name\":\"Tot a mitges - Botigues Museu de Sal\u00e0s\",\"isPartOf\":{\"@id\":\"https:\/\/botiguesmuseusalas.cat\/#website\"},\"primaryImageOfPage\":{\"@id\":\"https:\/\/botiguesmuseusalas.cat\/es\/exposiciones\/tot-a-mitges\/#primaryimage\"},\"image\":{\"@id\":\"https:\/\/botiguesmuseusalas.cat\/es\/exposiciones\/tot-a-mitges\/#primaryimage\"},\"thumbnailUrl\":\"https:\/\/botiguesmuseusalas.cat\/wp-content\/uploads\/2016\/07\/fffff-1.jpg\",\"datePublished\":\"2017-07-03T08:50:26+00:00\",\"dateModified\":\"2019-01-16T15:29:33+00:00\",\"description\":\"\u201cTot a mitges\u201d muestra el proceso de acortamiento de las faldas a lo largo de sesenta a\u00f1os (1909-1969) a partir de una colecci\u00f3n de cajas de medias.\",\"breadcrumb\":{\"@id\":\"https:\/\/botiguesmuseusalas.cat\/es\/exposiciones\/tot-a-mitges\/#breadcrumb\"},\"inLanguage\":\"es\",\"potentialAction\":[{\"@type\":\"ReadAction\",\"target\":[\"https:\/\/botiguesmuseusalas.cat\/es\/exposiciones\/tot-a-mitges\/\"]}]},{\"@type\":\"ImageObject\",\"inLanguage\":\"es\",\"@id\":\"https:\/\/botiguesmuseusalas.cat\/es\/exposiciones\/tot-a-mitges\/#primaryimage\",\"url\":\"https:\/\/botiguesmuseusalas.cat\/wp-content\/uploads\/2016\/07\/fffff-1.jpg\",\"contentUrl\":\"https:\/\/botiguesmuseusalas.cat\/wp-content\/uploads\/2016\/07\/fffff-1.jpg\",\"width\":800,\"height\":586},{\"@type\":\"BreadcrumbList\",\"@id\":\"https:\/\/botiguesmuseusalas.cat\/es\/exposiciones\/tot-a-mitges\/#breadcrumb\",\"itemListElement\":[{\"@type\":\"ListItem\",\"position\":1,\"name\":\"Inici\",\"item\":\"https:\/\/botiguesmuseusalas.cat\/es\/\"},{\"@type\":\"ListItem\",\"position\":2,\"name\":\"Exposiciones\",\"item\":\"https:\/\/botiguesmuseusalas.cat\/es\/exposiciones\/\"},{\"@type\":\"ListItem\",\"position\":3,\"name\":\"Tot a mitges\"}]},{\"@type\":\"WebSite\",\"@id\":\"https:\/\/botiguesmuseusalas.cat\/#website\",\"url\":\"https:\/\/botiguesmuseusalas.cat\/\",\"name\":\"Botigues Museu de Sal\u00e0s\",\"description\":\"Web oficial de les Botigues Museu de Sal\u00e0s de Pallars (Lleida)\",\"potentialAction\":[{\"@type\":\"SearchAction\",\"target\":{\"@type\":\"EntryPoint\",\"urlTemplate\":\"https:\/\/botiguesmuseusalas.cat\/?s={search_term_string}\"},\"query-input\":{\"@type\":\"PropertyValueSpecification\",\"valueRequired\":true,\"valueName\":\"search_term_string\"}}],\"inLanguage\":\"es\"}]}<\/script>\n<!-- \/ Yoast SEO plugin. -->","yoast_head_json":{"title":"Tot a mitges - Botigues Museu de Sal\u00e0s","description":"\u201cTot a mitges\u201d muestra el proceso de acortamiento de las faldas a lo largo de sesenta a\u00f1os (1909-1969) a partir de una colecci\u00f3n de cajas de medias.","robots":{"index":"index","follow":"follow","max-snippet":"max-snippet:-1","max-image-preview":"max-image-preview:large","max-video-preview":"max-video-preview:-1"},"canonical":"https:\/\/botiguesmuseusalas.cat\/es\/exposiciones\/tot-a-mitges\/","og_locale":"es_ES","og_type":"article","og_title":"Tot a mitges - Botigues Museu de Sal\u00e0s","og_description":"\u201cTot a mitges\u201d muestra el proceso de acortamiento de las faldas a lo largo de sesenta a\u00f1os (1909-1969) a partir de una colecci\u00f3n de cajas de medias.","og_url":"https:\/\/botiguesmuseusalas.cat\/es\/exposiciones\/tot-a-mitges\/","og_site_name":"Botigues Museu de Sal\u00e0s","article_modified_time":"2019-01-16T15:29:33+00:00","og_image":[{"width":800,"height":586,"url":"https:\/\/botiguesmuseusalas.cat\/wp-content\/uploads\/2016\/07\/fffff-1.jpg","type":"image\/jpeg"}],"twitter_card":"summary_large_image","twitter_misc":{"Tiempo de lectura":"1 minuto"},"schema":{"@context":"https:\/\/schema.org","@graph":[{"@type":"WebPage","@id":"https:\/\/botiguesmuseusalas.cat\/es\/exposiciones\/tot-a-mitges\/","url":"https:\/\/botiguesmuseusalas.cat\/es\/exposiciones\/tot-a-mitges\/","name":"Tot a mitges - Botigues Museu de Sal\u00e0s","isPartOf":{"@id":"https:\/\/botiguesmuseusalas.cat\/#website"},"primaryImageOfPage":{"@id":"https:\/\/botiguesmuseusalas.cat\/es\/exposiciones\/tot-a-mitges\/#primaryimage"},"image":{"@id":"https:\/\/botiguesmuseusalas.cat\/es\/exposiciones\/tot-a-mitges\/#primaryimage"},"thumbnailUrl":"https:\/\/botiguesmuseusalas.cat\/wp-content\/uploads\/2016\/07\/fffff-1.jpg","datePublished":"2017-07-03T08:50:26+00:00","dateModified":"2019-01-16T15:29:33+00:00","description":"\u201cTot a mitges\u201d muestra el proceso de acortamiento de las faldas a lo largo de sesenta a\u00f1os (1909-1969) a partir de una colecci\u00f3n de cajas de medias.","breadcrumb":{"@id":"https:\/\/botiguesmuseusalas.cat\/es\/exposiciones\/tot-a-mitges\/#breadcrumb"},"inLanguage":"es","potentialAction":[{"@type":"ReadAction","target":["https:\/\/botiguesmuseusalas.cat\/es\/exposiciones\/tot-a-mitges\/"]}]},{"@type":"ImageObject","inLanguage":"es","@id":"https:\/\/botiguesmuseusalas.cat\/es\/exposiciones\/tot-a-mitges\/#primaryimage","url":"https:\/\/botiguesmuseusalas.cat\/wp-content\/uploads\/2016\/07\/fffff-1.jpg","contentUrl":"https:\/\/botiguesmuseusalas.cat\/wp-content\/uploads\/2016\/07\/fffff-1.jpg","width":800,"height":586},{"@type":"BreadcrumbList","@id":"https:\/\/botiguesmuseusalas.cat\/es\/exposiciones\/tot-a-mitges\/#breadcrumb","itemListElement":[{"@type":"ListItem","position":1,"name":"Inici","item":"https:\/\/botiguesmuseusalas.cat\/es\/"},{"@type":"ListItem","position":2,"name":"Exposiciones","item":"https:\/\/botiguesmuseusalas.cat\/es\/exposiciones\/"},{"@type":"ListItem","position":3,"name":"Tot a mitges"}]},{"@type":"WebSite","@id":"https:\/\/botiguesmuseusalas.cat\/#website","url":"https:\/\/botiguesmuseusalas.cat\/","name":"Botigues Museu de Sal\u00e0s","description":"Web oficial de les Botigues Museu de Sal\u00e0s de Pallars (Lleida)","potentialAction":[{"@type":"SearchAction","target":{"@type":"EntryPoint","urlTemplate":"https:\/\/botiguesmuseusalas.cat\/?s={search_term_string}"},"query-input":{"@type":"PropertyValueSpecification","valueRequired":true,"valueName":"search_term_string"}}],"inLanguage":"es"}]}},"_links":{"self":[{"href":"https:\/\/botiguesmuseusalas.cat\/es\/wp-json\/wp\/v2\/pages\/1361","targetHints":{"allow":["GET"]}}],"collection":[{"href":"https:\/\/botiguesmuseusalas.cat\/es\/wp-json\/wp\/v2\/pages"}],"about":[{"href":"https:\/\/botiguesmuseusalas.cat\/es\/wp-json\/wp\/v2\/types\/page"}],"author":[{"embeddable":true,"href":"https:\/\/botiguesmuseusalas.cat\/es\/wp-json\/wp\/v2\/users\/7"}],"replies":[{"embeddable":true,"href":"https:\/\/botiguesmuseusalas.cat\/es\/wp-json\/wp\/v2\/comments?post=1361"}],"version-history":[{"count":7,"href":"https:\/\/botiguesmuseusalas.cat\/es\/wp-json\/wp\/v2\/pages\/1361\/revisions"}],"predecessor-version":[{"id":2180,"href":"https:\/\/botiguesmuseusalas.cat\/es\/wp-json\/wp\/v2\/pages\/1361\/revisions\/2180"}],"up":[{"embeddable":true,"href":"https:\/\/botiguesmuseusalas.cat\/es\/wp-json\/wp\/v2\/pages\/1319"}],"wp:featuredmedia":[{"embeddable":true,"href":"https:\/\/botiguesmuseusalas.cat\/es\/wp-json\/wp\/v2\/media\/1057"}],"wp:attachment":[{"href":"https:\/\/botiguesmuseusalas.cat\/es\/wp-json\/wp\/v2\/media?parent=1361"}],"curies":[{"name":"wp","href":"https:\/\/api.w.org\/{rel}","templated":true}]}}