{"id":1367,"date":"2017-07-03T10:50:26","date_gmt":"2017-07-03T08:50:26","guid":{"rendered":"http:\/\/botiguesmuseusalas.cat\/?page_id=1367"},"modified":"2025-02-02T23:06:05","modified_gmt":"2025-02-02T21:06:05","slug":"botigues-museu","status":"publish","type":"page","link":"https:\/\/botiguesmuseusalas.cat\/es\/botigues-museu\/","title":{"rendered":"Las 10 tiendas"},"content":{"rendered":"<div id=\"pl-1367\"  class=\"panel-layout\" ><div id=\"pg-1367-0\"  class=\"panel-grid panel-no-style\" ><div id=\"pgc-1367-0-0\"  class=\"panel-grid-cell\" ><div id=\"panel-1367-0-0-0\" class=\"so-panel widget widget_sow-image panel-first-child panel-last-child\" data-index=\"0\" ><div\n\t\t\t\n\t\t\tclass=\"so-widget-sow-image so-widget-sow-image-default-8b5b6f678277-1367\"\n\t\t\t\n\t\t>\n<div class=\"sow-image-container\">\n\t\t<img \n\tsrc=\"https:\/\/botiguesmuseusalas.cat\/wp-content\/uploads\/2016\/07\/Botigues-Salas-Farmacia-02.jpg\" width=\"800\" height=\"533\" srcset=\"https:\/\/botiguesmuseusalas.cat\/wp-content\/uploads\/2016\/07\/Botigues-Salas-Farmacia-02.jpg 800w, https:\/\/botiguesmuseusalas.cat\/wp-content\/uploads\/2016\/07\/Botigues-Salas-Farmacia-02-300x200.jpg 300w, https:\/\/botiguesmuseusalas.cat\/wp-content\/uploads\/2016\/07\/Botigues-Salas-Farmacia-02-768x512.jpg 768w, https:\/\/botiguesmuseusalas.cat\/wp-content\/uploads\/2016\/07\/Botigues-Salas-Farmacia-02-600x400.jpg 600w, https:\/\/botiguesmuseusalas.cat\/wp-content\/uploads\/2016\/07\/Botigues-Salas-Farmacia-02-272x182.jpg 272w\" sizes=\"(max-width: 800px) 100vw, 800px\" title=\"Botigues-Salas&#8212;Farmacia-02\" alt=\"\" \t\tclass=\"so-widget-image\"\/>\n\t<\/div>\n\n<\/div><\/div><\/div><div id=\"pgc-1367-0-1\"  class=\"panel-grid-cell\" ><div id=\"panel-1367-0-1-0\" class=\"so-panel widget widget_black-studio-tinymce widget_black_studio_tinymce panel-first-child panel-last-child\" data-index=\"1\" ><div class=\"textwidget\"><h2>HISTORIA DE LAS BOTIGUES MUSEU SAL\u00c0S DE PALLARS<\/h2>\n<p>La revoluci\u00f3n econ\u00f3mica que se produjo a partir de la Segunda Revoluci\u00f3n Industrial transform\u00f3 radicalmente los sistemas de producci\u00f3n, las formas de venta y los h\u00e1bitos de consumo de los ciudadanos. De 1860 a 1910 los peque\u00f1os obradores y talleres artesanales donde se trabaja manualmente, dejaron lugar a las modernas f\u00e1bricas movidas a vapor; los productos gen\u00e9ricos o a granel fueron (...)<\/p>\n<p><a class=\"btn btn-success  btn-sm\" href=\"https:\/\/botiguesmuseusalas.cat\/es\/botigues-museu\/historia\/\" target=\"_self\" >M\u00c1S INFORMACI\u00d3N<\/a><\/p>\n<\/div><\/div><\/div><\/div><div id=\"pg-1367-1\"  class=\"panel-grid panel-no-style\" ><div id=\"pgc-1367-1-0\"  class=\"panel-grid-cell\" ><div id=\"panel-1367-1-0-0\" class=\"so-panel widget widget_spacer-widget panel-first-child panel-last-child\" data-index=\"2\" ><div\n\t\t\t\n\t\t\tclass=\"so-widget-spacer-widget so-widget-spacer-widget-base\"\n\t\t\t\n\t\t>\n<div class=\"clearfix\" style=\"height:30px\"><\/div><\/div><\/div><\/div><\/div><div id=\"pg-1367-2\"  class=\"panel-grid panel-no-style\" ><div id=\"pgc-1367-2-0\"  class=\"panel-grid-cell\" ><div id=\"panel-1367-2-0-0\" class=\"so-panel widget widget_black-studio-tinymce widget_black_studio_tinymce panel-first-child panel-last-child\" data-index=\"3\" ><div class=\"panel-widget-style panel-widget-style-for-1367-2-0-0\" ><h3 class=\"widget-title\">LAS 10 TIENDAS<\/h3><div class=\"textwidget\"><\/div><\/div><\/div><\/div><\/div><div id=\"pg-1367-3\"  class=\"panel-grid panel-no-style\" ><div id=\"pgc-1367-3-0\"  class=\"panel-grid-cell\" ><div id=\"panel-1367-3-0-0\" class=\"so-panel widget widget_sow-image panel-first-child\" data-index=\"4\" ><div\n\t\t\t\n\t\t\tclass=\"so-widget-sow-image so-widget-sow-image-default-8b5b6f678277-1367\"\n\t\t\t\n\t\t>\n<div class=\"sow-image-container\">\n\t\t\t<a href=\"https:\/\/botiguesmuseusalas.cat\/es\/botigues-museu\/farmacia\/\"\n\t\t\t\t\t>\n\t\t\t<img \n\tsrc=\"https:\/\/botiguesmuseusalas.cat\/wp-content\/uploads\/2016\/07\/Botigues-Salas-Farmacia-01.jpg\" width=\"800\" height=\"533\" srcset=\"https:\/\/botiguesmuseusalas.cat\/wp-content\/uploads\/2016\/07\/Botigues-Salas-Farmacia-01.jpg 800w, https:\/\/botiguesmuseusalas.cat\/wp-content\/uploads\/2016\/07\/Botigues-Salas-Farmacia-01-300x200.jpg 300w, https:\/\/botiguesmuseusalas.cat\/wp-content\/uploads\/2016\/07\/Botigues-Salas-Farmacia-01-768x512.jpg 768w, https:\/\/botiguesmuseusalas.cat\/wp-content\/uploads\/2016\/07\/Botigues-Salas-Farmacia-01-600x400.jpg 600w, https:\/\/botiguesmuseusalas.cat\/wp-content\/uploads\/2016\/07\/Botigues-Salas-Farmacia-01-272x182.jpg 272w\" sizes=\"(max-width: 800px) 100vw, 800px\" title=\"FARMACIA\" alt=\"\" \t\tclass=\"so-widget-image\"\/>\n\t\t\t<\/a><\/div>\n\n<\/div><\/div><div id=\"panel-1367-3-0-1\" class=\"so-panel widget widget_black-studio-tinymce widget_black_studio_tinymce panel-last-child\" data-index=\"5\" ><div class=\"textwidget\"><h2>FARMACIA<\/h2>\n<\/div><\/div><\/div><div id=\"pgc-1367-3-1\"  class=\"panel-grid-cell\" ><div id=\"panel-1367-3-1-0\" class=\"so-panel widget widget_sow-image panel-first-child\" data-index=\"6\" ><div\n\t\t\t\n\t\t\tclass=\"so-widget-sow-image so-widget-sow-image-default-8b5b6f678277-1367\"\n\t\t\t\n\t\t>\n<div class=\"sow-image-container\">\n\t\t\t<a href=\"https:\/\/botiguesmuseusalas.cat\/es\/botigues-museu\/estanco\/\"\n\t\t\t\t\t>\n\t\t\t<img \n\tsrc=\"https:\/\/botiguesmuseusalas.cat\/wp-content\/uploads\/2016\/07\/Botigues-Salas-Estanc-01.jpg\" width=\"800\" height=\"533\" srcset=\"https:\/\/botiguesmuseusalas.cat\/wp-content\/uploads\/2016\/07\/Botigues-Salas-Estanc-01.jpg 800w, https:\/\/botiguesmuseusalas.cat\/wp-content\/uploads\/2016\/07\/Botigues-Salas-Estanc-01-300x200.jpg 300w, https:\/\/botiguesmuseusalas.cat\/wp-content\/uploads\/2016\/07\/Botigues-Salas-Estanc-01-768x512.jpg 768w, https:\/\/botiguesmuseusalas.cat\/wp-content\/uploads\/2016\/07\/Botigues-Salas-Estanc-01-600x400.jpg 600w, https:\/\/botiguesmuseusalas.cat\/wp-content\/uploads\/2016\/07\/Botigues-Salas-Estanc-01-272x182.jpg 272w\" sizes=\"(max-width: 800px) 100vw, 800px\" title=\"ESTANCO\" alt=\"\" \t\tclass=\"so-widget-image\"\/>\n\t\t\t<\/a><\/div>\n\n<\/div><\/div><div id=\"panel-1367-3-1-1\" class=\"so-panel widget widget_black-studio-tinymce widget_black_studio_tinymce panel-last-child\" data-index=\"7\" ><div class=\"textwidget\"><h2>ESTANCO<\/h2>\n<\/div><\/div><\/div><div id=\"pgc-1367-3-2\"  class=\"panel-grid-cell\" ><div id=\"panel-1367-3-2-0\" class=\"so-panel widget widget_sow-image panel-first-child\" data-index=\"8\" ><div\n\t\t\t\n\t\t\tclass=\"so-widget-sow-image so-widget-sow-image-default-8b5b6f678277-1367\"\n\t\t\t\n\t\t>\n<div class=\"sow-image-container\">\n\t\t\t<a href=\"https:\/\/botiguesmuseusalas.cat\/es\/botigues-museu\/barberia\/\"\n\t\t\t\t\t>\n\t\t\t<img \n\tsrc=\"https:\/\/botiguesmuseusalas.cat\/wp-content\/uploads\/2016\/07\/Foto65-1.jpg\" width=\"800\" height=\"533\" srcset=\"https:\/\/botiguesmuseusalas.cat\/wp-content\/uploads\/2016\/07\/Foto65-1.jpg 800w, https:\/\/botiguesmuseusalas.cat\/wp-content\/uploads\/2016\/07\/Foto65-1-300x200.jpg 300w, https:\/\/botiguesmuseusalas.cat\/wp-content\/uploads\/2016\/07\/Foto65-1-768x512.jpg 768w, https:\/\/botiguesmuseusalas.cat\/wp-content\/uploads\/2016\/07\/Foto65-1-600x400.jpg 600w, https:\/\/botiguesmuseusalas.cat\/wp-content\/uploads\/2016\/07\/Foto65-1-272x182.jpg 272w\" sizes=\"(max-width: 800px) 100vw, 800px\" title=\"BARBER\u00cdA\" alt=\"\" \t\tclass=\"so-widget-image\"\/>\n\t\t\t<\/a><\/div>\n\n<\/div><\/div><div id=\"panel-1367-3-2-1\" class=\"so-panel widget widget_black-studio-tinymce widget_black_studio_tinymce panel-last-child\" data-index=\"9\" ><div class=\"textwidget\"><h2>BARBER\u00cdA<\/h2>\n<\/div><\/div><\/div><div id=\"pgc-1367-3-3\"  class=\"panel-grid-cell\" ><div id=\"panel-1367-3-3-0\" class=\"so-panel widget widget_sow-image panel-first-child\" data-index=\"10\" ><div\n\t\t\t\n\t\t\tclass=\"so-widget-sow-image so-widget-sow-image-default-8b5b6f678277-1367\"\n\t\t\t\n\t\t>\n<div class=\"sow-image-container\">\n\t\t\t<a href=\"https:\/\/botiguesmuseusalas.cat\/es\/botigues-museu\/merceria-perfumeria\/\"\n\t\t\t\t\t>\n\t\t\t<img \n\tsrc=\"https:\/\/botiguesmuseusalas.cat\/wp-content\/uploads\/2016\/07\/merceria.jpg\" width=\"800\" height=\"533\" srcset=\"https:\/\/botiguesmuseusalas.cat\/wp-content\/uploads\/2016\/07\/merceria.jpg 800w, https:\/\/botiguesmuseusalas.cat\/wp-content\/uploads\/2016\/07\/merceria-300x200.jpg 300w, https:\/\/botiguesmuseusalas.cat\/wp-content\/uploads\/2016\/07\/merceria-768x512.jpg 768w, https:\/\/botiguesmuseusalas.cat\/wp-content\/uploads\/2016\/07\/merceria-600x400.jpg 600w, https:\/\/botiguesmuseusalas.cat\/wp-content\/uploads\/2016\/07\/merceria-272x182.jpg 272w\" sizes=\"(max-width: 800px) 100vw, 800px\" title=\"MERCER\u00cdA-PERFUMER\u00cdA\" alt=\"\" \t\tclass=\"so-widget-image\"\/>\n\t\t\t<\/a><\/div>\n\n<\/div><\/div><div id=\"panel-1367-3-3-1\" class=\"so-panel widget widget_black-studio-tinymce widget_black_studio_tinymce panel-last-child\" data-index=\"11\" ><div class=\"textwidget\"><h2>MERCER\u00cdA-PERFUMER\u00cdA<\/h2>\n<\/div><\/div><\/div><div id=\"pgc-1367-3-4\"  class=\"panel-grid-cell\" ><div id=\"panel-1367-3-4-0\" class=\"so-panel widget widget_sow-image panel-first-child\" data-index=\"12\" ><div\n\t\t\t\n\t\t\tclass=\"so-widget-sow-image so-widget-sow-image-default-8b5b6f678277-1367\"\n\t\t\t\n\t\t>\n<div class=\"sow-image-container\">\n\t\t\t<a href=\"https:\/\/botiguesmuseusalas.cat\/es\/botigues-museu\/ultramarinos-y-coloniales\/\"\n\t\t\t\t\t>\n\t\t\t<img \n\tsrc=\"https:\/\/botiguesmuseusalas.cat\/wp-content\/uploads\/2016\/07\/Ultramarinos-y-Coloniales-Botigues-Museu-de-Sal\u00e0s-de-Pallars.jpg\" width=\"800\" height=\"533\" srcset=\"https:\/\/botiguesmuseusalas.cat\/wp-content\/uploads\/2016\/07\/Ultramarinos-y-Coloniales-Botigues-Museu-de-Sal\u00e0s-de-Pallars.jpg 800w, https:\/\/botiguesmuseusalas.cat\/wp-content\/uploads\/2016\/07\/Ultramarinos-y-Coloniales-Botigues-Museu-de-Sal\u00e0s-de-Pallars-300x200.jpg 300w, https:\/\/botiguesmuseusalas.cat\/wp-content\/uploads\/2016\/07\/Ultramarinos-y-Coloniales-Botigues-Museu-de-Sal\u00e0s-de-Pallars-768x512.jpg 768w, https:\/\/botiguesmuseusalas.cat\/wp-content\/uploads\/2016\/07\/Ultramarinos-y-Coloniales-Botigues-Museu-de-Sal\u00e0s-de-Pallars-600x400.jpg 600w, https:\/\/botiguesmuseusalas.cat\/wp-content\/uploads\/2016\/07\/Ultramarinos-y-Coloniales-Botigues-Museu-de-Sal\u00e0s-de-Pallars-272x182.jpg 272w\" sizes=\"(max-width: 800px) 100vw, 800px\" title=\"ULTRMARINOS &amp; COLONIALES\" alt=\"\" \t\tclass=\"so-widget-image\"\/>\n\t\t\t<\/a><\/div>\n\n<\/div><\/div><div id=\"panel-1367-3-4-1\" class=\"so-panel widget widget_black-studio-tinymce widget_black_studio_tinymce panel-last-child\" data-index=\"13\" ><div class=\"textwidget\"><h2>ULTRAMARINOS & COLONIALES<\/h2>\n<\/div><\/div><\/div><\/div><div id=\"pg-1367-4\"  class=\"panel-grid panel-no-style\" ><div id=\"pgc-1367-4-0\"  class=\"panel-grid-cell\" ><div id=\"panel-1367-4-0-0\" class=\"so-panel widget widget_sow-image panel-first-child\" data-index=\"14\" ><div\n\t\t\t\n\t\t\tclass=\"so-widget-sow-image so-widget-sow-image-default-8b5b6f678277-1367\"\n\t\t\t\n\t\t>\n<div class=\"sow-image-container\">\n\t\t\t<a href=\"https:\/\/botiguesmuseusalas.cat\/es\/botigues-museu\/imprenta\/\"\n\t\t\t\t\t>\n\t\t\t<img \n\tsrc=\"https:\/\/botiguesmuseusalas.cat\/wp-content\/uploads\/2016\/07\/Botigues-Salas-Impremta-02.jpg\" width=\"800\" height=\"533\" srcset=\"https:\/\/botiguesmuseusalas.cat\/wp-content\/uploads\/2016\/07\/Botigues-Salas-Impremta-02.jpg 800w, https:\/\/botiguesmuseusalas.cat\/wp-content\/uploads\/2016\/07\/Botigues-Salas-Impremta-02-300x200.jpg 300w, https:\/\/botiguesmuseusalas.cat\/wp-content\/uploads\/2016\/07\/Botigues-Salas-Impremta-02-768x512.jpg 768w, https:\/\/botiguesmuseusalas.cat\/wp-content\/uploads\/2016\/07\/Botigues-Salas-Impremta-02-600x400.jpg 600w, https:\/\/botiguesmuseusalas.cat\/wp-content\/uploads\/2016\/07\/Botigues-Salas-Impremta-02-272x182.jpg 272w\" sizes=\"(max-width: 800px) 100vw, 800px\" title=\"IMPRENTA\" alt=\"\" \t\tclass=\"so-widget-image\"\/>\n\t\t\t<\/a><\/div>\n\n<\/div><\/div><div id=\"panel-1367-4-0-1\" class=\"so-panel widget widget_black-studio-tinymce widget_black_studio_tinymce panel-last-child\" data-index=\"15\" ><div class=\"textwidget\"><h2>IMPRENTA<\/h2>\n<\/div><\/div><\/div><div id=\"pgc-1367-4-1\"  class=\"panel-grid-cell\" ><div id=\"panel-1367-4-1-0\" class=\"so-panel widget widget_sow-image panel-first-child\" data-index=\"16\" ><div\n\t\t\t\n\t\t\tclass=\"so-widget-sow-image so-widget-sow-image-default-8b5b6f678277-1367\"\n\t\t\t\n\t\t>\n<div class=\"sow-image-container\">\n\t\t\t<a href=\"https:\/\/botiguesmuseusalas.cat\/es\/botigues-museu\/quiosco\/\"\n\t\t\t\t\t>\n\t\t\t<img \n\tsrc=\"https:\/\/botiguesmuseusalas.cat\/wp-content\/uploads\/2016\/07\/Botigues-Salas-Quiosc-01.jpg\" width=\"800\" height=\"533\" srcset=\"https:\/\/botiguesmuseusalas.cat\/wp-content\/uploads\/2016\/07\/Botigues-Salas-Quiosc-01.jpg 800w, https:\/\/botiguesmuseusalas.cat\/wp-content\/uploads\/2016\/07\/Botigues-Salas-Quiosc-01-300x200.jpg 300w, https:\/\/botiguesmuseusalas.cat\/wp-content\/uploads\/2016\/07\/Botigues-Salas-Quiosc-01-768x512.jpg 768w, https:\/\/botiguesmuseusalas.cat\/wp-content\/uploads\/2016\/07\/Botigues-Salas-Quiosc-01-600x400.jpg 600w, https:\/\/botiguesmuseusalas.cat\/wp-content\/uploads\/2016\/07\/Botigues-Salas-Quiosc-01-272x182.jpg 272w\" sizes=\"(max-width: 800px) 100vw, 800px\" title=\"QUIOSCO\" alt=\"\" \t\tclass=\"so-widget-image\"\/>\n\t\t\t<\/a><\/div>\n\n<\/div><\/div><div id=\"panel-1367-4-1-1\" class=\"so-panel widget widget_black-studio-tinymce widget_black_studio_tinymce panel-last-child\" data-index=\"17\" ><div class=\"textwidget\"><h2>QUIOSCO<\/h2>\n<\/div><\/div><\/div><div id=\"pgc-1367-4-2\"  class=\"panel-grid-cell\" ><div id=\"panel-1367-4-2-0\" class=\"so-panel widget widget_sow-image panel-first-child\" data-index=\"18\" ><div\n\t\t\t\n\t\t\tclass=\"so-widget-sow-image so-widget-sow-image-default-8b5b6f678277-1367\"\n\t\t\t\n\t\t>\n<div class=\"sow-image-container\">\n\t\t\t<a href=\"https:\/\/botiguesmuseusalas.cat\/es\/botigues-museu\/cafe\/\"\n\t\t\t\t\t>\n\t\t\t<img \n\tsrc=\"https:\/\/botiguesmuseusalas.cat\/wp-content\/uploads\/2016\/07\/Foto88.jpg\" width=\"800\" height=\"533\" srcset=\"https:\/\/botiguesmuseusalas.cat\/wp-content\/uploads\/2016\/07\/Foto88.jpg 800w, https:\/\/botiguesmuseusalas.cat\/wp-content\/uploads\/2016\/07\/Foto88-300x200.jpg 300w, https:\/\/botiguesmuseusalas.cat\/wp-content\/uploads\/2016\/07\/Foto88-768x512.jpg 768w, https:\/\/botiguesmuseusalas.cat\/wp-content\/uploads\/2016\/07\/Foto88-600x400.jpg 600w, https:\/\/botiguesmuseusalas.cat\/wp-content\/uploads\/2016\/07\/Foto88-272x182.jpg 272w\" sizes=\"(max-width: 800px) 100vw, 800px\" title=\"CAF\u00c9\" alt=\"\" \t\tclass=\"so-widget-image\"\/>\n\t\t\t<\/a><\/div>\n\n<\/div><\/div><div id=\"panel-1367-4-2-1\" class=\"so-panel widget widget_black-studio-tinymce widget_black_studio_tinymce panel-last-child\" data-index=\"19\" ><div class=\"textwidget\"><h2>CAF\u00c9<\/h2>\n<\/div><\/div><\/div><div id=\"pgc-1367-4-3\"  class=\"panel-grid-cell\" ><div id=\"panel-1367-4-3-0\" class=\"so-panel widget widget_sow-image panel-first-child\" data-index=\"20\" ><div\n\t\t\t\n\t\t\tclass=\"so-widget-sow-image so-widget-sow-image-default-8b5b6f678277-1367\"\n\t\t\t\n\t\t>\n<div class=\"sow-image-container\">\n\t\t\t<a href=\"https:\/\/botiguesmuseusalas.cat\/es\/botigues-museu\/3419-2\/\"\n\t\t\t\t\t>\n\t\t\t<img \n\tsrc=\"https:\/\/botiguesmuseusalas.cat\/wp-content\/uploads\/2022\/10\/WhatsApp-Image-2022-10-02-at-21.09.17-2.jpeg\" width=\"1600\" height=\"720\" srcset=\"https:\/\/botiguesmuseusalas.cat\/wp-content\/uploads\/2022\/10\/WhatsApp-Image-2022-10-02-at-21.09.17-2.jpeg 1600w, https:\/\/botiguesmuseusalas.cat\/wp-content\/uploads\/2022\/10\/WhatsApp-Image-2022-10-02-at-21.09.17-2-300x135.jpeg 300w, https:\/\/botiguesmuseusalas.cat\/wp-content\/uploads\/2022\/10\/WhatsApp-Image-2022-10-02-at-21.09.17-2-1024x461.jpeg 1024w, https:\/\/botiguesmuseusalas.cat\/wp-content\/uploads\/2022\/10\/WhatsApp-Image-2022-10-02-at-21.09.17-2-768x346.jpeg 768w, https:\/\/botiguesmuseusalas.cat\/wp-content\/uploads\/2022\/10\/WhatsApp-Image-2022-10-02-at-21.09.17-2-1536x691.jpeg 1536w, https:\/\/botiguesmuseusalas.cat\/wp-content\/uploads\/2022\/10\/WhatsApp-Image-2022-10-02-at-21.09.17-2-958x431.jpeg 958w\" sizes=\"(max-width: 1600px) 100vw, 1600px\" title=\"PASTELER\u00cdA\" alt=\"\" \t\tclass=\"so-widget-image\"\/>\n\t\t\t<\/a><\/div>\n\n<\/div><\/div><div id=\"panel-1367-4-3-1\" class=\"so-panel widget widget_black-studio-tinymce widget_black_studio_tinymce panel-last-child\" data-index=\"21\" ><div class=\"textwidget\"><h2>PASTELER\u00cdA<\/h2>\n<\/div><\/div><\/div><div id=\"pgc-1367-4-4\"  class=\"panel-grid-cell\" ><div id=\"panel-1367-4-4-0\" class=\"so-panel widget widget_sow-image panel-first-child\" data-index=\"22\" ><div\n\t\t\t\n\t\t\tclass=\"so-widget-sow-image so-widget-sow-image-default-8b5b6f678277-1367\"\n\t\t\t\n\t\t>\n<div class=\"sow-image-container\">\n\t\t\t<a href=\"https:\/\/botiguesmuseusalas.cat\/es\/botigues-museu\/estudio-fotografico\/\"\n\t\t\t\t\t>\n\t\t\t<img \n\tsrc=\"https:\/\/botiguesmuseusalas.cat\/wp-content\/uploads\/2025\/02\/resumen-superficie-texturas-muro-piedra-hormigon-blanco_74190-8189.jpg\" width=\"626\" height=\"417\" srcset=\"https:\/\/botiguesmuseusalas.cat\/wp-content\/uploads\/2025\/02\/resumen-superficie-texturas-muro-piedra-hormigon-blanco_74190-8189.jpg 626w, https:\/\/botiguesmuseusalas.cat\/wp-content\/uploads\/2025\/02\/resumen-superficie-texturas-muro-piedra-hormigon-blanco_74190-8189-300x200.jpg 300w, https:\/\/botiguesmuseusalas.cat\/wp-content\/uploads\/2025\/02\/resumen-superficie-texturas-muro-piedra-hormigon-blanco_74190-8189-600x400.jpg 600w, https:\/\/botiguesmuseusalas.cat\/wp-content\/uploads\/2025\/02\/resumen-superficie-texturas-muro-piedra-hormigon-blanco_74190-8189-272x182.jpg 272w\" sizes=\"(max-width: 626px) 100vw, 626px\" title=\"ESTUDIO FOTOGR\u00c1FICO\" alt=\"\" \t\tclass=\"so-widget-image\"\/>\n\t\t\t<\/a><\/div>\n\n<\/div><\/div><div id=\"panel-1367-4-4-1\" class=\"so-panel widget widget_black-studio-tinymce widget_black_studio_tinymce panel-last-child\" data-index=\"23\" ><div class=\"textwidget\"><h2>ESTUDIO FOTOGR\u00c1FICO<\/h2>\n<\/div><\/div><\/div><\/div><\/div>","protected":false},"excerpt":{"rendered":"<p>HISTORIA DE LAS BOTIGUES MUSEU SAL\u00c0S DE PALLARS La revoluci\u00f3n econ\u00f3mica que se produjo a partir de la Segunda Revoluci\u00f3n Industrial transform\u00f3 radicalmente los sistemas de producci\u00f3n, las formas de venta y los h\u00e1bitos de consumo de los ciudadanos. De 1860 a 1910 los peque\u00f1os obradores y talleres artesanales donde se trabaja manualmente, dejaron lugar a las modernas f\u00e1bricas movidas a vapor; los productos gen\u00e9ricos o a granel fueron (&#8230;)<\/p>\n","protected":false},"author":7,"featured_media":998,"parent":0,"menu_order":0,"comment_status":"closed","ping_status":"closed","template":"","meta":{"_acf_changed":false,"footnotes":""},"class_list":["post-1367","page","type-page","status-publish","has-post-thumbnail","hentry"],"acf":[],"yoast_head":"<!-- This site is optimized with the Yoast SEO plugin v27.3 - https:\/\/yoast.com\/product\/yoast-seo-wordpress\/ -->\n<title>Las 10 tiendas - Botigues Museu de Sal\u00e0s<\/title>\n<meta name=\"description\" content=\"Conoce las 8 Botigues Museu de Sal\u00e0s y su historia.\" \/>\n<meta name=\"robots\" content=\"index, follow, max-snippet:-1, max-image-preview:large, max-video-preview:-1\" \/>\n<link rel=\"canonical\" href=\"https:\/\/botiguesmuseusalas.cat\/es\/botigues-museu\/\" \/>\n<meta property=\"og:locale\" content=\"es_ES\" \/>\n<meta property=\"og:type\" content=\"article\" \/>\n<meta property=\"og:title\" content=\"Las 10 tiendas - Botigues Museu de Sal\u00e0s\" \/>\n<meta property=\"og:description\" content=\"Conoce las 8 Botigues Museu de Sal\u00e0s y su historia.\" \/>\n<meta property=\"og:url\" content=\"https:\/\/botiguesmuseusalas.cat\/es\/botigues-museu\/\" \/>\n<meta property=\"og:site_name\" content=\"Botigues Museu de Sal\u00e0s\" \/>\n<meta property=\"article:modified_time\" content=\"2025-02-02T21:06:05+00:00\" \/>\n<meta property=\"og:image\" content=\"https:\/\/botiguesmuseusalas.cat\/wp-content\/uploads\/2016\/07\/Botigues-Salas-Merceria-01.jpg\" \/>\n\t<meta property=\"og:image:width\" content=\"800\" \/>\n\t<meta property=\"og:image:height\" content=\"533\" \/>\n\t<meta property=\"og:image:type\" content=\"image\/jpeg\" \/>\n<meta name=\"twitter:card\" content=\"summary_large_image\" \/>\n<meta name=\"twitter:label1\" content=\"Tiempo de lectura\" \/>\n\t<meta name=\"twitter:data1\" content=\"3 minutos\" \/>\n<script type=\"application\/ld+json\" class=\"yoast-schema-graph\">{\"@context\":\"https:\\\/\\\/schema.org\",\"@graph\":[{\"@type\":\"WebPage\",\"@id\":\"https:\\\/\\\/botiguesmuseusalas.cat\\\/es\\\/botigues-museu\\\/\",\"url\":\"https:\\\/\\\/botiguesmuseusalas.cat\\\/es\\\/botigues-museu\\\/\",\"name\":\"Las 10 tiendas - Botigues Museu de Sal\u00e0s\",\"isPartOf\":{\"@id\":\"https:\\\/\\\/botiguesmuseusalas.cat\\\/#website\"},\"primaryImageOfPage\":{\"@id\":\"https:\\\/\\\/botiguesmuseusalas.cat\\\/es\\\/botigues-museu\\\/#primaryimage\"},\"image\":{\"@id\":\"https:\\\/\\\/botiguesmuseusalas.cat\\\/es\\\/botigues-museu\\\/#primaryimage\"},\"thumbnailUrl\":\"https:\\\/\\\/botiguesmuseusalas.cat\\\/wp-content\\\/uploads\\\/2016\\\/07\\\/Botigues-Salas-Merceria-01.jpg\",\"datePublished\":\"2017-07-03T08:50:26+00:00\",\"dateModified\":\"2025-02-02T21:06:05+00:00\",\"description\":\"Conoce las 8 Botigues Museu de Sal\u00e0s y su historia.\",\"breadcrumb\":{\"@id\":\"https:\\\/\\\/botiguesmuseusalas.cat\\\/es\\\/botigues-museu\\\/#breadcrumb\"},\"inLanguage\":\"es\",\"potentialAction\":[{\"@type\":\"ReadAction\",\"target\":[\"https:\\\/\\\/botiguesmuseusalas.cat\\\/es\\\/botigues-museu\\\/\"]}]},{\"@type\":\"ImageObject\",\"inLanguage\":\"es\",\"@id\":\"https:\\\/\\\/botiguesmuseusalas.cat\\\/es\\\/botigues-museu\\\/#primaryimage\",\"url\":\"https:\\\/\\\/botiguesmuseusalas.cat\\\/wp-content\\\/uploads\\\/2016\\\/07\\\/Botigues-Salas-Merceria-01.jpg\",\"contentUrl\":\"https:\\\/\\\/botiguesmuseusalas.cat\\\/wp-content\\\/uploads\\\/2016\\\/07\\\/Botigues-Salas-Merceria-01.jpg\",\"width\":800,\"height\":533},{\"@type\":\"BreadcrumbList\",\"@id\":\"https:\\\/\\\/botiguesmuseusalas.cat\\\/es\\\/botigues-museu\\\/#breadcrumb\",\"itemListElement\":[{\"@type\":\"ListItem\",\"position\":1,\"name\":\"Inici\",\"item\":\"https:\\\/\\\/botiguesmuseusalas.cat\\\/es\\\/\"},{\"@type\":\"ListItem\",\"position\":2,\"name\":\"Las 10 tiendas\"}]},{\"@type\":\"WebSite\",\"@id\":\"https:\\\/\\\/botiguesmuseusalas.cat\\\/#website\",\"url\":\"https:\\\/\\\/botiguesmuseusalas.cat\\\/\",\"name\":\"Botigues Museu de Sal\u00e0s\",\"description\":\"Web oficial de les Botigues Museu de Sal\u00e0s de Pallars (Lleida)\",\"potentialAction\":[{\"@type\":\"SearchAction\",\"target\":{\"@type\":\"EntryPoint\",\"urlTemplate\":\"https:\\\/\\\/botiguesmuseusalas.cat\\\/?s={search_term_string}\"},\"query-input\":{\"@type\":\"PropertyValueSpecification\",\"valueRequired\":true,\"valueName\":\"search_term_string\"}}],\"inLanguage\":\"es\"}]}<\/script>\n<!-- \/ Yoast SEO plugin. -->","yoast_head_json":{"title":"Las 10 tiendas - Botigues Museu de Sal\u00e0s","description":"Conoce las 8 Botigues Museu de Sal\u00e0s y su historia.","robots":{"index":"index","follow":"follow","max-snippet":"max-snippet:-1","max-image-preview":"max-image-preview:large","max-video-preview":"max-video-preview:-1"},"canonical":"https:\/\/botiguesmuseusalas.cat\/es\/botigues-museu\/","og_locale":"es_ES","og_type":"article","og_title":"Las 10 tiendas - Botigues Museu de Sal\u00e0s","og_description":"Conoce las 8 Botigues Museu de Sal\u00e0s y su historia.","og_url":"https:\/\/botiguesmuseusalas.cat\/es\/botigues-museu\/","og_site_name":"Botigues Museu de Sal\u00e0s","article_modified_time":"2025-02-02T21:06:05+00:00","og_image":[{"width":800,"height":533,"url":"https:\/\/botiguesmuseusalas.cat\/wp-content\/uploads\/2016\/07\/Botigues-Salas-Merceria-01.jpg","type":"image\/jpeg"}],"twitter_card":"summary_large_image","twitter_misc":{"Tiempo de lectura":"3 minutos"},"schema":{"@context":"https:\/\/schema.org","@graph":[{"@type":"WebPage","@id":"https:\/\/botiguesmuseusalas.cat\/es\/botigues-museu\/","url":"https:\/\/botiguesmuseusalas.cat\/es\/botigues-museu\/","name":"Las 10 tiendas - Botigues Museu de Sal\u00e0s","isPartOf":{"@id":"https:\/\/botiguesmuseusalas.cat\/#website"},"primaryImageOfPage":{"@id":"https:\/\/botiguesmuseusalas.cat\/es\/botigues-museu\/#primaryimage"},"image":{"@id":"https:\/\/botiguesmuseusalas.cat\/es\/botigues-museu\/#primaryimage"},"thumbnailUrl":"https:\/\/botiguesmuseusalas.cat\/wp-content\/uploads\/2016\/07\/Botigues-Salas-Merceria-01.jpg","datePublished":"2017-07-03T08:50:26+00:00","dateModified":"2025-02-02T21:06:05+00:00","description":"Conoce las 8 Botigues Museu de Sal\u00e0s y su historia.","breadcrumb":{"@id":"https:\/\/botiguesmuseusalas.cat\/es\/botigues-museu\/#breadcrumb"},"inLanguage":"es","potentialAction":[{"@type":"ReadAction","target":["https:\/\/botiguesmuseusalas.cat\/es\/botigues-museu\/"]}]},{"@type":"ImageObject","inLanguage":"es","@id":"https:\/\/botiguesmuseusalas.cat\/es\/botigues-museu\/#primaryimage","url":"https:\/\/botiguesmuseusalas.cat\/wp-content\/uploads\/2016\/07\/Botigues-Salas-Merceria-01.jpg","contentUrl":"https:\/\/botiguesmuseusalas.cat\/wp-content\/uploads\/2016\/07\/Botigues-Salas-Merceria-01.jpg","width":800,"height":533},{"@type":"BreadcrumbList","@id":"https:\/\/botiguesmuseusalas.cat\/es\/botigues-museu\/#breadcrumb","itemListElement":[{"@type":"ListItem","position":1,"name":"Inici","item":"https:\/\/botiguesmuseusalas.cat\/es\/"},{"@type":"ListItem","position":2,"name":"Las 10 tiendas"}]},{"@type":"WebSite","@id":"https:\/\/botiguesmuseusalas.cat\/#website","url":"https:\/\/botiguesmuseusalas.cat\/","name":"Botigues Museu de Sal\u00e0s","description":"Web oficial de les Botigues Museu de Sal\u00e0s de Pallars (Lleida)","potentialAction":[{"@type":"SearchAction","target":{"@type":"EntryPoint","urlTemplate":"https:\/\/botiguesmuseusalas.cat\/?s={search_term_string}"},"query-input":{"@type":"PropertyValueSpecification","valueRequired":true,"valueName":"search_term_string"}}],"inLanguage":"es"}]}},"_links":{"self":[{"href":"https:\/\/botiguesmuseusalas.cat\/es\/wp-json\/wp\/v2\/pages\/1367","targetHints":{"allow":["GET"]}}],"collection":[{"href":"https:\/\/botiguesmuseusalas.cat\/es\/wp-json\/wp\/v2\/pages"}],"about":[{"href":"https:\/\/botiguesmuseusalas.cat\/es\/wp-json\/wp\/v2\/types\/page"}],"author":[{"embeddable":true,"href":"https:\/\/botiguesmuseusalas.cat\/es\/wp-json\/wp\/v2\/users\/7"}],"replies":[{"embeddable":true,"href":"https:\/\/botiguesmuseusalas.cat\/es\/wp-json\/wp\/v2\/comments?post=1367"}],"version-history":[{"count":19,"href":"https:\/\/botiguesmuseusalas.cat\/es\/wp-json\/wp\/v2\/pages\/1367\/revisions"}],"predecessor-version":[{"id":3879,"href":"https:\/\/botiguesmuseusalas.cat\/es\/wp-json\/wp\/v2\/pages\/1367\/revisions\/3879"}],"wp:featuredmedia":[{"embeddable":true,"href":"https:\/\/botiguesmuseusalas.cat\/es\/wp-json\/wp\/v2\/media\/998"}],"wp:attachment":[{"href":"https:\/\/botiguesmuseusalas.cat\/es\/wp-json\/wp\/v2\/media?parent=1367"}],"curies":[{"name":"wp","href":"https:\/\/api.w.org\/{rel}","templated":true}]}}