{"id":1373,"date":"2017-07-03T10:50:25","date_gmt":"2017-07-03T08:50:25","guid":{"rendered":"http:\/\/botiguesmuseusalas.cat\/es\/?page_id=1373"},"modified":"2017-07-10T09:33:23","modified_gmt":"2017-07-10T07:33:23","slug":"cafe","status":"publish","type":"page","link":"https:\/\/botiguesmuseusalas.cat\/es\/botigues-museu\/cafe\/","title":{"rendered":"Caf\u00e9"},"content":{"rendered":"<div id=\"pl-1373\"  class=\"panel-layout\" ><div id=\"pg-1373-0\"  class=\"panel-grid panel-has-style\" ><div class=\"siteorigin-panels-stretch panel-row-style panel-row-style-for-1373-0\" data-stretch-type=\"full\" ><div id=\"pgc-1373-0-0\"  class=\"panel-grid-cell\" ><div id=\"panel-1373-0-0-0\" class=\"so-panel widget widget_iconbox-widget panel-first-child\" data-index=\"0\" ><div\n\t\t\t\n\t\t\tclass=\"so-widget-iconbox-widget so-widget-iconbox-widget-base\"\n\t\t\t\n\t\t>\n\n<div class=\"icon-box standard ibox-plain ibox-light ibox-rounded\" data-appear-animation=\"fadeIn\">\n    <div class=\"ibox-icon\" style=\"background:#1e73be;\">\n        <span class=\"sow-icon-fontawesome sow-fas\" data-sow-icon=\"&#xf0f4;\"\n\t\tstyle=\"color: #ffffff\" \n\t\taria-hidden=\"true\"><\/span>    <\/div>\n    <h3>CAF\u00c9<\/h3>    <p>De la taberna al bar<\/p><\/div><\/div><\/div><div id=\"panel-1373-0-0-1\" class=\"so-panel widget widget_black-studio-tinymce widget_black_studio_tinymce panel-last-child\" data-index=\"1\" ><div class=\"textwidget\"><p>Ubicado en el lugar donde estaban los antiguos graneros de la casa, la ambientaci\u00f3n muestra los rasgos m\u00e1s caracter\u00edsticos que ten\u00edan este tipo de establecimientos durante los a\u00f1os 50 y 60 del siglo pasado: mobiliario, vasijas y aparatos relacionados con este tipo de establecimientos, las bebidas m\u00e1s representativas de ese periodo, los juegos m\u00e1s populares (futbol\u00edn, billar y pinball), la ambientaci\u00f3n musical con los diferentes aparatos de cada \u00e9poca.<\/p>\n<p>Desde el punto de vista discursivo la ambientaci\u00f3n de este local permite mostrar c\u00f3mo el caf\u00e9 convert\u00eda el espacio de encuentro m\u00e1s importante que hab\u00eda en las sociedades tradicionales.<\/p>\n<\/div><\/div><\/div><div id=\"pgc-1373-0-1\"  class=\"panel-grid-cell\" ><div id=\"panel-1373-0-1-0\" class=\"so-panel widget widget_carousel-widget panel-first-child panel-last-child\" data-index=\"2\" ><div\n\t\t\t\n\t\t\tclass=\"so-widget-carousel-widget so-widget-carousel-widget-base\"\n\t\t\t\n\t\t><div class=\"carousel-container\">\n<ul class=\"owl-carousel owl-theme\" data-columns=\"1\" data-autoplay=\"5000\" data-pagination=\"yes\" data-arrows=\"yes\" data-single-item=\"no\" data-items-desktop=\"1\" data-items-desktop-small=\"3\" data-items-tablet=\"2\" data-items-mobile=\"1\"  data-rtl=\"ltr\" >\n<li class=\"item\"><img decoding=\"async\" src=\"https:\/\/botiguesmuseusalas.cat\/wp-content\/uploads\/2016\/07\/Foto88.jpg\" alt=\"Image\">                <\/li><li class=\"item\"><img decoding=\"async\" src=\"https:\/\/botiguesmuseusalas.cat\/wp-content\/uploads\/2016\/07\/Foto90.jpg\" alt=\"Image\">                <\/li><li class=\"item\"><img decoding=\"async\" src=\"https:\/\/botiguesmuseusalas.cat\/wp-content\/uploads\/2016\/07\/Botigues-Salas-Caf\u00e8-01.jpg\" alt=\"Image\">                <\/li><li class=\"item\"><img decoding=\"async\" src=\"https:\/\/botiguesmuseusalas.cat\/wp-content\/uploads\/2016\/07\/Foto84.jpg\" alt=\"Image\">                <\/li><\/ul>\n<\/div><\/div><\/div><\/div><\/div><\/div><div id=\"pg-1373-1\"  class=\"panel-grid panel-no-style\" ><div id=\"pgc-1373-1-0\"  class=\"panel-grid-cell\" ><div id=\"panel-1373-1-0-0\" class=\"so-panel widget widget_hr-widget panel-first-child panel-last-child\" data-index=\"3\" ><div\n\t\t\t\n\t\t\tclass=\"so-widget-hr-widget so-widget-hr-widget-base\"\n\t\t\t\n\t\t>\n<hr class=\"fw\" style=\"height:1px; background:; margin-top:30px; margin-bottom:30px\"><\/div><\/div><\/div><\/div><div id=\"pg-1373-2\"  class=\"panel-grid panel-no-style\" ><div id=\"pgc-1373-2-0\"  class=\"panel-grid-cell\" ><div id=\"panel-1373-2-0-0\" class=\"so-panel widget widget_sow-post-carousel panel-first-child panel-last-child\" data-index=\"4\" ><div\n\t\t\t\n\t\t\tclass=\"so-widget-sow-post-carousel so-widget-sow-post-carousel-base-ad93eedad001-1373\"\n\t\t\t\n\t\t>\t<div\n\t\tclass=\"sow-post-carousel-wrapper sow-post-carousel-theme-base\"\n\t\tstyle=\"overflow: hidden; max-width: 100%; min-height: 182px\"\n\t>\n\t\t<div class=\"sow-carousel-title has-title\">\n\t<h3 class=\"widget-title\">LAS OTRAS BOTIGUES<\/h3>\t\t<div class=\"sow-carousel-navigation \">\n\t\t\t\t\t\t<a href=\"#\" class=\"sow-carousel-next\" title=\"Siguiente\" aria-label=\"Entradas siguientes\" role=\"button\"><\/a>\n\t\t\t\t\t\t<a href=\"#\" class=\"sow-carousel-previous\" title=\"Anterior\" aria-label=\"Entradas anteriores\" role=\"button\"><\/a>\n\t\t\t\t\t<\/div>\n\t<\/div>\n\n<div class=\"sow-carousel-container \">\n\t\t<div class=\"sow-carousel-wrapper\"\n\t\tdata-dir=\"ltr\"\n\t\tstyle=\"opacity: 0;\"\n\t\tdata-widget=\"post\" data-fetching=\"false\" data-page=\"1\" data-ajax-url=\"https:\/\/botiguesmuseusalas.cat\/wp-admin\/admin-ajax.php?_widgets_nonce=b02aadb565\" data-item_count=\"7\" data-carousel_settings=\"{&quot;loop&quot;:true,&quot;animation&quot;:&quot;Ease&quot;,&quot;animation_speed&quot;:400,&quot;autoplay&quot;:&quot;&quot;,&quot;pauseOnHover&quot;:&quot;&quot;,&quot;autoplaySpeed&quot;:8000,&quot;item_overflow&quot;:true,&quot;autoplay_continuous_scroll&quot;:false}\" data-responsive=\"{&quot;desktop_slides_to_scroll&quot;:1,&quot;tablet_landscape_breakpoint&quot;:1366,&quot;tablet_landscape_slides_to_scroll&quot;:2,&quot;tablet_portrait_breakpoint&quot;:1025,&quot;tablet_portrait_slides_to_scroll&quot;:2,&quot;mobile_breakpoint&quot;:480,&quot;mobile_slides_to_scroll&quot;:1}\" data-variable_width=\"true\" \t>\n\t\t<div\n\t\t\tclass=\"sow-carousel-items\"\n\t\t\t\t\t>\n\t\t\t\t<div class=\"sow-carousel-item\" tabindex=\"-1\" style=\"float: left;\">\n\t\t<div class=\"sow-carousel-thumbnail\">\n\t\t\t\t\t\t\t<a\n\t\t\t\t\thref=\"https:\/\/botiguesmuseusalas.cat\/es\/botigues-museu\/ultramarinos-y-coloniales\/\"\n\t\t\t\t\t\t\t\t\t\tstyle=\"background-image: url( https:\/\/botiguesmuseusalas.cat\/wp-content\/uploads\/2016\/07\/Ultramarinos-02-272x182.jpg )\"\n\t\t\t\t\taria-labelledby=\"sow-carousel-id-1400\"\n\t\t\t\t\ttabindex=\"-1\"\n\t\t\t\t>\n\t\t\t\t\t<span class=\"overlay\"><\/span>\n\t\t\t\t<\/a>\n\t\t\t\t\t<\/div>\n\t\t<h3 class=\"sow-carousel-item-title\">\n\t\t\t<a\n\t\t\t\thref=\"https:\/\/botiguesmuseusalas.cat\/es\/botigues-museu\/ultramarinos-y-coloniales\/\"\n\t\t\t\tid=\"sow-carousel-id-1400\"\n\t\t\t\t\t\t\t\ttabindex=\"-1\"\n\t\t\t>\n\n\t\t\t\tUltramarinos &#038; coloniales\t\t\t<\/a>\n\t\t<\/h3>\n\t<\/div>\n\t\t<div class=\"sow-carousel-item\" tabindex=\"-1\" style=\"float: left;\">\n\t\t<div class=\"sow-carousel-thumbnail\">\n\t\t\t\t\t\t\t<a\n\t\t\t\t\thref=\"https:\/\/botiguesmuseusalas.cat\/es\/botigues-museu\/farmacia\/\"\n\t\t\t\t\t\t\t\t\t\tstyle=\"background-image: url( https:\/\/botiguesmuseusalas.cat\/wp-content\/uploads\/2016\/07\/Farmacia-01-272x182.jpg )\"\n\t\t\t\t\taria-labelledby=\"sow-carousel-id-1381\"\n\t\t\t\t\ttabindex=\"-1\"\n\t\t\t\t>\n\t\t\t\t\t<span class=\"overlay\"><\/span>\n\t\t\t\t<\/a>\n\t\t\t\t\t<\/div>\n\t\t<h3 class=\"sow-carousel-item-title\">\n\t\t\t<a\n\t\t\t\thref=\"https:\/\/botiguesmuseusalas.cat\/es\/botigues-museu\/farmacia\/\"\n\t\t\t\tid=\"sow-carousel-id-1381\"\n\t\t\t\t\t\t\t\ttabindex=\"-1\"\n\t\t\t>\n\n\t\t\t\tFarmacia\t\t\t<\/a>\n\t\t<\/h3>\n\t<\/div>\n\t\t<div class=\"sow-carousel-item\" tabindex=\"-1\" style=\"float: left;\">\n\t\t<div class=\"sow-carousel-thumbnail\">\n\t\t\t\t\t\t\t<a\n\t\t\t\t\thref=\"https:\/\/botiguesmuseusalas.cat\/es\/botigues-museu\/merceria-perfumeria\/\"\n\t\t\t\t\t\t\t\t\t\tstyle=\"background-image: url( https:\/\/botiguesmuseusalas.cat\/wp-content\/uploads\/2016\/07\/Merceria-01-272x182.jpg )\"\n\t\t\t\t\taria-labelledby=\"sow-carousel-id-1389\"\n\t\t\t\t\ttabindex=\"-1\"\n\t\t\t\t>\n\t\t\t\t\t<span class=\"overlay\"><\/span>\n\t\t\t\t<\/a>\n\t\t\t\t\t<\/div>\n\t\t<h3 class=\"sow-carousel-item-title\">\n\t\t\t<a\n\t\t\t\thref=\"https:\/\/botiguesmuseusalas.cat\/es\/botigues-museu\/merceria-perfumeria\/\"\n\t\t\t\tid=\"sow-carousel-id-1389\"\n\t\t\t\t\t\t\t\ttabindex=\"-1\"\n\t\t\t>\n\n\t\t\t\tMercer\u00eda-perfumer\u00eda\t\t\t<\/a>\n\t\t<\/h3>\n\t<\/div>\n\t\t<div class=\"sow-carousel-item\" tabindex=\"-1\" style=\"float: left;\">\n\t\t<div class=\"sow-carousel-thumbnail\">\n\t\t\t\t\t\t\t<a\n\t\t\t\t\thref=\"https:\/\/botiguesmuseusalas.cat\/es\/botigues-museu\/barberia\/\"\n\t\t\t\t\t\t\t\t\t\tstyle=\"background-image: url( https:\/\/botiguesmuseusalas.cat\/wp-content\/uploads\/2016\/07\/Barberia-01-1200x800-272x182.jpg )\"\n\t\t\t\t\taria-labelledby=\"sow-carousel-id-1370\"\n\t\t\t\t\ttabindex=\"-1\"\n\t\t\t\t>\n\t\t\t\t\t<span class=\"overlay\"><\/span>\n\t\t\t\t<\/a>\n\t\t\t\t\t<\/div>\n\t\t<h3 class=\"sow-carousel-item-title\">\n\t\t\t<a\n\t\t\t\thref=\"https:\/\/botiguesmuseusalas.cat\/es\/botigues-museu\/barberia\/\"\n\t\t\t\tid=\"sow-carousel-id-1370\"\n\t\t\t\t\t\t\t\ttabindex=\"-1\"\n\t\t\t>\n\n\t\t\t\tBarber\u00eda\t\t\t<\/a>\n\t\t<\/h3>\n\t<\/div>\n\t\t<div class=\"sow-carousel-item\" tabindex=\"-1\" style=\"float: left;\">\n\t\t<div class=\"sow-carousel-thumbnail\">\n\t\t\t\t\t\t\t<a\n\t\t\t\t\thref=\"https:\/\/botiguesmuseusalas.cat\/es\/botigues-museu\/estanco\/\"\n\t\t\t\t\t\t\t\t\t\tstyle=\"background-image: url( https:\/\/botiguesmuseusalas.cat\/wp-content\/uploads\/2016\/07\/Tabacos-01-272x182.jpg )\"\n\t\t\t\t\taria-labelledby=\"sow-carousel-id-1376\"\n\t\t\t\t\ttabindex=\"-1\"\n\t\t\t\t>\n\t\t\t\t\t<span class=\"overlay\"><\/span>\n\t\t\t\t<\/a>\n\t\t\t\t\t<\/div>\n\t\t<h3 class=\"sow-carousel-item-title\">\n\t\t\t<a\n\t\t\t\thref=\"https:\/\/botiguesmuseusalas.cat\/es\/botigues-museu\/estanco\/\"\n\t\t\t\tid=\"sow-carousel-id-1376\"\n\t\t\t\t\t\t\t\ttabindex=\"-1\"\n\t\t\t>\n\n\t\t\t\tEstanco\t\t\t<\/a>\n\t\t<\/h3>\n\t<\/div>\n\t\t<div class=\"sow-carousel-item\" tabindex=\"-1\" style=\"float: left;\">\n\t\t<div class=\"sow-carousel-thumbnail\">\n\t\t\t\t\t\t\t<a\n\t\t\t\t\thref=\"https:\/\/botiguesmuseusalas.cat\/es\/botigues-museu\/quiosco\/\"\n\t\t\t\t\t\t\t\t\t\tstyle=\"background-image: url( https:\/\/botiguesmuseusalas.cat\/wp-content\/uploads\/2016\/07\/Kiosko-01-1-272x182.jpg )\"\n\t\t\t\t\taria-labelledby=\"sow-carousel-id-1397\"\n\t\t\t\t\ttabindex=\"-1\"\n\t\t\t\t>\n\t\t\t\t\t<span class=\"overlay\"><\/span>\n\t\t\t\t<\/a>\n\t\t\t\t\t<\/div>\n\t\t<h3 class=\"sow-carousel-item-title\">\n\t\t\t<a\n\t\t\t\thref=\"https:\/\/botiguesmuseusalas.cat\/es\/botigues-museu\/quiosco\/\"\n\t\t\t\tid=\"sow-carousel-id-1397\"\n\t\t\t\t\t\t\t\ttabindex=\"-1\"\n\t\t\t>\n\n\t\t\t\tQuiosco\t\t\t<\/a>\n\t\t<\/h3>\n\t<\/div>\n\t\t<div class=\"sow-carousel-item\" tabindex=\"-1\" style=\"float: left;\">\n\t\t<div class=\"sow-carousel-thumbnail\">\n\t\t\t\t\t\t\t<a\n\t\t\t\t\thref=\"https:\/\/botiguesmuseusalas.cat\/es\/botigues-museu\/imprenta\/\"\n\t\t\t\t\t\t\t\t\t\tstyle=\"background-image: url( https:\/\/botiguesmuseusalas.cat\/wp-content\/uploads\/2016\/07\/Imprenta-01-272x182.jpg )\"\n\t\t\t\t\taria-labelledby=\"sow-carousel-id-1386\"\n\t\t\t\t\ttabindex=\"-1\"\n\t\t\t\t>\n\t\t\t\t\t<span class=\"overlay\"><\/span>\n\t\t\t\t<\/a>\n\t\t\t\t\t<\/div>\n\t\t<h3 class=\"sow-carousel-item-title\">\n\t\t\t<a\n\t\t\t\thref=\"https:\/\/botiguesmuseusalas.cat\/es\/botigues-museu\/imprenta\/\"\n\t\t\t\tid=\"sow-carousel-id-1386\"\n\t\t\t\t\t\t\t\ttabindex=\"-1\"\n\t\t\t>\n\n\t\t\t\tImprenta\t\t\t<\/a>\n\t\t<\/h3>\n\t<\/div>\n\t\t\t<\/div>\n\t\t\t<\/div>\n\n\t<\/div>\n\t\t<input type=\"hidden\" name=\"instance_hash\" value=\"2b8d2381\"\/>\n\t<\/div>\n<\/div><\/div><\/div><\/div><\/div>","protected":false},"excerpt":{"rendered":"<p>Ubicado en el lugar donde estaban los antiguos graneros de la casa, la ambientaci\u00f3n muestra los rasgos m\u00e1s caracter\u00edsticos que ten\u00edan este tipo de establecimientos durante los a\u00f1os 50 y 60 del siglo pasado: mobiliario, vasijas y aparatos relacionados con este tipo de establecimientos, las bebidas m\u00e1s representativas de ese periodo, los juegos m\u00e1s populares (futbol\u00edn, billar y pinball), la ambientaci\u00f3n musical con los diferentes aparatos de cada \u00e9poca. Desde el punto de vista discursivo la ambientaci\u00f3n de este local permite mostrar c\u00f3mo el caf\u00e9 convert\u00eda el espacio de encuentro m\u00e1s importante que hab\u00eda en las sociedades tradicionales.<\/p>\n","protected":false},"author":7,"featured_media":891,"parent":1367,"menu_order":0,"comment_status":"closed","ping_status":"closed","template":"","meta":{"_acf_changed":false,"footnotes":""},"class_list":["post-1373","page","type-page","status-publish","has-post-thumbnail","hentry"],"acf":[],"yoast_head":"<!-- This site is optimized with the Yoast SEO plugin v27.3 - https:\/\/yoast.com\/product\/yoast-seo-wordpress\/ -->\n<title>Caf\u00e9 - Botigues Museu de Sal\u00e0s<\/title>\n<meta name=\"description\" content=\"La ambientaci\u00f3n de este local permite mostrar c\u00f3mo el caf\u00e9 convert\u00eda el espacio de encuentro m\u00e1s importante que hab\u00eda en las sociedades tradicionales.\" \/>\n<meta name=\"robots\" content=\"index, follow, max-snippet:-1, max-image-preview:large, max-video-preview:-1\" \/>\n<link rel=\"canonical\" href=\"https:\/\/botiguesmuseusalas.cat\/es\/botigues-museu\/cafe\/\" \/>\n<meta property=\"og:locale\" content=\"es_ES\" \/>\n<meta property=\"og:type\" content=\"article\" \/>\n<meta property=\"og:title\" content=\"Caf\u00e9 - Botigues Museu de Sal\u00e0s\" \/>\n<meta property=\"og:description\" content=\"La ambientaci\u00f3n de este local permite mostrar c\u00f3mo el caf\u00e9 convert\u00eda el espacio de encuentro m\u00e1s importante que hab\u00eda en las sociedades tradicionales.\" \/>\n<meta property=\"og:url\" content=\"https:\/\/botiguesmuseusalas.cat\/es\/botigues-museu\/cafe\/\" \/>\n<meta property=\"og:site_name\" content=\"Botigues Museu de Sal\u00e0s\" \/>\n<meta property=\"article:modified_time\" content=\"2017-07-10T07:33:23+00:00\" \/>\n<meta property=\"og:image\" content=\"https:\/\/botiguesmuseusalas.cat\/wp-content\/uploads\/2016\/07\/Bar-01.jpg\" \/>\n\t<meta property=\"og:image:width\" content=\"1200\" \/>\n\t<meta property=\"og:image:height\" content=\"800\" \/>\n\t<meta property=\"og:image:type\" content=\"image\/jpeg\" \/>\n<meta name=\"twitter:card\" content=\"summary_large_image\" \/>\n<meta name=\"twitter:label1\" content=\"Tiempo de lectura\" \/>\n\t<meta name=\"twitter:data1\" content=\"1 minuto\" \/>\n<script type=\"application\/ld+json\" class=\"yoast-schema-graph\">{\"@context\":\"https:\\\/\\\/schema.org\",\"@graph\":[{\"@type\":\"WebPage\",\"@id\":\"https:\\\/\\\/botiguesmuseusalas.cat\\\/es\\\/botigues-museu\\\/cafe\\\/\",\"url\":\"https:\\\/\\\/botiguesmuseusalas.cat\\\/es\\\/botigues-museu\\\/cafe\\\/\",\"name\":\"Caf\u00e9 - Botigues Museu de Sal\u00e0s\",\"isPartOf\":{\"@id\":\"https:\\\/\\\/botiguesmuseusalas.cat\\\/#website\"},\"primaryImageOfPage\":{\"@id\":\"https:\\\/\\\/botiguesmuseusalas.cat\\\/es\\\/botigues-museu\\\/cafe\\\/#primaryimage\"},\"image\":{\"@id\":\"https:\\\/\\\/botiguesmuseusalas.cat\\\/es\\\/botigues-museu\\\/cafe\\\/#primaryimage\"},\"thumbnailUrl\":\"https:\\\/\\\/botiguesmuseusalas.cat\\\/wp-content\\\/uploads\\\/2016\\\/07\\\/Bar-01.jpg\",\"datePublished\":\"2017-07-03T08:50:25+00:00\",\"dateModified\":\"2017-07-10T07:33:23+00:00\",\"description\":\"La ambientaci\u00f3n de este local permite mostrar c\u00f3mo el caf\u00e9 convert\u00eda el espacio de encuentro m\u00e1s importante que hab\u00eda en las sociedades tradicionales.\",\"breadcrumb\":{\"@id\":\"https:\\\/\\\/botiguesmuseusalas.cat\\\/es\\\/botigues-museu\\\/cafe\\\/#breadcrumb\"},\"inLanguage\":\"es\",\"potentialAction\":[{\"@type\":\"ReadAction\",\"target\":[\"https:\\\/\\\/botiguesmuseusalas.cat\\\/es\\\/botigues-museu\\\/cafe\\\/\"]}]},{\"@type\":\"ImageObject\",\"inLanguage\":\"es\",\"@id\":\"https:\\\/\\\/botiguesmuseusalas.cat\\\/es\\\/botigues-museu\\\/cafe\\\/#primaryimage\",\"url\":\"https:\\\/\\\/botiguesmuseusalas.cat\\\/wp-content\\\/uploads\\\/2016\\\/07\\\/Bar-01.jpg\",\"contentUrl\":\"https:\\\/\\\/botiguesmuseusalas.cat\\\/wp-content\\\/uploads\\\/2016\\\/07\\\/Bar-01.jpg\",\"width\":1200,\"height\":800},{\"@type\":\"BreadcrumbList\",\"@id\":\"https:\\\/\\\/botiguesmuseusalas.cat\\\/es\\\/botigues-museu\\\/cafe\\\/#breadcrumb\",\"itemListElement\":[{\"@type\":\"ListItem\",\"position\":1,\"name\":\"Inici\",\"item\":\"https:\\\/\\\/botiguesmuseusalas.cat\\\/es\\\/\"},{\"@type\":\"ListItem\",\"position\":2,\"name\":\"Las 10 tiendas\",\"item\":\"https:\\\/\\\/botiguesmuseusalas.cat\\\/es\\\/botigues-museu\\\/\"},{\"@type\":\"ListItem\",\"position\":3,\"name\":\"Caf\u00e9\"}]},{\"@type\":\"WebSite\",\"@id\":\"https:\\\/\\\/botiguesmuseusalas.cat\\\/#website\",\"url\":\"https:\\\/\\\/botiguesmuseusalas.cat\\\/\",\"name\":\"Botigues Museu de Sal\u00e0s\",\"description\":\"Web oficial de les Botigues Museu de Sal\u00e0s de Pallars (Lleida)\",\"potentialAction\":[{\"@type\":\"SearchAction\",\"target\":{\"@type\":\"EntryPoint\",\"urlTemplate\":\"https:\\\/\\\/botiguesmuseusalas.cat\\\/?s={search_term_string}\"},\"query-input\":{\"@type\":\"PropertyValueSpecification\",\"valueRequired\":true,\"valueName\":\"search_term_string\"}}],\"inLanguage\":\"es\"}]}<\/script>\n<!-- \/ Yoast SEO plugin. -->","yoast_head_json":{"title":"Caf\u00e9 - Botigues Museu de Sal\u00e0s","description":"La ambientaci\u00f3n de este local permite mostrar c\u00f3mo el caf\u00e9 convert\u00eda el espacio de encuentro m\u00e1s importante que hab\u00eda en las sociedades tradicionales.","robots":{"index":"index","follow":"follow","max-snippet":"max-snippet:-1","max-image-preview":"max-image-preview:large","max-video-preview":"max-video-preview:-1"},"canonical":"https:\/\/botiguesmuseusalas.cat\/es\/botigues-museu\/cafe\/","og_locale":"es_ES","og_type":"article","og_title":"Caf\u00e9 - Botigues Museu de Sal\u00e0s","og_description":"La ambientaci\u00f3n de este local permite mostrar c\u00f3mo el caf\u00e9 convert\u00eda el espacio de encuentro m\u00e1s importante que hab\u00eda en las sociedades tradicionales.","og_url":"https:\/\/botiguesmuseusalas.cat\/es\/botigues-museu\/cafe\/","og_site_name":"Botigues Museu de Sal\u00e0s","article_modified_time":"2017-07-10T07:33:23+00:00","og_image":[{"width":1200,"height":800,"url":"https:\/\/botiguesmuseusalas.cat\/wp-content\/uploads\/2016\/07\/Bar-01.jpg","type":"image\/jpeg"}],"twitter_card":"summary_large_image","twitter_misc":{"Tiempo de lectura":"1 minuto"},"schema":{"@context":"https:\/\/schema.org","@graph":[{"@type":"WebPage","@id":"https:\/\/botiguesmuseusalas.cat\/es\/botigues-museu\/cafe\/","url":"https:\/\/botiguesmuseusalas.cat\/es\/botigues-museu\/cafe\/","name":"Caf\u00e9 - Botigues Museu de Sal\u00e0s","isPartOf":{"@id":"https:\/\/botiguesmuseusalas.cat\/#website"},"primaryImageOfPage":{"@id":"https:\/\/botiguesmuseusalas.cat\/es\/botigues-museu\/cafe\/#primaryimage"},"image":{"@id":"https:\/\/botiguesmuseusalas.cat\/es\/botigues-museu\/cafe\/#primaryimage"},"thumbnailUrl":"https:\/\/botiguesmuseusalas.cat\/wp-content\/uploads\/2016\/07\/Bar-01.jpg","datePublished":"2017-07-03T08:50:25+00:00","dateModified":"2017-07-10T07:33:23+00:00","description":"La ambientaci\u00f3n de este local permite mostrar c\u00f3mo el caf\u00e9 convert\u00eda el espacio de encuentro m\u00e1s importante que hab\u00eda en las sociedades tradicionales.","breadcrumb":{"@id":"https:\/\/botiguesmuseusalas.cat\/es\/botigues-museu\/cafe\/#breadcrumb"},"inLanguage":"es","potentialAction":[{"@type":"ReadAction","target":["https:\/\/botiguesmuseusalas.cat\/es\/botigues-museu\/cafe\/"]}]},{"@type":"ImageObject","inLanguage":"es","@id":"https:\/\/botiguesmuseusalas.cat\/es\/botigues-museu\/cafe\/#primaryimage","url":"https:\/\/botiguesmuseusalas.cat\/wp-content\/uploads\/2016\/07\/Bar-01.jpg","contentUrl":"https:\/\/botiguesmuseusalas.cat\/wp-content\/uploads\/2016\/07\/Bar-01.jpg","width":1200,"height":800},{"@type":"BreadcrumbList","@id":"https:\/\/botiguesmuseusalas.cat\/es\/botigues-museu\/cafe\/#breadcrumb","itemListElement":[{"@type":"ListItem","position":1,"name":"Inici","item":"https:\/\/botiguesmuseusalas.cat\/es\/"},{"@type":"ListItem","position":2,"name":"Las 10 tiendas","item":"https:\/\/botiguesmuseusalas.cat\/es\/botigues-museu\/"},{"@type":"ListItem","position":3,"name":"Caf\u00e9"}]},{"@type":"WebSite","@id":"https:\/\/botiguesmuseusalas.cat\/#website","url":"https:\/\/botiguesmuseusalas.cat\/","name":"Botigues Museu de Sal\u00e0s","description":"Web oficial de les Botigues Museu de Sal\u00e0s de Pallars (Lleida)","potentialAction":[{"@type":"SearchAction","target":{"@type":"EntryPoint","urlTemplate":"https:\/\/botiguesmuseusalas.cat\/?s={search_term_string}"},"query-input":{"@type":"PropertyValueSpecification","valueRequired":true,"valueName":"search_term_string"}}],"inLanguage":"es"}]}},"_links":{"self":[{"href":"https:\/\/botiguesmuseusalas.cat\/es\/wp-json\/wp\/v2\/pages\/1373","targetHints":{"allow":["GET"]}}],"collection":[{"href":"https:\/\/botiguesmuseusalas.cat\/es\/wp-json\/wp\/v2\/pages"}],"about":[{"href":"https:\/\/botiguesmuseusalas.cat\/es\/wp-json\/wp\/v2\/types\/page"}],"author":[{"embeddable":true,"href":"https:\/\/botiguesmuseusalas.cat\/es\/wp-json\/wp\/v2\/users\/7"}],"replies":[{"embeddable":true,"href":"https:\/\/botiguesmuseusalas.cat\/es\/wp-json\/wp\/v2\/comments?post=1373"}],"version-history":[{"count":6,"href":"https:\/\/botiguesmuseusalas.cat\/es\/wp-json\/wp\/v2\/pages\/1373\/revisions"}],"predecessor-version":[{"id":1632,"href":"https:\/\/botiguesmuseusalas.cat\/es\/wp-json\/wp\/v2\/pages\/1373\/revisions\/1632"}],"up":[{"embeddable":true,"href":"https:\/\/botiguesmuseusalas.cat\/es\/wp-json\/wp\/v2\/pages\/1367"}],"wp:featuredmedia":[{"embeddable":true,"href":"https:\/\/botiguesmuseusalas.cat\/es\/wp-json\/wp\/v2\/media\/891"}],"wp:attachment":[{"href":"https:\/\/botiguesmuseusalas.cat\/es\/wp-json\/wp\/v2\/media?parent=1373"}],"curies":[{"name":"wp","href":"https:\/\/api.w.org\/{rel}","templated":true}]}}