{"id":1403,"date":"2017-07-03T10:50:22","date_gmt":"2017-07-03T08:50:22","guid":{"rendered":"http:\/\/botiguesmuseusalas.cat\/es\/?page_id=1403"},"modified":"2022-01-30T20:03:13","modified_gmt":"2022-01-30T18:03:13","slug":"medios-audiovisuales","status":"publish","type":"page","link":"https:\/\/botiguesmuseusalas.cat\/es\/medios-audiovisuales\/","title":{"rendered":"Medios audiovisuales"},"content":{"rendered":"<div id=\"pl-1403\"  class=\"panel-layout\" ><div id=\"pg-1403-0\"  class=\"panel-grid panel-no-style\" ><div id=\"pgc-1403-0-0\"  class=\"panel-grid-cell\" ><div id=\"panel-1403-0-0-0\" class=\"so-panel widget widget_black-studio-tinymce widget_black_studio_tinymce panel-first-child panel-last-child\" data-index=\"0\" ><div class=\"panel-widget-style panel-widget-style-for-1403-0-0-0\" ><div class=\"textwidget\"><p><a href=\"https:\/\/www.rtve.es\/television\/20220125\/botigues-museu-salas\/2266482.shtml?utm_medium=Social&utm_source=Twitter#Echobox=1643117334\" target=\"_blank\" rel=\"noopener\"><\/p>\n<h2>HELV\u00c8TICA - RTVE (ENERO 2022)<\/h2>\n<p><\/a><\/p>\n<\/div><\/div><\/div><\/div><div id=\"pgc-1403-0-1\"  class=\"panel-grid-cell\" ><div id=\"panel-1403-0-1-0\" class=\"so-panel widget widget_black-studio-tinymce widget_black_studio_tinymce panel-first-child panel-last-child\" data-index=\"1\" ><div class=\"panel-widget-style panel-widget-style-for-1403-0-1-0\" ><div class=\"textwidget\"><p><a href=\"https:\/\/www.rtve.es\/alacarta\/videos\/espana-directo\/como-eran-antes-tiendas\/5531152\/?fbclid=IwAR0pOClxB2pgwnaxtQXsRp09LCLrNEotkqLdiEXfVV8487UMB3bVdwsDsDg\" target=\"_blank\" rel=\"noopener\"><\/p>\n<h2>ESPA\u00d1A DIRECTO - RTVE (MARZO 2020)<\/h2>\n<p><\/a><\/p>\n<\/div><\/div><\/div><\/div><\/div><div id=\"pg-1403-1\"  class=\"panel-grid panel-no-style\" ><div id=\"pgc-1403-1-0\"  class=\"panel-grid-cell\" ><div id=\"panel-1403-1-0-0\" class=\"so-panel widget widget_black-studio-tinymce widget_black_studio_tinymce panel-first-child panel-last-child\" data-index=\"2\" ><div class=\"panel-widget-style panel-widget-style-for-1403-1-0-0\" ><div class=\"textwidget\"><p><a href=\"http:\/\/www.rtve.es\/alacarta\/videos\/espana-directo\/recorrido-historia-del-comercio-espanol\/5356088\/\" target=\"_blank\" rel=\"noopener\"><\/p>\n<h2>ESPA\u00d1A DIRECTO - RTVE (JULIO 2019)<\/h2>\n<p><\/a><\/p>\n<\/div><\/div><\/div><\/div><div id=\"pgc-1403-1-1\"  class=\"panel-grid-cell\" ><div id=\"panel-1403-1-1-0\" class=\"so-panel widget widget_black-studio-tinymce widget_black_studio_tinymce panel-first-child\" data-index=\"3\" ><div class=\"panel-widget-style panel-widget-style-for-1403-1-1-0\" ><div class=\"textwidget\"><h2>CATALUNYA EXPERIENCE - TV3 (OCTUBRE 2015)<\/h2>\n<\/div><\/div><\/div><div id=\"panel-1403-1-1-1\" class=\"so-panel widget widget_black-studio-tinymce widget_black_studio_tinymce panel-last-child\" data-index=\"4\" ><div class=\"textwidget\"><p><iframe loading=\"lazy\" src=\"http:\/\/www.ccma.cat\/video\/embed\/5555791\" allowfullscreen scrolling=\"no\" frameborder=\"0\" width=\"500px\" height=\"281px\"><\/iframe><\/p>\n<\/div><\/div><\/div><\/div><div id=\"pg-1403-2\"  class=\"panel-grid panel-no-style\" ><div id=\"pgc-1403-2-0\"  class=\"panel-grid-cell\" ><div id=\"panel-1403-2-0-0\" class=\"so-panel widget widget_black-studio-tinymce widget_black_studio_tinymce panel-first-child\" data-index=\"5\" ><div class=\"panel-widget-style panel-widget-style-for-1403-2-0-0\" ><div class=\"textwidget\"><h2>PEL\u00cdCULA VULCANIA (SEPTIEMBRE 2015)<\/h2>\n<\/div><\/div><\/div><div id=\"panel-1403-2-0-1\" class=\"so-panel widget widget_black-studio-tinymce widget_black_studio_tinymce panel-last-child\" data-index=\"6\" ><div class=\"textwidget\"><p><iframe loading=\"lazy\" width=\"100%\" height=\"315\" src=\"https:\/\/www.youtube.com\/embed\/otE11Ba0qsM\" frameborder=\"0\" allowfullscreen><\/iframe><\/p>\n<\/div><\/div><\/div><div id=\"pgc-1403-2-1\"  class=\"panel-grid-cell\" ><div id=\"panel-1403-2-1-0\" class=\"so-panel widget widget_black-studio-tinymce widget_black_studio_tinymce panel-first-child\" data-index=\"7\" ><div class=\"textwidget\"><h2>VIDEOCLIP \u201cMEAN MAN\u201d (JULIO 2015)<\/h2>\n<\/div><\/div><div id=\"panel-1403-2-1-1\" class=\"so-panel widget widget_black-studio-tinymce widget_black_studio_tinymce panel-last-child\" data-index=\"8\" ><div class=\"textwidget\"><p><iframe loading=\"lazy\" width=\"100%\" height=\"315\" src=\"https:\/\/www.youtube.com\/embed\/Yfi8xx8gQSo\" frameborder=\"0\" allowfullscreen><\/iframe><\/p>\n<\/div><\/div><\/div><\/div><div id=\"pg-1403-3\"  class=\"panel-grid panel-no-style\" ><div id=\"pgc-1403-3-0\"  class=\"panel-grid-cell\" ><div id=\"panel-1403-3-0-0\" class=\"so-panel widget widget_black-studio-tinymce widget_black_studio_tinymce panel-first-child\" data-index=\"9\" ><div class=\"panel-widget-style panel-widget-style-for-1403-3-0-0\" ><div class=\"textwidget\"><h2>EL FORASTER - TV3 (ENERO 2015)<\/h2>\n<\/div><\/div><\/div><div id=\"panel-1403-3-0-1\" class=\"so-panel widget widget_black-studio-tinymce widget_black_studio_tinymce panel-last-child\" data-index=\"10\" ><div class=\"textwidget\"><p><iframe loading=\"lazy\" width=\"100%\" height=\"315\" src=\"https:\/\/www.youtube.com\/embed\/FlU9i-x4kU4\" frameborder=\"0\" allowfullscreen><\/iframe><\/p>\n<\/div><\/div><\/div><div id=\"pgc-1403-3-1\"  class=\"panel-grid-cell\" ><div id=\"panel-1403-3-1-0\" class=\"so-panel widget widget_black-studio-tinymce widget_black_studio_tinymce panel-first-child\" data-index=\"11\" ><div class=\"textwidget\"><h2>FLORENTINO SPOT (VERANO 2014)<\/h2>\n<\/div><\/div><div id=\"panel-1403-3-1-1\" class=\"so-panel widget widget_black-studio-tinymce widget_black_studio_tinymce panel-last-child\" data-index=\"12\" ><div class=\"textwidget\"><p><iframe loading=\"lazy\" src=\"https:\/\/player.vimeo.com\/video\/84942801?color=ff9933&byline=0&portrait=0\" width=\"100%\" height=\"315\" frameborder=\"0\" webkitallowfullscreen mozallowfullscreen allowfullscreen><\/iframe><\/p>\n<\/div><\/div><\/div><\/div><div id=\"pg-1403-4\"  class=\"panel-grid panel-no-style\" ><div id=\"pgc-1403-4-0\"  class=\"panel-grid-cell\" ><div id=\"panel-1403-4-0-0\" class=\"so-panel widget widget_black-studio-tinymce widget_black_studio_tinymce panel-first-child\" data-index=\"13\" ><div class=\"panel-widget-style panel-widget-style-for-1403-4-0-0\" ><div class=\"textwidget\"><h2>COL\u00b7LECCIONISTES - TV3 (NOVIEMBRE 2013)<\/h2>\n<\/div><\/div><\/div><div id=\"panel-1403-4-0-1\" class=\"so-panel widget widget_black-studio-tinymce widget_black_studio_tinymce panel-last-child\" data-index=\"14\" ><div class=\"textwidget\"><p><a href=\"http:\/\/www.ccma.cat\/tv3\/alacarta\/programa\/vida-quotidiana\/video\/5541266\/\" target=\"_blank\"><img loading=\"lazy\" decoding=\"async\" width=\"670\" height=\"377\" src=\"https:\/\/botiguesmuseusalas.cat\/wp-content\/uploads\/2016\/07\/COL\u00b7LECCIONISTES-TV3.jpg\" alt=\"\" class=\"aligncenter size-full wp-image-1132\" srcset=\"https:\/\/botiguesmuseusalas.cat\/wp-content\/uploads\/2016\/07\/COL\u00b7LECCIONISTES-TV3.jpg 670w, https:\/\/botiguesmuseusalas.cat\/wp-content\/uploads\/2016\/07\/COL\u00b7LECCIONISTES-TV3-300x169.jpg 300w\" sizes=\"auto, (max-width: 670px) 100vw, 670px\" \/><\/a><\/p>\n<\/div><\/div><\/div><div id=\"pgc-1403-4-1\"  class=\"panel-grid-cell\" ><div id=\"panel-1403-4-1-0\" class=\"so-panel widget widget_black-studio-tinymce widget_black_studio_tinymce panel-first-child\" data-index=\"15\" ><div class=\"textwidget\"><h2>GR TEMPORADA 2 - TV3 (MARZO 2013)<\/h2>\n<\/div><\/div><div id=\"panel-1403-4-1-1\" class=\"so-panel widget widget_black-studio-tinymce widget_black_studio_tinymce panel-last-child\" data-index=\"16\" ><div class=\"textwidget\"><p><iframe loading=\"lazy\" src=\"http:\/\/www.ccma.cat\/video\/embed\/4487051\" allowfullscreen scrolling=\"no\" frameborder=\"0\" width=\"500px\" height=\"281px\"><\/iframe><\/p>\n<\/div><\/div><\/div><\/div><div id=\"pg-1403-5\"  class=\"panel-grid panel-no-style\" ><div id=\"pgc-1403-5-0\"  class=\"panel-grid-cell\" ><div id=\"panel-1403-5-0-0\" class=\"so-panel widget widget_black-studio-tinymce widget_black_studio_tinymce panel-first-child\" data-index=\"17\" ><div class=\"panel-widget-style panel-widget-style-for-1403-5-0-0\" ><div class=\"textwidget\"><h2>DEL PIRINEU A LA PAMPA (JULIO 2012)<\/h2>\n<\/div><\/div><\/div><div id=\"panel-1403-5-0-1\" class=\"so-panel widget widget_black-studio-tinymce widget_black_studio_tinymce panel-last-child\" data-index=\"18\" ><div class=\"textwidget\"><p><iframe loading=\"lazy\" width=\"100%\" height=\"315\" src=\"https:\/\/www.youtube.com\/embed\/P0pi_HIBOfo\" frameborder=\"0\" allowfullscreen><\/iframe><\/p>\n<\/div><\/div><\/div><div id=\"pgc-1403-5-1\"  class=\"panel-grid-cell\" ><div id=\"panel-1403-5-1-0\" class=\"so-panel widget widget_black-studio-tinymce widget_black_studio_tinymce panel-first-child\" data-index=\"19\" ><div class=\"textwidget\"><h2>DIVENDRES - TV3 (ABRIL 2011)<\/h2>\n<\/div><\/div><div id=\"panel-1403-5-1-1\" class=\"so-panel widget widget_black-studio-tinymce widget_black_studio_tinymce panel-last-child\" data-index=\"20\" ><div class=\"textwidget\"><p><iframe loading=\"lazy\" src=\"http:\/\/www.ccma.cat\/video\/embed\/3472890\" allowfullscreen scrolling=\"no\" frameborder=\"0\" width=\"500px\" height=\"281px\"><\/iframe><\/p>\n<\/div><\/div><\/div><\/div><\/div>","protected":false},"excerpt":{"rendered":"<p>HELV\u00c8TICA &#8211; RTVE (ENERO 2022) ESPA\u00d1A DIRECTO &#8211; RTVE (MARZO 2020) ESPA\u00d1A DIRECTO &#8211; RTVE (JULIO 2019) CATALUNYA EXPERIENCE &#8211; TV3 (OCTUBRE 2015)<\/p>\n","protected":false},"author":7,"featured_media":1133,"parent":0,"menu_order":0,"comment_status":"closed","ping_status":"closed","template":"","meta":{"_acf_changed":false,"footnotes":""},"class_list":["post-1403","page","type-page","status-publish","has-post-thumbnail","hentry"],"acf":[],"yoast_head":"<!-- This site is optimized with the Yoast SEO plugin v27.3 - https:\/\/yoast.com\/product\/yoast-seo-wordpress\/ -->\n<title>Medios audiovisuales - Botigues Museu de Sal\u00e0s<\/title>\n<meta name=\"description\" content=\"Apariciones de las Botigues-Museu de Sal\u00e0s en los medios audiovisuales.\" \/>\n<meta name=\"robots\" content=\"index, follow, max-snippet:-1, max-image-preview:large, max-video-preview:-1\" \/>\n<link rel=\"canonical\" href=\"https:\/\/botiguesmuseusalas.cat\/es\/medios-audiovisuales\/\" \/>\n<meta property=\"og:locale\" content=\"es_ES\" \/>\n<meta property=\"og:type\" content=\"article\" \/>\n<meta property=\"og:title\" content=\"Medios audiovisuales - Botigues Museu de Sal\u00e0s\" \/>\n<meta property=\"og:description\" content=\"Apariciones de las Botigues-Museu de Sal\u00e0s en los medios audiovisuales.\" \/>\n<meta property=\"og:url\" content=\"https:\/\/botiguesmuseusalas.cat\/es\/medios-audiovisuales\/\" \/>\n<meta property=\"og:site_name\" content=\"Botigues Museu de Sal\u00e0s\" \/>\n<meta property=\"article:modified_time\" content=\"2022-01-30T18:03:13+00:00\" \/>\n<meta property=\"og:image\" content=\"https:\/\/botiguesmuseusalas.cat\/wp-content\/uploads\/2016\/07\/COL\u00b7LECCIONISTES-TV3-1.jpg\" \/>\n\t<meta property=\"og:image:width\" content=\"670\" \/>\n\t<meta property=\"og:image:height\" content=\"377\" \/>\n\t<meta property=\"og:image:type\" content=\"image\/jpeg\" \/>\n<meta name=\"twitter:card\" content=\"summary_large_image\" \/>\n<script type=\"application\/ld+json\" class=\"yoast-schema-graph\">{\"@context\":\"https:\\\/\\\/schema.org\",\"@graph\":[{\"@type\":\"WebPage\",\"@id\":\"https:\\\/\\\/botiguesmuseusalas.cat\\\/es\\\/medios-audiovisuales\\\/\",\"url\":\"https:\\\/\\\/botiguesmuseusalas.cat\\\/es\\\/medios-audiovisuales\\\/\",\"name\":\"Medios audiovisuales - Botigues Museu de Sal\u00e0s\",\"isPartOf\":{\"@id\":\"https:\\\/\\\/botiguesmuseusalas.cat\\\/#website\"},\"primaryImageOfPage\":{\"@id\":\"https:\\\/\\\/botiguesmuseusalas.cat\\\/es\\\/medios-audiovisuales\\\/#primaryimage\"},\"image\":{\"@id\":\"https:\\\/\\\/botiguesmuseusalas.cat\\\/es\\\/medios-audiovisuales\\\/#primaryimage\"},\"thumbnailUrl\":\"https:\\\/\\\/botiguesmuseusalas.cat\\\/wp-content\\\/uploads\\\/2016\\\/07\\\/COL\u00b7LECCIONISTES-TV3-1.jpg\",\"datePublished\":\"2017-07-03T08:50:22+00:00\",\"dateModified\":\"2022-01-30T18:03:13+00:00\",\"description\":\"Apariciones de las Botigues-Museu de Sal\u00e0s en los medios audiovisuales.\",\"breadcrumb\":{\"@id\":\"https:\\\/\\\/botiguesmuseusalas.cat\\\/es\\\/medios-audiovisuales\\\/#breadcrumb\"},\"inLanguage\":\"es\",\"potentialAction\":[{\"@type\":\"ReadAction\",\"target\":[\"https:\\\/\\\/botiguesmuseusalas.cat\\\/es\\\/medios-audiovisuales\\\/\"]}]},{\"@type\":\"ImageObject\",\"inLanguage\":\"es\",\"@id\":\"https:\\\/\\\/botiguesmuseusalas.cat\\\/es\\\/medios-audiovisuales\\\/#primaryimage\",\"url\":\"https:\\\/\\\/botiguesmuseusalas.cat\\\/wp-content\\\/uploads\\\/2016\\\/07\\\/COL\u00b7LECCIONISTES-TV3-1.jpg\",\"contentUrl\":\"https:\\\/\\\/botiguesmuseusalas.cat\\\/wp-content\\\/uploads\\\/2016\\\/07\\\/COL\u00b7LECCIONISTES-TV3-1.jpg\",\"width\":670,\"height\":377},{\"@type\":\"BreadcrumbList\",\"@id\":\"https:\\\/\\\/botiguesmuseusalas.cat\\\/es\\\/medios-audiovisuales\\\/#breadcrumb\",\"itemListElement\":[{\"@type\":\"ListItem\",\"position\":1,\"name\":\"Inici\",\"item\":\"https:\\\/\\\/botiguesmuseusalas.cat\\\/es\\\/\"},{\"@type\":\"ListItem\",\"position\":2,\"name\":\"Medios audiovisuales\"}]},{\"@type\":\"WebSite\",\"@id\":\"https:\\\/\\\/botiguesmuseusalas.cat\\\/#website\",\"url\":\"https:\\\/\\\/botiguesmuseusalas.cat\\\/\",\"name\":\"Botigues Museu de Sal\u00e0s\",\"description\":\"Web oficial de les Botigues Museu de Sal\u00e0s de Pallars (Lleida)\",\"potentialAction\":[{\"@type\":\"SearchAction\",\"target\":{\"@type\":\"EntryPoint\",\"urlTemplate\":\"https:\\\/\\\/botiguesmuseusalas.cat\\\/?s={search_term_string}\"},\"query-input\":{\"@type\":\"PropertyValueSpecification\",\"valueRequired\":true,\"valueName\":\"search_term_string\"}}],\"inLanguage\":\"es\"}]}<\/script>\n<!-- \/ Yoast SEO plugin. -->","yoast_head_json":{"title":"Medios audiovisuales - Botigues Museu de Sal\u00e0s","description":"Apariciones de las Botigues-Museu de Sal\u00e0s en los medios audiovisuales.","robots":{"index":"index","follow":"follow","max-snippet":"max-snippet:-1","max-image-preview":"max-image-preview:large","max-video-preview":"max-video-preview:-1"},"canonical":"https:\/\/botiguesmuseusalas.cat\/es\/medios-audiovisuales\/","og_locale":"es_ES","og_type":"article","og_title":"Medios audiovisuales - Botigues Museu de Sal\u00e0s","og_description":"Apariciones de las Botigues-Museu de Sal\u00e0s en los medios audiovisuales.","og_url":"https:\/\/botiguesmuseusalas.cat\/es\/medios-audiovisuales\/","og_site_name":"Botigues Museu de Sal\u00e0s","article_modified_time":"2022-01-30T18:03:13+00:00","og_image":[{"width":670,"height":377,"url":"https:\/\/botiguesmuseusalas.cat\/wp-content\/uploads\/2016\/07\/COL\u00b7LECCIONISTES-TV3-1.jpg","type":"image\/jpeg"}],"twitter_card":"summary_large_image","schema":{"@context":"https:\/\/schema.org","@graph":[{"@type":"WebPage","@id":"https:\/\/botiguesmuseusalas.cat\/es\/medios-audiovisuales\/","url":"https:\/\/botiguesmuseusalas.cat\/es\/medios-audiovisuales\/","name":"Medios audiovisuales - Botigues Museu de Sal\u00e0s","isPartOf":{"@id":"https:\/\/botiguesmuseusalas.cat\/#website"},"primaryImageOfPage":{"@id":"https:\/\/botiguesmuseusalas.cat\/es\/medios-audiovisuales\/#primaryimage"},"image":{"@id":"https:\/\/botiguesmuseusalas.cat\/es\/medios-audiovisuales\/#primaryimage"},"thumbnailUrl":"https:\/\/botiguesmuseusalas.cat\/wp-content\/uploads\/2016\/07\/COL\u00b7LECCIONISTES-TV3-1.jpg","datePublished":"2017-07-03T08:50:22+00:00","dateModified":"2022-01-30T18:03:13+00:00","description":"Apariciones de las Botigues-Museu de Sal\u00e0s en los medios audiovisuales.","breadcrumb":{"@id":"https:\/\/botiguesmuseusalas.cat\/es\/medios-audiovisuales\/#breadcrumb"},"inLanguage":"es","potentialAction":[{"@type":"ReadAction","target":["https:\/\/botiguesmuseusalas.cat\/es\/medios-audiovisuales\/"]}]},{"@type":"ImageObject","inLanguage":"es","@id":"https:\/\/botiguesmuseusalas.cat\/es\/medios-audiovisuales\/#primaryimage","url":"https:\/\/botiguesmuseusalas.cat\/wp-content\/uploads\/2016\/07\/COL\u00b7LECCIONISTES-TV3-1.jpg","contentUrl":"https:\/\/botiguesmuseusalas.cat\/wp-content\/uploads\/2016\/07\/COL\u00b7LECCIONISTES-TV3-1.jpg","width":670,"height":377},{"@type":"BreadcrumbList","@id":"https:\/\/botiguesmuseusalas.cat\/es\/medios-audiovisuales\/#breadcrumb","itemListElement":[{"@type":"ListItem","position":1,"name":"Inici","item":"https:\/\/botiguesmuseusalas.cat\/es\/"},{"@type":"ListItem","position":2,"name":"Medios audiovisuales"}]},{"@type":"WebSite","@id":"https:\/\/botiguesmuseusalas.cat\/#website","url":"https:\/\/botiguesmuseusalas.cat\/","name":"Botigues Museu de Sal\u00e0s","description":"Web oficial de les Botigues Museu de Sal\u00e0s de Pallars (Lleida)","potentialAction":[{"@type":"SearchAction","target":{"@type":"EntryPoint","urlTemplate":"https:\/\/botiguesmuseusalas.cat\/?s={search_term_string}"},"query-input":{"@type":"PropertyValueSpecification","valueRequired":true,"valueName":"search_term_string"}}],"inLanguage":"es"}]}},"_links":{"self":[{"href":"https:\/\/botiguesmuseusalas.cat\/es\/wp-json\/wp\/v2\/pages\/1403","targetHints":{"allow":["GET"]}}],"collection":[{"href":"https:\/\/botiguesmuseusalas.cat\/es\/wp-json\/wp\/v2\/pages"}],"about":[{"href":"https:\/\/botiguesmuseusalas.cat\/es\/wp-json\/wp\/v2\/types\/page"}],"author":[{"embeddable":true,"href":"https:\/\/botiguesmuseusalas.cat\/es\/wp-json\/wp\/v2\/users\/7"}],"replies":[{"embeddable":true,"href":"https:\/\/botiguesmuseusalas.cat\/es\/wp-json\/wp\/v2\/comments?post=1403"}],"version-history":[{"count":8,"href":"https:\/\/botiguesmuseusalas.cat\/es\/wp-json\/wp\/v2\/pages\/1403\/revisions"}],"predecessor-version":[{"id":3232,"href":"https:\/\/botiguesmuseusalas.cat\/es\/wp-json\/wp\/v2\/pages\/1403\/revisions\/3232"}],"wp:featuredmedia":[{"embeddable":true,"href":"https:\/\/botiguesmuseusalas.cat\/es\/wp-json\/wp\/v2\/media\/1133"}],"wp:attachment":[{"href":"https:\/\/botiguesmuseusalas.cat\/es\/wp-json\/wp\/v2\/media?parent=1403"}],"curies":[{"name":"wp","href":"https:\/\/api.w.org\/{rel}","templated":true}]}}