{"id":1428,"date":"2017-07-03T10:50:20","date_gmt":"2017-07-03T08:50:20","guid":{"rendered":"http:\/\/botiguesmuseusalas.cat\/es\/?page_id=1428"},"modified":"2025-02-02T01:25:21","modified_gmt":"2025-02-01T23:25:21","slug":"visita","status":"publish","type":"page","link":"https:\/\/botiguesmuseusalas.cat\/es\/visita\/","title":{"rendered":"Visita"},"content":{"rendered":"<div id=\"pl-1428\"  class=\"panel-layout\" ><div id=\"pg-1428-0\"  class=\"panel-grid panel-no-style\" ><div id=\"pgc-1428-0-0\"  class=\"panel-grid-cell\" ><div id=\"panel-1428-0-0-0\" class=\"so-panel widget widget_iconbox-widget panel-first-child\" data-index=\"0\" ><div\n\t\t\t\n\t\t\tclass=\"so-widget-iconbox-widget so-widget-iconbox-widget-base\"\n\t\t\t\n\t\t>\n\n<div class=\"icon-box standard ibox-plain ibox-light ibox-rounded\" data-appear-animation=\"fadeIn\">\n    <div class=\"ibox-icon\" style=\"background:#5cb85c;\">\n        <span class=\"sow-icon-fontawesome sow-far\" data-sow-icon=\"&#xf017;\"\n\t\tstyle=\"color: #ffffff\" \n\t\taria-hidden=\"true\"><\/span>    <\/div>\n    <h3>HORARIOS Y RESERVAS<\/h3>    <\/div><\/div><\/div><div id=\"panel-1428-0-0-1\" class=\"so-panel widget widget_black-studio-tinymce widget_black_studio_tinymce panel-last-child\" data-index=\"1\" ><div class=\"textwidget\">Las Botigues Museu de Sal\u00e0s se visitan en grupos guiados con reserva pr\u00e9via obligat\u00f3ria.\n\n<a class=\"btn btn-default  btn-sm\" href=\"https:\/\/botiguesmuseusalas.cat\/visita\/horaris\/\" target=\"_self\" >M\u00c1S INFORMACI\u00d3N<\/a><\/div><\/div><\/div><div id=\"pgc-1428-0-1\"  class=\"panel-grid-cell\" ><div id=\"panel-1428-0-1-0\" class=\"so-panel widget widget_iconbox-widget panel-first-child\" data-index=\"2\" ><div\n\t\t\t\n\t\t\tclass=\"so-widget-iconbox-widget so-widget-iconbox-widget-base\"\n\t\t\t\n\t\t>\n\n<div class=\"icon-box standard ibox-plain ibox-light ibox-rounded\" data-appear-animation=\"fadeIn\">\n    <div class=\"ibox-icon\" style=\"background:#5cb85c;\">\n        <span class=\"sow-icon-fontawesome sow-fas\" data-sow-icon=\"&#xf3ff;\"\n\t\tstyle=\"color: #ffffff\" \n\t\taria-hidden=\"true\"><\/span>    <\/div>\n    <h3>PRECIOS<\/h3>    <\/div><\/div><\/div><div id=\"panel-1428-0-1-1\" class=\"so-panel widget widget_black-studio-tinymce widget_black_studio_tinymce panel-last-child\" data-index=\"3\" ><div class=\"textwidget\">El precio de la visita guiada por adulto es de 9 \u20ac. Consulta otras modalidades.\n\n<a class=\"btn btn-default  btn-sm\" href=\"https:\/\/botiguesmuseusalas.cat\/visita\/preus\/\" target=\"_self\" >M\u00c1S INFORMACI\u00d3N<\/a><\/div><\/div><\/div><div id=\"pgc-1428-0-2\"  class=\"panel-grid-cell\" ><div id=\"panel-1428-0-2-0\" class=\"so-panel widget widget_iconbox-widget panel-first-child\" data-index=\"4\" ><div\n\t\t\t\n\t\t\tclass=\"so-widget-iconbox-widget so-widget-iconbox-widget-base\"\n\t\t\t\n\t\t>\n\n<div class=\"icon-box standard ibox-plain ibox-light ibox-rounded\" data-appear-animation=\"fadeIn\">\n    <div class=\"ibox-icon\" style=\"background:#5cb85c;\">\n        <span class=\"sow-icon-fontawesome sow-fas\" data-sow-icon=\"&#xf041;\"\n\t\tstyle=\"color: #ffffff\" \n\t\taria-hidden=\"true\"><\/span>    <\/div>\n    <h3>D\u00d3NDE ESTAMOS<\/h3>    <\/div><\/div><\/div><div id=\"panel-1428-0-2-1\" class=\"so-panel widget widget_black-studio-tinymce widget_black_studio_tinymce panel-last-child\" data-index=\"5\" ><div class=\"textwidget\">Las Botigues Museu se encuentran en Sal\u00e0s de Pallars. Vis\u00edtanos en el Caf\u00e8 Salon, en la Pla\u00e7a del Mercat.\n\n<a class=\"btn btn-default  btn-sm\" href=\"https:\/\/botiguesmuseusalas.cat\/visita\/on-som\/\" target=\"_self\" >M\u00c1S INFORMACI\u00d3N<\/a><\/div><\/div><\/div><\/div><div id=\"pg-1428-1\"  class=\"panel-grid panel-no-style\" ><div id=\"pgc-1428-1-0\"  class=\"panel-grid-cell\" ><div id=\"panel-1428-1-0-0\" class=\"so-panel widget widget_iconbox-widget panel-first-child\" data-index=\"6\" ><div\n\t\t\t\n\t\t\tclass=\"so-widget-iconbox-widget so-widget-iconbox-widget-base\"\n\t\t\t\n\t\t>\n\n<div class=\"icon-box standard ibox-plain ibox-light ibox-rounded\" data-appear-animation=\"fadeIn\">\n    <div class=\"ibox-icon\" style=\"background:#5cb85c;\">\n        <span class=\"sow-icon-fontawesome sow-fas\" data-sow-icon=\"&#xf124;\"\n\t\tstyle=\"color: #ffffff\" \n\t\taria-hidden=\"true\"><\/span>    <\/div>\n    <h3>C\u00d3MO LLEGAR<\/h3>    <\/div><\/div><\/div><div id=\"panel-1428-1-0-1\" class=\"so-panel widget widget_black-studio-tinymce widget_black_studio_tinymce panel-last-child\" data-index=\"7\" ><div class=\"textwidget\"><p><br \/>Te explicamos c\u00f3mo llegar en bus, tren + ferrocarril o con tu veh\u00edculo.<\/p><p><a class=\"btn btn-default  btn-sm\" href=\"https:\/\/botiguesmuseusalas.cat\/visita\/com-arribar\/\" target=\"_self\" >M\u00c1S INFORMACI\u00d3N<\/a><\/p><\/div><\/div><\/div><div id=\"pgc-1428-1-1\"  class=\"panel-grid-cell\" ><div id=\"panel-1428-1-1-0\" class=\"so-panel widget widget_iconbox-widget panel-first-child\" data-index=\"8\" ><div\n\t\t\t\n\t\t\tclass=\"so-widget-iconbox-widget so-widget-iconbox-widget-base\"\n\t\t\t\n\t\t>\n\n<div class=\"icon-box standard ibox-plain ibox-light ibox-rounded\" data-appear-animation=\"fadeIn\">\n    <div class=\"ibox-icon\" style=\"background:#5cb85c;\">\n        <span class=\"sow-icon-fontawesome sow-fas\" data-sow-icon=\"&#xf061;\"\n\t\tstyle=\"color: #ffffff\" \n\t\taria-hidden=\"true\"><\/span>    <\/div>\n    <h3>VISITA GUIADA<\/h3>    <\/div><\/div><\/div><div id=\"panel-1428-1-1-1\" class=\"so-panel widget widget_black-studio-tinymce widget_black_studio_tinymce panel-last-child\" data-index=\"9\" ><div class=\"textwidget\"><p><br \/>Consulta el itinerario que seguiremos durante la visita guiada por las calles de Sal\u00e0s de Pallars.<\/p><p><a class=\"btn btn-default  btn-sm\" href=\"https:\/\/botiguesmuseusalas.cat\/visita\/visita-guiada\/\" target=\"_self\" >M\u00c1S INFORMACI\u00d3N<\/a><\/p><\/div><\/div><\/div><div id=\"pgc-1428-1-2\"  class=\"panel-grid-cell\" ><div id=\"panel-1428-1-2-0\" class=\"so-panel widget widget_iconbox-widget panel-first-child\" data-index=\"10\" ><div\n\t\t\t\n\t\t\tclass=\"so-widget-iconbox-widget so-widget-iconbox-widget-base\"\n\t\t\t\n\t\t>\n\n<div class=\"icon-box standard ibox-plain ibox-light ibox-rounded\" data-appear-animation=\"fadeIn\">\n    <div class=\"ibox-icon\" style=\"background:#5cb85c;\">\n        <span class=\"sow-icon-fontawesome sow-fas\" data-sow-icon=\"&#xf05a;\"\n\t\tstyle=\"color: #ffffff\" \n\t\taria-hidden=\"true\"><\/span>    <\/div>\n    <h3>BUENAS PR\u00c1CTICAS<\/h3>    <\/div><\/div><\/div><div id=\"panel-1428-1-2-1\" class=\"so-panel widget widget_black-studio-tinymce widget_black_studio_tinymce panel-last-child\" data-index=\"11\" ><div class=\"textwidget\"><p><br \/>Gu\u00eda de buenas pr\u00e1cticas y normativa para visitar las Botigues Museu.<\/p><p><a class=\"btn btn-default  btn-sm\" href=\"https:\/\/botiguesmuseusalas.cat\/visita\/bones-practiques\/\" target=\"_self\" >M\u00c1S INFORMACI\u00d3N<\/a><\/p><\/div><\/div><\/div><\/div><\/div>","protected":false},"excerpt":{"rendered":"<p>Las Botigues Museu de Sal\u00e0s se visitan en grupos guiados con reserva pr\u00e9via obligat\u00f3ria. El precio de la visita guiada por adulto es de 9 \u20ac. Consulta otras modalidades. Las Botigues Museu se encuentran en Sal\u00e0s de Pallars. Vis\u00edtanos en el Caf\u00e8 Salon, en la Pla\u00e7a del Mercat. Te explicamos c\u00f3mo llegar en bus, tren + ferrocarril o con tu veh\u00edculo. Consulta el itinerario que seguiremos durante la visita guiada por las calles de Sal\u00e0s de Pallars. Gu\u00eda de buenas pr\u00e1cticas y normativa para visitar las Botigues Museu.<\/p>\n","protected":false},"author":7,"featured_media":998,"parent":0,"menu_order":0,"comment_status":"closed","ping_status":"closed","template":"","meta":{"_acf_changed":false,"footnotes":""},"class_list":["post-1428","page","type-page","status-publish","has-post-thumbnail","hentry"],"acf":[],"yoast_head":"<!-- This site is optimized with the Yoast SEO plugin v27.3 - https:\/\/yoast.com\/product\/yoast-seo-wordpress\/ -->\n<title>Visita - Botigues Museu de Sal\u00e0s<\/title>\n<meta name=\"description\" content=\"Consulta aqu\u00ed la ubicaci\u00f3n de les Botigues Museu de Sal\u00e0s, el horario, el precio y c\u00f3mo llegar. Toda la informaci\u00f3n pr\u00e1ctica del museo.\" \/>\n<meta name=\"robots\" content=\"index, follow, max-snippet:-1, max-image-preview:large, max-video-preview:-1\" \/>\n<link rel=\"canonical\" href=\"https:\/\/botiguesmuseusalas.cat\/es\/visita\/\" \/>\n<meta property=\"og:locale\" content=\"es_ES\" \/>\n<meta property=\"og:type\" content=\"article\" \/>\n<meta property=\"og:title\" content=\"Visita - Botigues Museu de Sal\u00e0s\" \/>\n<meta property=\"og:description\" content=\"Consulta aqu\u00ed la ubicaci\u00f3n de les Botigues Museu de Sal\u00e0s, el horario, el precio y c\u00f3mo llegar. Toda la informaci\u00f3n pr\u00e1ctica del museo.\" \/>\n<meta property=\"og:url\" content=\"https:\/\/botiguesmuseusalas.cat\/es\/visita\/\" \/>\n<meta property=\"og:site_name\" content=\"Botigues Museu de Sal\u00e0s\" \/>\n<meta property=\"article:modified_time\" content=\"2025-02-01T23:25:21+00:00\" \/>\n<meta property=\"og:image\" content=\"https:\/\/botiguesmuseusalas.cat\/wp-content\/uploads\/2016\/07\/Botigues-Salas-Merceria-01.jpg\" \/>\n\t<meta property=\"og:image:width\" content=\"800\" \/>\n\t<meta property=\"og:image:height\" content=\"533\" \/>\n\t<meta property=\"og:image:type\" content=\"image\/jpeg\" \/>\n<meta name=\"twitter:card\" content=\"summary_large_image\" \/>\n<meta name=\"twitter:label1\" content=\"Tiempo de lectura\" \/>\n\t<meta name=\"twitter:data1\" content=\"1 minuto\" \/>\n<script type=\"application\/ld+json\" class=\"yoast-schema-graph\">{\"@context\":\"https:\\\/\\\/schema.org\",\"@graph\":[{\"@type\":\"WebPage\",\"@id\":\"https:\\\/\\\/botiguesmuseusalas.cat\\\/es\\\/visita\\\/\",\"url\":\"https:\\\/\\\/botiguesmuseusalas.cat\\\/es\\\/visita\\\/\",\"name\":\"Visita - Botigues Museu de Sal\u00e0s\",\"isPartOf\":{\"@id\":\"https:\\\/\\\/botiguesmuseusalas.cat\\\/#website\"},\"primaryImageOfPage\":{\"@id\":\"https:\\\/\\\/botiguesmuseusalas.cat\\\/es\\\/visita\\\/#primaryimage\"},\"image\":{\"@id\":\"https:\\\/\\\/botiguesmuseusalas.cat\\\/es\\\/visita\\\/#primaryimage\"},\"thumbnailUrl\":\"https:\\\/\\\/botiguesmuseusalas.cat\\\/wp-content\\\/uploads\\\/2016\\\/07\\\/Botigues-Salas-Merceria-01.jpg\",\"datePublished\":\"2017-07-03T08:50:20+00:00\",\"dateModified\":\"2025-02-01T23:25:21+00:00\",\"description\":\"Consulta aqu\u00ed la ubicaci\u00f3n de les Botigues Museu de Sal\u00e0s, el horario, el precio y c\u00f3mo llegar. Toda la informaci\u00f3n pr\u00e1ctica del museo.\",\"breadcrumb\":{\"@id\":\"https:\\\/\\\/botiguesmuseusalas.cat\\\/es\\\/visita\\\/#breadcrumb\"},\"inLanguage\":\"es\",\"potentialAction\":[{\"@type\":\"ReadAction\",\"target\":[\"https:\\\/\\\/botiguesmuseusalas.cat\\\/es\\\/visita\\\/\"]}]},{\"@type\":\"ImageObject\",\"inLanguage\":\"es\",\"@id\":\"https:\\\/\\\/botiguesmuseusalas.cat\\\/es\\\/visita\\\/#primaryimage\",\"url\":\"https:\\\/\\\/botiguesmuseusalas.cat\\\/wp-content\\\/uploads\\\/2016\\\/07\\\/Botigues-Salas-Merceria-01.jpg\",\"contentUrl\":\"https:\\\/\\\/botiguesmuseusalas.cat\\\/wp-content\\\/uploads\\\/2016\\\/07\\\/Botigues-Salas-Merceria-01.jpg\",\"width\":800,\"height\":533},{\"@type\":\"BreadcrumbList\",\"@id\":\"https:\\\/\\\/botiguesmuseusalas.cat\\\/es\\\/visita\\\/#breadcrumb\",\"itemListElement\":[{\"@type\":\"ListItem\",\"position\":1,\"name\":\"Inici\",\"item\":\"https:\\\/\\\/botiguesmuseusalas.cat\\\/es\\\/\"},{\"@type\":\"ListItem\",\"position\":2,\"name\":\"Visita\"}]},{\"@type\":\"WebSite\",\"@id\":\"https:\\\/\\\/botiguesmuseusalas.cat\\\/#website\",\"url\":\"https:\\\/\\\/botiguesmuseusalas.cat\\\/\",\"name\":\"Botigues Museu de Sal\u00e0s\",\"description\":\"Web oficial de les Botigues Museu de Sal\u00e0s de Pallars (Lleida)\",\"potentialAction\":[{\"@type\":\"SearchAction\",\"target\":{\"@type\":\"EntryPoint\",\"urlTemplate\":\"https:\\\/\\\/botiguesmuseusalas.cat\\\/?s={search_term_string}\"},\"query-input\":{\"@type\":\"PropertyValueSpecification\",\"valueRequired\":true,\"valueName\":\"search_term_string\"}}],\"inLanguage\":\"es\"}]}<\/script>\n<!-- \/ Yoast SEO plugin. -->","yoast_head_json":{"title":"Visita - Botigues Museu de Sal\u00e0s","description":"Consulta aqu\u00ed la ubicaci\u00f3n de les Botigues Museu de Sal\u00e0s, el horario, el precio y c\u00f3mo llegar. Toda la informaci\u00f3n pr\u00e1ctica del museo.","robots":{"index":"index","follow":"follow","max-snippet":"max-snippet:-1","max-image-preview":"max-image-preview:large","max-video-preview":"max-video-preview:-1"},"canonical":"https:\/\/botiguesmuseusalas.cat\/es\/visita\/","og_locale":"es_ES","og_type":"article","og_title":"Visita - Botigues Museu de Sal\u00e0s","og_description":"Consulta aqu\u00ed la ubicaci\u00f3n de les Botigues Museu de Sal\u00e0s, el horario, el precio y c\u00f3mo llegar. Toda la informaci\u00f3n pr\u00e1ctica del museo.","og_url":"https:\/\/botiguesmuseusalas.cat\/es\/visita\/","og_site_name":"Botigues Museu de Sal\u00e0s","article_modified_time":"2025-02-01T23:25:21+00:00","og_image":[{"width":800,"height":533,"url":"https:\/\/botiguesmuseusalas.cat\/wp-content\/uploads\/2016\/07\/Botigues-Salas-Merceria-01.jpg","type":"image\/jpeg"}],"twitter_card":"summary_large_image","twitter_misc":{"Tiempo de lectura":"1 minuto"},"schema":{"@context":"https:\/\/schema.org","@graph":[{"@type":"WebPage","@id":"https:\/\/botiguesmuseusalas.cat\/es\/visita\/","url":"https:\/\/botiguesmuseusalas.cat\/es\/visita\/","name":"Visita - Botigues Museu de Sal\u00e0s","isPartOf":{"@id":"https:\/\/botiguesmuseusalas.cat\/#website"},"primaryImageOfPage":{"@id":"https:\/\/botiguesmuseusalas.cat\/es\/visita\/#primaryimage"},"image":{"@id":"https:\/\/botiguesmuseusalas.cat\/es\/visita\/#primaryimage"},"thumbnailUrl":"https:\/\/botiguesmuseusalas.cat\/wp-content\/uploads\/2016\/07\/Botigues-Salas-Merceria-01.jpg","datePublished":"2017-07-03T08:50:20+00:00","dateModified":"2025-02-01T23:25:21+00:00","description":"Consulta aqu\u00ed la ubicaci\u00f3n de les Botigues Museu de Sal\u00e0s, el horario, el precio y c\u00f3mo llegar. Toda la informaci\u00f3n pr\u00e1ctica del museo.","breadcrumb":{"@id":"https:\/\/botiguesmuseusalas.cat\/es\/visita\/#breadcrumb"},"inLanguage":"es","potentialAction":[{"@type":"ReadAction","target":["https:\/\/botiguesmuseusalas.cat\/es\/visita\/"]}]},{"@type":"ImageObject","inLanguage":"es","@id":"https:\/\/botiguesmuseusalas.cat\/es\/visita\/#primaryimage","url":"https:\/\/botiguesmuseusalas.cat\/wp-content\/uploads\/2016\/07\/Botigues-Salas-Merceria-01.jpg","contentUrl":"https:\/\/botiguesmuseusalas.cat\/wp-content\/uploads\/2016\/07\/Botigues-Salas-Merceria-01.jpg","width":800,"height":533},{"@type":"BreadcrumbList","@id":"https:\/\/botiguesmuseusalas.cat\/es\/visita\/#breadcrumb","itemListElement":[{"@type":"ListItem","position":1,"name":"Inici","item":"https:\/\/botiguesmuseusalas.cat\/es\/"},{"@type":"ListItem","position":2,"name":"Visita"}]},{"@type":"WebSite","@id":"https:\/\/botiguesmuseusalas.cat\/#website","url":"https:\/\/botiguesmuseusalas.cat\/","name":"Botigues Museu de Sal\u00e0s","description":"Web oficial de les Botigues Museu de Sal\u00e0s de Pallars (Lleida)","potentialAction":[{"@type":"SearchAction","target":{"@type":"EntryPoint","urlTemplate":"https:\/\/botiguesmuseusalas.cat\/?s={search_term_string}"},"query-input":{"@type":"PropertyValueSpecification","valueRequired":true,"valueName":"search_term_string"}}],"inLanguage":"es"}]}},"_links":{"self":[{"href":"https:\/\/botiguesmuseusalas.cat\/es\/wp-json\/wp\/v2\/pages\/1428","targetHints":{"allow":["GET"]}}],"collection":[{"href":"https:\/\/botiguesmuseusalas.cat\/es\/wp-json\/wp\/v2\/pages"}],"about":[{"href":"https:\/\/botiguesmuseusalas.cat\/es\/wp-json\/wp\/v2\/types\/page"}],"author":[{"embeddable":true,"href":"https:\/\/botiguesmuseusalas.cat\/es\/wp-json\/wp\/v2\/users\/7"}],"replies":[{"embeddable":true,"href":"https:\/\/botiguesmuseusalas.cat\/es\/wp-json\/wp\/v2\/comments?post=1428"}],"version-history":[{"count":19,"href":"https:\/\/botiguesmuseusalas.cat\/es\/wp-json\/wp\/v2\/pages\/1428\/revisions"}],"predecessor-version":[{"id":3863,"href":"https:\/\/botiguesmuseusalas.cat\/es\/wp-json\/wp\/v2\/pages\/1428\/revisions\/3863"}],"wp:featuredmedia":[{"embeddable":true,"href":"https:\/\/botiguesmuseusalas.cat\/es\/wp-json\/wp\/v2\/media\/998"}],"wp:attachment":[{"href":"https:\/\/botiguesmuseusalas.cat\/es\/wp-json\/wp\/v2\/media?parent=1428"}],"curies":[{"name":"wp","href":"https:\/\/api.w.org\/{rel}","templated":true}]}}