{"id":1433,"date":"2017-07-03T10:50:20","date_gmt":"2017-07-03T08:50:20","guid":{"rendered":"http:\/\/botiguesmuseusalas.cat\/es\/?page_id=1433"},"modified":"2025-02-02T23:14:46","modified_gmt":"2025-02-02T21:14:46","slug":"buenas-practicas","status":"publish","type":"page","link":"https:\/\/botiguesmuseusalas.cat\/es\/visita\/buenas-practicas\/","title":{"rendered":"Buenas pr\u00e1cticas"},"content":{"rendered":"<div id=\"pl-1433\"  class=\"panel-layout\" ><div id=\"pg-1433-0\"  class=\"panel-grid panel-has-style\" ><div class=\"siteorigin-panels-stretch panel-row-style panel-row-style-for-1433-0\" data-stretch-type=\"full\" ><div id=\"pgc-1433-0-0\"  class=\"panel-grid-cell panel-grid-cell-empty\" ><\/div><div id=\"pgc-1433-0-1\"  class=\"panel-grid-cell panel-grid-cell-mobile-last\" ><div id=\"panel-1433-0-1-0\" class=\"so-panel widget widget_iconbox-widget panel-first-child\" data-index=\"0\" ><div\n\t\t\t\n\t\t\tclass=\"so-widget-iconbox-widget so-widget-iconbox-widget-base\"\n\t\t\t\n\t\t>\n\n<div class=\"icon-box standard ibox-plain ibox-light ibox-rounded\" data-appear-animation=\"fadeIn\">\n    <div class=\"ibox-icon\" style=\"background:#1e73be;\">\n        <span class=\"sow-icon-fontawesome sow-fas\" data-sow-icon=\"&#xf06a;\"\n\t\tstyle=\"color: #ffffff\" \n\t\taria-hidden=\"true\"><\/span>    <\/div>\n    <h3>NORMAS A TENER EN CUENTA<\/h3>    <p>Gu\u00eda de buenas pr\u00e1cticas en las Botigues Museu\n<\/p><\/div><\/div><\/div><div id=\"panel-1433-0-1-1\" class=\"so-panel widget widget_black-studio-tinymce widget_black_studio_tinymce\" data-index=\"1\" ><div class=\"textwidget\"><table class=\"table table-bordered\">\n<tbody>\n<tr>\n<td>Para velar por el buen funcionamiento de las visitas a las Botigues Museu y en la exposici\u00f3n, la convivencia, el respeto y el civismo, y para proteger el valor patrimonial conservado, se ha establecido una serie de normas b\u00e1sicas que se deben tener en cuenta durante la visita.<\/td>\n<\/tr>\n<\/tbody>\n<\/table><\/div><\/div><div id=\"panel-1433-0-1-2\" class=\"so-panel widget widget_sow-editor panel-last-child\" data-index=\"2\" ><div\n\t\t\t\n\t\t\tclass=\"so-widget-sow-editor so-widget-sow-editor-base\"\n\t\t\t\n\t\t>\n<div class=\"siteorigin-widget-tinymce textwidget\">\n\t<p><strong>Ticket de entrada<\/strong><br \/>\nConservad vuestro\u00a0ticket de entrada durante toda la visita.<\/p>\n<p><strong>Visitas con menores<\/strong><br \/>\nLos menores de 14 a\u00f1os deben ir acompa\u00f1ados de una persona adulta.<\/p>\n<p><strong>Reserva online<\/strong><br \/>\nSe tiene que hacer la reserva online del ticket en la web antes de las 9h del d\u00eda de la visita.<\/p>\n<p><strong>Fotograf\u00edas y grabaciones<\/strong><br \/>\nPod\u00e9is\u00a0hacer fotos sin flash en las diferentes tiendas y la exposici\u00f3n siempre y cuando no interrumpa la explicaci\u00f3n de la gu\u00eda ni el ritmo de la visita. No est\u00e1 permitido utilizar tr\u00edpode ni grabar las explicaciones de los gu\u00edas.<\/p>\n<p>Para prensa o cualquier reportaje, contactad\u00a0antes con el museo (info@botiguesmuseusalas.cat).<\/p>\n<p>Os invitamos a compartir vuestras\u00a0im\u00e1genes del museo en las redes sociales con el hashtag <a href=\"https:\/\/www.instagram.com\/explore\/tags\/botiguesmuseusalas\/\" target=\"_blank\" rel=\"noopener noreferrer\">#botiguesmuseusalas<\/a><\/p>\n<p><strong>Tel\u00e9fono m\u00f3vil<\/strong><br \/>\nPoned\u00a0el tel\u00e9fono m\u00f3vil en silencio y mantened\u00a0un volumen de voz moderado.<\/p>\n<p><strong>Acceso con animales<\/strong><br \/>\nSe permite el acceso con animales de compa\u00f1\u00eda.<\/p>\n<p><strong>Comida y bebida<\/strong><br \/>\nNo se puede comer ni beber en el interior de las tiendas.<\/p>\n<p><strong>Comportamiento<\/strong><br \/>\nEn las tiendas no se puede correr ni gritar para no molestar al resto de visitantes y para no interrumpir las explicaciones del gu\u00eda.<\/p>\n<p>Con el fin de proteger y conservar el patrimonio, no est\u00e1 permitido tocar los objetos en exhibici\u00f3n.<\/p>\n<p>Una buena actuaci\u00f3n de los visitantes es imprescindible para preservar la tranquilidad y el respeto del vecindario.<\/p>\n<p><strong>Visitas de grupos<\/strong><br \/>\nLos acompa\u00f1antes de los grupos son responsables de todos los miembros del grupo.<\/p>\n<p>Se recuerda que el grupo debe mantenerse junto durante todo el recorrido y siempre acompa\u00f1ado por la\/s persona\/s responsable\/s.<\/p>\n<p>En el caso de las visitas concertadas, se recomienda llegar con tiempo suficiente para organizar el grupo. Si el grupo se retrasara, hay que comunicarlo al tel\u00e9fono 611 05 27 13. Para el buen mantenimiento de la parrilla horaria, el tiempo de visita se adaptar\u00e1 en relaci\u00f3n con su retraso.<\/p>\n<p><strong>Evacuaci\u00f3n<\/strong><br \/>\nEn caso de evacuaci\u00f3n, seguir las instrucciones del personal del museo.<\/p>\n<\/div>\n<\/div><\/div><\/div><div id=\"pgc-1433-0-2\"  class=\"panel-grid-cell panel-grid-cell-empty\" ><\/div><\/div><\/div><div id=\"pg-1433-1\"  class=\"panel-grid panel-no-style\" ><div id=\"pgc-1433-1-0\"  class=\"panel-grid-cell\" ><div id=\"panel-1433-1-0-0\" class=\"so-panel widget widget_sow-post-carousel panel-first-child panel-last-child\" data-index=\"3\" ><div\n\t\t\t\n\t\t\tclass=\"so-widget-sow-post-carousel so-widget-sow-post-carousel-base-ad93eedad001-1433\"\n\t\t\t\n\t\t>\t<div\n\t\tclass=\"sow-post-carousel-wrapper sow-post-carousel-theme-base\"\n\t\tstyle=\"overflow: hidden; max-width: 100%; min-height: 182px\"\n\t>\n\t\t<div class=\"sow-carousel-title has-title\">\n\t<h3 class=\"widget-title\">M\u00c1S INFORMACI\u00d3N<\/h3>\t\t<div class=\"sow-carousel-navigation \">\n\t\t\t\t\t\t<a href=\"#\" class=\"sow-carousel-next\" title=\"Siguiente\" aria-label=\"Entradas siguientes\" role=\"button\"><\/a>\n\t\t\t\t\t\t<a href=\"#\" class=\"sow-carousel-previous\" title=\"Anterior\" aria-label=\"Entradas anteriores\" role=\"button\"><\/a>\n\t\t\t\t\t<\/div>\n\t<\/div>\n\n<div class=\"sow-carousel-container \">\n\t\t<div class=\"sow-carousel-wrapper\"\n\t\tdata-dir=\"ltr\"\n\t\tstyle=\"opacity: 0;\"\n\t\tdata-widget=\"post\" data-fetching=\"false\" data-page=\"1\" data-ajax-url=\"https:\/\/botiguesmuseusalas.cat\/wp-admin\/admin-ajax.php?_widgets_nonce=f1c4b70dbd\" data-item_count=\"5\" data-carousel_settings=\"{&quot;loop&quot;:true,&quot;animation&quot;:&quot;Ease&quot;,&quot;animation_speed&quot;:400,&quot;autoplay&quot;:&quot;&quot;,&quot;pauseOnHover&quot;:&quot;&quot;,&quot;autoplaySpeed&quot;:8000,&quot;item_overflow&quot;:true,&quot;autoplay_continuous_scroll&quot;:false}\" data-responsive=\"{&quot;desktop_slides_to_scroll&quot;:1,&quot;tablet_landscape_breakpoint&quot;:1366,&quot;tablet_landscape_slides_to_scroll&quot;:2,&quot;tablet_portrait_breakpoint&quot;:1025,&quot;tablet_portrait_slides_to_scroll&quot;:2,&quot;mobile_breakpoint&quot;:480,&quot;mobile_slides_to_scroll&quot;:1}\" data-variable_width=\"true\" \t>\n\t\t<div\n\t\t\tclass=\"sow-carousel-items\"\n\t\t\t\t\t>\n\t\t\t\t<div class=\"sow-carousel-item\" tabindex=\"-1\" style=\"float: left;\">\n\t\t<div class=\"sow-carousel-thumbnail\">\n\t\t\t\t\t\t\t<a\n\t\t\t\t\thref=\"https:\/\/botiguesmuseusalas.cat\/es\/visita\/precios\/\"\n\t\t\t\t\t\t\t\t\t\tstyle=\"background-image: url( https:\/\/botiguesmuseusalas.cat\/wp-content\/uploads\/2017\/02\/Botigues-Salas-Home_04-272x182.jpg )\"\n\t\t\t\t\taria-labelledby=\"sow-carousel-id-1460\"\n\t\t\t\t\ttabindex=\"-1\"\n\t\t\t\t>\n\t\t\t\t\t<span class=\"overlay\"><\/span>\n\t\t\t\t<\/a>\n\t\t\t\t\t<\/div>\n\t\t<h3 class=\"sow-carousel-item-title\">\n\t\t\t<a\n\t\t\t\thref=\"https:\/\/botiguesmuseusalas.cat\/es\/visita\/precios\/\"\n\t\t\t\tid=\"sow-carousel-id-1460\"\n\t\t\t\t\t\t\t\ttabindex=\"-1\"\n\t\t\t>\n\n\t\t\t\tPrecios\t\t\t<\/a>\n\t\t<\/h3>\n\t<\/div>\n\t\t<div class=\"sow-carousel-item\" tabindex=\"-1\" style=\"float: left;\">\n\t\t<div class=\"sow-carousel-thumbnail\">\n\t\t\t\t\t\t\t<a\n\t\t\t\t\thref=\"https:\/\/botiguesmuseusalas.cat\/es\/visita\/donde-estamos\/\"\n\t\t\t\t\t\t\t\t\t\tstyle=\"background-image: url( https:\/\/botiguesmuseusalas.cat\/wp-content\/uploads\/2016\/07\/Botigues-Salas-Quiosc-01-272x182.jpg )\"\n\t\t\t\t\taria-labelledby=\"sow-carousel-id-1453\"\n\t\t\t\t\ttabindex=\"-1\"\n\t\t\t\t>\n\t\t\t\t\t<span class=\"overlay\"><\/span>\n\t\t\t\t<\/a>\n\t\t\t\t\t<\/div>\n\t\t<h3 class=\"sow-carousel-item-title\">\n\t\t\t<a\n\t\t\t\thref=\"https:\/\/botiguesmuseusalas.cat\/es\/visita\/donde-estamos\/\"\n\t\t\t\tid=\"sow-carousel-id-1453\"\n\t\t\t\t\t\t\t\ttabindex=\"-1\"\n\t\t\t>\n\n\t\t\t\tD\u00f3nde estamos\t\t\t<\/a>\n\t\t<\/h3>\n\t<\/div>\n\t\t<div class=\"sow-carousel-item\" tabindex=\"-1\" style=\"float: left;\">\n\t\t<div class=\"sow-carousel-thumbnail\">\n\t\t\t\t\t\t\t<a\n\t\t\t\t\thref=\"https:\/\/botiguesmuseusalas.cat\/es\/visita\/como-llegar\/\"\n\t\t\t\t\t\t\t\t\t\tstyle=\"background-image: url( https:\/\/botiguesmuseusalas.cat\/wp-content\/uploads\/2016\/06\/Botigues-Portada_prova01-272x182.jpg )\"\n\t\t\t\t\taria-labelledby=\"sow-carousel-id-1438\"\n\t\t\t\t\ttabindex=\"-1\"\n\t\t\t\t>\n\t\t\t\t\t<span class=\"overlay\"><\/span>\n\t\t\t\t<\/a>\n\t\t\t\t\t<\/div>\n\t\t<h3 class=\"sow-carousel-item-title\">\n\t\t\t<a\n\t\t\t\thref=\"https:\/\/botiguesmuseusalas.cat\/es\/visita\/como-llegar\/\"\n\t\t\t\tid=\"sow-carousel-id-1438\"\n\t\t\t\t\t\t\t\ttabindex=\"-1\"\n\t\t\t>\n\n\t\t\t\tC\u00f3mo llegar\t\t\t<\/a>\n\t\t<\/h3>\n\t<\/div>\n\t\t<div class=\"sow-carousel-item\" tabindex=\"-1\" style=\"float: left;\">\n\t\t<div class=\"sow-carousel-thumbnail\">\n\t\t\t\t\t\t\t<a\n\t\t\t\t\thref=\"https:\/\/botiguesmuseusalas.cat\/es\/visita\/itinerario-visita-guiada\/\"\n\t\t\t\t\t\t\t\t\t\tstyle=\"background-image: url( https:\/\/botiguesmuseusalas.cat\/wp-content\/uploads\/2016\/06\/Botigues-Portada_prova01-272x182.jpg )\"\n\t\t\t\t\taria-labelledby=\"sow-carousel-id-1448\"\n\t\t\t\t\ttabindex=\"-1\"\n\t\t\t\t>\n\t\t\t\t\t<span class=\"overlay\"><\/span>\n\t\t\t\t<\/a>\n\t\t\t\t\t<\/div>\n\t\t<h3 class=\"sow-carousel-item-title\">\n\t\t\t<a\n\t\t\t\thref=\"https:\/\/botiguesmuseusalas.cat\/es\/visita\/itinerario-visita-guiada\/\"\n\t\t\t\tid=\"sow-carousel-id-1448\"\n\t\t\t\t\t\t\t\ttabindex=\"-1\"\n\t\t\t>\n\n\t\t\t\tItinerario Visita Guiada\t\t\t<\/a>\n\t\t<\/h3>\n\t<\/div>\n\t\t<div class=\"sow-carousel-item\" tabindex=\"-1\" style=\"float: left;\">\n\t\t<div class=\"sow-carousel-thumbnail\">\n\t\t\t\t\t\t\t<a\n\t\t\t\t\thref=\"https:\/\/botiguesmuseusalas.cat\/es\/visita\/buenas-practicas\/\"\n\t\t\t\t\t\t\t\t\t\tstyle=\"background-image: url( https:\/\/botiguesmuseusalas.cat\/wp-content\/uploads\/2016\/07\/Botigues-Salas-Merceria-03-3-272x182.jpg )\"\n\t\t\t\t\taria-labelledby=\"sow-carousel-id-1433\"\n\t\t\t\t\ttabindex=\"-1\"\n\t\t\t\t>\n\t\t\t\t\t<span class=\"overlay\"><\/span>\n\t\t\t\t<\/a>\n\t\t\t\t\t<\/div>\n\t\t<h3 class=\"sow-carousel-item-title\">\n\t\t\t<a\n\t\t\t\thref=\"https:\/\/botiguesmuseusalas.cat\/es\/visita\/buenas-practicas\/\"\n\t\t\t\tid=\"sow-carousel-id-1433\"\n\t\t\t\t\t\t\t\ttabindex=\"-1\"\n\t\t\t>\n\n\t\t\t\tBuenas pr\u00e1cticas\t\t\t<\/a>\n\t\t<\/h3>\n\t<\/div>\n\t\t\t<\/div>\n\t\t\t<\/div>\n\n\t<\/div>\n\t\t<input type=\"hidden\" name=\"instance_hash\" value=\"866bb014\"\/>\n\t<\/div>\n<\/div><\/div><\/div><\/div><\/div>","protected":false},"excerpt":{"rendered":"<p>Ticket de entrada Conservad vuestro\u00a0ticket de entrada durante toda la visita. Visitas con menores Los menores de 14 a\u00f1os deben ir acompa\u00f1ados de una persona adulta. Reserva online Se tiene que hacer la reserva online del ticket en la web antes de las 9h del d\u00eda de la visita. Fotograf\u00edas y grabaciones Pod\u00e9is\u00a0hacer fotos sin flash en las diferentes tiendas y la exposici\u00f3n siempre y cuando no interrumpa la explicaci\u00f3n de la gu\u00eda ni el ritmo de la visita. No est\u00e1 permitido utilizar tr\u00edpode ni grabar las explicaciones de los gu\u00edas. Para prensa o cualquier reportaje, contactad\u00a0antes con el museo (info@botiguesmuseusalas.cat). Os invitamos a compartir vuestras\u00a0im\u00e1genes del museo en las redes sociales con el hashtag #botiguesmuseusalas Tel\u00e9fono m\u00f3vil Poned\u00a0el tel\u00e9fono m\u00f3vil en silencio y mantened\u00a0un volumen de voz moderado. Acceso con animales Se permite el acceso con animales de compa\u00f1\u00eda. Comida y bebida No se puede comer ni beber en el interior de las tiendas. Comportamiento En las tiendas no se puede correr ni gritar para no molestar al resto de visitantes y para no interrumpir las explicaciones del gu\u00eda. Con el fin de proteger y conservar el patrimonio, no est\u00e1 permitido tocar los objetos en exhibici\u00f3n. Una buena actuaci\u00f3n de los visitantes es imprescindible para preservar la tranquilidad y el respeto del vecindario. Visitas de grupos Los acompa\u00f1antes de los grupos son responsables de todos los miembros del grupo. Se recuerda que el grupo debe mantenerse junto durante todo el recorrido y siempre acompa\u00f1ado por la\/s persona\/s responsable\/s. En el caso de las visitas concertadas, se recomienda llegar con tiempo suficiente para organizar el grupo. Si el grupo se retrasara, hay que comunicarlo al tel\u00e9fono 611 05 27 13. Para el buen mantenimiento de la parrilla horaria, el tiempo de visita se adaptar\u00e1 en relaci\u00f3n con su retraso. Evacuaci\u00f3n En caso de evacuaci\u00f3n, seguir las instrucciones del personal del museo.<\/p>\n","protected":false},"author":7,"featured_media":1000,"parent":1428,"menu_order":0,"comment_status":"closed","ping_status":"closed","template":"","meta":{"_acf_changed":false,"footnotes":""},"class_list":["post-1433","page","type-page","status-publish","has-post-thumbnail","hentry"],"acf":[],"yoast_head":"<!-- This site is optimized with the Yoast SEO plugin v27.3 - https:\/\/yoast.com\/product\/yoast-seo-wordpress\/ -->\n<title>Normas para visitar las Botigues Museu de Sal\u00e0s de Pallars<\/title>\n<meta name=\"description\" content=\"Para velar por el buen funcionamiento de las visitas a las Botigues Museu se ha establecido una serie de normas b\u00e1sicas durante la visita.\" \/>\n<meta name=\"robots\" content=\"index, follow, max-snippet:-1, max-image-preview:large, max-video-preview:-1\" \/>\n<link rel=\"canonical\" href=\"https:\/\/botiguesmuseusalas.cat\/es\/visita\/buenas-practicas\/\" \/>\n<meta property=\"og:locale\" content=\"es_ES\" \/>\n<meta property=\"og:type\" content=\"article\" \/>\n<meta property=\"og:title\" content=\"Normas para visitar las Botigues Museu de Sal\u00e0s de Pallars\" \/>\n<meta property=\"og:description\" content=\"Para velar por el buen funcionamiento de las visitas a las Botigues Museu se ha establecido una serie de normas b\u00e1sicas durante la visita.\" \/>\n<meta property=\"og:url\" content=\"https:\/\/botiguesmuseusalas.cat\/es\/visita\/buenas-practicas\/\" \/>\n<meta property=\"og:site_name\" content=\"Botigues Museu de Sal\u00e0s\" \/>\n<meta property=\"article:modified_time\" content=\"2025-02-02T21:14:46+00:00\" \/>\n<meta property=\"og:image\" content=\"https:\/\/botiguesmuseusalas.cat\/wp-content\/uploads\/2016\/07\/Botigues-Salas-Merceria-03-3.jpg\" \/>\n\t<meta property=\"og:image:width\" content=\"800\" \/>\n\t<meta property=\"og:image:height\" content=\"533\" \/>\n\t<meta property=\"og:image:type\" content=\"image\/jpeg\" \/>\n<meta name=\"twitter:card\" content=\"summary_large_image\" \/>\n<meta name=\"twitter:label1\" content=\"Tiempo de lectura\" \/>\n\t<meta name=\"twitter:data1\" content=\"3 minutos\" \/>\n<script type=\"application\/ld+json\" class=\"yoast-schema-graph\">{\"@context\":\"https:\\\/\\\/schema.org\",\"@graph\":[{\"@type\":\"WebPage\",\"@id\":\"https:\\\/\\\/botiguesmuseusalas.cat\\\/es\\\/visita\\\/buenas-practicas\\\/\",\"url\":\"https:\\\/\\\/botiguesmuseusalas.cat\\\/es\\\/visita\\\/buenas-practicas\\\/\",\"name\":\"Normas para visitar las Botigues Museu de Sal\u00e0s de Pallars\",\"isPartOf\":{\"@id\":\"https:\\\/\\\/botiguesmuseusalas.cat\\\/#website\"},\"primaryImageOfPage\":{\"@id\":\"https:\\\/\\\/botiguesmuseusalas.cat\\\/es\\\/visita\\\/buenas-practicas\\\/#primaryimage\"},\"image\":{\"@id\":\"https:\\\/\\\/botiguesmuseusalas.cat\\\/es\\\/visita\\\/buenas-practicas\\\/#primaryimage\"},\"thumbnailUrl\":\"https:\\\/\\\/botiguesmuseusalas.cat\\\/wp-content\\\/uploads\\\/2016\\\/07\\\/Botigues-Salas-Merceria-03-3.jpg\",\"datePublished\":\"2017-07-03T08:50:20+00:00\",\"dateModified\":\"2025-02-02T21:14:46+00:00\",\"description\":\"Para velar por el buen funcionamiento de las visitas a las Botigues Museu se ha establecido una serie de normas b\u00e1sicas durante la visita.\",\"breadcrumb\":{\"@id\":\"https:\\\/\\\/botiguesmuseusalas.cat\\\/es\\\/visita\\\/buenas-practicas\\\/#breadcrumb\"},\"inLanguage\":\"es\",\"potentialAction\":[{\"@type\":\"ReadAction\",\"target\":[\"https:\\\/\\\/botiguesmuseusalas.cat\\\/es\\\/visita\\\/buenas-practicas\\\/\"]}]},{\"@type\":\"ImageObject\",\"inLanguage\":\"es\",\"@id\":\"https:\\\/\\\/botiguesmuseusalas.cat\\\/es\\\/visita\\\/buenas-practicas\\\/#primaryimage\",\"url\":\"https:\\\/\\\/botiguesmuseusalas.cat\\\/wp-content\\\/uploads\\\/2016\\\/07\\\/Botigues-Salas-Merceria-03-3.jpg\",\"contentUrl\":\"https:\\\/\\\/botiguesmuseusalas.cat\\\/wp-content\\\/uploads\\\/2016\\\/07\\\/Botigues-Salas-Merceria-03-3.jpg\",\"width\":800,\"height\":533},{\"@type\":\"BreadcrumbList\",\"@id\":\"https:\\\/\\\/botiguesmuseusalas.cat\\\/es\\\/visita\\\/buenas-practicas\\\/#breadcrumb\",\"itemListElement\":[{\"@type\":\"ListItem\",\"position\":1,\"name\":\"Inici\",\"item\":\"https:\\\/\\\/botiguesmuseusalas.cat\\\/es\\\/\"},{\"@type\":\"ListItem\",\"position\":2,\"name\":\"Visita\",\"item\":\"https:\\\/\\\/botiguesmuseusalas.cat\\\/es\\\/visita\\\/\"},{\"@type\":\"ListItem\",\"position\":3,\"name\":\"Buenas pr\u00e1cticas\"}]},{\"@type\":\"WebSite\",\"@id\":\"https:\\\/\\\/botiguesmuseusalas.cat\\\/#website\",\"url\":\"https:\\\/\\\/botiguesmuseusalas.cat\\\/\",\"name\":\"Botigues Museu de Sal\u00e0s\",\"description\":\"Web oficial de les Botigues Museu de Sal\u00e0s de Pallars (Lleida)\",\"potentialAction\":[{\"@type\":\"SearchAction\",\"target\":{\"@type\":\"EntryPoint\",\"urlTemplate\":\"https:\\\/\\\/botiguesmuseusalas.cat\\\/?s={search_term_string}\"},\"query-input\":{\"@type\":\"PropertyValueSpecification\",\"valueRequired\":true,\"valueName\":\"search_term_string\"}}],\"inLanguage\":\"es\"}]}<\/script>\n<!-- \/ Yoast SEO plugin. -->","yoast_head_json":{"title":"Normas para visitar las Botigues Museu de Sal\u00e0s de Pallars","description":"Para velar por el buen funcionamiento de las visitas a las Botigues Museu se ha establecido una serie de normas b\u00e1sicas durante la visita.","robots":{"index":"index","follow":"follow","max-snippet":"max-snippet:-1","max-image-preview":"max-image-preview:large","max-video-preview":"max-video-preview:-1"},"canonical":"https:\/\/botiguesmuseusalas.cat\/es\/visita\/buenas-practicas\/","og_locale":"es_ES","og_type":"article","og_title":"Normas para visitar las Botigues Museu de Sal\u00e0s de Pallars","og_description":"Para velar por el buen funcionamiento de las visitas a las Botigues Museu se ha establecido una serie de normas b\u00e1sicas durante la visita.","og_url":"https:\/\/botiguesmuseusalas.cat\/es\/visita\/buenas-practicas\/","og_site_name":"Botigues Museu de Sal\u00e0s","article_modified_time":"2025-02-02T21:14:46+00:00","og_image":[{"width":800,"height":533,"url":"https:\/\/botiguesmuseusalas.cat\/wp-content\/uploads\/2016\/07\/Botigues-Salas-Merceria-03-3.jpg","type":"image\/jpeg"}],"twitter_card":"summary_large_image","twitter_misc":{"Tiempo de lectura":"3 minutos"},"schema":{"@context":"https:\/\/schema.org","@graph":[{"@type":"WebPage","@id":"https:\/\/botiguesmuseusalas.cat\/es\/visita\/buenas-practicas\/","url":"https:\/\/botiguesmuseusalas.cat\/es\/visita\/buenas-practicas\/","name":"Normas para visitar las Botigues Museu de Sal\u00e0s de Pallars","isPartOf":{"@id":"https:\/\/botiguesmuseusalas.cat\/#website"},"primaryImageOfPage":{"@id":"https:\/\/botiguesmuseusalas.cat\/es\/visita\/buenas-practicas\/#primaryimage"},"image":{"@id":"https:\/\/botiguesmuseusalas.cat\/es\/visita\/buenas-practicas\/#primaryimage"},"thumbnailUrl":"https:\/\/botiguesmuseusalas.cat\/wp-content\/uploads\/2016\/07\/Botigues-Salas-Merceria-03-3.jpg","datePublished":"2017-07-03T08:50:20+00:00","dateModified":"2025-02-02T21:14:46+00:00","description":"Para velar por el buen funcionamiento de las visitas a las Botigues Museu se ha establecido una serie de normas b\u00e1sicas durante la visita.","breadcrumb":{"@id":"https:\/\/botiguesmuseusalas.cat\/es\/visita\/buenas-practicas\/#breadcrumb"},"inLanguage":"es","potentialAction":[{"@type":"ReadAction","target":["https:\/\/botiguesmuseusalas.cat\/es\/visita\/buenas-practicas\/"]}]},{"@type":"ImageObject","inLanguage":"es","@id":"https:\/\/botiguesmuseusalas.cat\/es\/visita\/buenas-practicas\/#primaryimage","url":"https:\/\/botiguesmuseusalas.cat\/wp-content\/uploads\/2016\/07\/Botigues-Salas-Merceria-03-3.jpg","contentUrl":"https:\/\/botiguesmuseusalas.cat\/wp-content\/uploads\/2016\/07\/Botigues-Salas-Merceria-03-3.jpg","width":800,"height":533},{"@type":"BreadcrumbList","@id":"https:\/\/botiguesmuseusalas.cat\/es\/visita\/buenas-practicas\/#breadcrumb","itemListElement":[{"@type":"ListItem","position":1,"name":"Inici","item":"https:\/\/botiguesmuseusalas.cat\/es\/"},{"@type":"ListItem","position":2,"name":"Visita","item":"https:\/\/botiguesmuseusalas.cat\/es\/visita\/"},{"@type":"ListItem","position":3,"name":"Buenas pr\u00e1cticas"}]},{"@type":"WebSite","@id":"https:\/\/botiguesmuseusalas.cat\/#website","url":"https:\/\/botiguesmuseusalas.cat\/","name":"Botigues Museu de Sal\u00e0s","description":"Web oficial de les Botigues Museu de Sal\u00e0s de Pallars (Lleida)","potentialAction":[{"@type":"SearchAction","target":{"@type":"EntryPoint","urlTemplate":"https:\/\/botiguesmuseusalas.cat\/?s={search_term_string}"},"query-input":{"@type":"PropertyValueSpecification","valueRequired":true,"valueName":"search_term_string"}}],"inLanguage":"es"}]}},"_links":{"self":[{"href":"https:\/\/botiguesmuseusalas.cat\/es\/wp-json\/wp\/v2\/pages\/1433","targetHints":{"allow":["GET"]}}],"collection":[{"href":"https:\/\/botiguesmuseusalas.cat\/es\/wp-json\/wp\/v2\/pages"}],"about":[{"href":"https:\/\/botiguesmuseusalas.cat\/es\/wp-json\/wp\/v2\/types\/page"}],"author":[{"embeddable":true,"href":"https:\/\/botiguesmuseusalas.cat\/es\/wp-json\/wp\/v2\/users\/7"}],"replies":[{"embeddable":true,"href":"https:\/\/botiguesmuseusalas.cat\/es\/wp-json\/wp\/v2\/comments?post=1433"}],"version-history":[{"count":19,"href":"https:\/\/botiguesmuseusalas.cat\/es\/wp-json\/wp\/v2\/pages\/1433\/revisions"}],"predecessor-version":[{"id":3881,"href":"https:\/\/botiguesmuseusalas.cat\/es\/wp-json\/wp\/v2\/pages\/1433\/revisions\/3881"}],"up":[{"embeddable":true,"href":"https:\/\/botiguesmuseusalas.cat\/es\/wp-json\/wp\/v2\/pages\/1428"}],"wp:featuredmedia":[{"embeddable":true,"href":"https:\/\/botiguesmuseusalas.cat\/es\/wp-json\/wp\/v2\/media\/1000"}],"wp:attachment":[{"href":"https:\/\/botiguesmuseusalas.cat\/es\/wp-json\/wp\/v2\/media?parent=1433"}],"curies":[{"name":"wp","href":"https:\/\/api.w.org\/{rel}","templated":true}]}}