{"id":1438,"date":"2017-07-03T10:50:20","date_gmt":"2017-07-03T08:50:20","guid":{"rendered":"http:\/\/botiguesmuseusalas.cat\/es\/?page_id=1438"},"modified":"2025-02-02T23:19:56","modified_gmt":"2025-02-02T21:19:56","slug":"como-llegar","status":"publish","type":"page","link":"https:\/\/botiguesmuseusalas.cat\/es\/visita\/como-llegar\/","title":{"rendered":"C\u00f3mo llegar"},"content":{"rendered":"<div id=\"pl-1438\"  class=\"panel-layout\" ><div id=\"pg-1438-0\"  class=\"panel-grid panel-no-style\" ><div id=\"pgc-1438-0-0\"  class=\"panel-grid-cell\" ><div id=\"panel-1438-0-0-0\" class=\"so-panel widget widget_iconbox-widget panel-first-child\" data-index=\"0\" ><div\n\t\t\t\n\t\t\tclass=\"so-widget-iconbox-widget so-widget-iconbox-widget-base\"\n\t\t\t\n\t\t>\n\n<div class=\"icon-box standard ibox-plain ibox-light ibox-rounded\" data-appear-animation=\"fadeIn\">\n    <div class=\"ibox-icon\" style=\"background:#5cb85c;\">\n        <span class=\"sow-icon-fontawesome sow-fas\" data-sow-icon=\"&#xf207;\"\n\t\tstyle=\"color: #ffffff\" \n\t\taria-hidden=\"true\"><\/span>    <\/div>\n    <h3>BUS<\/h3>    <p>C\u00f3mo llegar a Sal\u00e0s en bus\n<\/p><\/div><\/div><\/div><div id=\"panel-1438-0-0-1\" class=\"so-panel widget widget_black-studio-tinymce widget_black_studio_tinymce panel-last-child\" data-index=\"1\" ><div class=\"textwidget\"><table class=\"table table-bordered\">\n<tbody>\n<tr>\n<td>La empresa ALSA tiene un servicio regular desde la Estaci\u00f3n de Autobuses de Lleida y desde la Estaci\u00f3n del Norte de Barcelona con parada en Sal\u00e0s de Pallars. Consultad horarios en la <a href=\"https:\/\/www.alsa.es\" target=\"_blank\" rel=\"noopener noreferrer\"><strong>web oficial d'ALSA<\/strong><\/a>..\n<\/td>\n<\/tr>\n<\/tbody>\n<\/table><\/div><\/div><\/div><div id=\"pgc-1438-0-1\"  class=\"panel-grid-cell\" ><div id=\"panel-1438-0-1-0\" class=\"so-panel widget widget_iconbox-widget panel-first-child\" data-index=\"2\" ><div\n\t\t\t\n\t\t\tclass=\"so-widget-iconbox-widget so-widget-iconbox-widget-base\"\n\t\t\t\n\t\t>\n\n<div class=\"icon-box standard ibox-plain ibox-light ibox-rounded\" data-appear-animation=\"fadeIn\">\n    <div class=\"ibox-icon\" style=\"background:#5cb85c;\">\n        <span class=\"sow-icon-fontawesome sow-fas\" data-sow-icon=\"&#xf238;\"\n\t\tstyle=\"color: #ffffff\" \n\t\taria-hidden=\"true\"><\/span>    <\/div>\n    <h3>TREN<\/h3>    <p>C\u00f3mo llegar a Sal\u00e0s en tren\n<\/p><\/div><\/div><\/div><div id=\"panel-1438-0-1-1\" class=\"so-panel widget widget_black-studio-tinymce widget_black_studio_tinymce panel-last-child\" data-index=\"3\" ><div class=\"textwidget\"><table class=\"table table-bordered\">\n<tbody>\n<tr>\n<td>Tomad el tren hasta la estaci\u00f3n Lleida Pirineus y despu\u00e9s el Ferrocarril de la l\u00ednea de la Pobla de Segur con parada en Sal\u00e0s de Pallars. Consultad horarios en la <a href=\"http:\/\/lleidalapobla.fgc.cat\/es\" target=\"_blank\" rel=\"noopener noreferrer\"><strong>web de FGC<\/strong><\/a>. La estaci\u00f3n est\u00e1 a 15 minutos andando del pueblo.\n<\/td>\n<\/tr>\n<\/tbody>\n<\/table><\/div><\/div><\/div><\/div><div id=\"pg-1438-1\"  class=\"panel-grid panel-no-style\" ><div id=\"pgc-1438-1-0\"  class=\"panel-grid-cell\" ><div id=\"panel-1438-1-0-0\" class=\"so-panel widget widget_iconbox-widget panel-first-child\" data-index=\"4\" ><div\n\t\t\t\n\t\t\tclass=\"so-widget-iconbox-widget so-widget-iconbox-widget-base\"\n\t\t\t\n\t\t>\n\n<div class=\"icon-box standard ibox-plain ibox-light ibox-rounded\" data-appear-animation=\"fadeIn\">\n    <div class=\"ibox-icon\" style=\"background:#5cb85c;\">\n        <span class=\"sow-icon-fontawesome sow-fas\" data-sow-icon=\"&#xf1b9;\"\n\t\tstyle=\"color: #ffffff\" \n\t\taria-hidden=\"true\"><\/span>    <\/div>\n    <h3>COCHE<\/h3>    <p>C\u00f3mo llegar a Sal\u00e0s en coche<\/p><\/div><\/div><\/div><div id=\"panel-1438-1-0-1\" class=\"so-panel widget widget_black-studio-tinymce widget_black_studio_tinymce panel-last-child\" data-index=\"5\" ><div class=\"textwidget\"><table class=\"table table-bordered\">\n<tbody>\n<tr>\n<td><strong>Desde Barcelona<\/strong>. Salid\u00a0de Barcelona por la Avenida Diagonal, tomad la A-2 y a la altura de Cervera la L-303 hasta Agramunt. A la salida, la C-14 lleva hasta Artesa de Segre. Cruzando el pueblo seguid\u00a0el indicador de Tremp. En la rotonda de Tremp, salid direcci\u00f3n Pont de Suert. A los 8 km un desv\u00edo a la izquierda lleva a Sal\u00e0s de Pallars.\n<\/td>\n<\/tr>\n<\/tbody>\n<\/table><\/div><\/div><\/div><div id=\"pgc-1438-1-1\"  class=\"panel-grid-cell\" ><div id=\"panel-1438-1-1-0\" class=\"so-panel widget widget_text panel-first-child panel-last-child\" data-index=\"6\" >\t\t\t<div class=\"textwidget\"><iframe src=\"https:\/\/www.google.com\/maps\/embed?pb=!1m28!1m12!1m3!1d761704.5883452687!2d0.9386592536801334!3d41.7764081436957!2m3!1f0!2f0!3f0!3m2!1i1024!2i768!4f13.1!4m13!3e0!4m5!1s0x12a4a2f1602b4819%3A0x1eecc2af1c60d64b!2sPla%C3%A7a+de+Catalunya%2C+08002+Barcelona!3m2!1d41.387015399999996!2d2.1700471!4m5!1s0x12a66ac2e9a5a6bd%3A0xbe72ff4b6924ca37!2sCarrer+de+la+Pobla%2C+2%2C+25693+Sal%C3%A0s+de+Pallars%2C+Lleida!3m2!1d42.2143814!2d0.9333351!5e0!3m2!1ses!2ses!4v1471454665304\" width=\"95%\" frameborder=\"0\" style=\"border:0\" allowfullscreen><\/iframe><\/div>\n\t\t<\/div><\/div><\/div><div id=\"pg-1438-2\"  class=\"panel-grid panel-no-style\" ><div id=\"pgc-1438-2-0\"  class=\"panel-grid-cell\" ><div id=\"panel-1438-2-0-0\" class=\"so-panel widget widget_black-studio-tinymce widget_black_studio_tinymce panel-first-child panel-last-child\" data-index=\"7\" ><div class=\"textwidget\"><table class=\"table table-bordered\">\n<tbody>\n<tr>\n<td><strong>Desde Lleida<\/strong>. Salid\u00a0de Lleida direcci\u00f3n Balaguer por la C-13 que lleva a Tremp y los 8 km un desv\u00edo a la izquierda os\u00a0llevar\u00e1 a Sal\u00e0s de Pallars.\n<\/td>\n<\/tr>\n<\/tbody>\n<\/table><\/div><\/div><\/div><div id=\"pgc-1438-2-1\"  class=\"panel-grid-cell\" ><div id=\"panel-1438-2-1-0\" class=\"so-panel widget widget_text panel-first-child panel-last-child\" data-index=\"8\" >\t\t\t<div class=\"textwidget\"><iframe src=\"https:\/\/www.google.com\/maps\/embed?pb=!1m28!1m12!1m3!1d537241.2584915819!2d0.5714570919810532!3d41.93871576140466!2m3!1f0!2f0!3f0!3m2!1i1024!2i768!4f13.1!4m13!3e0!4m5!1s0x12a6e05dedeabc1d%3A0x44066fcaa68c23cf!2zTGxlaWRhLCBMw6lyaWRh!3m2!1d41.620695999999995!2d0.6326689999999999!4m5!1s0x12a66ac2e9a5a6bd%3A0xbe72ff4b6924ca37!2sCarrer+de+la+Pobla%2C+2%2C+25693+Sal%C3%A0s+de+Pallars%2C+Lleida!3m2!1d42.2143778!2d0.9333176!5e0!3m2!1ses!2ses!4v1484154384699\" width=\"95%\" frameborder=\"0\" style=\"border:0\" allowfullscreen><\/iframe><\/div>\n\t\t<\/div><\/div><\/div><div id=\"pg-1438-3\"  class=\"panel-grid panel-no-style\" ><div id=\"pgc-1438-3-0\"  class=\"panel-grid-cell\" ><div id=\"panel-1438-3-0-0\" class=\"so-panel widget widget_black-studio-tinymce widget_black_studio_tinymce panel-first-child panel-last-child\" data-index=\"9\" ><div class=\"textwidget\"><table class=\"table table-bordered\">\n<tbody>\n<tr>\n<td><strong>Desde Girona<\/strong>. Tomad el eje transversal hasta la salida de Calaf con direccion Andorra. Saliendo de Ponts\u00a0tomad direcci\u00f3n Tremp. En la rotonda de Tremp seguid\u00a0hacia Pont de Suert. A 8 km de Tremp un desv\u00edo a la izquierda llega a Sal\u00e0s.\n<\/td>\n<\/tr>\n<\/tbody>\n<\/table><\/div><\/div><\/div><div id=\"pgc-1438-3-1\"  class=\"panel-grid-cell\" ><div id=\"panel-1438-3-1-0\" class=\"so-panel widget widget_text panel-first-child panel-last-child\" data-index=\"10\" >\t\t\t<div class=\"textwidget\"><iframe src=\"https:\/\/www.google.com\/maps\/embed?pb=!1m28!1m12!1m3!1d760733.0038012266!2d1.3225581230216485!3d41.85814961129528!2m3!1f0!2f0!3f0!3m2!1i1024!2i768!4f13.1!4m13!3e0!4m5!1s0x12bacdc31ed31a45%3A0x300fae021a3ca40!2sGirona!3m2!1d42.0407088!2d2.9375739!4m5!1s0x12a66ac2e9a5a6bd%3A0xbe72ff4b6924ca37!2sCarrer+de+la+Pobla%2C+2%2C+25693+Sal%C3%A0s+de+Pallars%2C+Lleida!3m2!1d42.2143814!2d0.9333351!5e0!3m2!1ses!2ses!4v1471454844416\" width=\"95%\" frameborder=\"0\" style=\"border:0\" allowfullscreen><\/iframe><\/div>\n\t\t<\/div><\/div><\/div><div id=\"pg-1438-4\"  class=\"panel-grid panel-no-style\" ><div id=\"pgc-1438-4-0\"  class=\"panel-grid-cell\" ><div id=\"panel-1438-4-0-0\" class=\"so-panel widget widget_black-studio-tinymce widget_black_studio_tinymce panel-first-child panel-last-child\" data-index=\"11\" ><div class=\"textwidget\"><table class=\"table table-bordered\">\n<tbody>\n<tr>\n<td><strong>Desde Andorra<\/strong>. Conducid\u00a0hasta la Seu\u00a0d'Urgell\u00a0y tomad la N-260 que lleva al Port del Cant\u00f3 y Sort. Desde Sort dirij\u00edos hacia Tremp y a 4 km de La Pobla de Segur encontrar\u00e9is un desv\u00edo a la derecha que conduce a Sal\u00e0s de Pallars.\n<\/td>\n<\/tr>\n<\/tbody>\n<\/table><\/div><\/div><\/div><div id=\"pgc-1438-4-1\"  class=\"panel-grid-cell\" ><div id=\"panel-1438-4-1-0\" class=\"so-panel widget widget_text panel-first-child panel-last-child\" data-index=\"12\" >\t\t\t<div class=\"textwidget\"><iframe src=\"https:\/\/www.google.com\/maps\/embed?pb=!1m28!1m12!1m3!1d377408.2626945348!2d1.0212283025879838!3d42.353138658695116!2m3!1f0!2f0!3f0!3m2!1i1024!2i768!4f13.1!4m13!3e0!4m5!1s0x12a5f52b4a25fb0b%3A0xa00947091997280!2sAndorra+la+Vieja%2C+Andorra!3m2!1d42.5063174!2d1.5218355!4m5!1s0x12a66ac2e9a5a6bd%3A0xbe72ff4b6924ca37!2sCarrer+de+la+Pobla%2C+2%2C+25693+Sal%C3%A0s+de+Pallars%2C+Lleida!3m2!1d42.2143814!2d0.9333351!5e0!3m2!1ses!2ses!4v1471454798249\" width=\"95%\" frameborder=\"0\" style=\"border:0\" allowfullscreen><\/iframe><\/div>\n\t\t<\/div><\/div><\/div><div id=\"pg-1438-5\"  class=\"panel-grid panel-no-style\" ><div id=\"pgc-1438-5-0\"  class=\"panel-grid-cell\" ><div id=\"panel-1438-5-0-0\" class=\"so-panel widget widget_sow-post-carousel panel-first-child panel-last-child\" data-index=\"13\" ><div\n\t\t\t\n\t\t\tclass=\"so-widget-sow-post-carousel so-widget-sow-post-carousel-base-ad93eedad001-1438\"\n\t\t\t\n\t\t>\t<div\n\t\tclass=\"sow-post-carousel-wrapper sow-post-carousel-theme-base\"\n\t\tstyle=\"overflow: hidden; max-width: 100%; min-height: 182px\"\n\t>\n\t\t<div class=\"sow-carousel-title has-title\">\n\t<h3 class=\"widget-title\">M\u00c1S INFORMACI\u00d3N<\/h3>\t\t<div class=\"sow-carousel-navigation \">\n\t\t\t\t\t\t<a href=\"#\" class=\"sow-carousel-next\" title=\"Siguiente\" aria-label=\"Entradas siguientes\" role=\"button\"><\/a>\n\t\t\t\t\t\t<a href=\"#\" class=\"sow-carousel-previous\" title=\"Anterior\" aria-label=\"Entradas anteriores\" role=\"button\"><\/a>\n\t\t\t\t\t<\/div>\n\t<\/div>\n\n<div class=\"sow-carousel-container \">\n\t\t<div class=\"sow-carousel-wrapper\"\n\t\tdata-dir=\"ltr\"\n\t\tstyle=\"opacity: 0;\"\n\t\tdata-widget=\"post\" data-fetching=\"false\" data-page=\"1\" data-ajax-url=\"https:\/\/botiguesmuseusalas.cat\/wp-admin\/admin-ajax.php?_widgets_nonce=283829d141\" data-item_count=\"5\" data-carousel_settings=\"{&quot;loop&quot;:true,&quot;animation&quot;:&quot;Ease&quot;,&quot;animation_speed&quot;:400,&quot;autoplay&quot;:&quot;&quot;,&quot;pauseOnHover&quot;:&quot;&quot;,&quot;autoplaySpeed&quot;:8000,&quot;item_overflow&quot;:true,&quot;autoplay_continuous_scroll&quot;:false}\" data-responsive=\"{&quot;desktop_slides_to_scroll&quot;:1,&quot;tablet_landscape_breakpoint&quot;:1366,&quot;tablet_landscape_slides_to_scroll&quot;:2,&quot;tablet_portrait_breakpoint&quot;:1025,&quot;tablet_portrait_slides_to_scroll&quot;:2,&quot;mobile_breakpoint&quot;:480,&quot;mobile_slides_to_scroll&quot;:1}\" data-variable_width=\"true\" \t>\n\t\t<div\n\t\t\tclass=\"sow-carousel-items\"\n\t\t\t\t\t>\n\t\t\t\t<div class=\"sow-carousel-item\" tabindex=\"-1\" style=\"float: left;\">\n\t\t<div class=\"sow-carousel-thumbnail\">\n\t\t\t\t\t\t\t<a\n\t\t\t\t\thref=\"https:\/\/botiguesmuseusalas.cat\/es\/visita\/horarios\/\"\n\t\t\t\t\t\t\t\t\t\tstyle=\"background-image: url( https:\/\/botiguesmuseusalas.cat\/wp-content\/uploads\/2017\/02\/Botigues-Salas-Home_03-272x182.jpg )\"\n\t\t\t\t\taria-labelledby=\"sow-carousel-id-1443\"\n\t\t\t\t\ttabindex=\"-1\"\n\t\t\t\t>\n\t\t\t\t\t<span class=\"overlay\"><\/span>\n\t\t\t\t<\/a>\n\t\t\t\t\t<\/div>\n\t\t<h3 class=\"sow-carousel-item-title\">\n\t\t\t<a\n\t\t\t\thref=\"https:\/\/botiguesmuseusalas.cat\/es\/visita\/horarios\/\"\n\t\t\t\tid=\"sow-carousel-id-1443\"\n\t\t\t\t\t\t\t\ttabindex=\"-1\"\n\t\t\t>\n\n\t\t\t\tHorarios y reservas\t\t\t<\/a>\n\t\t<\/h3>\n\t<\/div>\n\t\t<div class=\"sow-carousel-item\" tabindex=\"-1\" style=\"float: left;\">\n\t\t<div class=\"sow-carousel-thumbnail\">\n\t\t\t\t\t\t\t<a\n\t\t\t\t\thref=\"https:\/\/botiguesmuseusalas.cat\/es\/visita\/precios\/\"\n\t\t\t\t\t\t\t\t\t\tstyle=\"background-image: url( https:\/\/botiguesmuseusalas.cat\/wp-content\/uploads\/2017\/02\/Botigues-Salas-Home_04-272x182.jpg )\"\n\t\t\t\t\taria-labelledby=\"sow-carousel-id-1460\"\n\t\t\t\t\ttabindex=\"-1\"\n\t\t\t\t>\n\t\t\t\t\t<span class=\"overlay\"><\/span>\n\t\t\t\t<\/a>\n\t\t\t\t\t<\/div>\n\t\t<h3 class=\"sow-carousel-item-title\">\n\t\t\t<a\n\t\t\t\thref=\"https:\/\/botiguesmuseusalas.cat\/es\/visita\/precios\/\"\n\t\t\t\tid=\"sow-carousel-id-1460\"\n\t\t\t\t\t\t\t\ttabindex=\"-1\"\n\t\t\t>\n\n\t\t\t\tPrecios\t\t\t<\/a>\n\t\t<\/h3>\n\t<\/div>\n\t\t<div class=\"sow-carousel-item\" tabindex=\"-1\" style=\"float: left;\">\n\t\t<div class=\"sow-carousel-thumbnail\">\n\t\t\t\t\t\t\t<a\n\t\t\t\t\thref=\"https:\/\/botiguesmuseusalas.cat\/es\/visita\/como-llegar\/\"\n\t\t\t\t\t\t\t\t\t\tstyle=\"background-image: url( https:\/\/botiguesmuseusalas.cat\/wp-content\/uploads\/2016\/06\/Botigues-Portada_prova01-272x182.jpg )\"\n\t\t\t\t\taria-labelledby=\"sow-carousel-id-1438\"\n\t\t\t\t\ttabindex=\"-1\"\n\t\t\t\t>\n\t\t\t\t\t<span class=\"overlay\"><\/span>\n\t\t\t\t<\/a>\n\t\t\t\t\t<\/div>\n\t\t<h3 class=\"sow-carousel-item-title\">\n\t\t\t<a\n\t\t\t\thref=\"https:\/\/botiguesmuseusalas.cat\/es\/visita\/como-llegar\/\"\n\t\t\t\tid=\"sow-carousel-id-1438\"\n\t\t\t\t\t\t\t\ttabindex=\"-1\"\n\t\t\t>\n\n\t\t\t\tC\u00f3mo llegar\t\t\t<\/a>\n\t\t<\/h3>\n\t<\/div>\n\t\t<div class=\"sow-carousel-item\" tabindex=\"-1\" style=\"float: left;\">\n\t\t<div class=\"sow-carousel-thumbnail\">\n\t\t\t\t\t\t\t<a\n\t\t\t\t\thref=\"https:\/\/botiguesmuseusalas.cat\/es\/visita\/itinerario-visita-guiada\/\"\n\t\t\t\t\t\t\t\t\t\tstyle=\"background-image: url( https:\/\/botiguesmuseusalas.cat\/wp-content\/uploads\/2016\/06\/Botigues-Portada_prova01-272x182.jpg )\"\n\t\t\t\t\taria-labelledby=\"sow-carousel-id-1448\"\n\t\t\t\t\ttabindex=\"-1\"\n\t\t\t\t>\n\t\t\t\t\t<span class=\"overlay\"><\/span>\n\t\t\t\t<\/a>\n\t\t\t\t\t<\/div>\n\t\t<h3 class=\"sow-carousel-item-title\">\n\t\t\t<a\n\t\t\t\thref=\"https:\/\/botiguesmuseusalas.cat\/es\/visita\/itinerario-visita-guiada\/\"\n\t\t\t\tid=\"sow-carousel-id-1448\"\n\t\t\t\t\t\t\t\ttabindex=\"-1\"\n\t\t\t>\n\n\t\t\t\tItinerario Visita Guiada\t\t\t<\/a>\n\t\t<\/h3>\n\t<\/div>\n\t\t<div class=\"sow-carousel-item\" tabindex=\"-1\" style=\"float: left;\">\n\t\t<div class=\"sow-carousel-thumbnail\">\n\t\t\t\t\t\t\t<a\n\t\t\t\t\thref=\"https:\/\/botiguesmuseusalas.cat\/es\/visita\/buenas-practicas\/\"\n\t\t\t\t\t\t\t\t\t\tstyle=\"background-image: url( https:\/\/botiguesmuseusalas.cat\/wp-content\/uploads\/2016\/07\/Botigues-Salas-Merceria-03-3-272x182.jpg )\"\n\t\t\t\t\taria-labelledby=\"sow-carousel-id-1433\"\n\t\t\t\t\ttabindex=\"-1\"\n\t\t\t\t>\n\t\t\t\t\t<span class=\"overlay\"><\/span>\n\t\t\t\t<\/a>\n\t\t\t\t\t<\/div>\n\t\t<h3 class=\"sow-carousel-item-title\">\n\t\t\t<a\n\t\t\t\thref=\"https:\/\/botiguesmuseusalas.cat\/es\/visita\/buenas-practicas\/\"\n\t\t\t\tid=\"sow-carousel-id-1433\"\n\t\t\t\t\t\t\t\ttabindex=\"-1\"\n\t\t\t>\n\n\t\t\t\tBuenas pr\u00e1cticas\t\t\t<\/a>\n\t\t<\/h3>\n\t<\/div>\n\t\t\t<\/div>\n\t\t\t<\/div>\n\n\t<\/div>\n\t\t<input type=\"hidden\" name=\"instance_hash\" value=\"fad6fb98\"\/>\n\t<\/div>\n<\/div><\/div><\/div><\/div><\/div>","protected":false},"excerpt":{"rendered":"<p>BUS C\u00f3mo llegar a Sal\u00e0s en bus La empresa ALSA tiene un servicio regular desde la Estaci\u00f3n de Autobuses de Lleida y desde la Estaci\u00f3n del Norte de Barcelona con parada en Sal\u00e0s de Pallars. Consultad horarios en la web oficial d&#8217;ALSA.. TREN C\u00f3mo llegar a Sal\u00e0s en tren Tomad el tren hasta la estaci\u00f3n Lleida Pirineus y despu\u00e9s el Ferrocarril de la l\u00ednea de la Pobla de Segur con parada en Sal\u00e0s de Pallars. Consultad horarios en la web de FGC. La estaci\u00f3n est\u00e1 a 15 minutos andando del pueblo. COCHE C\u00f3mo llegar a Sal\u00e0s en coche Desde Barcelona. Salid\u00a0de Barcelona por la Avenida Diagonal, tomad la A-2 y a la altura de Cervera la L-303 hasta Agramunt. A la salida, la C-14 lleva hasta Artesa de Segre. Cruzando el pueblo seguid\u00a0el indicador de Tremp. En la rotonda de Tremp, salid direcci\u00f3n Pont de Suert. A los 8 km un desv\u00edo a la izquierda lleva a Sal\u00e0s de Pallars. Desde Lleida. Salid\u00a0de Lleida direcci\u00f3n Balaguer por la C-13 que lleva a Tremp y los 8 km un desv\u00edo a la izquierda os\u00a0llevar\u00e1 a Sal\u00e0s de Pallars. Desde Girona. Tomad el eje transversal hasta la salida de Calaf con direccion Andorra. Saliendo de Ponts\u00a0tomad direcci\u00f3n Tremp. En la rotonda de Tremp seguid\u00a0hacia Pont de Suert. A 8 km de Tremp un desv\u00edo a la izquierda llega a Sal\u00e0s. Desde Andorra. Conducid\u00a0hasta la Seu\u00a0d&#8217;Urgell\u00a0y tomad la N-260 que lleva al Port del Cant\u00f3 y Sort. Desde Sort dirij\u00edos hacia Tremp y a 4 km de La Pobla de Segur encontrar\u00e9is un desv\u00edo a la derecha que conduce a Sal\u00e0s de Pallars. M\u00c1S INFORMACI\u00d3N Horarios y reservas Precios C\u00f3mo llegar Itinerario Visita Guiada Buenas pr\u00e1cticas<\/p>\n","protected":false},"author":7,"featured_media":644,"parent":1428,"menu_order":0,"comment_status":"closed","ping_status":"closed","template":"","meta":{"_acf_changed":false,"footnotes":""},"class_list":["post-1438","page","type-page","status-publish","has-post-thumbnail","hentry"],"acf":[],"yoast_head":"<!-- This site is optimized with the Yoast SEO plugin v27.3 - https:\/\/yoast.com\/product\/yoast-seo-wordpress\/ -->\n<title>C\u00f3mo llegar - Botigues Museu de Sal\u00e0s<\/title>\n<meta name=\"description\" content=\"C\u00f3mo llegar a las Botigues Museu de Sal\u00e0s de Pallars desde Barcelona, Lleida y otros destinos.\" \/>\n<meta name=\"robots\" content=\"index, follow, max-snippet:-1, max-image-preview:large, max-video-preview:-1\" \/>\n<link rel=\"canonical\" href=\"https:\/\/botiguesmuseusalas.cat\/es\/visita\/como-llegar\/\" \/>\n<meta property=\"og:locale\" content=\"es_ES\" \/>\n<meta property=\"og:type\" content=\"article\" \/>\n<meta property=\"og:title\" content=\"C\u00f3mo llegar - Botigues Museu de Sal\u00e0s\" \/>\n<meta property=\"og:description\" content=\"C\u00f3mo llegar a las Botigues Museu de Sal\u00e0s de Pallars desde Barcelona, Lleida y otros destinos.\" \/>\n<meta property=\"og:url\" content=\"https:\/\/botiguesmuseusalas.cat\/es\/visita\/como-llegar\/\" \/>\n<meta property=\"og:site_name\" content=\"Botigues Museu de Sal\u00e0s\" \/>\n<meta property=\"article:modified_time\" content=\"2025-02-02T21:19:56+00:00\" \/>\n<meta property=\"og:image\" content=\"https:\/\/botiguesmuseusalas.cat\/wp-content\/uploads\/2016\/06\/Botigues-Portada_prova01.jpg\" \/>\n\t<meta property=\"og:image:width\" content=\"1280\" \/>\n\t<meta property=\"og:image:height\" content=\"853\" \/>\n\t<meta property=\"og:image:type\" content=\"image\/jpeg\" \/>\n<meta name=\"twitter:card\" content=\"summary_large_image\" \/>\n<meta name=\"twitter:label1\" content=\"Tiempo de lectura\" \/>\n\t<meta name=\"twitter:data1\" content=\"2 minutos\" \/>\n<script type=\"application\/ld+json\" class=\"yoast-schema-graph\">{\"@context\":\"https:\\\/\\\/schema.org\",\"@graph\":[{\"@type\":\"WebPage\",\"@id\":\"https:\\\/\\\/botiguesmuseusalas.cat\\\/es\\\/visita\\\/como-llegar\\\/\",\"url\":\"https:\\\/\\\/botiguesmuseusalas.cat\\\/es\\\/visita\\\/como-llegar\\\/\",\"name\":\"C\u00f3mo llegar - Botigues Museu de Sal\u00e0s\",\"isPartOf\":{\"@id\":\"https:\\\/\\\/botiguesmuseusalas.cat\\\/#website\"},\"primaryImageOfPage\":{\"@id\":\"https:\\\/\\\/botiguesmuseusalas.cat\\\/es\\\/visita\\\/como-llegar\\\/#primaryimage\"},\"image\":{\"@id\":\"https:\\\/\\\/botiguesmuseusalas.cat\\\/es\\\/visita\\\/como-llegar\\\/#primaryimage\"},\"thumbnailUrl\":\"https:\\\/\\\/botiguesmuseusalas.cat\\\/wp-content\\\/uploads\\\/2016\\\/06\\\/Botigues-Portada_prova01.jpg\",\"datePublished\":\"2017-07-03T08:50:20+00:00\",\"dateModified\":\"2025-02-02T21:19:56+00:00\",\"description\":\"C\u00f3mo llegar a las Botigues Museu de Sal\u00e0s de Pallars desde Barcelona, Lleida y otros destinos.\",\"breadcrumb\":{\"@id\":\"https:\\\/\\\/botiguesmuseusalas.cat\\\/es\\\/visita\\\/como-llegar\\\/#breadcrumb\"},\"inLanguage\":\"es\",\"potentialAction\":[{\"@type\":\"ReadAction\",\"target\":[\"https:\\\/\\\/botiguesmuseusalas.cat\\\/es\\\/visita\\\/como-llegar\\\/\"]}]},{\"@type\":\"ImageObject\",\"inLanguage\":\"es\",\"@id\":\"https:\\\/\\\/botiguesmuseusalas.cat\\\/es\\\/visita\\\/como-llegar\\\/#primaryimage\",\"url\":\"https:\\\/\\\/botiguesmuseusalas.cat\\\/wp-content\\\/uploads\\\/2016\\\/06\\\/Botigues-Portada_prova01.jpg\",\"contentUrl\":\"https:\\\/\\\/botiguesmuseusalas.cat\\\/wp-content\\\/uploads\\\/2016\\\/06\\\/Botigues-Portada_prova01.jpg\",\"width\":1280,\"height\":853},{\"@type\":\"BreadcrumbList\",\"@id\":\"https:\\\/\\\/botiguesmuseusalas.cat\\\/es\\\/visita\\\/como-llegar\\\/#breadcrumb\",\"itemListElement\":[{\"@type\":\"ListItem\",\"position\":1,\"name\":\"Inici\",\"item\":\"https:\\\/\\\/botiguesmuseusalas.cat\\\/es\\\/\"},{\"@type\":\"ListItem\",\"position\":2,\"name\":\"Visita\",\"item\":\"https:\\\/\\\/botiguesmuseusalas.cat\\\/es\\\/visita\\\/\"},{\"@type\":\"ListItem\",\"position\":3,\"name\":\"C\u00f3mo llegar\"}]},{\"@type\":\"WebSite\",\"@id\":\"https:\\\/\\\/botiguesmuseusalas.cat\\\/#website\",\"url\":\"https:\\\/\\\/botiguesmuseusalas.cat\\\/\",\"name\":\"Botigues Museu de Sal\u00e0s\",\"description\":\"Web oficial de les Botigues Museu de Sal\u00e0s de Pallars (Lleida)\",\"potentialAction\":[{\"@type\":\"SearchAction\",\"target\":{\"@type\":\"EntryPoint\",\"urlTemplate\":\"https:\\\/\\\/botiguesmuseusalas.cat\\\/?s={search_term_string}\"},\"query-input\":{\"@type\":\"PropertyValueSpecification\",\"valueRequired\":true,\"valueName\":\"search_term_string\"}}],\"inLanguage\":\"es\"}]}<\/script>\n<!-- \/ Yoast SEO plugin. -->","yoast_head_json":{"title":"C\u00f3mo llegar - Botigues Museu de Sal\u00e0s","description":"C\u00f3mo llegar a las Botigues Museu de Sal\u00e0s de Pallars desde Barcelona, Lleida y otros destinos.","robots":{"index":"index","follow":"follow","max-snippet":"max-snippet:-1","max-image-preview":"max-image-preview:large","max-video-preview":"max-video-preview:-1"},"canonical":"https:\/\/botiguesmuseusalas.cat\/es\/visita\/como-llegar\/","og_locale":"es_ES","og_type":"article","og_title":"C\u00f3mo llegar - Botigues Museu de Sal\u00e0s","og_description":"C\u00f3mo llegar a las Botigues Museu de Sal\u00e0s de Pallars desde Barcelona, Lleida y otros destinos.","og_url":"https:\/\/botiguesmuseusalas.cat\/es\/visita\/como-llegar\/","og_site_name":"Botigues Museu de Sal\u00e0s","article_modified_time":"2025-02-02T21:19:56+00:00","og_image":[{"width":1280,"height":853,"url":"https:\/\/botiguesmuseusalas.cat\/wp-content\/uploads\/2016\/06\/Botigues-Portada_prova01.jpg","type":"image\/jpeg"}],"twitter_card":"summary_large_image","twitter_misc":{"Tiempo de lectura":"2 minutos"},"schema":{"@context":"https:\/\/schema.org","@graph":[{"@type":"WebPage","@id":"https:\/\/botiguesmuseusalas.cat\/es\/visita\/como-llegar\/","url":"https:\/\/botiguesmuseusalas.cat\/es\/visita\/como-llegar\/","name":"C\u00f3mo llegar - Botigues Museu de Sal\u00e0s","isPartOf":{"@id":"https:\/\/botiguesmuseusalas.cat\/#website"},"primaryImageOfPage":{"@id":"https:\/\/botiguesmuseusalas.cat\/es\/visita\/como-llegar\/#primaryimage"},"image":{"@id":"https:\/\/botiguesmuseusalas.cat\/es\/visita\/como-llegar\/#primaryimage"},"thumbnailUrl":"https:\/\/botiguesmuseusalas.cat\/wp-content\/uploads\/2016\/06\/Botigues-Portada_prova01.jpg","datePublished":"2017-07-03T08:50:20+00:00","dateModified":"2025-02-02T21:19:56+00:00","description":"C\u00f3mo llegar a las Botigues Museu de Sal\u00e0s de Pallars desde Barcelona, Lleida y otros destinos.","breadcrumb":{"@id":"https:\/\/botiguesmuseusalas.cat\/es\/visita\/como-llegar\/#breadcrumb"},"inLanguage":"es","potentialAction":[{"@type":"ReadAction","target":["https:\/\/botiguesmuseusalas.cat\/es\/visita\/como-llegar\/"]}]},{"@type":"ImageObject","inLanguage":"es","@id":"https:\/\/botiguesmuseusalas.cat\/es\/visita\/como-llegar\/#primaryimage","url":"https:\/\/botiguesmuseusalas.cat\/wp-content\/uploads\/2016\/06\/Botigues-Portada_prova01.jpg","contentUrl":"https:\/\/botiguesmuseusalas.cat\/wp-content\/uploads\/2016\/06\/Botigues-Portada_prova01.jpg","width":1280,"height":853},{"@type":"BreadcrumbList","@id":"https:\/\/botiguesmuseusalas.cat\/es\/visita\/como-llegar\/#breadcrumb","itemListElement":[{"@type":"ListItem","position":1,"name":"Inici","item":"https:\/\/botiguesmuseusalas.cat\/es\/"},{"@type":"ListItem","position":2,"name":"Visita","item":"https:\/\/botiguesmuseusalas.cat\/es\/visita\/"},{"@type":"ListItem","position":3,"name":"C\u00f3mo llegar"}]},{"@type":"WebSite","@id":"https:\/\/botiguesmuseusalas.cat\/#website","url":"https:\/\/botiguesmuseusalas.cat\/","name":"Botigues Museu de Sal\u00e0s","description":"Web oficial de les Botigues Museu de Sal\u00e0s de Pallars (Lleida)","potentialAction":[{"@type":"SearchAction","target":{"@type":"EntryPoint","urlTemplate":"https:\/\/botiguesmuseusalas.cat\/?s={search_term_string}"},"query-input":{"@type":"PropertyValueSpecification","valueRequired":true,"valueName":"search_term_string"}}],"inLanguage":"es"}]}},"_links":{"self":[{"href":"https:\/\/botiguesmuseusalas.cat\/es\/wp-json\/wp\/v2\/pages\/1438","targetHints":{"allow":["GET"]}}],"collection":[{"href":"https:\/\/botiguesmuseusalas.cat\/es\/wp-json\/wp\/v2\/pages"}],"about":[{"href":"https:\/\/botiguesmuseusalas.cat\/es\/wp-json\/wp\/v2\/types\/page"}],"author":[{"embeddable":true,"href":"https:\/\/botiguesmuseusalas.cat\/es\/wp-json\/wp\/v2\/users\/7"}],"replies":[{"embeddable":true,"href":"https:\/\/botiguesmuseusalas.cat\/es\/wp-json\/wp\/v2\/comments?post=1438"}],"version-history":[{"count":15,"href":"https:\/\/botiguesmuseusalas.cat\/es\/wp-json\/wp\/v2\/pages\/1438\/revisions"}],"predecessor-version":[{"id":3882,"href":"https:\/\/botiguesmuseusalas.cat\/es\/wp-json\/wp\/v2\/pages\/1438\/revisions\/3882"}],"up":[{"embeddable":true,"href":"https:\/\/botiguesmuseusalas.cat\/es\/wp-json\/wp\/v2\/pages\/1428"}],"wp:featuredmedia":[{"embeddable":true,"href":"https:\/\/botiguesmuseusalas.cat\/es\/wp-json\/wp\/v2\/media\/644"}],"wp:attachment":[{"href":"https:\/\/botiguesmuseusalas.cat\/es\/wp-json\/wp\/v2\/media?parent=1438"}],"curies":[{"name":"wp","href":"https:\/\/api.w.org\/{rel}","templated":true}]}}