{"id":1448,"date":"2017-07-03T10:50:19","date_gmt":"2017-07-03T08:50:19","guid":{"rendered":"http:\/\/botiguesmuseusalas.cat\/es\/?page_id=1448"},"modified":"2025-01-25T17:57:17","modified_gmt":"2025-01-25T15:57:17","slug":"itinerario-visita-guiada","status":"publish","type":"page","link":"https:\/\/botiguesmuseusalas.cat\/es\/visita\/itinerario-visita-guiada\/","title":{"rendered":"Itinerario Visita Guiada"},"content":{"rendered":"<div id=\"pl-1448\"  class=\"panel-layout\" ><div id=\"pg-1448-0\"  class=\"panel-grid panel-no-style\" ><div id=\"pgc-1448-0-0\"  class=\"panel-grid-cell\" ><div id=\"panel-1448-0-0-0\" class=\"so-panel widget widget_iconbox-widget panel-first-child\" data-index=\"0\" ><div\n\t\t\t\n\t\t\tclass=\"so-widget-iconbox-widget so-widget-iconbox-widget-base\"\n\t\t\t\n\t\t>\n\n<div class=\"icon-box standard ibox-plain ibox-light ibox-rounded\" data-appear-animation=\"fadeIn\">\n    <div class=\"ibox-icon\" style=\"background:#5cb85c;\">\n        <span class=\"sow-icon-fontawesome sow-fas\" data-sow-icon=\"&#xf061;\"\n\t\tstyle=\"color: #ffffff\" \n\t\taria-hidden=\"true\"><\/span>    <\/div>\n    <h3>ITINERARIO DE LA VISITA<\/h3>    <p>Un paseo por la historia\n<\/p><\/div><\/div><\/div><div id=\"panel-1448-0-0-1\" class=\"so-panel widget widget_black-studio-tinymce widget_black_studio_tinymce panel-last-child\" data-index=\"1\" ><div class=\"textwidget\"><table class=\"table table-bordered\">\n<tbody>\n<tr>\n<td>La visita guiada a las Botigues Museu\u00a0de Sal\u00e0s de Pallars se inicia en el <strong>Caf\u00e8 Salon<\/strong>, ubicado en la <strong>Pla\u00e7a del Mercat<\/strong>, en el casco antiguo del pueblo, y contin\u00faa por un itinerario urbano por el casco antiguo que conduce a cada una de las diez tiendas, donde las gu\u00edas ofrecen explicaciones de productos, historias comerciales, historia de la publicidad y otros.<br\/>\nLa duraci\u00f3n  de la visita es de entre <strong>90 y 120 minutos<\/strong>.<\/td>\n<\/tr>\n<\/tbody>\n<\/table>\n\n<\/div><\/div><\/div><div id=\"pgc-1448-0-1\"  class=\"panel-grid-cell\" ><div id=\"panel-1448-0-1-0\" class=\"so-panel widget widget_iconbox-widget panel-first-child\" data-index=\"2\" ><div\n\t\t\t\n\t\t\tclass=\"so-widget-iconbox-widget so-widget-iconbox-widget-base\"\n\t\t\t\n\t\t>\n\n<div class=\"icon-box standard ibox-plain ibox-light ibox-rounded\" data-appear-animation=\"fadeIn\">\n    <div class=\"ibox-icon\" style=\"background:#5cb85c;\">\n        <span class=\"sow-icon-fontawesome sow-fas\" data-sow-icon=\"&#xf3c5;\"\n\t\tstyle=\"color: #ffffff\" \n\t\taria-hidden=\"true\"><\/span>    <\/div>\n    <h3>CAF\u00c9 SAL\u00d3N (PLA\u00c7A DEL MERCAT)<\/h3>    <p>Lugar de inicio de las visitas guiadas\n<\/p><\/div><\/div><\/div><div id=\"panel-1448-0-1-1\" class=\"so-panel widget widget_media_image panel-last-child\" data-index=\"3\" ><img loading=\"lazy\" decoding=\"async\" width=\"300\" height=\"300\" src=\"https:\/\/botiguesmuseusalas.cat\/wp-content\/uploads\/2018\/07\/IMG_20180727_175340_083-300x300.jpg\" class=\"image wp-image-1854  attachment-medium size-medium\" alt=\"\" style=\"max-width: 100%; height: auto;\" srcset=\"https:\/\/botiguesmuseusalas.cat\/wp-content\/uploads\/2018\/07\/IMG_20180727_175340_083-300x300.jpg 300w, https:\/\/botiguesmuseusalas.cat\/wp-content\/uploads\/2018\/07\/IMG_20180727_175340_083-150x150.jpg 150w, https:\/\/botiguesmuseusalas.cat\/wp-content\/uploads\/2018\/07\/IMG_20180727_175340_083-768x768.jpg 768w, https:\/\/botiguesmuseusalas.cat\/wp-content\/uploads\/2018\/07\/IMG_20180727_175340_083-1024x1024.jpg 1024w, https:\/\/botiguesmuseusalas.cat\/wp-content\/uploads\/2018\/07\/IMG_20180727_175340_083-958x958.jpg 958w, https:\/\/botiguesmuseusalas.cat\/wp-content\/uploads\/2018\/07\/IMG_20180727_175340_083-100x100.jpg 100w, https:\/\/botiguesmuseusalas.cat\/wp-content\/uploads\/2018\/07\/IMG_20180727_175340_083-210x210.jpg 210w\" sizes=\"auto, (max-width: 300px) 100vw, 300px\" \/><\/div><\/div><\/div><div id=\"pg-1448-1\"  class=\"panel-grid panel-no-style\" ><div id=\"pgc-1448-1-0\"  class=\"panel-grid-cell\" ><div id=\"panel-1448-1-0-0\" class=\"so-panel widget widget_sow-post-carousel panel-first-child panel-last-child\" data-index=\"4\" ><div\n\t\t\t\n\t\t\tclass=\"so-widget-sow-post-carousel so-widget-sow-post-carousel-base-ad93eedad001-1448\"\n\t\t\t\n\t\t>\t<div\n\t\tclass=\"sow-post-carousel-wrapper sow-post-carousel-theme-base\"\n\t\tstyle=\"overflow: hidden; max-width: 100%; min-height: 182px\"\n\t>\n\t\t<div class=\"sow-carousel-title has-title\">\n\t<h3 class=\"widget-title\">M\u00c1S INFORMACI\u00d3N<\/h3>\t\t<div class=\"sow-carousel-navigation \">\n\t\t\t\t\t\t<a href=\"#\" class=\"sow-carousel-next\" title=\"Siguiente\" aria-label=\"Entradas siguientes\" role=\"button\"><\/a>\n\t\t\t\t\t\t<a href=\"#\" class=\"sow-carousel-previous\" title=\"Anterior\" aria-label=\"Entradas anteriores\" role=\"button\"><\/a>\n\t\t\t\t\t<\/div>\n\t<\/div>\n\n<div class=\"sow-carousel-container \">\n\t\t<div class=\"sow-carousel-wrapper\"\n\t\tdata-dir=\"ltr\"\n\t\tstyle=\"opacity: 0;\"\n\t\tdata-widget=\"post\" data-fetching=\"false\" data-page=\"1\" data-ajax-url=\"https:\/\/botiguesmuseusalas.cat\/wp-admin\/admin-ajax.php?_widgets_nonce=49e41c467b\" data-item_count=\"5\" data-carousel_settings=\"{&quot;loop&quot;:true,&quot;animation&quot;:&quot;Ease&quot;,&quot;animation_speed&quot;:400,&quot;autoplay&quot;:&quot;&quot;,&quot;pauseOnHover&quot;:&quot;&quot;,&quot;autoplaySpeed&quot;:8000,&quot;item_overflow&quot;:true,&quot;autoplay_continuous_scroll&quot;:false}\" data-responsive=\"{&quot;desktop_slides_to_scroll&quot;:1,&quot;tablet_landscape_breakpoint&quot;:1366,&quot;tablet_landscape_slides_to_scroll&quot;:2,&quot;tablet_portrait_breakpoint&quot;:1025,&quot;tablet_portrait_slides_to_scroll&quot;:2,&quot;mobile_breakpoint&quot;:480,&quot;mobile_slides_to_scroll&quot;:1}\" data-variable_width=\"true\" \t>\n\t\t<div\n\t\t\tclass=\"sow-carousel-items\"\n\t\t\t\t\t>\n\t\t\t\t<div class=\"sow-carousel-item\" tabindex=\"-1\" style=\"float: left;\">\n\t\t<div class=\"sow-carousel-thumbnail\">\n\t\t\t\t\t\t\t<a\n\t\t\t\t\thref=\"https:\/\/botiguesmuseusalas.cat\/es\/visita\/horarios\/\"\n\t\t\t\t\t\t\t\t\t\tstyle=\"background-image: url( https:\/\/botiguesmuseusalas.cat\/wp-content\/uploads\/2017\/02\/Botigues-Salas-Home_03-272x182.jpg )\"\n\t\t\t\t\taria-labelledby=\"sow-carousel-id-1443\"\n\t\t\t\t\ttabindex=\"-1\"\n\t\t\t\t>\n\t\t\t\t\t<span class=\"overlay\"><\/span>\n\t\t\t\t<\/a>\n\t\t\t\t\t<\/div>\n\t\t<h3 class=\"sow-carousel-item-title\">\n\t\t\t<a\n\t\t\t\thref=\"https:\/\/botiguesmuseusalas.cat\/es\/visita\/horarios\/\"\n\t\t\t\tid=\"sow-carousel-id-1443\"\n\t\t\t\t\t\t\t\ttabindex=\"-1\"\n\t\t\t>\n\n\t\t\t\tHorarios y reservas\t\t\t<\/a>\n\t\t<\/h3>\n\t<\/div>\n\t\t<div class=\"sow-carousel-item\" tabindex=\"-1\" style=\"float: left;\">\n\t\t<div class=\"sow-carousel-thumbnail\">\n\t\t\t\t\t\t\t<a\n\t\t\t\t\thref=\"https:\/\/botiguesmuseusalas.cat\/es\/visita\/precios\/\"\n\t\t\t\t\t\t\t\t\t\tstyle=\"background-image: url( https:\/\/botiguesmuseusalas.cat\/wp-content\/uploads\/2017\/02\/Botigues-Salas-Home_04-272x182.jpg )\"\n\t\t\t\t\taria-labelledby=\"sow-carousel-id-1460\"\n\t\t\t\t\ttabindex=\"-1\"\n\t\t\t\t>\n\t\t\t\t\t<span class=\"overlay\"><\/span>\n\t\t\t\t<\/a>\n\t\t\t\t\t<\/div>\n\t\t<h3 class=\"sow-carousel-item-title\">\n\t\t\t<a\n\t\t\t\thref=\"https:\/\/botiguesmuseusalas.cat\/es\/visita\/precios\/\"\n\t\t\t\tid=\"sow-carousel-id-1460\"\n\t\t\t\t\t\t\t\ttabindex=\"-1\"\n\t\t\t>\n\n\t\t\t\tPrecios\t\t\t<\/a>\n\t\t<\/h3>\n\t<\/div>\n\t\t<div class=\"sow-carousel-item\" tabindex=\"-1\" style=\"float: left;\">\n\t\t<div class=\"sow-carousel-thumbnail\">\n\t\t\t\t\t\t\t<a\n\t\t\t\t\thref=\"https:\/\/botiguesmuseusalas.cat\/es\/visita\/donde-estamos\/\"\n\t\t\t\t\t\t\t\t\t\tstyle=\"background-image: url( https:\/\/botiguesmuseusalas.cat\/wp-content\/uploads\/2016\/07\/Botigues-Salas-Quiosc-01-272x182.jpg )\"\n\t\t\t\t\taria-labelledby=\"sow-carousel-id-1453\"\n\t\t\t\t\ttabindex=\"-1\"\n\t\t\t\t>\n\t\t\t\t\t<span class=\"overlay\"><\/span>\n\t\t\t\t<\/a>\n\t\t\t\t\t<\/div>\n\t\t<h3 class=\"sow-carousel-item-title\">\n\t\t\t<a\n\t\t\t\thref=\"https:\/\/botiguesmuseusalas.cat\/es\/visita\/donde-estamos\/\"\n\t\t\t\tid=\"sow-carousel-id-1453\"\n\t\t\t\t\t\t\t\ttabindex=\"-1\"\n\t\t\t>\n\n\t\t\t\tD\u00f3nde estamos\t\t\t<\/a>\n\t\t<\/h3>\n\t<\/div>\n\t\t<div class=\"sow-carousel-item\" tabindex=\"-1\" style=\"float: left;\">\n\t\t<div class=\"sow-carousel-thumbnail\">\n\t\t\t\t\t\t\t<a\n\t\t\t\t\thref=\"https:\/\/botiguesmuseusalas.cat\/es\/visita\/como-llegar\/\"\n\t\t\t\t\t\t\t\t\t\tstyle=\"background-image: url( https:\/\/botiguesmuseusalas.cat\/wp-content\/uploads\/2016\/06\/Botigues-Portada_prova01-272x182.jpg )\"\n\t\t\t\t\taria-labelledby=\"sow-carousel-id-1438\"\n\t\t\t\t\ttabindex=\"-1\"\n\t\t\t\t>\n\t\t\t\t\t<span class=\"overlay\"><\/span>\n\t\t\t\t<\/a>\n\t\t\t\t\t<\/div>\n\t\t<h3 class=\"sow-carousel-item-title\">\n\t\t\t<a\n\t\t\t\thref=\"https:\/\/botiguesmuseusalas.cat\/es\/visita\/como-llegar\/\"\n\t\t\t\tid=\"sow-carousel-id-1438\"\n\t\t\t\t\t\t\t\ttabindex=\"-1\"\n\t\t\t>\n\n\t\t\t\tC\u00f3mo llegar\t\t\t<\/a>\n\t\t<\/h3>\n\t<\/div>\n\t\t<div class=\"sow-carousel-item\" tabindex=\"-1\" style=\"float: left;\">\n\t\t<div class=\"sow-carousel-thumbnail\">\n\t\t\t\t\t\t\t<a\n\t\t\t\t\thref=\"https:\/\/botiguesmuseusalas.cat\/es\/visita\/buenas-practicas\/\"\n\t\t\t\t\t\t\t\t\t\tstyle=\"background-image: url( https:\/\/botiguesmuseusalas.cat\/wp-content\/uploads\/2016\/07\/Botigues-Salas-Merceria-03-3-272x182.jpg )\"\n\t\t\t\t\taria-labelledby=\"sow-carousel-id-1433\"\n\t\t\t\t\ttabindex=\"-1\"\n\t\t\t\t>\n\t\t\t\t\t<span class=\"overlay\"><\/span>\n\t\t\t\t<\/a>\n\t\t\t\t\t<\/div>\n\t\t<h3 class=\"sow-carousel-item-title\">\n\t\t\t<a\n\t\t\t\thref=\"https:\/\/botiguesmuseusalas.cat\/es\/visita\/buenas-practicas\/\"\n\t\t\t\tid=\"sow-carousel-id-1433\"\n\t\t\t\t\t\t\t\ttabindex=\"-1\"\n\t\t\t>\n\n\t\t\t\tBuenas pr\u00e1cticas\t\t\t<\/a>\n\t\t<\/h3>\n\t<\/div>\n\t\t\t<\/div>\n\t\t\t<\/div>\n\n\t<\/div>\n\t\t<input type=\"hidden\" name=\"instance_hash\" value=\"cdc0743b\"\/>\n\t<\/div>\n<\/div><\/div><\/div><\/div><\/div>","protected":false},"excerpt":{"rendered":"<p>ITINERARIO DE LA VISITA Un paseo por la historia La visita guiada a las Botigues Museu\u00a0de Sal\u00e0s de Pallars se inicia en el Caf\u00e8 Salon, ubicado en la Pla\u00e7a del Mercat, en el casco antiguo del pueblo, y contin\u00faa por un itinerario urbano por el casco antiguo que conduce a cada una de las diez tiendas, donde las gu\u00edas ofrecen explicaciones de productos, historias comerciales, historia de la publicidad y otros. La duraci\u00f3n de la visita es de entre 90 y 120 minutos. CAF\u00c9 SAL\u00d3N (PLA\u00c7A DEL MERCAT) Lugar de inicio de las visitas guiadas M\u00c1S INFORMACI\u00d3N Horarios y reservas Precios D\u00f3nde estamos C\u00f3mo llegar Buenas pr\u00e1cticas<\/p>\n","protected":false},"author":7,"featured_media":644,"parent":1428,"menu_order":0,"comment_status":"closed","ping_status":"closed","template":"","meta":{"_acf_changed":false,"footnotes":""},"class_list":["post-1448","page","type-page","status-publish","has-post-thumbnail","hentry"],"acf":[],"yoast_head":"<!-- This site is optimized with the Yoast SEO plugin v27.3 - https:\/\/yoast.com\/product\/yoast-seo-wordpress\/ -->\n<title>Itinerario Visita Guiada - Botigues Museu de Sal\u00e0s<\/title>\n<meta name=\"description\" content=\"Consulta el itinerario de la visita guiada a las Botigues Museu de Sal\u00e0s de Pallars.\" \/>\n<meta name=\"robots\" content=\"index, follow, max-snippet:-1, max-image-preview:large, max-video-preview:-1\" \/>\n<link rel=\"canonical\" href=\"https:\/\/botiguesmuseusalas.cat\/es\/visita\/itinerario-visita-guiada\/\" \/>\n<meta property=\"og:locale\" content=\"es_ES\" \/>\n<meta property=\"og:type\" content=\"article\" \/>\n<meta property=\"og:title\" content=\"Itinerario Visita Guiada - Botigues Museu de Sal\u00e0s\" \/>\n<meta property=\"og:description\" content=\"Consulta el itinerario de la visita guiada a las Botigues Museu de Sal\u00e0s de Pallars.\" \/>\n<meta property=\"og:url\" content=\"https:\/\/botiguesmuseusalas.cat\/es\/visita\/itinerario-visita-guiada\/\" \/>\n<meta property=\"og:site_name\" content=\"Botigues Museu de Sal\u00e0s\" \/>\n<meta property=\"article:modified_time\" content=\"2025-01-25T15:57:17+00:00\" \/>\n<meta property=\"og:image\" content=\"https:\/\/botiguesmuseusalas.cat\/wp-content\/uploads\/2016\/06\/Botigues-Portada_prova01.jpg\" \/>\n\t<meta property=\"og:image:width\" content=\"1280\" \/>\n\t<meta property=\"og:image:height\" content=\"853\" \/>\n\t<meta property=\"og:image:type\" content=\"image\/jpeg\" \/>\n<meta name=\"twitter:card\" content=\"summary_large_image\" \/>\n<meta name=\"twitter:label1\" content=\"Tiempo de lectura\" \/>\n\t<meta name=\"twitter:data1\" content=\"1 minuto\" \/>\n<script type=\"application\/ld+json\" class=\"yoast-schema-graph\">{\"@context\":\"https:\\\/\\\/schema.org\",\"@graph\":[{\"@type\":\"WebPage\",\"@id\":\"https:\\\/\\\/botiguesmuseusalas.cat\\\/es\\\/visita\\\/itinerario-visita-guiada\\\/\",\"url\":\"https:\\\/\\\/botiguesmuseusalas.cat\\\/es\\\/visita\\\/itinerario-visita-guiada\\\/\",\"name\":\"Itinerario Visita Guiada - Botigues Museu de Sal\u00e0s\",\"isPartOf\":{\"@id\":\"https:\\\/\\\/botiguesmuseusalas.cat\\\/#website\"},\"primaryImageOfPage\":{\"@id\":\"https:\\\/\\\/botiguesmuseusalas.cat\\\/es\\\/visita\\\/itinerario-visita-guiada\\\/#primaryimage\"},\"image\":{\"@id\":\"https:\\\/\\\/botiguesmuseusalas.cat\\\/es\\\/visita\\\/itinerario-visita-guiada\\\/#primaryimage\"},\"thumbnailUrl\":\"https:\\\/\\\/botiguesmuseusalas.cat\\\/wp-content\\\/uploads\\\/2016\\\/06\\\/Botigues-Portada_prova01.jpg\",\"datePublished\":\"2017-07-03T08:50:19+00:00\",\"dateModified\":\"2025-01-25T15:57:17+00:00\",\"description\":\"Consulta el itinerario de la visita guiada a las Botigues Museu de Sal\u00e0s de Pallars.\",\"breadcrumb\":{\"@id\":\"https:\\\/\\\/botiguesmuseusalas.cat\\\/es\\\/visita\\\/itinerario-visita-guiada\\\/#breadcrumb\"},\"inLanguage\":\"es\",\"potentialAction\":[{\"@type\":\"ReadAction\",\"target\":[\"https:\\\/\\\/botiguesmuseusalas.cat\\\/es\\\/visita\\\/itinerario-visita-guiada\\\/\"]}]},{\"@type\":\"ImageObject\",\"inLanguage\":\"es\",\"@id\":\"https:\\\/\\\/botiguesmuseusalas.cat\\\/es\\\/visita\\\/itinerario-visita-guiada\\\/#primaryimage\",\"url\":\"https:\\\/\\\/botiguesmuseusalas.cat\\\/wp-content\\\/uploads\\\/2016\\\/06\\\/Botigues-Portada_prova01.jpg\",\"contentUrl\":\"https:\\\/\\\/botiguesmuseusalas.cat\\\/wp-content\\\/uploads\\\/2016\\\/06\\\/Botigues-Portada_prova01.jpg\",\"width\":1280,\"height\":853},{\"@type\":\"BreadcrumbList\",\"@id\":\"https:\\\/\\\/botiguesmuseusalas.cat\\\/es\\\/visita\\\/itinerario-visita-guiada\\\/#breadcrumb\",\"itemListElement\":[{\"@type\":\"ListItem\",\"position\":1,\"name\":\"Inici\",\"item\":\"https:\\\/\\\/botiguesmuseusalas.cat\\\/es\\\/\"},{\"@type\":\"ListItem\",\"position\":2,\"name\":\"Visita\",\"item\":\"https:\\\/\\\/botiguesmuseusalas.cat\\\/es\\\/visita\\\/\"},{\"@type\":\"ListItem\",\"position\":3,\"name\":\"Itinerario Visita Guiada\"}]},{\"@type\":\"WebSite\",\"@id\":\"https:\\\/\\\/botiguesmuseusalas.cat\\\/#website\",\"url\":\"https:\\\/\\\/botiguesmuseusalas.cat\\\/\",\"name\":\"Botigues Museu de Sal\u00e0s\",\"description\":\"Web oficial de les Botigues Museu de Sal\u00e0s de Pallars (Lleida)\",\"potentialAction\":[{\"@type\":\"SearchAction\",\"target\":{\"@type\":\"EntryPoint\",\"urlTemplate\":\"https:\\\/\\\/botiguesmuseusalas.cat\\\/?s={search_term_string}\"},\"query-input\":{\"@type\":\"PropertyValueSpecification\",\"valueRequired\":true,\"valueName\":\"search_term_string\"}}],\"inLanguage\":\"es\"}]}<\/script>\n<!-- \/ Yoast SEO plugin. -->","yoast_head_json":{"title":"Itinerario Visita Guiada - Botigues Museu de Sal\u00e0s","description":"Consulta el itinerario de la visita guiada a las Botigues Museu de Sal\u00e0s de Pallars.","robots":{"index":"index","follow":"follow","max-snippet":"max-snippet:-1","max-image-preview":"max-image-preview:large","max-video-preview":"max-video-preview:-1"},"canonical":"https:\/\/botiguesmuseusalas.cat\/es\/visita\/itinerario-visita-guiada\/","og_locale":"es_ES","og_type":"article","og_title":"Itinerario Visita Guiada - Botigues Museu de Sal\u00e0s","og_description":"Consulta el itinerario de la visita guiada a las Botigues Museu de Sal\u00e0s de Pallars.","og_url":"https:\/\/botiguesmuseusalas.cat\/es\/visita\/itinerario-visita-guiada\/","og_site_name":"Botigues Museu de Sal\u00e0s","article_modified_time":"2025-01-25T15:57:17+00:00","og_image":[{"width":1280,"height":853,"url":"https:\/\/botiguesmuseusalas.cat\/wp-content\/uploads\/2016\/06\/Botigues-Portada_prova01.jpg","type":"image\/jpeg"}],"twitter_card":"summary_large_image","twitter_misc":{"Tiempo de lectura":"1 minuto"},"schema":{"@context":"https:\/\/schema.org","@graph":[{"@type":"WebPage","@id":"https:\/\/botiguesmuseusalas.cat\/es\/visita\/itinerario-visita-guiada\/","url":"https:\/\/botiguesmuseusalas.cat\/es\/visita\/itinerario-visita-guiada\/","name":"Itinerario Visita Guiada - Botigues Museu de Sal\u00e0s","isPartOf":{"@id":"https:\/\/botiguesmuseusalas.cat\/#website"},"primaryImageOfPage":{"@id":"https:\/\/botiguesmuseusalas.cat\/es\/visita\/itinerario-visita-guiada\/#primaryimage"},"image":{"@id":"https:\/\/botiguesmuseusalas.cat\/es\/visita\/itinerario-visita-guiada\/#primaryimage"},"thumbnailUrl":"https:\/\/botiguesmuseusalas.cat\/wp-content\/uploads\/2016\/06\/Botigues-Portada_prova01.jpg","datePublished":"2017-07-03T08:50:19+00:00","dateModified":"2025-01-25T15:57:17+00:00","description":"Consulta el itinerario de la visita guiada a las Botigues Museu de Sal\u00e0s de Pallars.","breadcrumb":{"@id":"https:\/\/botiguesmuseusalas.cat\/es\/visita\/itinerario-visita-guiada\/#breadcrumb"},"inLanguage":"es","potentialAction":[{"@type":"ReadAction","target":["https:\/\/botiguesmuseusalas.cat\/es\/visita\/itinerario-visita-guiada\/"]}]},{"@type":"ImageObject","inLanguage":"es","@id":"https:\/\/botiguesmuseusalas.cat\/es\/visita\/itinerario-visita-guiada\/#primaryimage","url":"https:\/\/botiguesmuseusalas.cat\/wp-content\/uploads\/2016\/06\/Botigues-Portada_prova01.jpg","contentUrl":"https:\/\/botiguesmuseusalas.cat\/wp-content\/uploads\/2016\/06\/Botigues-Portada_prova01.jpg","width":1280,"height":853},{"@type":"BreadcrumbList","@id":"https:\/\/botiguesmuseusalas.cat\/es\/visita\/itinerario-visita-guiada\/#breadcrumb","itemListElement":[{"@type":"ListItem","position":1,"name":"Inici","item":"https:\/\/botiguesmuseusalas.cat\/es\/"},{"@type":"ListItem","position":2,"name":"Visita","item":"https:\/\/botiguesmuseusalas.cat\/es\/visita\/"},{"@type":"ListItem","position":3,"name":"Itinerario Visita Guiada"}]},{"@type":"WebSite","@id":"https:\/\/botiguesmuseusalas.cat\/#website","url":"https:\/\/botiguesmuseusalas.cat\/","name":"Botigues Museu de Sal\u00e0s","description":"Web oficial de les Botigues Museu de Sal\u00e0s de Pallars (Lleida)","potentialAction":[{"@type":"SearchAction","target":{"@type":"EntryPoint","urlTemplate":"https:\/\/botiguesmuseusalas.cat\/?s={search_term_string}"},"query-input":{"@type":"PropertyValueSpecification","valueRequired":true,"valueName":"search_term_string"}}],"inLanguage":"es"}]}},"_links":{"self":[{"href":"https:\/\/botiguesmuseusalas.cat\/es\/wp-json\/wp\/v2\/pages\/1448","targetHints":{"allow":["GET"]}}],"collection":[{"href":"https:\/\/botiguesmuseusalas.cat\/es\/wp-json\/wp\/v2\/pages"}],"about":[{"href":"https:\/\/botiguesmuseusalas.cat\/es\/wp-json\/wp\/v2\/types\/page"}],"author":[{"embeddable":true,"href":"https:\/\/botiguesmuseusalas.cat\/es\/wp-json\/wp\/v2\/users\/7"}],"replies":[{"embeddable":true,"href":"https:\/\/botiguesmuseusalas.cat\/es\/wp-json\/wp\/v2\/comments?post=1448"}],"version-history":[{"count":40,"href":"https:\/\/botiguesmuseusalas.cat\/es\/wp-json\/wp\/v2\/pages\/1448\/revisions"}],"predecessor-version":[{"id":3847,"href":"https:\/\/botiguesmuseusalas.cat\/es\/wp-json\/wp\/v2\/pages\/1448\/revisions\/3847"}],"up":[{"embeddable":true,"href":"https:\/\/botiguesmuseusalas.cat\/es\/wp-json\/wp\/v2\/pages\/1428"}],"wp:featuredmedia":[{"embeddable":true,"href":"https:\/\/botiguesmuseusalas.cat\/es\/wp-json\/wp\/v2\/media\/644"}],"wp:attachment":[{"href":"https:\/\/botiguesmuseusalas.cat\/es\/wp-json\/wp\/v2\/media?parent=1448"}],"curies":[{"name":"wp","href":"https:\/\/api.w.org\/{rel}","templated":true}]}}