{"id":1453,"date":"2017-07-03T10:50:19","date_gmt":"2017-07-03T08:50:19","guid":{"rendered":"http:\/\/botiguesmuseusalas.cat\/es\/?page_id=1453"},"modified":"2025-04-18T16:50:53","modified_gmt":"2025-04-18T14:50:53","slug":"donde-estamos","status":"publish","type":"page","link":"https:\/\/botiguesmuseusalas.cat\/es\/visita\/donde-estamos\/","title":{"rendered":"D\u00f3nde estamos"},"content":{"rendered":"<div id=\"pl-1453\"  class=\"panel-layout\" ><div id=\"pg-1453-0\"  class=\"panel-grid panel-no-style\" ><div id=\"pgc-1453-0-0\"  class=\"panel-grid-cell\" ><div id=\"panel-1453-0-0-0\" class=\"so-panel widget widget_iconbox-widget panel-first-child\" data-index=\"0\" ><div\n\t\t\t\n\t\t\tclass=\"so-widget-iconbox-widget so-widget-iconbox-widget-base\"\n\t\t\t\n\t\t>\n\n<div class=\"icon-box standard ibox-plain ibox-light ibox-rounded\" data-appear-animation=\"fadeIn\">\n    <div class=\"ibox-icon\" style=\"background:#5cb85c;\">\n        <span class=\"sow-icon-fontawesome sow-fas\" data-sow-icon=\"&#xf3c5;\"\n\t\tstyle=\"color: #ffffff\" \n\t\taria-hidden=\"true\"><\/span>    <\/div>\n    <h3>\u00bfD\u00d3NDE EST\u00c1N LAS BOTIGUES?<\/h3>    <p>El Caf\u00e9 Sal\u00f3n, punto de encuentro<\/p><\/div><\/div><\/div><div id=\"panel-1453-0-0-1\" class=\"so-panel widget widget_black-studio-tinymce widget_black_studio_tinymce\" data-index=\"1\" ><div class=\"textwidget\"><table class=\"table table-bordered\">\n<tbody><\/tbody>\n<tr><\/tr>\n<td>Las Botigues\u00a0Museu\u00a0<strong>s\u00f3lo se pueden visitar mediante el servicio de visitas guiadas con reserva pr\u00e9via obligat\u00f3ria.<\/strong> <br\/>\nLas Botigues\u00a0se encuentran en el casco antiguo de Sal\u00e0s de Pallars, para visitarlas deb\u00e9is venir al <a href=\"https:\/\/www.google.com\/maps\/place\/Botigues+Museu+Sal%C3%A0s\/@42.2128058,0.9292276,17z\/data=!3m1!4b1!4m5!3m4!1s0x12a66ac2c314de21:0xa1a22924360204d3!8m2!3d42.2128058!4d0.9314163?hl=es-ES&authuser=1\" rel=\"noopener\" target=\"_blank\">Caf\u00e9 Sal\u00f3n<\/a>, ubicado en la <a href=\"https:\/\/www.google.com\/maps\/place\/Botigues+Museu+Sal%C3%A0s\/@42.2128058,0.9292276,17z\/data=!3m1!4b1!4m5!3m4!1s0x12a66ac2c314de21:0xa1a22924360204d3!8m2!3d42.2128058!4d0.9314163?hl=es-ES&authuser=1\" rel=\"noopener\" target=\"_blank\">Pla\u00e7a del Mercat<\/a>, en el casco antiguo del pueblo, dentro de los horarios establecidos.<\/td>\n<\/table>\n\n<\/div><\/div><div id=\"panel-1453-0-0-2\" class=\"so-panel widget widget_iconbox-widget\" data-index=\"2\" ><div\n\t\t\t\n\t\t\tclass=\"so-widget-iconbox-widget so-widget-iconbox-widget-base\"\n\t\t\t\n\t\t>\n\n<div class=\"icon-box standard ibox-plain ibox-light ibox-rounded\" data-appear-animation=\"fadeIn\">\n    <div class=\"ibox-icon\" style=\"background:#5cb85c;\">\n        <span class=\"sow-icon-fontawesome sow-fas\" data-sow-icon=\"&#xf1b9;\"\n\t\tstyle=\"color: #ffffff\" \n\t\taria-hidden=\"true\"><\/span>    <\/div>\n    <h3>APARCAMIENTO<\/h3>    <p>\u00a1Aparcamiento gratuito!\n<\/p><\/div><\/div><\/div><div id=\"panel-1453-0-0-3\" class=\"so-panel widget widget_black-studio-tinymce widget_black_studio_tinymce\" data-index=\"3\" ><div class=\"textwidget\"><table class=\"table table-bordered\">\n<tbody>\n<tr>\n<td>Al exterior del casco antiguo y a las afueras de la poblaci\u00f3n encontrar\u00e9is <strong>aparcamiento gratuito<\/strong> \n<\/br>Este plano ilustra las zonas de aparcamiento libre de Sal\u00e0s de Pallars.\n<\/td>\n<\/tr>\n<\/tbody>\n<\/table>\n\n<\/div><\/div><div id=\"panel-1453-0-0-4\" class=\"so-panel widget widget_media_image panel-last-child\" data-index=\"4\" ><img loading=\"lazy\" decoding=\"async\" width=\"680\" height=\"481\" src=\"https:\/\/botiguesmuseusalas.cat\/wp-content\/uploads\/2025\/04\/planol-1024x724.jpg\" class=\"image wp-image-3911  attachment-large size-large\" alt=\"\" style=\"max-width: 100%; height: auto;\" srcset=\"https:\/\/botiguesmuseusalas.cat\/wp-content\/uploads\/2025\/04\/planol-1024x724.jpg 1024w, https:\/\/botiguesmuseusalas.cat\/wp-content\/uploads\/2025\/04\/planol-300x212.jpg 300w, https:\/\/botiguesmuseusalas.cat\/wp-content\/uploads\/2025\/04\/planol-768x543.jpg 768w, https:\/\/botiguesmuseusalas.cat\/wp-content\/uploads\/2025\/04\/planol-1536x1086.jpg 1536w, https:\/\/botiguesmuseusalas.cat\/wp-content\/uploads\/2025\/04\/planol-2048x1448.jpg 2048w, https:\/\/botiguesmuseusalas.cat\/wp-content\/uploads\/2025\/04\/planol-958x677.jpg 958w\" sizes=\"auto, (max-width: 680px) 100vw, 680px\" \/><\/div><\/div><div id=\"pgc-1453-0-1\"  class=\"panel-grid-cell\" ><div id=\"panel-1453-0-1-0\" class=\"so-panel widget widget_iconbox-widget panel-first-child\" data-index=\"5\" ><div\n\t\t\t\n\t\t\tclass=\"so-widget-iconbox-widget so-widget-iconbox-widget-base\"\n\t\t\t\n\t\t>\n\n<div class=\"icon-box standard ibox-plain ibox-light ibox-rounded\" data-appear-animation=\"fadeIn\">\n    <div class=\"ibox-icon\" style=\"background:#5cb85c;\">\n        <span class=\"sow-icon-fontawesome sow-fas\" data-sow-icon=\"&#xf3c5;\"\n\t\tstyle=\"color: #ffffff\" \n\t\taria-hidden=\"true\"><\/span>    <\/div>\n    <h3>CAF\u00c9 SAL\u00d3N (PLA\u00c7A DEL MERCAT)<\/h3>    <p>Lugar de inicio de las visitas guiadas<\/p><\/div><\/div><\/div><div id=\"panel-1453-0-1-1\" class=\"so-panel widget widget_media_image\" data-index=\"6\" ><a href=\"https:\/\/www.google.com\/maps\/place\/Botigues+Museu+Sal%C3%A0s\/@42.2128058,0.9292276,17z\/data=!3m1!4b1!4m5!3m4!1s0x12a66ac2c314de21:0xa1a22924360204d3!8m2!3d42.2128058!4d0.9314163?hl=es-ES&#038;authuser=1\"><img loading=\"lazy\" decoding=\"async\" width=\"300\" height=\"300\" src=\"https:\/\/botiguesmuseusalas.cat\/wp-content\/uploads\/2018\/07\/IMG_20180727_175340_083-300x300.jpg\" class=\"image wp-image-1854  attachment-medium size-medium\" alt=\"\" style=\"max-width: 100%; height: auto;\" srcset=\"https:\/\/botiguesmuseusalas.cat\/wp-content\/uploads\/2018\/07\/IMG_20180727_175340_083-300x300.jpg 300w, https:\/\/botiguesmuseusalas.cat\/wp-content\/uploads\/2018\/07\/IMG_20180727_175340_083-150x150.jpg 150w, https:\/\/botiguesmuseusalas.cat\/wp-content\/uploads\/2018\/07\/IMG_20180727_175340_083-768x768.jpg 768w, https:\/\/botiguesmuseusalas.cat\/wp-content\/uploads\/2018\/07\/IMG_20180727_175340_083-1024x1024.jpg 1024w, https:\/\/botiguesmuseusalas.cat\/wp-content\/uploads\/2018\/07\/IMG_20180727_175340_083-958x958.jpg 958w, https:\/\/botiguesmuseusalas.cat\/wp-content\/uploads\/2018\/07\/IMG_20180727_175340_083-100x100.jpg 100w, https:\/\/botiguesmuseusalas.cat\/wp-content\/uploads\/2018\/07\/IMG_20180727_175340_083-210x210.jpg 210w\" sizes=\"auto, (max-width: 300px) 100vw, 300px\" \/><\/a><\/div><div id=\"panel-1453-0-1-2\" class=\"so-panel widget widget_sow-google-map panel-last-child\" data-index=\"7\" ><div\n\t\t\t\n\t\t\tclass=\"so-widget-sow-google-map so-widget-sow-google-map-default-6b23895f316e-1453\"\n\t\t\t\n\t\t>\n<div class=\"sow-google-map-canvas\"\n\tstyle=\"\"\n\tid=\"map-canvas-4e08c5faf89ccc2aeff0ef1f9b751e2f\"\n\tdata-options=\"{&quot;address&quot;:&quot;Pla\\u00e7a del Mercat, 25693 Sal\\u00e0s de Pallars, Lleida&quot;,&quot;zoom&quot;:17,&quot;mobileZoom&quot;:17,&quot;gestureHandling&quot;:&quot;greedy&quot;,&quot;disableUi&quot;:false,&quot;markerIcon&quot;:&quot;https:\\\/\\\/botiguesmuseusalas.cat\\\/wp-content\\\/uploads\\\/2015\\\/07\\\/map-marker-icon_botigues.png&quot;,&quot;markersDraggable&quot;:false,&quot;markerAtCenter&quot;:true,&quot;markerInfoDisplay&quot;:&quot;click&quot;,&quot;markerInfoMultiple&quot;:true,&quot;markerPositions&quot;:false,&quot;mapName&quot;:false,&quot;mapStyles&quot;:false,&quot;directions&quot;:&quot;&quot;,&quot;apiKey&quot;:&quot;AIzaSyDw_xeB14ihWqzsTEz6WcVza_RkPKXD1jk&quot;,&quot;breakpoint&quot;:780,&quot;id&quot;:&quot;69e077&quot;}\"\n\tdata-fallback-image=\"{&quot;img&quot;:&quot;&quot;}\"><\/div>\n<\/div><\/div><\/div><\/div><div id=\"pg-1453-1\"  class=\"panel-grid panel-no-style\" ><div id=\"pgc-1453-1-0\"  class=\"panel-grid-cell\" ><div id=\"panel-1453-1-0-0\" class=\"so-panel widget widget_sow-post-carousel panel-first-child panel-last-child\" data-index=\"8\" ><div\n\t\t\t\n\t\t\tclass=\"so-widget-sow-post-carousel so-widget-sow-post-carousel-base-ad93eedad001-1453\"\n\t\t\t\n\t\t>\t<div\n\t\tclass=\"sow-post-carousel-wrapper sow-post-carousel-theme-base\"\n\t\tstyle=\"overflow: hidden; max-width: 100%; min-height: 182px\"\n\t>\n\t\t<div class=\"sow-carousel-title has-title\">\n\t<h3 class=\"widget-title\">M\u00c1S INFORMACI\u00d3N<\/h3>\t\t<div class=\"sow-carousel-navigation \">\n\t\t\t\t\t\t<a href=\"#\" class=\"sow-carousel-next\" title=\"Siguiente\" aria-label=\"Entradas siguientes\" role=\"button\"><\/a>\n\t\t\t\t\t\t<a href=\"#\" class=\"sow-carousel-previous\" title=\"Anterior\" aria-label=\"Entradas anteriores\" role=\"button\"><\/a>\n\t\t\t\t\t<\/div>\n\t<\/div>\n\n<div class=\"sow-carousel-container \">\n\t\t<div class=\"sow-carousel-wrapper\"\n\t\tdata-dir=\"ltr\"\n\t\tstyle=\"opacity: 0;\"\n\t\tdata-widget=\"post\" data-fetching=\"false\" data-page=\"1\" data-ajax-url=\"https:\/\/botiguesmuseusalas.cat\/wp-admin\/admin-ajax.php?_widgets_nonce=f1c4b70dbd\" data-item_count=\"5\" data-carousel_settings=\"{&quot;loop&quot;:true,&quot;animation&quot;:&quot;Ease&quot;,&quot;animation_speed&quot;:400,&quot;autoplay&quot;:&quot;&quot;,&quot;pauseOnHover&quot;:&quot;&quot;,&quot;autoplaySpeed&quot;:8000,&quot;item_overflow&quot;:true,&quot;autoplay_continuous_scroll&quot;:false}\" data-responsive=\"{&quot;desktop_slides_to_scroll&quot;:1,&quot;tablet_landscape_breakpoint&quot;:1366,&quot;tablet_landscape_slides_to_scroll&quot;:2,&quot;tablet_portrait_breakpoint&quot;:1025,&quot;tablet_portrait_slides_to_scroll&quot;:2,&quot;mobile_breakpoint&quot;:480,&quot;mobile_slides_to_scroll&quot;:1}\" data-variable_width=\"true\" \t>\n\t\t<div\n\t\t\tclass=\"sow-carousel-items\"\n\t\t\t\t\t>\n\t\t\t\t<div class=\"sow-carousel-item\" tabindex=\"-1\" style=\"float: left;\">\n\t\t<div class=\"sow-carousel-thumbnail\">\n\t\t\t\t\t\t\t<a\n\t\t\t\t\thref=\"https:\/\/botiguesmuseusalas.cat\/es\/visita\/horarios\/\"\n\t\t\t\t\t\t\t\t\t\tstyle=\"background-image: url( https:\/\/botiguesmuseusalas.cat\/wp-content\/uploads\/2017\/02\/Botigues-Salas-Home_03-272x182.jpg )\"\n\t\t\t\t\taria-labelledby=\"sow-carousel-id-1443\"\n\t\t\t\t\ttabindex=\"-1\"\n\t\t\t\t>\n\t\t\t\t\t<span class=\"overlay\"><\/span>\n\t\t\t\t<\/a>\n\t\t\t\t\t<\/div>\n\t\t<h3 class=\"sow-carousel-item-title\">\n\t\t\t<a\n\t\t\t\thref=\"https:\/\/botiguesmuseusalas.cat\/es\/visita\/horarios\/\"\n\t\t\t\tid=\"sow-carousel-id-1443\"\n\t\t\t\t\t\t\t\ttabindex=\"-1\"\n\t\t\t>\n\n\t\t\t\tHorarios y reservas\t\t\t<\/a>\n\t\t<\/h3>\n\t<\/div>\n\t\t<div class=\"sow-carousel-item\" tabindex=\"-1\" style=\"float: left;\">\n\t\t<div class=\"sow-carousel-thumbnail\">\n\t\t\t\t\t\t\t<a\n\t\t\t\t\thref=\"https:\/\/botiguesmuseusalas.cat\/es\/visita\/precios\/\"\n\t\t\t\t\t\t\t\t\t\tstyle=\"background-image: url( https:\/\/botiguesmuseusalas.cat\/wp-content\/uploads\/2017\/02\/Botigues-Salas-Home_04-272x182.jpg )\"\n\t\t\t\t\taria-labelledby=\"sow-carousel-id-1460\"\n\t\t\t\t\ttabindex=\"-1\"\n\t\t\t\t>\n\t\t\t\t\t<span class=\"overlay\"><\/span>\n\t\t\t\t<\/a>\n\t\t\t\t\t<\/div>\n\t\t<h3 class=\"sow-carousel-item-title\">\n\t\t\t<a\n\t\t\t\thref=\"https:\/\/botiguesmuseusalas.cat\/es\/visita\/precios\/\"\n\t\t\t\tid=\"sow-carousel-id-1460\"\n\t\t\t\t\t\t\t\ttabindex=\"-1\"\n\t\t\t>\n\n\t\t\t\tPrecios\t\t\t<\/a>\n\t\t<\/h3>\n\t<\/div>\n\t\t<div class=\"sow-carousel-item\" tabindex=\"-1\" style=\"float: left;\">\n\t\t<div class=\"sow-carousel-thumbnail\">\n\t\t\t\t\t\t\t<a\n\t\t\t\t\thref=\"https:\/\/botiguesmuseusalas.cat\/es\/visita\/como-llegar\/\"\n\t\t\t\t\t\t\t\t\t\tstyle=\"background-image: url( https:\/\/botiguesmuseusalas.cat\/wp-content\/uploads\/2016\/06\/Botigues-Portada_prova01-272x182.jpg )\"\n\t\t\t\t\taria-labelledby=\"sow-carousel-id-1438\"\n\t\t\t\t\ttabindex=\"-1\"\n\t\t\t\t>\n\t\t\t\t\t<span class=\"overlay\"><\/span>\n\t\t\t\t<\/a>\n\t\t\t\t\t<\/div>\n\t\t<h3 class=\"sow-carousel-item-title\">\n\t\t\t<a\n\t\t\t\thref=\"https:\/\/botiguesmuseusalas.cat\/es\/visita\/como-llegar\/\"\n\t\t\t\tid=\"sow-carousel-id-1438\"\n\t\t\t\t\t\t\t\ttabindex=\"-1\"\n\t\t\t>\n\n\t\t\t\tC\u00f3mo llegar\t\t\t<\/a>\n\t\t<\/h3>\n\t<\/div>\n\t\t<div class=\"sow-carousel-item\" tabindex=\"-1\" style=\"float: left;\">\n\t\t<div class=\"sow-carousel-thumbnail\">\n\t\t\t\t\t\t\t<a\n\t\t\t\t\thref=\"https:\/\/botiguesmuseusalas.cat\/es\/visita\/itinerario-visita-guiada\/\"\n\t\t\t\t\t\t\t\t\t\tstyle=\"background-image: url( https:\/\/botiguesmuseusalas.cat\/wp-content\/uploads\/2016\/06\/Botigues-Portada_prova01-272x182.jpg )\"\n\t\t\t\t\taria-labelledby=\"sow-carousel-id-1448\"\n\t\t\t\t\ttabindex=\"-1\"\n\t\t\t\t>\n\t\t\t\t\t<span class=\"overlay\"><\/span>\n\t\t\t\t<\/a>\n\t\t\t\t\t<\/div>\n\t\t<h3 class=\"sow-carousel-item-title\">\n\t\t\t<a\n\t\t\t\thref=\"https:\/\/botiguesmuseusalas.cat\/es\/visita\/itinerario-visita-guiada\/\"\n\t\t\t\tid=\"sow-carousel-id-1448\"\n\t\t\t\t\t\t\t\ttabindex=\"-1\"\n\t\t\t>\n\n\t\t\t\tItinerario Visita Guiada\t\t\t<\/a>\n\t\t<\/h3>\n\t<\/div>\n\t\t<div class=\"sow-carousel-item\" tabindex=\"-1\" style=\"float: left;\">\n\t\t<div class=\"sow-carousel-thumbnail\">\n\t\t\t\t\t\t\t<a\n\t\t\t\t\thref=\"https:\/\/botiguesmuseusalas.cat\/es\/visita\/buenas-practicas\/\"\n\t\t\t\t\t\t\t\t\t\tstyle=\"background-image: url( https:\/\/botiguesmuseusalas.cat\/wp-content\/uploads\/2016\/07\/Botigues-Salas-Merceria-03-3-272x182.jpg )\"\n\t\t\t\t\taria-labelledby=\"sow-carousel-id-1433\"\n\t\t\t\t\ttabindex=\"-1\"\n\t\t\t\t>\n\t\t\t\t\t<span class=\"overlay\"><\/span>\n\t\t\t\t<\/a>\n\t\t\t\t\t<\/div>\n\t\t<h3 class=\"sow-carousel-item-title\">\n\t\t\t<a\n\t\t\t\thref=\"https:\/\/botiguesmuseusalas.cat\/es\/visita\/buenas-practicas\/\"\n\t\t\t\tid=\"sow-carousel-id-1433\"\n\t\t\t\t\t\t\t\ttabindex=\"-1\"\n\t\t\t>\n\n\t\t\t\tBuenas pr\u00e1cticas\t\t\t<\/a>\n\t\t<\/h3>\n\t<\/div>\n\t\t\t<\/div>\n\t\t\t<\/div>\n\n\t<\/div>\n\t\t<input type=\"hidden\" name=\"instance_hash\" value=\"1c3371ab\"\/>\n\t<\/div>\n<\/div><\/div><\/div><\/div><\/div>","protected":false},"excerpt":{"rendered":"<p>\u00bfD\u00d3NDE EST\u00c1N LAS BOTIGUES? El Caf\u00e9 Sal\u00f3n, punto de encuentro Las Botigues\u00a0Museu\u00a0s\u00f3lo se pueden visitar mediante el servicio de visitas guiadas con reserva pr\u00e9via obligat\u00f3ria. Las Botigues\u00a0se encuentran en el casco antiguo de Sal\u00e0s de Pallars, para visitarlas deb\u00e9is venir al Caf\u00e9 Sal\u00f3n, ubicado en la Pla\u00e7a del Mercat, en el casco antiguo del pueblo, dentro de los horarios establecidos. APARCAMIENTO \u00a1Aparcamiento gratuito! Al exterior del casco antiguo y a las afueras de la poblaci\u00f3n encontrar\u00e9is aparcamiento gratuito Este plano ilustra las zonas de aparcamiento libre de Sal\u00e0s de Pallars. CAF\u00c9 SAL\u00d3N (PLA\u00c7A DEL MERCAT) Lugar de inicio de las visitas guiadas M\u00c1S INFORMACI\u00d3N Horarios y reservas Precios C\u00f3mo llegar Itinerario Visita Guiada Buenas pr\u00e1cticas<\/p>\n","protected":false},"author":7,"featured_media":978,"parent":1428,"menu_order":0,"comment_status":"closed","ping_status":"closed","template":"","meta":{"_acf_changed":false,"footnotes":""},"class_list":["post-1453","page","type-page","status-publish","has-post-thumbnail","hentry"],"acf":[],"yoast_head":"<!-- This site is optimized with the Yoast SEO plugin v27.3 - https:\/\/yoast.com\/product\/yoast-seo-wordpress\/ -->\n<title>D\u00f3nde estamos - Botigues Museu de Sal\u00e0s<\/title>\n<meta name=\"description\" content=\"Ubicaci\u00f3n de las Botigues Museu de Sal\u00e0s de Pallars. Mapa y direcci\u00f3n del CIAC, lugar de venta de entradas e inicio de las visitas.\" \/>\n<meta name=\"robots\" content=\"index, follow, max-snippet:-1, max-image-preview:large, max-video-preview:-1\" \/>\n<link rel=\"canonical\" href=\"https:\/\/botiguesmuseusalas.cat\/es\/visita\/donde-estamos\/\" \/>\n<meta property=\"og:locale\" content=\"es_ES\" \/>\n<meta property=\"og:type\" content=\"article\" \/>\n<meta property=\"og:title\" content=\"D\u00f3nde estamos - Botigues Museu de Sal\u00e0s\" \/>\n<meta property=\"og:description\" content=\"Ubicaci\u00f3n de las Botigues Museu de Sal\u00e0s de Pallars. Mapa y direcci\u00f3n del CIAC, lugar de venta de entradas e inicio de las visitas.\" \/>\n<meta property=\"og:url\" content=\"https:\/\/botiguesmuseusalas.cat\/es\/visita\/donde-estamos\/\" \/>\n<meta property=\"og:site_name\" content=\"Botigues Museu de Sal\u00e0s\" \/>\n<meta property=\"article:modified_time\" content=\"2025-04-18T14:50:53+00:00\" \/>\n<meta property=\"og:image\" content=\"https:\/\/botiguesmuseusalas.cat\/wp-content\/uploads\/2016\/07\/Botigues-Salas-Quiosc-01.jpg\" \/>\n\t<meta property=\"og:image:width\" content=\"800\" \/>\n\t<meta property=\"og:image:height\" content=\"533\" \/>\n\t<meta property=\"og:image:type\" content=\"image\/jpeg\" \/>\n<meta name=\"twitter:card\" content=\"summary_large_image\" \/>\n<meta name=\"twitter:label1\" content=\"Tiempo de lectura\" \/>\n\t<meta name=\"twitter:data1\" content=\"2 minutos\" \/>\n<script type=\"application\/ld+json\" class=\"yoast-schema-graph\">{\"@context\":\"https:\\\/\\\/schema.org\",\"@graph\":[{\"@type\":\"WebPage\",\"@id\":\"https:\\\/\\\/botiguesmuseusalas.cat\\\/es\\\/visita\\\/donde-estamos\\\/\",\"url\":\"https:\\\/\\\/botiguesmuseusalas.cat\\\/es\\\/visita\\\/donde-estamos\\\/\",\"name\":\"D\u00f3nde estamos - Botigues Museu de Sal\u00e0s\",\"isPartOf\":{\"@id\":\"https:\\\/\\\/botiguesmuseusalas.cat\\\/#website\"},\"primaryImageOfPage\":{\"@id\":\"https:\\\/\\\/botiguesmuseusalas.cat\\\/es\\\/visita\\\/donde-estamos\\\/#primaryimage\"},\"image\":{\"@id\":\"https:\\\/\\\/botiguesmuseusalas.cat\\\/es\\\/visita\\\/donde-estamos\\\/#primaryimage\"},\"thumbnailUrl\":\"https:\\\/\\\/botiguesmuseusalas.cat\\\/wp-content\\\/uploads\\\/2016\\\/07\\\/Botigues-Salas-Quiosc-01.jpg\",\"datePublished\":\"2017-07-03T08:50:19+00:00\",\"dateModified\":\"2025-04-18T14:50:53+00:00\",\"description\":\"Ubicaci\u00f3n de las Botigues Museu de Sal\u00e0s de Pallars. Mapa y direcci\u00f3n del CIAC, lugar de venta de entradas e inicio de las visitas.\",\"breadcrumb\":{\"@id\":\"https:\\\/\\\/botiguesmuseusalas.cat\\\/es\\\/visita\\\/donde-estamos\\\/#breadcrumb\"},\"inLanguage\":\"es\",\"potentialAction\":[{\"@type\":\"ReadAction\",\"target\":[\"https:\\\/\\\/botiguesmuseusalas.cat\\\/es\\\/visita\\\/donde-estamos\\\/\"]}]},{\"@type\":\"ImageObject\",\"inLanguage\":\"es\",\"@id\":\"https:\\\/\\\/botiguesmuseusalas.cat\\\/es\\\/visita\\\/donde-estamos\\\/#primaryimage\",\"url\":\"https:\\\/\\\/botiguesmuseusalas.cat\\\/wp-content\\\/uploads\\\/2016\\\/07\\\/Botigues-Salas-Quiosc-01.jpg\",\"contentUrl\":\"https:\\\/\\\/botiguesmuseusalas.cat\\\/wp-content\\\/uploads\\\/2016\\\/07\\\/Botigues-Salas-Quiosc-01.jpg\",\"width\":800,\"height\":533},{\"@type\":\"BreadcrumbList\",\"@id\":\"https:\\\/\\\/botiguesmuseusalas.cat\\\/es\\\/visita\\\/donde-estamos\\\/#breadcrumb\",\"itemListElement\":[{\"@type\":\"ListItem\",\"position\":1,\"name\":\"Inici\",\"item\":\"https:\\\/\\\/botiguesmuseusalas.cat\\\/es\\\/\"},{\"@type\":\"ListItem\",\"position\":2,\"name\":\"Visita\",\"item\":\"https:\\\/\\\/botiguesmuseusalas.cat\\\/es\\\/visita\\\/\"},{\"@type\":\"ListItem\",\"position\":3,\"name\":\"D\u00f3nde estamos\"}]},{\"@type\":\"WebSite\",\"@id\":\"https:\\\/\\\/botiguesmuseusalas.cat\\\/#website\",\"url\":\"https:\\\/\\\/botiguesmuseusalas.cat\\\/\",\"name\":\"Botigues Museu de Sal\u00e0s\",\"description\":\"Web oficial de les Botigues Museu de Sal\u00e0s de Pallars (Lleida)\",\"potentialAction\":[{\"@type\":\"SearchAction\",\"target\":{\"@type\":\"EntryPoint\",\"urlTemplate\":\"https:\\\/\\\/botiguesmuseusalas.cat\\\/?s={search_term_string}\"},\"query-input\":{\"@type\":\"PropertyValueSpecification\",\"valueRequired\":true,\"valueName\":\"search_term_string\"}}],\"inLanguage\":\"es\"}]}<\/script>\n<!-- \/ Yoast SEO plugin. -->","yoast_head_json":{"title":"D\u00f3nde estamos - Botigues Museu de Sal\u00e0s","description":"Ubicaci\u00f3n de las Botigues Museu de Sal\u00e0s de Pallars. Mapa y direcci\u00f3n del CIAC, lugar de venta de entradas e inicio de las visitas.","robots":{"index":"index","follow":"follow","max-snippet":"max-snippet:-1","max-image-preview":"max-image-preview:large","max-video-preview":"max-video-preview:-1"},"canonical":"https:\/\/botiguesmuseusalas.cat\/es\/visita\/donde-estamos\/","og_locale":"es_ES","og_type":"article","og_title":"D\u00f3nde estamos - Botigues Museu de Sal\u00e0s","og_description":"Ubicaci\u00f3n de las Botigues Museu de Sal\u00e0s de Pallars. Mapa y direcci\u00f3n del CIAC, lugar de venta de entradas e inicio de las visitas.","og_url":"https:\/\/botiguesmuseusalas.cat\/es\/visita\/donde-estamos\/","og_site_name":"Botigues Museu de Sal\u00e0s","article_modified_time":"2025-04-18T14:50:53+00:00","og_image":[{"width":800,"height":533,"url":"https:\/\/botiguesmuseusalas.cat\/wp-content\/uploads\/2016\/07\/Botigues-Salas-Quiosc-01.jpg","type":"image\/jpeg"}],"twitter_card":"summary_large_image","twitter_misc":{"Tiempo de lectura":"2 minutos"},"schema":{"@context":"https:\/\/schema.org","@graph":[{"@type":"WebPage","@id":"https:\/\/botiguesmuseusalas.cat\/es\/visita\/donde-estamos\/","url":"https:\/\/botiguesmuseusalas.cat\/es\/visita\/donde-estamos\/","name":"D\u00f3nde estamos - Botigues Museu de Sal\u00e0s","isPartOf":{"@id":"https:\/\/botiguesmuseusalas.cat\/#website"},"primaryImageOfPage":{"@id":"https:\/\/botiguesmuseusalas.cat\/es\/visita\/donde-estamos\/#primaryimage"},"image":{"@id":"https:\/\/botiguesmuseusalas.cat\/es\/visita\/donde-estamos\/#primaryimage"},"thumbnailUrl":"https:\/\/botiguesmuseusalas.cat\/wp-content\/uploads\/2016\/07\/Botigues-Salas-Quiosc-01.jpg","datePublished":"2017-07-03T08:50:19+00:00","dateModified":"2025-04-18T14:50:53+00:00","description":"Ubicaci\u00f3n de las Botigues Museu de Sal\u00e0s de Pallars. Mapa y direcci\u00f3n del CIAC, lugar de venta de entradas e inicio de las visitas.","breadcrumb":{"@id":"https:\/\/botiguesmuseusalas.cat\/es\/visita\/donde-estamos\/#breadcrumb"},"inLanguage":"es","potentialAction":[{"@type":"ReadAction","target":["https:\/\/botiguesmuseusalas.cat\/es\/visita\/donde-estamos\/"]}]},{"@type":"ImageObject","inLanguage":"es","@id":"https:\/\/botiguesmuseusalas.cat\/es\/visita\/donde-estamos\/#primaryimage","url":"https:\/\/botiguesmuseusalas.cat\/wp-content\/uploads\/2016\/07\/Botigues-Salas-Quiosc-01.jpg","contentUrl":"https:\/\/botiguesmuseusalas.cat\/wp-content\/uploads\/2016\/07\/Botigues-Salas-Quiosc-01.jpg","width":800,"height":533},{"@type":"BreadcrumbList","@id":"https:\/\/botiguesmuseusalas.cat\/es\/visita\/donde-estamos\/#breadcrumb","itemListElement":[{"@type":"ListItem","position":1,"name":"Inici","item":"https:\/\/botiguesmuseusalas.cat\/es\/"},{"@type":"ListItem","position":2,"name":"Visita","item":"https:\/\/botiguesmuseusalas.cat\/es\/visita\/"},{"@type":"ListItem","position":3,"name":"D\u00f3nde estamos"}]},{"@type":"WebSite","@id":"https:\/\/botiguesmuseusalas.cat\/#website","url":"https:\/\/botiguesmuseusalas.cat\/","name":"Botigues Museu de Sal\u00e0s","description":"Web oficial de les Botigues Museu de Sal\u00e0s de Pallars (Lleida)","potentialAction":[{"@type":"SearchAction","target":{"@type":"EntryPoint","urlTemplate":"https:\/\/botiguesmuseusalas.cat\/?s={search_term_string}"},"query-input":{"@type":"PropertyValueSpecification","valueRequired":true,"valueName":"search_term_string"}}],"inLanguage":"es"}]}},"_links":{"self":[{"href":"https:\/\/botiguesmuseusalas.cat\/es\/wp-json\/wp\/v2\/pages\/1453","targetHints":{"allow":["GET"]}}],"collection":[{"href":"https:\/\/botiguesmuseusalas.cat\/es\/wp-json\/wp\/v2\/pages"}],"about":[{"href":"https:\/\/botiguesmuseusalas.cat\/es\/wp-json\/wp\/v2\/types\/page"}],"author":[{"embeddable":true,"href":"https:\/\/botiguesmuseusalas.cat\/es\/wp-json\/wp\/v2\/users\/7"}],"replies":[{"embeddable":true,"href":"https:\/\/botiguesmuseusalas.cat\/es\/wp-json\/wp\/v2\/comments?post=1453"}],"version-history":[{"count":41,"href":"https:\/\/botiguesmuseusalas.cat\/es\/wp-json\/wp\/v2\/pages\/1453\/revisions"}],"predecessor-version":[{"id":3918,"href":"https:\/\/botiguesmuseusalas.cat\/es\/wp-json\/wp\/v2\/pages\/1453\/revisions\/3918"}],"up":[{"embeddable":true,"href":"https:\/\/botiguesmuseusalas.cat\/es\/wp-json\/wp\/v2\/pages\/1428"}],"wp:featuredmedia":[{"embeddable":true,"href":"https:\/\/botiguesmuseusalas.cat\/es\/wp-json\/wp\/v2\/media\/978"}],"wp:attachment":[{"href":"https:\/\/botiguesmuseusalas.cat\/es\/wp-json\/wp\/v2\/media?parent=1453"}],"curies":[{"name":"wp","href":"https:\/\/api.w.org\/{rel}","templated":true}]}}