{"id":1460,"date":"2017-07-03T10:50:18","date_gmt":"2017-07-03T08:50:18","guid":{"rendered":"http:\/\/botiguesmuseusalas.cat\/es\/?page_id=1460"},"modified":"2026-01-17T16:11:48","modified_gmt":"2026-01-17T14:11:48","slug":"precios","status":"publish","type":"page","link":"https:\/\/botiguesmuseusalas.cat\/es\/visita\/precios\/","title":{"rendered":"Precios"},"content":{"rendered":"<div id=\"pl-1460\"  class=\"panel-layout\" ><div id=\"pg-1460-0\"  class=\"panel-grid panel-no-style\" ><div id=\"pgc-1460-0-0\"  class=\"panel-grid-cell\" ><div id=\"panel-1460-0-0-0\" class=\"so-panel widget widget_iconbox-widget panel-first-child\" data-index=\"0\" ><div\n\t\t\t\n\t\t\tclass=\"so-widget-iconbox-widget so-widget-iconbox-widget-base\"\n\t\t\t\n\t\t>\n\n<div class=\"icon-box standard ibox-plain ibox-light ibox-rounded\" data-appear-animation=\"fadeIn\">\n    <div class=\"ibox-icon\" style=\"background:#5cb85c;\">\n        <span class=\"sow-icon-fontawesome sow-fas\" data-sow-icon=\"&#xf3ff;\"\n\t\tstyle=\"color: #ffffff\" \n\t\taria-hidden=\"true\"><\/span>    <\/div>\n    <h3>PRECIO DE LAS VISITAS<\/h3>    <p>Precios oficiales 2026<\/p><\/div><\/div><\/div><div id=\"panel-1460-0-0-1\" class=\"so-panel widget widget_black-studio-tinymce widget_black_studio_tinymce panel-last-child\" data-index=\"1\" ><div class=\"textwidget\"><table class=\"table table-bordered\">\n<tbody>\n<tr>\n<td><strong>Adultos<\/strong><\/td>\n<td><span class=\"label label-success\">9 \u20ac<\/span><\/td>\n<\/tr>\n<tr>\n<td><strong>De 8 a 13 a\u00f1os<\/strong><\/td>\n<td><span class=\"label label-success\">5 \u20ac<\/span><\/td>\n<\/tr>\n<tr>\n<td><strong>Menores de 8<\/strong><\/td>\n<td><span class=\"label label-success\">Gratuito<\/span><\/td>\n<\/tr>\n<tr>\n<td><strong>Personas con discapacidad igual o superior al 65%<\/strong><\/td>\n<td><span class=\"label label-success\">5 \u20ac<\/span><\/td>\n<\/tr>\n<tr>\n<td><strong>Personas con silla de ruedas<\/strong><\/td>\n<td><span class=\"label label-success\">2 \u20ac<\/span><\/td>\n<\/tr>\n<tr>\n<td><strong>Escuelas<\/strong><\/td>\n<td><span class=\"label label-success\">3 \u20ac \/ pax + Servicio gu\u00eda <\/span><\/td>\n<\/tr>\n<\/tbody>\n<\/table><\/div><\/div><\/div><div id=\"pgc-1460-0-1\"  class=\"panel-grid-cell\" ><div id=\"panel-1460-0-1-0\" class=\"so-panel widget widget_iconbox-widget panel-first-child\" data-index=\"2\" ><div\n\t\t\t\n\t\t\tclass=\"so-widget-iconbox-widget so-widget-iconbox-widget-base\"\n\t\t\t\n\t\t>\n\n<div class=\"icon-box standard ibox-plain ibox-light ibox-rounded\" data-appear-animation=\"fadeIn\">\n    <div class=\"ibox-icon\" style=\"background:#1e73be;\">\n        <span class=\"sow-icon-fontawesome sow-fas\" data-sow-icon=\"&#xf274;\"\n\t\tstyle=\"color: #ffffff\" \n\t\taria-hidden=\"true\"><\/span>    <\/div>\n    <h3>RESERVAS<\/h3>    <p>\u00bfC\u00f3mo realizar una reserva a las Botigues Museu?<\/p><\/div><\/div><\/div><div id=\"panel-1460-0-1-1\" class=\"so-panel widget widget_black-studio-tinymce widget_black_studio_tinymce panel-last-child\" data-index=\"3\" ><div class=\"textwidget\"><table class=\"table table-bordered\">\n<tbody>\n<tr>\n<td>Las Botigues Museu s\u00f3lo se pueden visitar con el servicio de visitas guiadas con <strong>RESERVA PREVIA OBLIGAT\u00d3RIA.<\/strong><\/td>\n<\/tr>\n<tr>\n<td>Hacer la reserva online en la p\u00e1gina web antes de las 9h del d\u00eda de la visita.<\/strong><\/td>\n<\/tr>\n<\/tbody>\n<\/table>\n<\/div><\/div><\/div><\/div><div id=\"pg-1460-1\"  class=\"panel-grid panel-no-style\" ><div id=\"pgc-1460-1-0\"  class=\"panel-grid-cell\" ><div id=\"panel-1460-1-0-0\" class=\"so-panel widget widget_iconbox-widget panel-first-child\" data-index=\"4\" ><div\n\t\t\t\n\t\t\tclass=\"so-widget-iconbox-widget so-widget-iconbox-widget-base\"\n\t\t\t\n\t\t>\n\n<div class=\"icon-box standard ibox-plain ibox-light ibox-rounded\" data-appear-animation=\"fadeIn\">\n    <div class=\"ibox-icon\" style=\"background:#1e73be;\">\n        <span class=\"sow-icon-fontawesome sow-fas\" data-sow-icon=\"&#xf06a;\"\n\t\tstyle=\"color: #ffffff\" \n\t\taria-hidden=\"true\"><\/span>    <\/div>\n    <h3>M\u00c1S INFORMACI\u00d3N<\/h3>    <p>Informaci\u00f3n complement\u00e1ria<\/p><\/div><\/div><\/div><div id=\"panel-1460-1-0-1\" class=\"so-panel widget widget_black-studio-tinymce widget_black_studio_tinymce panel-last-child\" data-index=\"5\" ><div class=\"textwidget\"><table class=\"table table-bordered\">\n<tbody>\n<tr>\n<td>\nLas visitas guiadas son en catal\u00e1n, excepto las visitas indicadas en castellano. Tambi\u00e9n se ofrecen en ingl\u00e9s, siempre y cuando se haya pedido con anticipaci\u00f3n y en funci\u00f3n de la disponibilidad de los gu\u00edas. Para poder realizar la visita guiada en ingl\u00e9s se debe contactar directamente con el museo. \n<br\/>\nPara m\u00e1s informaci\u00f3n llamar o escribir un WhatsApp al <strong>611 052 713<\/strong> o escribir un correo electr\u00f3nico a info@botiguesmuseusalas.cat\n<\/td>\n<\/tr>\n<\/tbody>\n<\/table>\n<\/div><\/div><\/div><\/div><div id=\"pg-1460-2\"  class=\"panel-grid panel-no-style\" ><div id=\"pgc-1460-2-0\"  class=\"panel-grid-cell\" ><div id=\"panel-1460-2-0-0\" class=\"so-panel widget widget_sow-post-carousel panel-first-child panel-last-child\" data-index=\"6\" ><div\n\t\t\t\n\t\t\tclass=\"so-widget-sow-post-carousel so-widget-sow-post-carousel-base-ad93eedad001-1460\"\n\t\t\t\n\t\t>\t<div\n\t\tclass=\"sow-post-carousel-wrapper sow-post-carousel-theme-base\"\n\t\tstyle=\"overflow: hidden; max-width: 100%; min-height: 182px\"\n\t>\n\t\t<div class=\"sow-carousel-title has-title\">\n\t<h3 class=\"widget-title\">M\u00c1S INFORMACI\u00d3N<\/h3>\t\t<div class=\"sow-carousel-navigation \">\n\t\t\t\t\t\t<a href=\"#\" class=\"sow-carousel-next\" title=\"Siguiente\" aria-label=\"Entradas siguientes\" role=\"button\"><\/a>\n\t\t\t\t\t\t<a href=\"#\" class=\"sow-carousel-previous\" title=\"Anterior\" aria-label=\"Entradas anteriores\" role=\"button\"><\/a>\n\t\t\t\t\t<\/div>\n\t<\/div>\n\n<div class=\"sow-carousel-container \">\n\t\t<div class=\"sow-carousel-wrapper\"\n\t\tdata-dir=\"ltr\"\n\t\tstyle=\"opacity: 0;\"\n\t\tdata-widget=\"post\" data-fetching=\"false\" data-page=\"1\" data-ajax-url=\"https:\/\/botiguesmuseusalas.cat\/wp-admin\/admin-ajax.php?_widgets_nonce=5dce88821d\" data-item_count=\"5\" data-carousel_settings=\"{&quot;loop&quot;:true,&quot;animation&quot;:&quot;Ease&quot;,&quot;animation_speed&quot;:400,&quot;autoplay&quot;:&quot;&quot;,&quot;pauseOnHover&quot;:&quot;&quot;,&quot;autoplaySpeed&quot;:8000,&quot;item_overflow&quot;:true,&quot;autoplay_continuous_scroll&quot;:false}\" data-responsive=\"{&quot;desktop_slides_to_scroll&quot;:1,&quot;tablet_landscape_breakpoint&quot;:1366,&quot;tablet_landscape_slides_to_scroll&quot;:2,&quot;tablet_portrait_breakpoint&quot;:1025,&quot;tablet_portrait_slides_to_scroll&quot;:2,&quot;mobile_breakpoint&quot;:480,&quot;mobile_slides_to_scroll&quot;:1}\" data-variable_width=\"true\" \t>\n\t\t<div\n\t\t\tclass=\"sow-carousel-items\"\n\t\t\t\t\t>\n\t\t\t\t<div class=\"sow-carousel-item\" tabindex=\"-1\" style=\"float: left;\">\n\t\t<div class=\"sow-carousel-thumbnail\">\n\t\t\t\t\t\t\t<a\n\t\t\t\t\thref=\"https:\/\/botiguesmuseusalas.cat\/es\/visita\/horarios\/\"\n\t\t\t\t\t\t\t\t\t\tstyle=\"background-image: url( https:\/\/botiguesmuseusalas.cat\/wp-content\/uploads\/2017\/02\/Botigues-Salas-Home_03-272x182.jpg )\"\n\t\t\t\t\taria-labelledby=\"sow-carousel-id-1443\"\n\t\t\t\t\ttabindex=\"-1\"\n\t\t\t\t>\n\t\t\t\t\t<span class=\"overlay\"><\/span>\n\t\t\t\t<\/a>\n\t\t\t\t\t<\/div>\n\t\t<h3 class=\"sow-carousel-item-title\">\n\t\t\t<a\n\t\t\t\thref=\"https:\/\/botiguesmuseusalas.cat\/es\/visita\/horarios\/\"\n\t\t\t\tid=\"sow-carousel-id-1443\"\n\t\t\t\t\t\t\t\ttabindex=\"-1\"\n\t\t\t>\n\n\t\t\t\tHorarios y reservas\t\t\t<\/a>\n\t\t<\/h3>\n\t<\/div>\n\t\t<div class=\"sow-carousel-item\" tabindex=\"-1\" style=\"float: left;\">\n\t\t<div class=\"sow-carousel-thumbnail\">\n\t\t\t\t\t\t\t<a\n\t\t\t\t\thref=\"https:\/\/botiguesmuseusalas.cat\/es\/visita\/donde-estamos\/\"\n\t\t\t\t\t\t\t\t\t\tstyle=\"background-image: url( https:\/\/botiguesmuseusalas.cat\/wp-content\/uploads\/2016\/07\/Botigues-Salas-Quiosc-01-272x182.jpg )\"\n\t\t\t\t\taria-labelledby=\"sow-carousel-id-1453\"\n\t\t\t\t\ttabindex=\"-1\"\n\t\t\t\t>\n\t\t\t\t\t<span class=\"overlay\"><\/span>\n\t\t\t\t<\/a>\n\t\t\t\t\t<\/div>\n\t\t<h3 class=\"sow-carousel-item-title\">\n\t\t\t<a\n\t\t\t\thref=\"https:\/\/botiguesmuseusalas.cat\/es\/visita\/donde-estamos\/\"\n\t\t\t\tid=\"sow-carousel-id-1453\"\n\t\t\t\t\t\t\t\ttabindex=\"-1\"\n\t\t\t>\n\n\t\t\t\tD\u00f3nde estamos\t\t\t<\/a>\n\t\t<\/h3>\n\t<\/div>\n\t\t<div class=\"sow-carousel-item\" tabindex=\"-1\" style=\"float: left;\">\n\t\t<div class=\"sow-carousel-thumbnail\">\n\t\t\t\t\t\t\t<a\n\t\t\t\t\thref=\"https:\/\/botiguesmuseusalas.cat\/es\/visita\/como-llegar\/\"\n\t\t\t\t\t\t\t\t\t\tstyle=\"background-image: url( https:\/\/botiguesmuseusalas.cat\/wp-content\/uploads\/2016\/06\/Botigues-Portada_prova01-272x182.jpg )\"\n\t\t\t\t\taria-labelledby=\"sow-carousel-id-1438\"\n\t\t\t\t\ttabindex=\"-1\"\n\t\t\t\t>\n\t\t\t\t\t<span class=\"overlay\"><\/span>\n\t\t\t\t<\/a>\n\t\t\t\t\t<\/div>\n\t\t<h3 class=\"sow-carousel-item-title\">\n\t\t\t<a\n\t\t\t\thref=\"https:\/\/botiguesmuseusalas.cat\/es\/visita\/como-llegar\/\"\n\t\t\t\tid=\"sow-carousel-id-1438\"\n\t\t\t\t\t\t\t\ttabindex=\"-1\"\n\t\t\t>\n\n\t\t\t\tC\u00f3mo llegar\t\t\t<\/a>\n\t\t<\/h3>\n\t<\/div>\n\t\t<div class=\"sow-carousel-item\" tabindex=\"-1\" style=\"float: left;\">\n\t\t<div class=\"sow-carousel-thumbnail\">\n\t\t\t\t\t\t\t<a\n\t\t\t\t\thref=\"https:\/\/botiguesmuseusalas.cat\/es\/visita\/itinerario-visita-guiada\/\"\n\t\t\t\t\t\t\t\t\t\tstyle=\"background-image: url( https:\/\/botiguesmuseusalas.cat\/wp-content\/uploads\/2016\/06\/Botigues-Portada_prova01-272x182.jpg )\"\n\t\t\t\t\taria-labelledby=\"sow-carousel-id-1448\"\n\t\t\t\t\ttabindex=\"-1\"\n\t\t\t\t>\n\t\t\t\t\t<span class=\"overlay\"><\/span>\n\t\t\t\t<\/a>\n\t\t\t\t\t<\/div>\n\t\t<h3 class=\"sow-carousel-item-title\">\n\t\t\t<a\n\t\t\t\thref=\"https:\/\/botiguesmuseusalas.cat\/es\/visita\/itinerario-visita-guiada\/\"\n\t\t\t\tid=\"sow-carousel-id-1448\"\n\t\t\t\t\t\t\t\ttabindex=\"-1\"\n\t\t\t>\n\n\t\t\t\tItinerario Visita Guiada\t\t\t<\/a>\n\t\t<\/h3>\n\t<\/div>\n\t\t<div class=\"sow-carousel-item\" tabindex=\"-1\" style=\"float: left;\">\n\t\t<div class=\"sow-carousel-thumbnail\">\n\t\t\t\t\t\t\t<a\n\t\t\t\t\thref=\"https:\/\/botiguesmuseusalas.cat\/es\/visita\/buenas-practicas\/\"\n\t\t\t\t\t\t\t\t\t\tstyle=\"background-image: url( https:\/\/botiguesmuseusalas.cat\/wp-content\/uploads\/2016\/07\/Botigues-Salas-Merceria-03-3-272x182.jpg )\"\n\t\t\t\t\taria-labelledby=\"sow-carousel-id-1433\"\n\t\t\t\t\ttabindex=\"-1\"\n\t\t\t\t>\n\t\t\t\t\t<span class=\"overlay\"><\/span>\n\t\t\t\t<\/a>\n\t\t\t\t\t<\/div>\n\t\t<h3 class=\"sow-carousel-item-title\">\n\t\t\t<a\n\t\t\t\thref=\"https:\/\/botiguesmuseusalas.cat\/es\/visita\/buenas-practicas\/\"\n\t\t\t\tid=\"sow-carousel-id-1433\"\n\t\t\t\t\t\t\t\ttabindex=\"-1\"\n\t\t\t>\n\n\t\t\t\tBuenas pr\u00e1cticas\t\t\t<\/a>\n\t\t<\/h3>\n\t<\/div>\n\t\t\t<\/div>\n\t\t\t<\/div>\n\n\t<\/div>\n\t\t<input type=\"hidden\" name=\"instance_hash\" value=\"e67cc962\"\/>\n\t<\/div>\n<\/div><\/div><\/div><\/div><\/div>","protected":false},"excerpt":{"rendered":"<p>PRECIO DE LAS VISITAS Precios oficiales 2026 Adultos 9 \u20ac De 8 a 13 a\u00f1os 5 \u20ac Menores de 8 Gratuito Personas con discapacidad igual o superior al 65% 5 \u20ac Personas con silla de ruedas 2 \u20ac Escuelas 3 \u20ac \/ pax + Servicio gu\u00eda RESERVAS \u00bfC\u00f3mo realizar una reserva a las Botigues Museu? Las Botigues Museu s\u00f3lo se pueden visitar con el servicio de visitas guiadas con RESERVA PREVIA OBLIGAT\u00d3RIA. Hacer la reserva online en la p\u00e1gina web antes de las 9h del d\u00eda de la visita. M\u00c1S INFORMACI\u00d3N Informaci\u00f3n complement\u00e1ria Las visitas guiadas son en catal\u00e1n, excepto las visitas indicadas en castellano. Tambi\u00e9n se ofrecen en ingl\u00e9s, siempre y cuando se haya pedido con anticipaci\u00f3n y en funci\u00f3n de la disponibilidad de los gu\u00edas. Para poder realizar la visita guiada en ingl\u00e9s se debe contactar directamente con el museo. Para m\u00e1s informaci\u00f3n llamar o escribir un WhatsApp al 611 052 713 o escribir un correo electr\u00f3nico a info@botiguesmuseusalas.cat M\u00c1S INFORMACI\u00d3N Horarios y reservas D\u00f3nde estamos C\u00f3mo llegar Itinerario Visita Guiada Buenas pr\u00e1cticas<\/p>\n","protected":false},"author":7,"featured_media":1104,"parent":1428,"menu_order":0,"comment_status":"closed","ping_status":"closed","template":"","meta":{"_acf_changed":false,"footnotes":""},"class_list":["post-1460","page","type-page","status-publish","has-post-thumbnail","hentry"],"acf":[],"yoast_head":"<!-- This site is optimized with the Yoast SEO plugin v27.3 - https:\/\/yoast.com\/product\/yoast-seo-wordpress\/ -->\n<title>Precios - Botigues Museu de Sal\u00e0s<\/title>\n<meta name=\"description\" content=\"Consulta la lista de precios de la visita a las Botigues Museu de Sal\u00e0s, en Lleida.\" \/>\n<meta name=\"robots\" content=\"index, follow, max-snippet:-1, max-image-preview:large, max-video-preview:-1\" \/>\n<link rel=\"canonical\" href=\"https:\/\/botiguesmuseusalas.cat\/es\/visita\/precios\/\" \/>\n<meta property=\"og:locale\" content=\"es_ES\" \/>\n<meta property=\"og:type\" content=\"article\" \/>\n<meta property=\"og:title\" content=\"Precios - Botigues Museu de Sal\u00e0s\" \/>\n<meta property=\"og:description\" content=\"Consulta la lista de precios de la visita a las Botigues Museu de Sal\u00e0s, en Lleida.\" \/>\n<meta property=\"og:url\" content=\"https:\/\/botiguesmuseusalas.cat\/es\/visita\/precios\/\" \/>\n<meta property=\"og:site_name\" content=\"Botigues Museu de Sal\u00e0s\" \/>\n<meta property=\"article:modified_time\" content=\"2026-01-17T14:11:48+00:00\" \/>\n<meta property=\"og:image\" content=\"https:\/\/botiguesmuseusalas.cat\/wp-content\/uploads\/2017\/02\/Botigues-Salas-Home_04.jpg\" \/>\n\t<meta property=\"og:image:width\" content=\"1024\" \/>\n\t<meta property=\"og:image:height\" content=\"683\" \/>\n\t<meta property=\"og:image:type\" content=\"image\/jpeg\" \/>\n<meta name=\"twitter:card\" content=\"summary_large_image\" \/>\n<meta name=\"twitter:label1\" content=\"Tiempo de lectura\" \/>\n\t<meta name=\"twitter:data1\" content=\"2 minutos\" \/>\n<script type=\"application\/ld+json\" class=\"yoast-schema-graph\">{\"@context\":\"https:\\\/\\\/schema.org\",\"@graph\":[{\"@type\":\"WebPage\",\"@id\":\"https:\\\/\\\/botiguesmuseusalas.cat\\\/es\\\/visita\\\/precios\\\/\",\"url\":\"https:\\\/\\\/botiguesmuseusalas.cat\\\/es\\\/visita\\\/precios\\\/\",\"name\":\"Precios - Botigues Museu de Sal\u00e0s\",\"isPartOf\":{\"@id\":\"https:\\\/\\\/botiguesmuseusalas.cat\\\/#website\"},\"primaryImageOfPage\":{\"@id\":\"https:\\\/\\\/botiguesmuseusalas.cat\\\/es\\\/visita\\\/precios\\\/#primaryimage\"},\"image\":{\"@id\":\"https:\\\/\\\/botiguesmuseusalas.cat\\\/es\\\/visita\\\/precios\\\/#primaryimage\"},\"thumbnailUrl\":\"https:\\\/\\\/botiguesmuseusalas.cat\\\/wp-content\\\/uploads\\\/2017\\\/02\\\/Botigues-Salas-Home_04.jpg\",\"datePublished\":\"2017-07-03T08:50:18+00:00\",\"dateModified\":\"2026-01-17T14:11:48+00:00\",\"description\":\"Consulta la lista de precios de la visita a las Botigues Museu de Sal\u00e0s, en Lleida.\",\"breadcrumb\":{\"@id\":\"https:\\\/\\\/botiguesmuseusalas.cat\\\/es\\\/visita\\\/precios\\\/#breadcrumb\"},\"inLanguage\":\"es\",\"potentialAction\":[{\"@type\":\"ReadAction\",\"target\":[\"https:\\\/\\\/botiguesmuseusalas.cat\\\/es\\\/visita\\\/precios\\\/\"]}]},{\"@type\":\"ImageObject\",\"inLanguage\":\"es\",\"@id\":\"https:\\\/\\\/botiguesmuseusalas.cat\\\/es\\\/visita\\\/precios\\\/#primaryimage\",\"url\":\"https:\\\/\\\/botiguesmuseusalas.cat\\\/wp-content\\\/uploads\\\/2017\\\/02\\\/Botigues-Salas-Home_04.jpg\",\"contentUrl\":\"https:\\\/\\\/botiguesmuseusalas.cat\\\/wp-content\\\/uploads\\\/2017\\\/02\\\/Botigues-Salas-Home_04.jpg\",\"width\":1024,\"height\":683},{\"@type\":\"BreadcrumbList\",\"@id\":\"https:\\\/\\\/botiguesmuseusalas.cat\\\/es\\\/visita\\\/precios\\\/#breadcrumb\",\"itemListElement\":[{\"@type\":\"ListItem\",\"position\":1,\"name\":\"Inici\",\"item\":\"https:\\\/\\\/botiguesmuseusalas.cat\\\/es\\\/\"},{\"@type\":\"ListItem\",\"position\":2,\"name\":\"Visita\",\"item\":\"https:\\\/\\\/botiguesmuseusalas.cat\\\/es\\\/visita\\\/\"},{\"@type\":\"ListItem\",\"position\":3,\"name\":\"Precios\"}]},{\"@type\":\"WebSite\",\"@id\":\"https:\\\/\\\/botiguesmuseusalas.cat\\\/#website\",\"url\":\"https:\\\/\\\/botiguesmuseusalas.cat\\\/\",\"name\":\"Botigues Museu de Sal\u00e0s\",\"description\":\"Web oficial de les Botigues Museu de Sal\u00e0s de Pallars (Lleida)\",\"potentialAction\":[{\"@type\":\"SearchAction\",\"target\":{\"@type\":\"EntryPoint\",\"urlTemplate\":\"https:\\\/\\\/botiguesmuseusalas.cat\\\/?s={search_term_string}\"},\"query-input\":{\"@type\":\"PropertyValueSpecification\",\"valueRequired\":true,\"valueName\":\"search_term_string\"}}],\"inLanguage\":\"es\"}]}<\/script>\n<!-- \/ Yoast SEO plugin. -->","yoast_head_json":{"title":"Precios - Botigues Museu de Sal\u00e0s","description":"Consulta la lista de precios de la visita a las Botigues Museu de Sal\u00e0s, en Lleida.","robots":{"index":"index","follow":"follow","max-snippet":"max-snippet:-1","max-image-preview":"max-image-preview:large","max-video-preview":"max-video-preview:-1"},"canonical":"https:\/\/botiguesmuseusalas.cat\/es\/visita\/precios\/","og_locale":"es_ES","og_type":"article","og_title":"Precios - Botigues Museu de Sal\u00e0s","og_description":"Consulta la lista de precios de la visita a las Botigues Museu de Sal\u00e0s, en Lleida.","og_url":"https:\/\/botiguesmuseusalas.cat\/es\/visita\/precios\/","og_site_name":"Botigues Museu de Sal\u00e0s","article_modified_time":"2026-01-17T14:11:48+00:00","og_image":[{"width":1024,"height":683,"url":"https:\/\/botiguesmuseusalas.cat\/wp-content\/uploads\/2017\/02\/Botigues-Salas-Home_04.jpg","type":"image\/jpeg"}],"twitter_card":"summary_large_image","twitter_misc":{"Tiempo de lectura":"2 minutos"},"schema":{"@context":"https:\/\/schema.org","@graph":[{"@type":"WebPage","@id":"https:\/\/botiguesmuseusalas.cat\/es\/visita\/precios\/","url":"https:\/\/botiguesmuseusalas.cat\/es\/visita\/precios\/","name":"Precios - Botigues Museu de Sal\u00e0s","isPartOf":{"@id":"https:\/\/botiguesmuseusalas.cat\/#website"},"primaryImageOfPage":{"@id":"https:\/\/botiguesmuseusalas.cat\/es\/visita\/precios\/#primaryimage"},"image":{"@id":"https:\/\/botiguesmuseusalas.cat\/es\/visita\/precios\/#primaryimage"},"thumbnailUrl":"https:\/\/botiguesmuseusalas.cat\/wp-content\/uploads\/2017\/02\/Botigues-Salas-Home_04.jpg","datePublished":"2017-07-03T08:50:18+00:00","dateModified":"2026-01-17T14:11:48+00:00","description":"Consulta la lista de precios de la visita a las Botigues Museu de Sal\u00e0s, en Lleida.","breadcrumb":{"@id":"https:\/\/botiguesmuseusalas.cat\/es\/visita\/precios\/#breadcrumb"},"inLanguage":"es","potentialAction":[{"@type":"ReadAction","target":["https:\/\/botiguesmuseusalas.cat\/es\/visita\/precios\/"]}]},{"@type":"ImageObject","inLanguage":"es","@id":"https:\/\/botiguesmuseusalas.cat\/es\/visita\/precios\/#primaryimage","url":"https:\/\/botiguesmuseusalas.cat\/wp-content\/uploads\/2017\/02\/Botigues-Salas-Home_04.jpg","contentUrl":"https:\/\/botiguesmuseusalas.cat\/wp-content\/uploads\/2017\/02\/Botigues-Salas-Home_04.jpg","width":1024,"height":683},{"@type":"BreadcrumbList","@id":"https:\/\/botiguesmuseusalas.cat\/es\/visita\/precios\/#breadcrumb","itemListElement":[{"@type":"ListItem","position":1,"name":"Inici","item":"https:\/\/botiguesmuseusalas.cat\/es\/"},{"@type":"ListItem","position":2,"name":"Visita","item":"https:\/\/botiguesmuseusalas.cat\/es\/visita\/"},{"@type":"ListItem","position":3,"name":"Precios"}]},{"@type":"WebSite","@id":"https:\/\/botiguesmuseusalas.cat\/#website","url":"https:\/\/botiguesmuseusalas.cat\/","name":"Botigues Museu de Sal\u00e0s","description":"Web oficial de les Botigues Museu de Sal\u00e0s de Pallars (Lleida)","potentialAction":[{"@type":"SearchAction","target":{"@type":"EntryPoint","urlTemplate":"https:\/\/botiguesmuseusalas.cat\/?s={search_term_string}"},"query-input":{"@type":"PropertyValueSpecification","valueRequired":true,"valueName":"search_term_string"}}],"inLanguage":"es"}]}},"_links":{"self":[{"href":"https:\/\/botiguesmuseusalas.cat\/es\/wp-json\/wp\/v2\/pages\/1460","targetHints":{"allow":["GET"]}}],"collection":[{"href":"https:\/\/botiguesmuseusalas.cat\/es\/wp-json\/wp\/v2\/pages"}],"about":[{"href":"https:\/\/botiguesmuseusalas.cat\/es\/wp-json\/wp\/v2\/types\/page"}],"author":[{"embeddable":true,"href":"https:\/\/botiguesmuseusalas.cat\/es\/wp-json\/wp\/v2\/users\/7"}],"replies":[{"embeddable":true,"href":"https:\/\/botiguesmuseusalas.cat\/es\/wp-json\/wp\/v2\/comments?post=1460"}],"version-history":[{"count":88,"href":"https:\/\/botiguesmuseusalas.cat\/es\/wp-json\/wp\/v2\/pages\/1460\/revisions"}],"predecessor-version":[{"id":4041,"href":"https:\/\/botiguesmuseusalas.cat\/es\/wp-json\/wp\/v2\/pages\/1460\/revisions\/4041"}],"up":[{"embeddable":true,"href":"https:\/\/botiguesmuseusalas.cat\/es\/wp-json\/wp\/v2\/pages\/1428"}],"wp:featuredmedia":[{"embeddable":true,"href":"https:\/\/botiguesmuseusalas.cat\/es\/wp-json\/wp\/v2\/media\/1104"}],"wp:attachment":[{"href":"https:\/\/botiguesmuseusalas.cat\/es\/wp-json\/wp\/v2\/media?parent=1460"}],"curies":[{"name":"wp","href":"https:\/\/api.w.org\/{rel}","templated":true}]}}