{"id":2001,"date":"2018-11-19T15:04:35","date_gmt":"2018-11-19T13:04:35","guid":{"rendered":"http:\/\/botiguesmuseusalas.cat\/?page_id=2001"},"modified":"2019-01-16T18:33:04","modified_gmt":"2019-01-16T16:33:04","slug":"cubitos","status":"publish","type":"page","link":"https:\/\/botiguesmuseusalas.cat\/es\/exposiciones\/cubitos\/","title":{"rendered":"Cubitos"},"content":{"rendered":"<div id=\"pl-2001\"  class=\"panel-layout\" ><div id=\"pg-2001-0\"  class=\"panel-grid panel-no-style\" ><div id=\"pgc-2001-0-0\"  class=\"panel-grid-cell panel-grid-cell-mobile-last\" ><div id=\"panel-2001-0-0-0\" class=\"so-panel widget widget_iconbox-widget panel-first-child\" data-index=\"0\" ><div\n\t\t\t\n\t\t\tclass=\"so-widget-iconbox-widget so-widget-iconbox-widget-base\"\n\t\t\t\n\t\t>\n\n<div class=\"icon-box standard ibox-plain ibox-light ibox-rounded\" data-appear-animation=\"fadeIn\">\n    <div class=\"ibox-icon\" style=\"background:#1e73be;\">\n        <span class=\"sow-icon-fontawesome sow-fas\" data-sow-icon=\"&#xf06a;\"\n\t\tstyle=\"color: #ffffff\" \n\t\taria-hidden=\"true\"><\/span>    <\/div>\n    <h3>CUBITOS<\/h3>    <p>Una historia de la alimentaci\u00f3n<\/p><\/div><\/div><\/div><div id=\"panel-2001-0-0-1\" class=\"so-panel widget widget_sow-editor\" data-index=\"1\" ><div\n\t\t\t\n\t\t\tclass=\"so-widget-sow-editor so-widget-sow-editor-base\"\n\t\t\t\n\t\t>\n<div class=\"siteorigin-widget-tinymce textwidget\">\n\t<p><strong>Del 29 de julio de 2018 al 5 de enero de 2019<\/strong><\/p>\n<p>La exposici\u00f3n \"Cubitos\" quiere explicar la historia de este producto, aparentemente insignificante, que revolucion\u00f3 la industria alimentaria a finales del siglo XIX.<\/p>\n<p>A partir de envases, carteles y de textos colocados en el interior de los cajones de la estanter\u00eda, el visitante puede hacer un recorrido por la historia de los cubitos: su invenci\u00f3n por parte del qu\u00edmico alem\u00e1n Liebig, la divulgaci\u00f3n por todo el mundo que llev\u00f3 a cabo Julius Maggi, la primera marca espa\u00f1ola TexTon, la postguerra asociada a Gallina Blanca y otras marcas como Starlux, Potax, etc.  <\/p>\n<\/div>\n<\/div><\/div><div id=\"panel-2001-0-0-2\" class=\"so-panel widget widget_carousel-widget panel-last-child\" data-index=\"2\" ><div\n\t\t\t\n\t\t\tclass=\"so-widget-carousel-widget so-widget-carousel-widget-base\"\n\t\t\t\n\t\t><div class=\"text-align-left\"><h3 class=\"widget-title\" >GALER\u00cdA<\/h3><\/div>\n<div class=\"carousel-container\">\n<ul class=\"owl-carousel owl-theme\" data-columns=\"1\" data-autoplay=\"5000\" data-pagination=\"no\" data-arrows=\"yes\" data-single-item=\"no\" data-items-desktop=\"1\" data-items-desktop-small=\"3\" data-items-tablet=\"2\" data-items-mobile=\"1\"  data-rtl=\"ltr\" >\n<li class=\"item\"><img decoding=\"async\" src=\"https:\/\/botiguesmuseusalas.cat\/wp-content\/uploads\/2019\/01\/IMG_20180829_182104_HHT-copia.jpg\" alt=\"Image\">                <\/li><li class=\"item\"><img decoding=\"async\" src=\"https:\/\/botiguesmuseusalas.cat\/wp-content\/uploads\/2019\/01\/IMG_20190114_161526_HHT.jpg\" alt=\"Image\">                <\/li><li class=\"item\"><img decoding=\"async\" src=\"https:\/\/botiguesmuseusalas.cat\/wp-content\/uploads\/2019\/01\/IMG_20190114_161557_HHT.jpg\" alt=\"Image\">                <\/li><\/ul>\n<\/div><\/div><\/div><\/div><div id=\"pgc-2001-0-1\"  class=\"panel-grid-cell panel-grid-cell-empty\" ><\/div><\/div><div id=\"pg-2001-1\"  class=\"panel-grid panel-no-style\" ><div id=\"pgc-2001-1-0\"  class=\"panel-grid-cell\" ><div id=\"panel-2001-1-0-0\" class=\"so-panel widget widget_hr-widget panel-first-child panel-last-child\" data-index=\"3\" ><div\n\t\t\t\n\t\t\tclass=\"so-widget-hr-widget so-widget-hr-widget-base\"\n\t\t\t\n\t\t>\n<hr class=\"fw\" style=\"height:1px; background:; margin-top:30px; margin-bottom:30px\"><\/div><\/div><\/div><\/div><div id=\"pg-2001-2\"  class=\"panel-grid panel-no-style\" ><div id=\"pgc-2001-2-0\"  class=\"panel-grid-cell\" ><div id=\"panel-2001-2-0-0\" class=\"so-panel widget widget_sow-post-carousel panel-first-child panel-last-child\" data-index=\"4\" ><div\n\t\t\t\n\t\t\tclass=\"so-widget-sow-post-carousel so-widget-sow-post-carousel-base-ad93eedad001-2001\"\n\t\t\t\n\t\t>\t<div\n\t\tclass=\"sow-post-carousel-wrapper sow-post-carousel-theme-base\"\n\t\tstyle=\"overflow: hidden; max-width: 100%; min-height: 182px\"\n\t>\n\t\t<div class=\"sow-carousel-title has-title\">\n\t<h3 class=\"widget-title\">EXPOSICIONES ANTERIORES<\/h3>\t\t<div class=\"sow-carousel-navigation \">\n\t\t\t\t\t\t<a href=\"#\" class=\"sow-carousel-next\" title=\"Siguiente\" aria-label=\"Entradas siguientes\" role=\"button\"><\/a>\n\t\t\t\t\t\t<a href=\"#\" class=\"sow-carousel-previous\" title=\"Anterior\" aria-label=\"Entradas anteriores\" role=\"button\"><\/a>\n\t\t\t\t\t<\/div>\n\t<\/div>\n\n<div class=\"sow-carousel-container \">\n\t\t<div class=\"sow-carousel-wrapper\"\n\t\tdata-dir=\"ltr\"\n\t\tstyle=\"opacity: 0;\"\n\t\tdata-widget=\"post\" data-fetching=\"false\" data-page=\"1\" data-ajax-url=\"https:\/\/botiguesmuseusalas.cat\/wp-admin\/admin-ajax.php?_widgets_nonce=49e41c467b\" data-item_count=\"7\" data-carousel_settings=\"{&quot;loop&quot;:true,&quot;animation&quot;:&quot;Ease&quot;,&quot;animation_speed&quot;:400,&quot;autoplay&quot;:&quot;&quot;,&quot;pauseOnHover&quot;:&quot;&quot;,&quot;autoplaySpeed&quot;:8000,&quot;item_overflow&quot;:true,&quot;autoplay_continuous_scroll&quot;:false}\" data-responsive=\"{&quot;desktop_slides_to_scroll&quot;:1,&quot;tablet_landscape_breakpoint&quot;:1366,&quot;tablet_landscape_slides_to_scroll&quot;:2,&quot;tablet_portrait_breakpoint&quot;:1025,&quot;tablet_portrait_slides_to_scroll&quot;:2,&quot;mobile_breakpoint&quot;:480,&quot;mobile_slides_to_scroll&quot;:1}\" data-variable_width=\"true\" \t>\n\t\t<div\n\t\t\tclass=\"sow-carousel-items\"\n\t\t\t\t\t>\n\t\t\t\t<div class=\"sow-carousel-item\" tabindex=\"-1\" style=\"float: left;\">\n\t\t<div class=\"sow-carousel-thumbnail\">\n\t\t\t\t\t\t\t<a\n\t\t\t\t\thref=\"https:\/\/botiguesmuseusalas.cat\/es\/exposiciones\/llaunes-dabans\/\"\n\t\t\t\t\t\t\t\t\t\tstyle=\"background-image: url( https:\/\/botiguesmuseusalas.cat\/wp-content\/uploads\/2016\/07\/Foto-2-llaunes-dabans-272x182.jpg )\"\n\t\t\t\t\taria-labelledby=\"sow-carousel-id-1354\"\n\t\t\t\t\ttabindex=\"-1\"\n\t\t\t\t>\n\t\t\t\t\t<span class=\"overlay\"><\/span>\n\t\t\t\t<\/a>\n\t\t\t\t\t<\/div>\n\t\t<h3 class=\"sow-carousel-item-title\">\n\t\t\t<a\n\t\t\t\thref=\"https:\/\/botiguesmuseusalas.cat\/es\/exposiciones\/llaunes-dabans\/\"\n\t\t\t\tid=\"sow-carousel-id-1354\"\n\t\t\t\t\t\t\t\ttabindex=\"-1\"\n\t\t\t>\n\n\t\t\t\tLlaunes d&#8217;abans\t\t\t<\/a>\n\t\t<\/h3>\n\t<\/div>\n\t\t<div class=\"sow-carousel-item\" tabindex=\"-1\" style=\"float: left;\">\n\t\t<div class=\"sow-carousel-thumbnail\">\n\t\t\t\t\t\t\t<a\n\t\t\t\t\thref=\"https:\/\/botiguesmuseusalas.cat\/es\/exposiciones\/fantasies-troquelades\/\"\n\t\t\t\t\t\t\t\t\t\tstyle=\"background-image: url( https:\/\/botiguesmuseusalas.cat\/wp-content\/uploads\/2016\/07\/foto-3-1-272x182.jpg )\"\n\t\t\t\t\taria-labelledby=\"sow-carousel-id-1348\"\n\t\t\t\t\ttabindex=\"-1\"\n\t\t\t\t>\n\t\t\t\t\t<span class=\"overlay\"><\/span>\n\t\t\t\t<\/a>\n\t\t\t\t\t<\/div>\n\t\t<h3 class=\"sow-carousel-item-title\">\n\t\t\t<a\n\t\t\t\thref=\"https:\/\/botiguesmuseusalas.cat\/es\/exposiciones\/fantasies-troquelades\/\"\n\t\t\t\tid=\"sow-carousel-id-1348\"\n\t\t\t\t\t\t\t\ttabindex=\"-1\"\n\t\t\t>\n\n\t\t\t\tFantasies troquelades\t\t\t<\/a>\n\t\t<\/h3>\n\t<\/div>\n\t\t<div class=\"sow-carousel-item\" tabindex=\"-1\" style=\"float: left;\">\n\t\t<div class=\"sow-carousel-thumbnail\">\n\t\t\t\t\t\t\t<a\n\t\t\t\t\thref=\"https:\/\/botiguesmuseusalas.cat\/es\/exposiciones\/cacadors-de-mosques\/\"\n\t\t\t\t\t\t\t\t\t\tstyle=\"background-image: url( https:\/\/botiguesmuseusalas.cat\/wp-content\/uploads\/2016\/07\/Fotos-expo-019-1-272x182.jpg )\"\n\t\t\t\t\taria-labelledby=\"sow-carousel-id-1339\"\n\t\t\t\t\ttabindex=\"-1\"\n\t\t\t\t>\n\t\t\t\t\t<span class=\"overlay\"><\/span>\n\t\t\t\t<\/a>\n\t\t\t\t\t<\/div>\n\t\t<h3 class=\"sow-carousel-item-title\">\n\t\t\t<a\n\t\t\t\thref=\"https:\/\/botiguesmuseusalas.cat\/es\/exposiciones\/cacadors-de-mosques\/\"\n\t\t\t\tid=\"sow-carousel-id-1339\"\n\t\t\t\t\t\t\t\ttabindex=\"-1\"\n\t\t\t>\n\n\t\t\t\tCa\u00e7adors de mosques\t\t\t<\/a>\n\t\t<\/h3>\n\t<\/div>\n\t\t<div class=\"sow-carousel-item\" tabindex=\"-1\" style=\"float: left;\">\n\t\t<div class=\"sow-carousel-thumbnail\">\n\t\t\t\t\t\t\t<a\n\t\t\t\t\thref=\"https:\/\/botiguesmuseusalas.cat\/es\/exposiciones\/gaspar-camps\/\"\n\t\t\t\t\t\t\t\t\t\tstyle=\"background-image: url( https:\/\/botiguesmuseusalas.cat\/wp-content\/uploads\/2016\/07\/Expo-Camps-2-2-1-272x182.jpg )\"\n\t\t\t\t\taria-labelledby=\"sow-carousel-id-1351\"\n\t\t\t\t\ttabindex=\"-1\"\n\t\t\t\t>\n\t\t\t\t\t<span class=\"overlay\"><\/span>\n\t\t\t\t<\/a>\n\t\t\t\t\t<\/div>\n\t\t<h3 class=\"sow-carousel-item-title\">\n\t\t\t<a\n\t\t\t\thref=\"https:\/\/botiguesmuseusalas.cat\/es\/exposiciones\/gaspar-camps\/\"\n\t\t\t\tid=\"sow-carousel-id-1351\"\n\t\t\t\t\t\t\t\ttabindex=\"-1\"\n\t\t\t>\n\n\t\t\t\tGaspar Camps\t\t\t<\/a>\n\t\t<\/h3>\n\t<\/div>\n\t\t<div class=\"sow-carousel-item\" tabindex=\"-1\" style=\"float: left;\">\n\t\t<div class=\"sow-carousel-thumbnail\">\n\t\t\t\t\t\t\t<a\n\t\t\t\t\thref=\"https:\/\/botiguesmuseusalas.cat\/es\/exposiciones\/del-pirineu-a-la-pampa\/\"\n\t\t\t\t\t\t\t\t\t\tstyle=\"background-image: url( https:\/\/botiguesmuseusalas.cat\/wp-content\/uploads\/2016\/07\/Cuberta-Vaixell-Pampa-1-272x182.jpg )\"\n\t\t\t\t\taria-labelledby=\"sow-carousel-id-1345\"\n\t\t\t\t\ttabindex=\"-1\"\n\t\t\t\t>\n\t\t\t\t\t<span class=\"overlay\"><\/span>\n\t\t\t\t<\/a>\n\t\t\t\t\t<\/div>\n\t\t<h3 class=\"sow-carousel-item-title\">\n\t\t\t<a\n\t\t\t\thref=\"https:\/\/botiguesmuseusalas.cat\/es\/exposiciones\/del-pirineu-a-la-pampa\/\"\n\t\t\t\tid=\"sow-carousel-id-1345\"\n\t\t\t\t\t\t\t\ttabindex=\"-1\"\n\t\t\t>\n\n\t\t\t\tDel Pirineu a La Pampa\t\t\t<\/a>\n\t\t<\/h3>\n\t<\/div>\n\t\t<div class=\"sow-carousel-item\" tabindex=\"-1\" style=\"float: left;\">\n\t\t<div class=\"sow-carousel-thumbnail\">\n\t\t\t\t\t\t\t<a\n\t\t\t\t\thref=\"https:\/\/botiguesmuseusalas.cat\/es\/exposiciones\/tot-a-mitges\/\"\n\t\t\t\t\t\t\t\t\t\tstyle=\"background-image: url( https:\/\/botiguesmuseusalas.cat\/wp-content\/uploads\/2016\/07\/fffff-1-272x182.jpg )\"\n\t\t\t\t\taria-labelledby=\"sow-carousel-id-1361\"\n\t\t\t\t\ttabindex=\"-1\"\n\t\t\t\t>\n\t\t\t\t\t<span class=\"overlay\"><\/span>\n\t\t\t\t<\/a>\n\t\t\t\t\t<\/div>\n\t\t<h3 class=\"sow-carousel-item-title\">\n\t\t\t<a\n\t\t\t\thref=\"https:\/\/botiguesmuseusalas.cat\/es\/exposiciones\/tot-a-mitges\/\"\n\t\t\t\tid=\"sow-carousel-id-1361\"\n\t\t\t\t\t\t\t\ttabindex=\"-1\"\n\t\t\t>\n\n\t\t\t\tTot a mitges\t\t\t<\/a>\n\t\t<\/h3>\n\t<\/div>\n\t\t<div class=\"sow-carousel-item\" tabindex=\"-1\" style=\"float: left;\">\n\t\t<div class=\"sow-carousel-thumbnail\">\n\t\t\t\t\t\t\t<a\n\t\t\t\t\thref=\"https:\/\/botiguesmuseusalas.cat\/es\/exposiciones\/album-gran-guerra\/\"\n\t\t\t\t\t\t\t\t\t\tstyle=\"background-image: url( https:\/\/botiguesmuseusalas.cat\/wp-content\/uploads\/2016\/07\/P1080109-272x182.jpg )\"\n\t\t\t\t\taria-labelledby=\"sow-carousel-id-1326\"\n\t\t\t\t\ttabindex=\"-1\"\n\t\t\t\t>\n\t\t\t\t\t<span class=\"overlay\"><\/span>\n\t\t\t\t<\/a>\n\t\t\t\t\t<\/div>\n\t\t<h3 class=\"sow-carousel-item-title\">\n\t\t\t<a\n\t\t\t\thref=\"https:\/\/botiguesmuseusalas.cat\/es\/exposiciones\/album-gran-guerra\/\"\n\t\t\t\tid=\"sow-carousel-id-1326\"\n\t\t\t\t\t\t\t\ttabindex=\"-1\"\n\t\t\t>\n\n\t\t\t\t\u00c1lbum de la Gran Guerra\t\t\t<\/a>\n\t\t<\/h3>\n\t<\/div>\n\t\t\t<\/div>\n\t\t\t<\/div>\n\n\t<\/div>\n\t\t<input type=\"hidden\" name=\"instance_hash\" value=\"34f9c3a1\"\/>\n\t<\/div>\n<\/div><\/div><\/div><\/div><\/div>","protected":false},"excerpt":{"rendered":"<p>Del 29 de julio de 2018 al 5 de enero de 2019 La exposici\u00f3n &#8220;Cubitos&#8221; quiere explicar la historia de este producto, aparentemente insignificante, que revolucion\u00f3 la industria alimentaria a finales del siglo XIX. A partir de envases, carteles y de textos colocados en el interior de los cajones de la estanter\u00eda, el visitante puede hacer un recorrido por la historia de los cubitos: su invenci\u00f3n por parte del qu\u00edmico alem\u00e1n Liebig, la divulgaci\u00f3n por todo el mundo que llev\u00f3 a cabo Julius Maggi, la primera marca espa\u00f1ola TexTon, la postguerra asociada a Gallina Blanca y otras marcas como Starlux, Potax, etc.<\/p>\n","protected":false},"author":7,"featured_media":2186,"parent":1319,"menu_order":0,"comment_status":"closed","ping_status":"closed","template":"","meta":{"_acf_changed":false,"footnotes":""},"class_list":["post-2001","page","type-page","status-publish","has-post-thumbnail","hentry"],"acf":[],"yoast_head":"<!-- This site is optimized with the Yoast SEO plugin v27.3 - https:\/\/yoast.com\/product\/yoast-seo-wordpress\/ -->\n<title>Cubitos - Botigues Museu de Sal\u00e0s<\/title>\n<meta name=\"robots\" content=\"index, follow, max-snippet:-1, max-image-preview:large, max-video-preview:-1\" \/>\n<link rel=\"canonical\" href=\"https:\/\/botiguesmuseusalas.cat\/es\/exposiciones\/cubitos\/\" \/>\n<meta property=\"og:locale\" content=\"es_ES\" \/>\n<meta property=\"og:type\" content=\"article\" \/>\n<meta property=\"og:title\" content=\"Cubitos - Botigues Museu de Sal\u00e0s\" \/>\n<meta property=\"og:description\" content=\"Del 29 de julio de 2018 al 5 de enero de 2019 La exposici\u00f3n &quot;Cubitos&quot; quiere explicar la historia de este producto, aparentemente insignificante, que revolucion\u00f3 la industria alimentaria a finales del siglo XIX. A partir de envases, carteles y de textos colocados en el interior de los cajones de la estanter\u00eda, el visitante puede hacer un recorrido por la historia de los cubitos: su invenci\u00f3n por parte del qu\u00edmico alem\u00e1n Liebig, la divulgaci\u00f3n por todo el mundo que llev\u00f3 a cabo Julius Maggi, la primera marca espa\u00f1ola TexTon, la postguerra asociada a Gallina Blanca y otras marcas como Starlux, Potax, etc.\" \/>\n<meta property=\"og:url\" content=\"https:\/\/botiguesmuseusalas.cat\/es\/exposiciones\/cubitos\/\" \/>\n<meta property=\"og:site_name\" content=\"Botigues Museu de Sal\u00e0s\" \/>\n<meta property=\"article:modified_time\" content=\"2019-01-16T16:33:04+00:00\" \/>\n<meta property=\"og:image\" content=\"https:\/\/botiguesmuseusalas.cat\/wp-content\/uploads\/2019\/01\/IMG_20180829_182104_HHT-copia.jpg\" \/>\n\t<meta property=\"og:image:width\" content=\"800\" \/>\n\t<meta property=\"og:image:height\" content=\"600\" \/>\n\t<meta property=\"og:image:type\" content=\"image\/jpeg\" \/>\n<meta name=\"twitter:card\" content=\"summary_large_image\" \/>\n<meta name=\"twitter:label1\" content=\"Tiempo de lectura\" \/>\n\t<meta name=\"twitter:data1\" content=\"1 minuto\" \/>\n<script type=\"application\/ld+json\" class=\"yoast-schema-graph\">{\"@context\":\"https:\\\/\\\/schema.org\",\"@graph\":[{\"@type\":\"WebPage\",\"@id\":\"https:\\\/\\\/botiguesmuseusalas.cat\\\/es\\\/exposiciones\\\/cubitos\\\/\",\"url\":\"https:\\\/\\\/botiguesmuseusalas.cat\\\/es\\\/exposiciones\\\/cubitos\\\/\",\"name\":\"Cubitos - Botigues Museu de Sal\u00e0s\",\"isPartOf\":{\"@id\":\"https:\\\/\\\/botiguesmuseusalas.cat\\\/#website\"},\"primaryImageOfPage\":{\"@id\":\"https:\\\/\\\/botiguesmuseusalas.cat\\\/es\\\/exposiciones\\\/cubitos\\\/#primaryimage\"},\"image\":{\"@id\":\"https:\\\/\\\/botiguesmuseusalas.cat\\\/es\\\/exposiciones\\\/cubitos\\\/#primaryimage\"},\"thumbnailUrl\":\"https:\\\/\\\/botiguesmuseusalas.cat\\\/wp-content\\\/uploads\\\/2019\\\/01\\\/IMG_20180829_182104_HHT-copia.jpg\",\"datePublished\":\"2018-11-19T13:04:35+00:00\",\"dateModified\":\"2019-01-16T16:33:04+00:00\",\"breadcrumb\":{\"@id\":\"https:\\\/\\\/botiguesmuseusalas.cat\\\/es\\\/exposiciones\\\/cubitos\\\/#breadcrumb\"},\"inLanguage\":\"es\",\"potentialAction\":[{\"@type\":\"ReadAction\",\"target\":[\"https:\\\/\\\/botiguesmuseusalas.cat\\\/es\\\/exposiciones\\\/cubitos\\\/\"]}]},{\"@type\":\"ImageObject\",\"inLanguage\":\"es\",\"@id\":\"https:\\\/\\\/botiguesmuseusalas.cat\\\/es\\\/exposiciones\\\/cubitos\\\/#primaryimage\",\"url\":\"https:\\\/\\\/botiguesmuseusalas.cat\\\/wp-content\\\/uploads\\\/2019\\\/01\\\/IMG_20180829_182104_HHT-copia.jpg\",\"contentUrl\":\"https:\\\/\\\/botiguesmuseusalas.cat\\\/wp-content\\\/uploads\\\/2019\\\/01\\\/IMG_20180829_182104_HHT-copia.jpg\",\"width\":800,\"height\":600},{\"@type\":\"BreadcrumbList\",\"@id\":\"https:\\\/\\\/botiguesmuseusalas.cat\\\/es\\\/exposiciones\\\/cubitos\\\/#breadcrumb\",\"itemListElement\":[{\"@type\":\"ListItem\",\"position\":1,\"name\":\"Inici\",\"item\":\"https:\\\/\\\/botiguesmuseusalas.cat\\\/es\\\/\"},{\"@type\":\"ListItem\",\"position\":2,\"name\":\"Exposiciones\",\"item\":\"https:\\\/\\\/botiguesmuseusalas.cat\\\/es\\\/exposiciones\\\/\"},{\"@type\":\"ListItem\",\"position\":3,\"name\":\"Cubitos\"}]},{\"@type\":\"WebSite\",\"@id\":\"https:\\\/\\\/botiguesmuseusalas.cat\\\/#website\",\"url\":\"https:\\\/\\\/botiguesmuseusalas.cat\\\/\",\"name\":\"Botigues Museu de Sal\u00e0s\",\"description\":\"Web oficial de les Botigues Museu de Sal\u00e0s de Pallars (Lleida)\",\"potentialAction\":[{\"@type\":\"SearchAction\",\"target\":{\"@type\":\"EntryPoint\",\"urlTemplate\":\"https:\\\/\\\/botiguesmuseusalas.cat\\\/?s={search_term_string}\"},\"query-input\":{\"@type\":\"PropertyValueSpecification\",\"valueRequired\":true,\"valueName\":\"search_term_string\"}}],\"inLanguage\":\"es\"}]}<\/script>\n<!-- \/ Yoast SEO plugin. -->","yoast_head_json":{"title":"Cubitos - Botigues Museu de Sal\u00e0s","robots":{"index":"index","follow":"follow","max-snippet":"max-snippet:-1","max-image-preview":"max-image-preview:large","max-video-preview":"max-video-preview:-1"},"canonical":"https:\/\/botiguesmuseusalas.cat\/es\/exposiciones\/cubitos\/","og_locale":"es_ES","og_type":"article","og_title":"Cubitos - Botigues Museu de Sal\u00e0s","og_description":"Del 29 de julio de 2018 al 5 de enero de 2019 La exposici\u00f3n \"Cubitos\" quiere explicar la historia de este producto, aparentemente insignificante, que revolucion\u00f3 la industria alimentaria a finales del siglo XIX. A partir de envases, carteles y de textos colocados en el interior de los cajones de la estanter\u00eda, el visitante puede hacer un recorrido por la historia de los cubitos: su invenci\u00f3n por parte del qu\u00edmico alem\u00e1n Liebig, la divulgaci\u00f3n por todo el mundo que llev\u00f3 a cabo Julius Maggi, la primera marca espa\u00f1ola TexTon, la postguerra asociada a Gallina Blanca y otras marcas como Starlux, Potax, etc.","og_url":"https:\/\/botiguesmuseusalas.cat\/es\/exposiciones\/cubitos\/","og_site_name":"Botigues Museu de Sal\u00e0s","article_modified_time":"2019-01-16T16:33:04+00:00","og_image":[{"width":800,"height":600,"url":"https:\/\/botiguesmuseusalas.cat\/wp-content\/uploads\/2019\/01\/IMG_20180829_182104_HHT-copia.jpg","type":"image\/jpeg"}],"twitter_card":"summary_large_image","twitter_misc":{"Tiempo de lectura":"1 minuto"},"schema":{"@context":"https:\/\/schema.org","@graph":[{"@type":"WebPage","@id":"https:\/\/botiguesmuseusalas.cat\/es\/exposiciones\/cubitos\/","url":"https:\/\/botiguesmuseusalas.cat\/es\/exposiciones\/cubitos\/","name":"Cubitos - Botigues Museu de Sal\u00e0s","isPartOf":{"@id":"https:\/\/botiguesmuseusalas.cat\/#website"},"primaryImageOfPage":{"@id":"https:\/\/botiguesmuseusalas.cat\/es\/exposiciones\/cubitos\/#primaryimage"},"image":{"@id":"https:\/\/botiguesmuseusalas.cat\/es\/exposiciones\/cubitos\/#primaryimage"},"thumbnailUrl":"https:\/\/botiguesmuseusalas.cat\/wp-content\/uploads\/2019\/01\/IMG_20180829_182104_HHT-copia.jpg","datePublished":"2018-11-19T13:04:35+00:00","dateModified":"2019-01-16T16:33:04+00:00","breadcrumb":{"@id":"https:\/\/botiguesmuseusalas.cat\/es\/exposiciones\/cubitos\/#breadcrumb"},"inLanguage":"es","potentialAction":[{"@type":"ReadAction","target":["https:\/\/botiguesmuseusalas.cat\/es\/exposiciones\/cubitos\/"]}]},{"@type":"ImageObject","inLanguage":"es","@id":"https:\/\/botiguesmuseusalas.cat\/es\/exposiciones\/cubitos\/#primaryimage","url":"https:\/\/botiguesmuseusalas.cat\/wp-content\/uploads\/2019\/01\/IMG_20180829_182104_HHT-copia.jpg","contentUrl":"https:\/\/botiguesmuseusalas.cat\/wp-content\/uploads\/2019\/01\/IMG_20180829_182104_HHT-copia.jpg","width":800,"height":600},{"@type":"BreadcrumbList","@id":"https:\/\/botiguesmuseusalas.cat\/es\/exposiciones\/cubitos\/#breadcrumb","itemListElement":[{"@type":"ListItem","position":1,"name":"Inici","item":"https:\/\/botiguesmuseusalas.cat\/es\/"},{"@type":"ListItem","position":2,"name":"Exposiciones","item":"https:\/\/botiguesmuseusalas.cat\/es\/exposiciones\/"},{"@type":"ListItem","position":3,"name":"Cubitos"}]},{"@type":"WebSite","@id":"https:\/\/botiguesmuseusalas.cat\/#website","url":"https:\/\/botiguesmuseusalas.cat\/","name":"Botigues Museu de Sal\u00e0s","description":"Web oficial de les Botigues Museu de Sal\u00e0s de Pallars (Lleida)","potentialAction":[{"@type":"SearchAction","target":{"@type":"EntryPoint","urlTemplate":"https:\/\/botiguesmuseusalas.cat\/?s={search_term_string}"},"query-input":{"@type":"PropertyValueSpecification","valueRequired":true,"valueName":"search_term_string"}}],"inLanguage":"es"}]}},"_links":{"self":[{"href":"https:\/\/botiguesmuseusalas.cat\/es\/wp-json\/wp\/v2\/pages\/2001","targetHints":{"allow":["GET"]}}],"collection":[{"href":"https:\/\/botiguesmuseusalas.cat\/es\/wp-json\/wp\/v2\/pages"}],"about":[{"href":"https:\/\/botiguesmuseusalas.cat\/es\/wp-json\/wp\/v2\/types\/page"}],"author":[{"embeddable":true,"href":"https:\/\/botiguesmuseusalas.cat\/es\/wp-json\/wp\/v2\/users\/7"}],"replies":[{"embeddable":true,"href":"https:\/\/botiguesmuseusalas.cat\/es\/wp-json\/wp\/v2\/comments?post=2001"}],"version-history":[{"count":24,"href":"https:\/\/botiguesmuseusalas.cat\/es\/wp-json\/wp\/v2\/pages\/2001\/revisions"}],"predecessor-version":[{"id":2204,"href":"https:\/\/botiguesmuseusalas.cat\/es\/wp-json\/wp\/v2\/pages\/2001\/revisions\/2204"}],"up":[{"embeddable":true,"href":"https:\/\/botiguesmuseusalas.cat\/es\/wp-json\/wp\/v2\/pages\/1319"}],"wp:featuredmedia":[{"embeddable":true,"href":"https:\/\/botiguesmuseusalas.cat\/es\/wp-json\/wp\/v2\/media\/2186"}],"wp:attachment":[{"href":"https:\/\/botiguesmuseusalas.cat\/es\/wp-json\/wp\/v2\/media?parent=2001"}],"curies":[{"name":"wp","href":"https:\/\/api.w.org\/{rel}","templated":true}]}}