{"id":2759,"date":"2020-01-31T17:35:13","date_gmt":"2020-01-31T15:35:13","guid":{"rendered":"http:\/\/botiguesmuseusalas.cat\/?page_id=2759"},"modified":"2022-11-06T14:31:05","modified_gmt":"2022-11-06T12:31:05","slug":"nelia-un-dulce-fracaso","status":"publish","type":"page","link":"https:\/\/botiguesmuseusalas.cat\/es\/nelia-un-dulce-fracaso\/","title":{"rendered":"NELIA: UN DULCE FRACASO"},"content":{"rendered":"<div id=\"pl-2759\"  class=\"panel-layout\" ><div id=\"pg-2759-0\"  class=\"panel-grid panel-no-style\" ><div id=\"pgc-2759-0-0\"  class=\"panel-grid-cell\" ><div id=\"panel-2759-0-0-0\" class=\"so-panel widget widget_iconbox-widget panel-first-child\" data-index=\"0\" ><div\n\t\t\t\n\t\t\tclass=\"so-widget-iconbox-widget so-widget-iconbox-widget-base\"\n\t\t\t\n\t\t>\n\n<div class=\"icon-box standard ibox-plain ibox-light ibox-rounded\" data-appear-animation=\"fadeIn\">\n    <div class=\"ibox-icon\" style=\"background:#1e73be;\">\n        <span class=\"sow-icon-fontawesome sow-fas\" data-sow-icon=\"&#xf06a;\"\n\t\tstyle=\"color: #ffffff\" \n\t\taria-hidden=\"true\"><\/span>    <\/div>\n    <h3>NELIA: UN DULCE FRACASO<\/h3>    <p>1923 - 1930<\/p><\/div><\/div><\/div><div id=\"panel-2759-0-0-1\" class=\"so-panel widget widget_sow-editor\" data-index=\"1\" ><div\n\t\t\t\n\t\t\tclass=\"so-widget-sow-editor so-widget-sow-editor-base\"\n\t\t\t\n\t\t>\n<div class=\"siteorigin-widget-tinymce textwidget\">\n\t<p>La marca de chocolates Nelia, creada el a\u00f1o 1923, consigui\u00f3 en muy poco tiempo abrirse paso en medio de un mercado muy competitivo controlado por las grandes empresas chocolates fundadas en Catalu\u00f1a (Amatller, Juncosa, Jaime Boix, etc.) y en el resto del Estado (Matias L\u00f3pez, etc.) a lo largo del siglo XIX. Este \u00e9xito tan r\u00e1pido e inmediato fue posible gracias a una de las mejores campa\u00f1as publicitarias que se realizaron a lo largo de los a\u00f1os 20. Unas campa\u00f1as en las que se aplicaron los principios de la publicidad moderna, que, procedente de los Estados Unidos, se estaban introduciendo lentamente en nuestro pa\u00eds.<br \/>\nSin embargo, la exitosa irrupci\u00f3n de la nueva marca dur\u00f3 muy poco. En menos de una d\u00e9cada (1923-1931), la empresa quebr\u00f3. Este fracaso fulminante plantea una serie de preguntas: \u00bfPor qu\u00e9 razones no triunf\u00f3 un chocolate de alta calidad y presentaci\u00f3n exquisita? \u00bfPor qu\u00e9 fracas\u00f3 una de las campa\u00f1as publicitarias m\u00e1s costosas e innovadoras que se hab\u00edan hecho nunca en Catalu\u00f1a y Espa\u00f1a? \u00bfC\u00f3mo fue posible que la nueva marca de chocolate con orientaciones tan modernas naufragara de forma tan r\u00e1pida y rotunda?<\/p>\n<\/div>\n<\/div><\/div><div id=\"panel-2759-0-0-2\" class=\"so-panel widget widget_carousel-widget panel-last-child\" data-index=\"2\" ><div\n\t\t\t\n\t\t\tclass=\"so-widget-carousel-widget so-widget-carousel-widget-base\"\n\t\t\t\n\t\t><div class=\"text-align-\"><h3 class=\"widget-title\" >Galeria<\/h3><\/div>\n<div class=\"carousel-container\">\n<ul class=\"owl-carousel owl-theme\" data-columns=\"1\" data-autoplay=\"5000\" data-pagination=\"no\" data-arrows=\"yes\" data-single-item=\"no\" data-items-desktop=\"1\" data-items-desktop-small=\"3\" data-items-tablet=\"2\" data-items-mobile=\"1\"  data-rtl=\"ltr\" >\n<li class=\"item\"><img decoding=\"async\" src=\"https:\/\/botiguesmuseusalas.cat\/wp-content\/uploads\/2022\/03\/10-scaled.jpg\" alt=\"Image\">                <\/li><li class=\"item\"><img decoding=\"async\" src=\"https:\/\/botiguesmuseusalas.cat\/wp-content\/uploads\/2022\/03\/11-scaled.jpg\" alt=\"Image\">                <\/li><li class=\"item\"><img decoding=\"async\" src=\"https:\/\/botiguesmuseusalas.cat\/wp-content\/uploads\/2022\/03\/19-scaled.jpg\" alt=\"Image\">                <\/li><li class=\"item\"><img decoding=\"async\" src=\"https:\/\/botiguesmuseusalas.cat\/wp-content\/uploads\/2022\/03\/38-scaled.jpg\" alt=\"Image\">                <\/li><li class=\"item\"><img decoding=\"async\" src=\"https:\/\/botiguesmuseusalas.cat\/wp-content\/uploads\/2022\/03\/01-scaled.jpg\" alt=\"Image\">                <\/li><\/ul>\n<\/div><\/div><\/div><\/div><div id=\"pgc-2759-0-1\"  class=\"panel-grid-cell\" ><div id=\"panel-2759-0-1-0\" class=\"so-panel widget widget_sow-image panel-first-child panel-last-child\" data-index=\"3\" ><div\n\t\t\t\n\t\t\tclass=\"so-widget-sow-image so-widget-sow-image-default-8b5b6f678277-2759\"\n\t\t\t\n\t\t><h3 class=\"widget-title\">CAT\u00c1LOGO<\/h3>\n<div class=\"sow-image-container\">\n\t\t\t<a href=\"https:\/\/botiguesmuseusalas.cat\/es\/publicaciones\/\"\n\t\t\t\t\t>\n\t\t\t<img \n\tsrc=\"https:\/\/botiguesmuseusalas.cat\/wp-content\/uploads\/2021\/12\/176586389_144579234220010_2289672204803544881_n-1.jpg\" width=\"744\" height=\"933\" srcset=\"https:\/\/botiguesmuseusalas.cat\/wp-content\/uploads\/2021\/12\/176586389_144579234220010_2289672204803544881_n-1.jpg 744w, https:\/\/botiguesmuseusalas.cat\/wp-content\/uploads\/2021\/12\/176586389_144579234220010_2289672204803544881_n-1-239x300.jpg 239w\" sizes=\"(max-width: 744px) 100vw, 744px\" title=\"CAT\u00c1LOGO\" alt=\"\" \t\tclass=\"so-widget-image\"\/>\n\t\t\t<\/a><\/div>\n\n<\/div><\/div><\/div><\/div><\/div>","protected":false},"excerpt":{"rendered":"<p>La marca de chocolates Nelia, creada el a\u00f1o 1923, consigui\u00f3 en muy poco tiempo abrirse paso en medio de un mercado muy competitivo controlado por las grandes empresas chocolates fundadas en Catalu\u00f1a (Amatller, Juncosa, Jaime Boix, etc.) y en el resto del Estado (Matias L\u00f3pez, etc.) a lo largo del siglo XIX. Este \u00e9xito tan r\u00e1pido e inmediato fue posible gracias a una de las mejores campa\u00f1as publicitarias que se realizaron a lo largo de los a\u00f1os 20. Unas campa\u00f1as en las que se aplicaron los principios de la publicidad moderna, que, procedente de los Estados Unidos, se estaban introduciendo lentamente en nuestro pa\u00eds. Sin embargo, la exitosa irrupci\u00f3n de la nueva marca dur\u00f3 muy poco. En menos de una d\u00e9cada (1923-1931), la empresa quebr\u00f3. Este fracaso fulminante plantea una serie de preguntas: \u00bfPor qu\u00e9 razones no triunf\u00f3 un chocolate de alta calidad y presentaci\u00f3n exquisita? \u00bfPor qu\u00e9 fracas\u00f3 una de las campa\u00f1as publicitarias m\u00e1s costosas e innovadoras que se hab\u00edan hecho nunca en Catalu\u00f1a y Espa\u00f1a? \u00bfC\u00f3mo fue posible que la nueva marca de chocolate con orientaciones tan modernas naufragara de forma tan r\u00e1pida y rotunda?<\/p>\n","protected":false},"author":7,"featured_media":0,"parent":0,"menu_order":0,"comment_status":"closed","ping_status":"closed","template":"","meta":{"_acf_changed":false,"footnotes":""},"class_list":["post-2759","page","type-page","status-publish","hentry"],"acf":[],"yoast_head":"<!-- This site is optimized with the Yoast SEO plugin v27.3 - https:\/\/yoast.com\/product\/yoast-seo-wordpress\/ -->\n<title>NELIA: UN DULCE FRACASO - Botigues Museu de Sal\u00e0s<\/title>\n<meta name=\"robots\" content=\"index, follow, max-snippet:-1, max-image-preview:large, max-video-preview:-1\" \/>\n<link rel=\"canonical\" href=\"https:\/\/botiguesmuseusalas.cat\/es\/nelia-un-dulce-fracaso\/\" \/>\n<meta property=\"og:locale\" content=\"es_ES\" \/>\n<meta property=\"og:type\" content=\"article\" \/>\n<meta property=\"og:title\" content=\"NELIA: UN DULCE FRACASO - Botigues Museu de Sal\u00e0s\" \/>\n<meta property=\"og:description\" content=\"La marca de chocolates Nelia, creada el a\u00f1o 1923, consigui\u00f3 en muy poco tiempo abrirse paso en medio de un mercado muy competitivo controlado por las grandes empresas chocolates fundadas en Catalu\u00f1a (Amatller, Juncosa, Jaime Boix, etc.) y en el resto del Estado (Matias L\u00f3pez, etc.) a lo largo del siglo XIX. Este \u00e9xito tan r\u00e1pido e inmediato fue posible gracias a una de las mejores campa\u00f1as publicitarias que se realizaron a lo largo de los a\u00f1os 20. Unas campa\u00f1as en las que se aplicaron los principios de la publicidad moderna, que, procedente de los Estados Unidos, se estaban introduciendo lentamente en nuestro pa\u00eds. Sin embargo, la exitosa irrupci\u00f3n de la nueva marca dur\u00f3 muy poco. En menos de una d\u00e9cada (1923-1931), la empresa quebr\u00f3. Este fracaso fulminante plantea una serie de preguntas: \u00bfPor qu\u00e9 razones no triunf\u00f3 un chocolate de alta calidad y presentaci\u00f3n exquisita? \u00bfPor qu\u00e9 fracas\u00f3 una de las campa\u00f1as publicitarias m\u00e1s costosas e innovadoras que se hab\u00edan hecho nunca en Catalu\u00f1a y Espa\u00f1a? \u00bfC\u00f3mo fue posible que la nueva marca de chocolate con orientaciones tan modernas naufragara de forma tan r\u00e1pida y rotunda?\" \/>\n<meta property=\"og:url\" content=\"https:\/\/botiguesmuseusalas.cat\/es\/nelia-un-dulce-fracaso\/\" \/>\n<meta property=\"og:site_name\" content=\"Botigues Museu de Sal\u00e0s\" \/>\n<meta property=\"article:modified_time\" content=\"2022-11-06T12:31:05+00:00\" \/>\n<meta name=\"twitter:card\" content=\"summary_large_image\" \/>\n<meta name=\"twitter:label1\" content=\"Tiempo de lectura\" \/>\n\t<meta name=\"twitter:data1\" content=\"1 minuto\" \/>\n<script type=\"application\/ld+json\" class=\"yoast-schema-graph\">{\"@context\":\"https:\\\/\\\/schema.org\",\"@graph\":[{\"@type\":\"WebPage\",\"@id\":\"https:\\\/\\\/botiguesmuseusalas.cat\\\/es\\\/nelia-un-dulce-fracaso\\\/\",\"url\":\"https:\\\/\\\/botiguesmuseusalas.cat\\\/es\\\/nelia-un-dulce-fracaso\\\/\",\"name\":\"NELIA: UN DULCE FRACASO - Botigues Museu de Sal\u00e0s\",\"isPartOf\":{\"@id\":\"https:\\\/\\\/botiguesmuseusalas.cat\\\/#website\"},\"datePublished\":\"2020-01-31T15:35:13+00:00\",\"dateModified\":\"2022-11-06T12:31:05+00:00\",\"breadcrumb\":{\"@id\":\"https:\\\/\\\/botiguesmuseusalas.cat\\\/es\\\/nelia-un-dulce-fracaso\\\/#breadcrumb\"},\"inLanguage\":\"es\",\"potentialAction\":[{\"@type\":\"ReadAction\",\"target\":[\"https:\\\/\\\/botiguesmuseusalas.cat\\\/es\\\/nelia-un-dulce-fracaso\\\/\"]}]},{\"@type\":\"BreadcrumbList\",\"@id\":\"https:\\\/\\\/botiguesmuseusalas.cat\\\/es\\\/nelia-un-dulce-fracaso\\\/#breadcrumb\",\"itemListElement\":[{\"@type\":\"ListItem\",\"position\":1,\"name\":\"Inici\",\"item\":\"https:\\\/\\\/botiguesmuseusalas.cat\\\/es\\\/\"},{\"@type\":\"ListItem\",\"position\":2,\"name\":\"NELIA: UN DULCE FRACASO\"}]},{\"@type\":\"WebSite\",\"@id\":\"https:\\\/\\\/botiguesmuseusalas.cat\\\/#website\",\"url\":\"https:\\\/\\\/botiguesmuseusalas.cat\\\/\",\"name\":\"Botigues Museu de Sal\u00e0s\",\"description\":\"Web oficial de les Botigues Museu de Sal\u00e0s de Pallars (Lleida)\",\"potentialAction\":[{\"@type\":\"SearchAction\",\"target\":{\"@type\":\"EntryPoint\",\"urlTemplate\":\"https:\\\/\\\/botiguesmuseusalas.cat\\\/?s={search_term_string}\"},\"query-input\":{\"@type\":\"PropertyValueSpecification\",\"valueRequired\":true,\"valueName\":\"search_term_string\"}}],\"inLanguage\":\"es\"}]}<\/script>\n<!-- \/ Yoast SEO plugin. -->","yoast_head_json":{"title":"NELIA: UN DULCE FRACASO - Botigues Museu de Sal\u00e0s","robots":{"index":"index","follow":"follow","max-snippet":"max-snippet:-1","max-image-preview":"max-image-preview:large","max-video-preview":"max-video-preview:-1"},"canonical":"https:\/\/botiguesmuseusalas.cat\/es\/nelia-un-dulce-fracaso\/","og_locale":"es_ES","og_type":"article","og_title":"NELIA: UN DULCE FRACASO - Botigues Museu de Sal\u00e0s","og_description":"La marca de chocolates Nelia, creada el a\u00f1o 1923, consigui\u00f3 en muy poco tiempo abrirse paso en medio de un mercado muy competitivo controlado por las grandes empresas chocolates fundadas en Catalu\u00f1a (Amatller, Juncosa, Jaime Boix, etc.) y en el resto del Estado (Matias L\u00f3pez, etc.) a lo largo del siglo XIX. Este \u00e9xito tan r\u00e1pido e inmediato fue posible gracias a una de las mejores campa\u00f1as publicitarias que se realizaron a lo largo de los a\u00f1os 20. Unas campa\u00f1as en las que se aplicaron los principios de la publicidad moderna, que, procedente de los Estados Unidos, se estaban introduciendo lentamente en nuestro pa\u00eds. Sin embargo, la exitosa irrupci\u00f3n de la nueva marca dur\u00f3 muy poco. En menos de una d\u00e9cada (1923-1931), la empresa quebr\u00f3. Este fracaso fulminante plantea una serie de preguntas: \u00bfPor qu\u00e9 razones no triunf\u00f3 un chocolate de alta calidad y presentaci\u00f3n exquisita? \u00bfPor qu\u00e9 fracas\u00f3 una de las campa\u00f1as publicitarias m\u00e1s costosas e innovadoras que se hab\u00edan hecho nunca en Catalu\u00f1a y Espa\u00f1a? \u00bfC\u00f3mo fue posible que la nueva marca de chocolate con orientaciones tan modernas naufragara de forma tan r\u00e1pida y rotunda?","og_url":"https:\/\/botiguesmuseusalas.cat\/es\/nelia-un-dulce-fracaso\/","og_site_name":"Botigues Museu de Sal\u00e0s","article_modified_time":"2022-11-06T12:31:05+00:00","twitter_card":"summary_large_image","twitter_misc":{"Tiempo de lectura":"1 minuto"},"schema":{"@context":"https:\/\/schema.org","@graph":[{"@type":"WebPage","@id":"https:\/\/botiguesmuseusalas.cat\/es\/nelia-un-dulce-fracaso\/","url":"https:\/\/botiguesmuseusalas.cat\/es\/nelia-un-dulce-fracaso\/","name":"NELIA: UN DULCE FRACASO - Botigues Museu de Sal\u00e0s","isPartOf":{"@id":"https:\/\/botiguesmuseusalas.cat\/#website"},"datePublished":"2020-01-31T15:35:13+00:00","dateModified":"2022-11-06T12:31:05+00:00","breadcrumb":{"@id":"https:\/\/botiguesmuseusalas.cat\/es\/nelia-un-dulce-fracaso\/#breadcrumb"},"inLanguage":"es","potentialAction":[{"@type":"ReadAction","target":["https:\/\/botiguesmuseusalas.cat\/es\/nelia-un-dulce-fracaso\/"]}]},{"@type":"BreadcrumbList","@id":"https:\/\/botiguesmuseusalas.cat\/es\/nelia-un-dulce-fracaso\/#breadcrumb","itemListElement":[{"@type":"ListItem","position":1,"name":"Inici","item":"https:\/\/botiguesmuseusalas.cat\/es\/"},{"@type":"ListItem","position":2,"name":"NELIA: UN DULCE FRACASO"}]},{"@type":"WebSite","@id":"https:\/\/botiguesmuseusalas.cat\/#website","url":"https:\/\/botiguesmuseusalas.cat\/","name":"Botigues Museu de Sal\u00e0s","description":"Web oficial de les Botigues Museu de Sal\u00e0s de Pallars (Lleida)","potentialAction":[{"@type":"SearchAction","target":{"@type":"EntryPoint","urlTemplate":"https:\/\/botiguesmuseusalas.cat\/?s={search_term_string}"},"query-input":{"@type":"PropertyValueSpecification","valueRequired":true,"valueName":"search_term_string"}}],"inLanguage":"es"}]}},"_links":{"self":[{"href":"https:\/\/botiguesmuseusalas.cat\/es\/wp-json\/wp\/v2\/pages\/2759","targetHints":{"allow":["GET"]}}],"collection":[{"href":"https:\/\/botiguesmuseusalas.cat\/es\/wp-json\/wp\/v2\/pages"}],"about":[{"href":"https:\/\/botiguesmuseusalas.cat\/es\/wp-json\/wp\/v2\/types\/page"}],"author":[{"embeddable":true,"href":"https:\/\/botiguesmuseusalas.cat\/es\/wp-json\/wp\/v2\/users\/7"}],"replies":[{"embeddable":true,"href":"https:\/\/botiguesmuseusalas.cat\/es\/wp-json\/wp\/v2\/comments?post=2759"}],"version-history":[{"count":14,"href":"https:\/\/botiguesmuseusalas.cat\/es\/wp-json\/wp\/v2\/pages\/2759\/revisions"}],"predecessor-version":[{"id":3481,"href":"https:\/\/botiguesmuseusalas.cat\/es\/wp-json\/wp\/v2\/pages\/2759\/revisions\/3481"}],"wp:attachment":[{"href":"https:\/\/botiguesmuseusalas.cat\/es\/wp-json\/wp\/v2\/media?parent=2759"}],"curies":[{"name":"wp","href":"https:\/\/api.w.org\/{rel}","templated":true}]}}