{"id":4075,"date":"2026-04-24T11:09:37","date_gmt":"2026-04-24T09:09:37","guid":{"rendered":"https:\/\/botiguesmuseusalas.cat\/?page_id=4075"},"modified":"2026-04-24T13:16:42","modified_gmt":"2026-04-24T11:16:42","slug":"netol-2","status":"publish","type":"page","link":"https:\/\/botiguesmuseusalas.cat\/es\/netol-2\/","title":{"rendered":"NETOL"},"content":{"rendered":"<div id=\"pl-4075\"  class=\"panel-layout\" ><div id=\"pg-4075-0\"  class=\"panel-grid panel-no-style\" ><div id=\"pgc-4075-0-0\"  class=\"panel-grid-cell\" ><div id=\"panel-4075-0-0-0\" class=\"so-panel widget widget_iconbox-widget panel-first-child\" data-index=\"0\" ><div\n\t\t\t\n\t\t\tclass=\"so-widget-iconbox-widget so-widget-iconbox-widget-base\"\n\t\t\t\n\t\t>\n\n<div class=\"icon-box standard ibox-plain ibox-light ibox-rounded\" data-appear-animation=\"fadeIn\">\n    <div class=\"ibox-icon\" style=\"background:#1e73be;\">\n        <span class=\"sow-icon-fontawesome sow-fas\" data-sow-icon=\"&#xf06a;\"\n\t\tstyle=\"color: #ffffff\" \n\t\taria-hidden=\"true\"><\/span>    <\/div>\n    <h3>NETOL<\/h3>    <p>El icono m\u00e1s brillante<\/p><\/div><\/div><\/div><div id=\"panel-4075-0-0-1\" class=\"so-panel widget widget_sow-editor\" data-index=\"1\" ><div\n\t\t\t\n\t\t\tclass=\"so-widget-sow-editor so-widget-sow-editor-base\"\n\t\t\t\n\t\t>\n<div class=\"siteorigin-widget-tinymce textwidget\">\n\t<p>Para la mayor\u00eda de la poblaci\u00f3n espa\u00f1ola nacida durante el franquismo, la marca Netol est\u00e1 \u00edntimamente asociada a unos term\u00f3metros, colocados en el exterior de muchos establecimientos comerciales, donde aparec\u00eda impresa la figura de un mayordomo mofletudo y grotesco. Una mascota que, en muy poco tiempo, se convirti\u00f3 en ic\u00f3nica y acab\u00f3 formando parte de la cultura visual de nuestro pa\u00eds.<\/p>\n<\/div>\n<\/div><\/div><div id=\"panel-4075-0-0-2\" class=\"so-panel widget widget_carousel-widget panel-last-child\" data-index=\"2\" ><div\n\t\t\t\n\t\t\tclass=\"so-widget-carousel-widget so-widget-carousel-widget-base\"\n\t\t\t\n\t\t><div class=\"text-align-\"><h3 class=\"widget-title\" >Galeria<\/h3><\/div>\n<div class=\"carousel-container\">\n<ul class=\"owl-carousel owl-theme\" data-columns=\"4\" data-autoplay=\"5000\" data-pagination=\"no\" data-arrows=\"yes\" data-single-item=\"no\" data-items-desktop=\"4\" data-items-desktop-small=\"3\" data-items-tablet=\"2\" data-items-mobile=\"1\"  data-rtl=\"ltr\" >\n<\/ul>\n<\/div><\/div><\/div><\/div><div id=\"pgc-4075-0-1\"  class=\"panel-grid-cell\" ><div id=\"panel-4075-0-1-0\" class=\"so-panel widget widget_sow-image panel-first-child panel-last-child\" data-index=\"3\" ><div\n\t\t\t\n\t\t\tclass=\"so-widget-sow-image so-widget-sow-image-default-8b5b6f678277-4075\"\n\t\t\t\n\t\t><h3 class=\"widget-title\">CAT\u00c1LOGO<\/h3>\n<div class=\"sow-image-container\">\n\t\t\t<a href=\"https:\/\/botiguesmuseusalas.cat\/es\/publicaciones\/\"\n\t\t\t\t\t>\n\t\t\t<img \n\tsrc=\"https:\/\/botiguesmuseusalas.cat\/wp-content\/uploads\/2026\/04\/WhatsApp-Image-2026-04-24-at-10.42.18-206x300.jpg\" width=\"206\" height=\"300\" srcset=\"https:\/\/botiguesmuseusalas.cat\/wp-content\/uploads\/2026\/04\/WhatsApp-Image-2026-04-24-at-10.42.18-206x300.jpg 206w, https:\/\/botiguesmuseusalas.cat\/wp-content\/uploads\/2026\/04\/WhatsApp-Image-2026-04-24-at-10.42.18.jpg 304w\" sizes=\"(max-width: 206px) 100vw, 206px\" title=\"CAT\u00c1LOGO\" alt=\"\" \t\tclass=\"so-widget-image\"\/>\n\t\t\t<\/a><\/div>\n\n<\/div><\/div><\/div><\/div><\/div>","protected":false},"excerpt":{"rendered":"<p>Para la mayor\u00eda de la poblaci\u00f3n espa\u00f1ola nacida durante el franquismo, la marca Netol est\u00e1 \u00edntimamente asociada a unos term\u00f3metros, colocados en el exterior de muchos establecimientos comerciales, donde aparec\u00eda impresa la figura de un mayordomo mofletudo y grotesco. Una mascota que, en muy poco tiempo, se convirti\u00f3 en ic\u00f3nica y acab\u00f3 formando parte de la cultura visual de nuestro pa\u00eds.<\/p>\n","protected":false},"author":7,"featured_media":0,"parent":0,"menu_order":0,"comment_status":"closed","ping_status":"closed","template":"","meta":{"_acf_changed":false,"footnotes":""},"class_list":["post-4075","page","type-page","status-publish","hentry"],"acf":[],"yoast_head":"<!-- This site is optimized with the Yoast SEO plugin v27.3 - https:\/\/yoast.com\/product\/yoast-seo-wordpress\/ -->\n<title>NETOL - Botigues Museu de Sal\u00e0s<\/title>\n<meta name=\"robots\" content=\"index, follow, max-snippet:-1, max-image-preview:large, max-video-preview:-1\" \/>\n<link rel=\"canonical\" href=\"https:\/\/botiguesmuseusalas.cat\/es\/netol-2\/\" \/>\n<meta property=\"og:locale\" content=\"es_ES\" \/>\n<meta property=\"og:type\" content=\"article\" \/>\n<meta property=\"og:title\" content=\"NETOL - Botigues Museu de Sal\u00e0s\" \/>\n<meta property=\"og:description\" content=\"Para la mayor\u00eda de la poblaci\u00f3n espa\u00f1ola nacida durante el franquismo, la marca Netol est\u00e1 \u00edntimamente asociada a unos term\u00f3metros, colocados en el exterior de muchos establecimientos comerciales, donde aparec\u00eda impresa la figura de un mayordomo mofletudo y grotesco. Una mascota que, en muy poco tiempo, se convirti\u00f3 en ic\u00f3nica y acab\u00f3 formando parte de la cultura visual de nuestro pa\u00eds.\" \/>\n<meta property=\"og:url\" content=\"https:\/\/botiguesmuseusalas.cat\/es\/netol-2\/\" \/>\n<meta property=\"og:site_name\" content=\"Botigues Museu de Sal\u00e0s\" \/>\n<meta property=\"article:modified_time\" content=\"2026-04-24T11:16:42+00:00\" \/>\n<meta name=\"twitter:card\" content=\"summary_large_image\" \/>\n<meta name=\"twitter:label1\" content=\"Tiempo de lectura\" \/>\n\t<meta name=\"twitter:data1\" content=\"1 minuto\" \/>\n<script type=\"application\/ld+json\" class=\"yoast-schema-graph\">{\"@context\":\"https:\\\/\\\/schema.org\",\"@graph\":[{\"@type\":\"WebPage\",\"@id\":\"https:\\\/\\\/botiguesmuseusalas.cat\\\/es\\\/netol-2\\\/\",\"url\":\"https:\\\/\\\/botiguesmuseusalas.cat\\\/es\\\/netol-2\\\/\",\"name\":\"NETOL - Botigues Museu de Sal\u00e0s\",\"isPartOf\":{\"@id\":\"https:\\\/\\\/botiguesmuseusalas.cat\\\/#website\"},\"datePublished\":\"2026-04-24T09:09:37+00:00\",\"dateModified\":\"2026-04-24T11:16:42+00:00\",\"breadcrumb\":{\"@id\":\"https:\\\/\\\/botiguesmuseusalas.cat\\\/es\\\/netol-2\\\/#breadcrumb\"},\"inLanguage\":\"es\",\"potentialAction\":[{\"@type\":\"ReadAction\",\"target\":[\"https:\\\/\\\/botiguesmuseusalas.cat\\\/es\\\/netol-2\\\/\"]}]},{\"@type\":\"BreadcrumbList\",\"@id\":\"https:\\\/\\\/botiguesmuseusalas.cat\\\/es\\\/netol-2\\\/#breadcrumb\",\"itemListElement\":[{\"@type\":\"ListItem\",\"position\":1,\"name\":\"Inici\",\"item\":\"https:\\\/\\\/botiguesmuseusalas.cat\\\/es\\\/\"},{\"@type\":\"ListItem\",\"position\":2,\"name\":\"NETOL\"}]},{\"@type\":\"WebSite\",\"@id\":\"https:\\\/\\\/botiguesmuseusalas.cat\\\/#website\",\"url\":\"https:\\\/\\\/botiguesmuseusalas.cat\\\/\",\"name\":\"Botigues Museu de Sal\u00e0s\",\"description\":\"Web oficial de les Botigues Museu de Sal\u00e0s de Pallars (Lleida)\",\"potentialAction\":[{\"@type\":\"SearchAction\",\"target\":{\"@type\":\"EntryPoint\",\"urlTemplate\":\"https:\\\/\\\/botiguesmuseusalas.cat\\\/?s={search_term_string}\"},\"query-input\":{\"@type\":\"PropertyValueSpecification\",\"valueRequired\":true,\"valueName\":\"search_term_string\"}}],\"inLanguage\":\"es\"}]}<\/script>\n<!-- \/ Yoast SEO plugin. -->","yoast_head_json":{"title":"NETOL - Botigues Museu de Sal\u00e0s","robots":{"index":"index","follow":"follow","max-snippet":"max-snippet:-1","max-image-preview":"max-image-preview:large","max-video-preview":"max-video-preview:-1"},"canonical":"https:\/\/botiguesmuseusalas.cat\/es\/netol-2\/","og_locale":"es_ES","og_type":"article","og_title":"NETOL - Botigues Museu de Sal\u00e0s","og_description":"Para la mayor\u00eda de la poblaci\u00f3n espa\u00f1ola nacida durante el franquismo, la marca Netol est\u00e1 \u00edntimamente asociada a unos term\u00f3metros, colocados en el exterior de muchos establecimientos comerciales, donde aparec\u00eda impresa la figura de un mayordomo mofletudo y grotesco. Una mascota que, en muy poco tiempo, se convirti\u00f3 en ic\u00f3nica y acab\u00f3 formando parte de la cultura visual de nuestro pa\u00eds.","og_url":"https:\/\/botiguesmuseusalas.cat\/es\/netol-2\/","og_site_name":"Botigues Museu de Sal\u00e0s","article_modified_time":"2026-04-24T11:16:42+00:00","twitter_card":"summary_large_image","twitter_misc":{"Tiempo de lectura":"1 minuto"},"schema":{"@context":"https:\/\/schema.org","@graph":[{"@type":"WebPage","@id":"https:\/\/botiguesmuseusalas.cat\/es\/netol-2\/","url":"https:\/\/botiguesmuseusalas.cat\/es\/netol-2\/","name":"NETOL - Botigues Museu de Sal\u00e0s","isPartOf":{"@id":"https:\/\/botiguesmuseusalas.cat\/#website"},"datePublished":"2026-04-24T09:09:37+00:00","dateModified":"2026-04-24T11:16:42+00:00","breadcrumb":{"@id":"https:\/\/botiguesmuseusalas.cat\/es\/netol-2\/#breadcrumb"},"inLanguage":"es","potentialAction":[{"@type":"ReadAction","target":["https:\/\/botiguesmuseusalas.cat\/es\/netol-2\/"]}]},{"@type":"BreadcrumbList","@id":"https:\/\/botiguesmuseusalas.cat\/es\/netol-2\/#breadcrumb","itemListElement":[{"@type":"ListItem","position":1,"name":"Inici","item":"https:\/\/botiguesmuseusalas.cat\/es\/"},{"@type":"ListItem","position":2,"name":"NETOL"}]},{"@type":"WebSite","@id":"https:\/\/botiguesmuseusalas.cat\/#website","url":"https:\/\/botiguesmuseusalas.cat\/","name":"Botigues Museu de Sal\u00e0s","description":"Web oficial de les Botigues Museu de Sal\u00e0s de Pallars (Lleida)","potentialAction":[{"@type":"SearchAction","target":{"@type":"EntryPoint","urlTemplate":"https:\/\/botiguesmuseusalas.cat\/?s={search_term_string}"},"query-input":{"@type":"PropertyValueSpecification","valueRequired":true,"valueName":"search_term_string"}}],"inLanguage":"es"}]}},"_links":{"self":[{"href":"https:\/\/botiguesmuseusalas.cat\/es\/wp-json\/wp\/v2\/pages\/4075","targetHints":{"allow":["GET"]}}],"collection":[{"href":"https:\/\/botiguesmuseusalas.cat\/es\/wp-json\/wp\/v2\/pages"}],"about":[{"href":"https:\/\/botiguesmuseusalas.cat\/es\/wp-json\/wp\/v2\/types\/page"}],"author":[{"embeddable":true,"href":"https:\/\/botiguesmuseusalas.cat\/es\/wp-json\/wp\/v2\/users\/7"}],"replies":[{"embeddable":true,"href":"https:\/\/botiguesmuseusalas.cat\/es\/wp-json\/wp\/v2\/comments?post=4075"}],"version-history":[{"count":2,"href":"https:\/\/botiguesmuseusalas.cat\/es\/wp-json\/wp\/v2\/pages\/4075\/revisions"}],"predecessor-version":[{"id":4084,"href":"https:\/\/botiguesmuseusalas.cat\/es\/wp-json\/wp\/v2\/pages\/4075\/revisions\/4084"}],"wp:attachment":[{"href":"https:\/\/botiguesmuseusalas.cat\/es\/wp-json\/wp\/v2\/media?parent=4075"}],"curies":[{"name":"wp","href":"https:\/\/api.w.org\/{rel}","templated":true}]}}